{"id":7118,"date":"2021-01-28T01:14:31","date_gmt":"2021-01-28T01:14:31","guid":{"rendered":"http:\/\/animalservices.venturacounty.gov\/?page_id=7118"},"modified":"2021-01-28T02:50:19","modified_gmt":"2021-01-28T02:50:19","slug":"dogs-test","status":"publish","type":"page","link":"https:\/\/animalservices.venturacounty.gov\/vi\/dogs-test\/","title":{"rendered":"Dogs Test"},"content":{"rendered":"<div data-elementor-type=\"page\" data-elementor-id=\"7119\" class=\"elementor elementor-7119\" data-elementor-post-type=\"elementor_library\">\n\t\t\t\t\t\t<section class=\"elementor-section elementor-top-section elementor-element elementor-element-21920119 elementor-section-boxed elementor-section-height-default elementor-section-height-default\" data-id=\"21920119\" data-element_type=\"section\" data-e-type=\"section\">\n\t\t\t\t\t\t<div class=\"elementor-container elementor-column-gap-default\">\n\t\t\t\t\t<div class=\"elementor-column elementor-col-100 elementor-top-column elementor-element elementor-element-2d0fce06\" data-id=\"2d0fce06\" data-element_type=\"column\" data-e-type=\"column\">\n\t\t\t<div class=\"elementor-widget-wrap elementor-element-populated\">\n\t\t\t\t\t\t<div class=\"elementor-element elementor-element-31692712 elementor-widget elementor-widget-text-editor\" data-id=\"31692712\" data-element_type=\"widget\" data-e-type=\"widget\" data-widget_type=\"text-editor.default\">\n\t\t\t\t<div class=\"elementor-widget-container\">\n\t\t\t\t\t\t\t\t\t<pre>Please review our\u00a0<a href=\"\/vi\/AdoptionProcess\/\" target=\"_blank\" rel=\"noopener noreferrer\">adoption process<\/a>. before scheduling an appointment.  Thank you.<\/pre>\t\t\t\t\t\t\t\t<\/div>\n\t\t\t\t<\/div>\n\t\t\t\t\t<\/div>\n\t\t<\/div>\n\t\t\t\t\t<\/div>\n\t\t<\/section>\n\t\t\t\t<section class=\"elementor-section elementor-top-section elementor-element elementor-element-2acbb67c elementor-section-boxed elementor-section-height-default elementor-section-height-default\" data-id=\"2acbb67c\" data-element_type=\"section\" data-e-type=\"section\">\n\t\t\t\t\t\t<div class=\"elementor-container elementor-column-gap-default\">\n\t\t\t\t\t<div class=\"elementor-column elementor-col-100 elementor-top-column elementor-element elementor-element-3d72f5e4\" data-id=\"3d72f5e4\" data-element_type=\"column\" data-e-type=\"column\">\n\t\t\t<div class=\"elementor-widget-wrap elementor-element-populated\">\n\t\t\t\t\t\t<div class=\"elementor-element elementor-element-1ed323d5 elementor-widget elementor-widget-text-editor\" data-id=\"1ed323d5\" data-element_type=\"widget\" data-e-type=\"widget\" data-widget_type=\"text-editor.default\">\n\t\t\t\t<div class=\"elementor-widget-container\">\n\t\t\t\t\t\t\t\t\t<p>If you recognize your lost animal, please reclaim them during <a href=\"#shelters\">gi\u1edd l\u00e0m vi\u1ec7c b\u00ecnh th\u01b0\u1eddng<\/a>. \u00a0Visit our <a href=\"\/vi\/lostandfound\/\" target=\"_blank\" rel=\"noopener noreferrer\">\u0110\u1ed3 th\u1ea5t l\u1ea1c v\u00e0 t\u00ecm th\u1ea5y<\/a>\u00a0to view animals found by good samaritans.<\/p>\t\t\t\t\t\t\t\t<\/div>\n\t\t\t\t<\/div>\n\t\t\t\t\t<\/div>\n\t\t<\/div>\n\t\t\t\t\t<\/div>\n\t\t<\/section>\n\t\t\t\t<section class=\"elementor-section elementor-top-section elementor-element elementor-element-75d6225a elementor-section-boxed elementor-section-height-default elementor-section-height-default\" data-id=\"75d6225a\" data-element_type=\"section\" data-e-type=\"section\">\n\t\t\t\t\t\t<div class=\"elementor-container elementor-column-gap-default\">\n\t\t\t\t\t<div class=\"elementor-column elementor-col-100 elementor-top-column elementor-element elementor-element-2303c68a\" data-id=\"2303c68a\" data-element_type=\"column\" data-e-type=\"column\">\n\t\t\t<div class=\"elementor-widget-wrap elementor-element-populated\">\n\t\t\t\t\t\t<section class=\"elementor-section elementor-inner-section elementor-element elementor-element-5ecc39a5 elementor-section-boxed elementor-section-height-default elementor-section-height-default\" data-id=\"5ecc39a5\" data-element_type=\"section\" data-e-type=\"section\">\n\t\t\t\t\t\t<div class=\"elementor-container elementor-column-gap-default\">\n\t\t\t\t\t<div class=\"elementor-column elementor-col-50 elementor-inner-column elementor-element elementor-element-24822150\" data-id=\"24822150\" data-element_type=\"column\" data-e-type=\"column\">\n\t\t\t<div class=\"elementor-widget-wrap elementor-element-populated\">\n\t\t\t\t\t\t<div class=\"elementor-element elementor-element-40f0615b elementor-widget elementor-widget-text-editor\" data-id=\"40f0615b\" data-element_type=\"widget\" data-e-type=\"widget\" data-widget_type=\"text-editor.default\">\n\t\t\t\t<div class=\"elementor-widget-container\">\n\t\t\t\t\t\t\t\t\t<p><strong>M\u00d4 T\u1ea2 \u0110\u1ed8NG V\u1eacT<\/strong>D\u1eef li\u1ec7u \u0111\u01b0\u1ee3c thu th\u1eadp \u0111\u1ed1i v\u1edbi m\u1ed7i con v\u1eadt \u0111\u01b0\u1ee3c \u0111\u01b0a v\u00e0o ch\u0103m s\u00f3c c\u1ee7a ch\u00fang t\u00f4i. D\u1eef li\u1ec7u n\u00e0y c\u00f3 th\u1ec3 thay \u0111\u1ed5i trong su\u1ed1t th\u1eddi gian con v\u1eadt \u1edf c\u00f9ng ch\u00fang t\u00f4i.<\/p>\t\t\t\t\t\t\t\t<\/div>\n\t\t\t\t<\/div>\n\t\t\t\t<div class=\"elementor-element elementor-element-8ca4e9b elementor-widget elementor-widget-eael-advanced-data-table\" data-id=\"8ca4e9b\" data-element_type=\"widget\" data-e-type=\"widget\" data-widget_type=\"eael-advanced-data-table.default\">\n\t\t\t\t<div class=\"elementor-widget-container\">\n\t\t\t\t\t<div class=\"ea-advanced-data-table-wrap\" data-id=\"8ca4e9b\"><div class=\"ea-advanced-data-table-wrap-inner\">\n                <table class=\"ea-advanced-data-table ea-advanced-data-table-static ea-advanced-data-table-8ca4e9b\" data-id=\"8ca4e9b\"><thead><\/thead><tbody><tr><td><p><strong>M\u00e3 \u0111\u1ecbnh danh \u0111\u1ed9ng v\u1eadt<\/strong><\/p><\/td><td><p><span>Vui l\u00f2ng s\u1eed d\u1ee5ng s\u1ed1 duy nh\u1ea5t n\u00e0y khi \u0111\u1ec1 c\u1eadp \u0111\u1ebfn \u0111\u1ed9ng v\u1eadt.<\/span><\/p><\/td><\/tr><tr><td><p><strong>T\u00ean<\/strong><\/p><\/td><td><p><span>Some animals come in with names.&nbsp;Once animals become available for adoption, VCAS staff\/volunteers are free to name animals.<\/span><\/p><\/td><\/tr><tr><td><p><strong>Tu\u1ed5i<\/strong><\/p><\/td><td><p><span>This is our best guess based on body condition, teeth, eyes...etc.<\/span><\/p><\/td><\/tr><tr><td><p><strong>C\u00e2n n\u1eb7ng<\/strong><\/p><\/td><td><p><span>Animals are weighed upon intake and at medical check ups.<\/span><\/p><\/td><\/tr><tr><td><p><strong>Gi\u1edbi t\u00ednh<\/strong><\/p><\/td><td><p><span>If an animal does not have \u201cneutered\u201d or \u201cspayed\u201d preceding their gender, this indicates they are either still intact or have not been verified to be altered.<\/span><\/p><\/td><\/tr><tr><td><p><strong>Gi\u1ed1ng<\/strong><\/p><\/td><td><p><span>\u0110\u00e2y l\u00e0 d\u1ef1 \u0111o\u00e1n t\u1ed1t nh\u1ea5t c\u1ee7a ch\u00fang t\u00f4i d\u1ef1a tr\u00ean kinh nghi\u1ec7m c\u1ee7a \u0111\u1ed9i ng\u0169, kh\u00f4ng ph\u1ea3i l\u00e0 h\u1ed3 s\u01a1 ADN.<\/span><\/p><\/td><\/tr><tr><td><p><strong>Ng\u00e0y ti\u1ebfp nh\u1eadn<\/strong><\/p><\/td><td><p><span>Ng\u00e0y con v\u1eadt \u0111\u01b0\u1ee3c \u0111\u01b0a v\u00e0o h\u1ec7 th\u1ed1ng c\u1ee7a ch\u00fang t\u00f4i.<\/span><\/p><\/td><\/tr><tr><td><p><strong>Ng\u00e0y c\u00f3 th\u1ec3 nh\u1eadn nu\u00f4i<\/strong><\/p><\/td><td><p><span>The date the animal can be adopted out.&nbsp;Animals are usually on a 5 or 10-day hold to give their owners time to find them.&nbsp;Appointments can be made for dogs who have an \u201cAdoptable Date\u201d in the future, however you will not be allowed to meet or take home that dog until that date has been reached.<\/span><\/p><\/td><\/tr><tr><td><p><strong>Tr\u1ea1i ch\u00f3<\/strong><\/p><\/td><td><p><span>Kennels 001-899 are at the Camarillo Shelter.<\/span><\/p><p><span>Kennels 900 - 998 are at the Simi Valley Shelter.&nbsp;<\/span><\/p><p><span>Animals in Kennel \u201cFoster\u201d are in foster care and are available for adoption.<\/span><\/p><p><span>Animals in Kennel \u201cOffsite\u201d are being temporarily housed in a partner location (Petco, PetSmart, etc.) and can be adopted from that location.<\/span><\/p><\/td><\/tr><tr><td><p><strong>Th\u00e0nh ph\u1ed1 \u0111\u01b0\u1ee3c th\u00e0nh l\u1eadp<\/strong><\/p><\/td><td><p><span>Th\u00e0nh ph\u1ed1 n\u01a1i con v\u1eadt \u0111\u01b0\u1ee3c ph\u00e1t hi\u1ec7n ho\u1eb7c \u0111\u01b0\u1ee3c b\u00e1o c\u00e1o l\u00e0 \u0111\u00e3 \u0111\u01b0\u1ee3c ph\u00e1t hi\u1ec7n.<\/span><\/p><\/td><\/tr><tr><td><p><strong>N\u01a1i tr\u00fa \u1ea9n<\/strong><\/p><\/td><td><p><span>N\u01a1i m\u00e0 con v\u1eadt hi\u1ec7n \u0111ang sinh s\u1ed1ng.<\/span><\/p><\/td><\/tr><\/tbody><\/table>\n            <\/div><\/div>\t\t\t\t<\/div>\n\t\t\t\t<\/div>\n\t\t\t\t\t<\/div>\n\t\t<\/div>\n\t\t\t\t<div class=\"elementor-column elementor-col-50 elementor-inner-column elementor-element elementor-element-1c7bca24\" data-id=\"1c7bca24\" data-element_type=\"column\" data-e-type=\"column\">\n\t\t\t<div class=\"elementor-widget-wrap elementor-element-populated\">\n\t\t\t\t\t\t<div class=\"elementor-element elementor-element-2d7ad185 elementor-widget elementor-widget-text-editor\" data-id=\"2d7ad185\" data-element_type=\"widget\" data-e-type=\"widget\" data-widget_type=\"text-editor.default\">\n\t\t\t\t<div class=\"elementor-widget-container\">\n\t\t\t\t\t\t\t\t\t<p><strong>TEXT OVERLAY:<\/strong>&nbsp; This color-coded system provides additional information about animals in our care.<\/p>\t\t\t\t\t\t\t\t<\/div>\n\t\t\t\t<\/div>\n\t\t\t\t<div class=\"elementor-element elementor-element-29828234 elementor-widget elementor-widget-eael-advanced-data-table\" data-id=\"29828234\" data-element_type=\"widget\" data-e-type=\"widget\" data-widget_type=\"eael-advanced-data-table.default\">\n\t\t\t\t<div class=\"elementor-widget-container\">\n\t\t\t\t\t<div class=\"ea-advanced-data-table-wrap\" data-id=\"29828234\"><div class=\"ea-advanced-data-table-wrap-inner\">\n                <table class=\"ea-advanced-data-table ea-advanced-data-table-static ea-advanced-data-table-29828234\" data-id=\"29828234\"><thead><tr><th><p>TEXT OVERLAY<\/p><\/th><th><p>M\u00d4 T\u1ea2<\/p><\/th><\/tr><\/thead><tbody><tr><td><p><strong>\u0110ang ch\u1edd ph\u00ea duy\u1ec7t<\/strong><\/p><\/td><td><p><span>Con v\u1eadt n\u00e0y \u0111ang trong qu\u00e1 tr\u00ecnh ch\u1edd nh\u1eadn nu\u00f4i. <\/span><\/p><\/td><\/tr><tr><td><p><strong>Chuy\u1ec3n giao c\u1ee9u h\u1ed9 \u0111ang ch\u1edd x\u1eed l\u00fd<\/strong><\/p><\/td><td><p><span>Con v\u1eadt n\u00e0y \u0111ang ch\u1edd chuy\u1ec3n giao cho \u0111\u1ed1i t\u00e1c c\u1ee9u h\u1ed9.<\/span><\/p><\/td><\/tr><tr><td><p><strong>\u0110ang \u0111\u01b0\u1ee3c \u0111\u00e1nh gi\u00e1<\/strong><\/p><\/td><td><p><span>Con v\u1eadt n\u00e0y \u0111ang \u0111\u01b0\u1ee3c \u0111\u00e1nh gi\u00e1 v\u1ec1 m\u1eb7t y t\u1ebf v\u00e0\/ho\u1eb7c h\u00e0nh vi.<\/span><\/p><\/td><\/tr><tr><td><p><strong>Chuy\u1ec3n giao \u01b0u ti\u00ean trong tr\u01b0\u1eddng h\u1ee3p c\u1ee9u h\u1ed9<\/strong><\/p><\/td><td><p><span>Con v\u1eadt n\u00e0y s\u1ebd ph\u00f9 h\u1ee3p nh\u1ea5t v\u1edbi m\u1ed9t \u0110\u1ed1i t\u00e1c Chuy\u1ec3n giao C\u1ee9u h\u1ed9.<\/span><\/p><\/td><\/tr><tr><td><p><strong>Gi\u1eef l\u1ea1i y t\u1ebf<\/strong><strong>&nbsp;<\/strong><\/p><\/td><td><p><span>Con v\u1eadt n\u00e0y \u0111ang trong t\u00ecnh tr\u1ea1ng c\u00e1ch ly y t\u1ebf.<\/span><\/p><\/td><\/tr><tr><td><p><strong>C\u00e1ch ly<\/strong><\/p><\/td><td><p><span>Con v\u1eadt n\u00e0y \u0111ang b\u1ecb c\u00e1ch ly v\u00ec l\u00fd do s\u1ee9c kh\u1ecfe v\u00e0\/ho\u1eb7c an to\u00e0n.<\/span><\/p><\/td><\/tr><\/tbody><\/table>\n            <\/div><\/div>\t\t\t\t<\/div>\n\t\t\t\t<\/div>\n\t\t\t\t<div class=\"elementor-element elementor-element-5faeb1e elementor-widget elementor-widget-text-editor\" data-id=\"5faeb1e\" data-element_type=\"widget\" data-e-type=\"widget\" data-widget_type=\"text-editor.default\">\n\t\t\t\t<div class=\"elementor-widget-container\">\n\t\t\t\t\t\t\t\t\t<p><strong><span style=\"color: #f27900;\">ORANGE<\/span><\/strong> \u2013 Con v\u1eadt \u0111\u00e3 c\u00f3 ch\u1ee7 v\u00e0 l\u00e0 <strong><span style=\"text-decoration: underline;\">kh\u00f4ng<\/span><\/strong> C\u00f3 th\u1ec3 nh\u1eadn nu\u00f4i.<\/p>\n<p><span style=\"color: #7f00ff;\"><b>PURPLE<\/b><\/span> \u2013 Animal is <span style=\"text-decoration: underline;\"><strong>kh\u00f4ng<\/strong><\/span> available for adoption, but we will write down your name as an interested party if\/when they become available for adoption.&nbsp; To be listed as an interested party, please <a href=\"http:\/\/animalservices.venturacounty.gov\/vi\/scheduling\/\">\u0110\u1eb7t l\u1ecbch h\u1eb9n<\/a> with an Adoption Counselor.<\/p>\t\t\t\t\t\t\t\t<\/div>\n\t\t\t\t<\/div>\n\t\t\t\t<div class=\"elementor-element elementor-element-7687cfc3 elementor-widget-divider--view-line_icon elementor-view-default elementor-widget-divider--element-align-center elementor-widget elementor-widget-divider\" data-id=\"7687cfc3\" data-element_type=\"widget\" data-e-type=\"widget\" data-widget_type=\"divider.default\">\n\t\t\t\t<div class=\"elementor-widget-container\">\n\t\t\t\t\t\t\t<div class=\"elementor-divider\">\n\t\t\t<span class=\"elementor-divider-separator\">\n\t\t\t\t\t\t\t<div class=\"elementor-icon elementor-divider__element\">\n\t\t\t\t\t<i aria-hidden=\"true\" class=\"far fa-calendar-alt\"><\/i><\/div>\n\t\t\t\t\t\t<\/span>\n\t\t<\/div>\n\t\t\t\t\t\t<\/div>\n\t\t\t\t<\/div>\n\t\t\t\t<div class=\"elementor-element elementor-element-208c6a02 elementor-widget elementor-widget-text-editor\" data-id=\"208c6a02\" data-element_type=\"widget\" data-e-type=\"widget\" data-widget_type=\"text-editor.default\">\n\t\t\t\t<div class=\"elementor-widget-container\">\n\t\t\t\t\t\t\t\t\t<h2>SCHEDULING AN APPOINTMENT:<\/h2><p><strong><a href=\"https:\/\/app.acuityscheduling.com\/schedule.php?owner=13142745&amp;calendarID=3751088\" target=\"_blank\" rel=\"noopener\">Nh\u1ea5p v\u00e0o \u0111\u00e2y<\/a><\/strong> to schedule a Virtual Adoption Counseling Session. \u00a0<strong>PLEASE\u00a0NOTE<\/strong>: \u00a0Appointments are scheduled only\u00a0<strong>four (4) days<\/strong> in advance, thus when scheduling an appointment, all dates past 4 days will <span style=\"text-decoration: underline;\">appear<\/span>\u00a0taken.<\/p>\t\t\t\t\t\t\t\t<\/div>\n\t\t\t\t<\/div>\n\t\t\t\t\t<\/div>\n\t\t<\/div>\n\t\t\t\t\t<\/div>\n\t\t<\/section>\n\t\t\t\t\t<\/div>\n\t\t<\/div>\n\t\t\t\t\t<\/div>\n\t\t<\/section>\n\t\t\t\t<section class=\"elementor-section elementor-top-section elementor-element elementor-element-1cde28f1 elementor-section-full_width elementor-section-height-default elementor-section-height-default\" data-id=\"1cde28f1\" data-element_type=\"section\" data-e-type=\"section\">\n\t\t\t\t\t\t<div class=\"elementor-container elementor-column-gap-no\">\n\t\t\t\t\t<div class=\"elementor-column elementor-col-100 elementor-top-column elementor-element elementor-element-3631ce7d\" data-id=\"3631ce7d\" data-element_type=\"column\" data-e-type=\"column\">\n\t\t\t<div class=\"elementor-widget-wrap\">\n\t\t\t\t\t\t\t<\/div>\n\t\t<\/div>\n\t\t\t\t\t<\/div>\n\t\t<\/section>\n\t\t\t\t<\/div>\n\t\t\n<center><\/center><\/p>\n<p>&nbsp;<\/p>\n<p>&nbsp;<\/p>\n<p>&nbsp;<\/p>","protected":false},"excerpt":{"rendered":"<p>&nbsp; &nbsp; &nbsp;<\/p>","protected":false},"author":1,"featured_media":0,"parent":0,"menu_order":0,"comment_status":"closed","ping_status":"closed","template":"","meta":{"om_disable_all_campaigns":false,"_monsterinsights_skip_tracking":false,"_monsterinsights_sitenote_active":false,"_monsterinsights_sitenote_note":"","_monsterinsights_sitenote_category":0,"_uf_show_specific_survey":0,"_uf_disable_surveys":false,"footnotes":""},"class_list":["post-7118","page","type-page","status-publish"],"aioseo_notices":[],"_links":{"self":[{"href":"https:\/\/animalservices.venturacounty.gov\/vi\/wp-json\/wp\/v2\/pages\/7118","targetHints":{"allow":["GET"]}}],"collection":[{"href":"https:\/\/animalservices.venturacounty.gov\/vi\/wp-json\/wp\/v2\/pages"}],"about":[{"href":"https:\/\/animalservices.venturacounty.gov\/vi\/wp-json\/wp\/v2\/types\/page"}],"author":[{"embeddable":true,"href":"https:\/\/animalservices.venturacounty.gov\/vi\/wp-json\/wp\/v2\/users\/1"}],"replies":[{"embeddable":true,"href":"https:\/\/animalservices.venturacounty.gov\/vi\/wp-json\/wp\/v2\/comments?post=7118"}],"version-history":[{"count":0,"href":"https:\/\/animalservices.venturacounty.gov\/vi\/wp-json\/wp\/v2\/pages\/7118\/revisions"}],"wp:attachment":[{"href":"https:\/\/animalservices.venturacounty.gov\/vi\/wp-json\/wp\/v2\/media?parent=7118"}],"curies":[{"name":"wp","href":"https:\/\/api.w.org\/{rel}","templated":true}]}}