{"id":544,"date":"2020-06-05T20:13:35","date_gmt":"2020-06-05T20:13:35","guid":{"rendered":"http:\/\/animalservices.venturacounty.gov\/?page_id=544"},"modified":"2026-05-04T11:13:13","modified_gmt":"2026-05-04T18:13:13","slug":"disposal-services","status":"publish","type":"page","link":"https:\/\/animalservices.venturacounty.gov\/vi\/disposal-services\/","title":{"rendered":"D\u1ecbch v\u1ee5 h\u1ecfa t\u00e1ng"},"content":{"rendered":"<div data-elementor-type=\"wp-page\" data-elementor-id=\"544\" class=\"elementor elementor-544\" data-elementor-post-type=\"page\">\n\t\t\t\t\t\t<section class=\"elementor-section elementor-top-section elementor-element elementor-element-7913daf elementor-section-boxed elementor-section-height-default elementor-section-height-default\" data-id=\"7913daf\" data-element_type=\"section\" data-e-type=\"section\">\n\t\t\t\t\t\t<div class=\"elementor-container elementor-column-gap-default\">\n\t\t\t\t\t<div class=\"elementor-column elementor-col-100 elementor-top-column elementor-element elementor-element-c932293\" data-id=\"c932293\" data-element_type=\"column\" data-e-type=\"column\">\n\t\t\t<div class=\"elementor-widget-wrap elementor-element-populated\">\n\t\t\t\t\t\t<div class=\"elementor-element elementor-element-d74934c elementor-widget elementor-widget-text-editor\" data-id=\"d74934c\" data-element_type=\"widget\" data-e-type=\"widget\" data-widget_type=\"text-editor.default\">\n\t\t\t\t<div class=\"elementor-widget-container\">\n\t\t\t\t\t\t\t\t\t<p>Ventura County Animal Services contracts with <a href=\"https:\/\/www.westcoastpetmemorial.com\" data-uw-rm-brl=\"PR\" data-uw-original-href=\"https:\/\/www.westcoastpetmemorial.com\">D\u1ecbch v\u1ee5 T\u01b0\u1edfng ni\u1ec7m Th\u00fa c\u01b0ng B\u1edd T\u00e2y<\/a> for animal cremation services.\u00a0 VCAS can hold deceased animals at our facility, however animal owners will be expected to make all arrangements directly with the company.\u00a0 They can handle all animal sizes from small domestic pets to livestock, and offers cremation services as well as clay paw prints and paper\/ink pad paw prints.\u00a0 Their rates and fees are determined by weight and are as follows:<\/p>\t\t\t\t\t\t\t\t<\/div>\n\t\t\t\t<\/div>\n\t\t\t\t<div class=\"elementor-element elementor-element-ffc265d elementor-widget elementor-widget-eael-advanced-data-table\" data-id=\"ffc265d\" data-element_type=\"widget\" data-e-type=\"widget\" data-widget_type=\"eael-advanced-data-table.default\">\n\t\t\t\t<div class=\"elementor-widget-container\">\n\t\t\t\t\t<div class=\"ea-advanced-data-table-wrap\" data-id=\"ffc265d\"><div class=\"ea-advanced-data-table-wrap-inner\">\n                <table class=\"ea-advanced-data-table ea-advanced-data-table-static ea-advanced-data-table-ffc265d\" data-id=\"ffc265d\"><thead><tr><th><p><br><\/p><\/th><th><p>Gi\u00e1 h\u1ecfa t\u00e1ng<\/p><\/th><th><\/th><\/tr><\/thead><tbody><tr><td><\/td><td><p>0-25 pound<\/p><\/td><td><p>$193<\/p><\/td><\/tr><tr><td><\/td><td><p>25-50 pound<\/p><\/td><td><p>$229<\/p><\/td><\/tr><tr><td><\/td><td><p>50-75 pound<\/p><\/td><td><p>$276<\/p><\/td><\/tr><tr><td><\/td><td><p>75-100 pound<\/p><\/td><td><p>$312<\/p><\/td><\/tr><tr><td><\/td><td><p>100-150 pound<\/p><\/td><td><p>$348<\/p><\/td><\/tr><tr><td><\/td><td><p>H\u01a1n 150 pound<\/p><\/td><td><p>$416<\/p><\/td><\/tr><\/tbody><\/table>\n            <\/div><\/div>\t\t\t\t<\/div>\n\t\t\t\t<\/div>\n\t\t\t\t<div class=\"elementor-element elementor-element-194768f elementor-widget elementor-widget-text-editor\" data-id=\"194768f\" data-element_type=\"widget\" data-e-type=\"widget\" data-widget_type=\"text-editor.default\">\n\t\t\t\t<div class=\"elementor-widget-container\">\n\t\t\t\t\t\t\t\t\t<p>Prices may vary slightly depending on the frequency West Coast Pet Memorial updates their rates and fees. \u00a0 VCAS makes every attempt to ensure accurate prices are listed here.\u00a0 Please visit <a href=\"https:\/\/www.westcoastpetmemorial.com\">www.westcoastpetmemorial.com<\/a>\u00a0\u0110\u1ec3 bi\u1ebft th\u00eam th\u00f4ng tin.<\/p>\t\t\t\t\t\t\t\t<\/div>\n\t\t\t\t<\/div>\n\t\t\t\t<div class=\"elementor-element elementor-element-26db478 elementor-widget elementor-widget-text-editor\" data-id=\"26db478\" data-element_type=\"widget\" data-e-type=\"widget\" data-widget_type=\"text-editor.default\">\n\t\t\t\t<div class=\"elementor-widget-container\">\n\t\t\t\t\t\t\t\t\t<ul><li><strong>D\u1ea5u ch\u00e2n b\u1eb1ng \u0111\u1ea5t s\u00e9t<\/strong>: $59<\/li><li><strong>D\u1ea5u ch\u00e2n v\u00e0 m\u0169i b\u1eb1ng gi\u1ea5y\/mi\u1ebfng m\u1ef1c<\/strong>: $32<\/li><li><strong>Service Fee:<\/strong> $25<\/li><li>Urn selection and premium services available.<\/li><\/ul><p>VCAS does not accept payment for these services.\u00a0 Please contact West Coast Pet Memorial Services for these and all details and arrangements including payment.<\/p>\t\t\t\t\t\t\t\t<\/div>\n\t\t\t\t<\/div>\n\t\t\t\t<div class=\"elementor-element elementor-element-6a4bb44 elementor-widget elementor-widget-spacer\" data-id=\"6a4bb44\" data-element_type=\"widget\" data-e-type=\"widget\" data-widget_type=\"spacer.default\">\n\t\t\t\t<div class=\"elementor-widget-container\">\n\t\t\t\t\t\t\t<div class=\"elementor-spacer\">\n\t\t\t<div class=\"elementor-spacer-inner\"><\/div>\n\t\t<\/div>\n\t\t\t\t\t\t<\/div>\n\t\t\t\t<\/div>\n\t\t\t\t\t<\/div>\n\t\t<\/div>\n\t\t\t\t\t<\/div>\n\t\t<\/section>\n\t\t\t\t<\/div>","protected":false},"excerpt":{"rendered":"<p>Ventura County Animal Services contracts with West Coast Pet Memorial Services for animal cremation services.\u00a0 VCAS can hold deceased animals at our facility, however animal owners will be expected to make all arrangements directly with the company.\u00a0 They can handle all animal sizes from small domestic pets to livestock, and offers cremation services as well &#8230; <a title=\"D\u1ecbch v\u1ee5 h\u1ecfa t\u00e1ng\" class=\"read-more\" href=\"https:\/\/animalservices.venturacounty.gov\/vi\/disposal-services\/\" aria-label=\"\u0110\u1ecdc th\u00eam v\u1ec1 Cremation Services\">\u0110\u1ecdc ti\u1ebfp<\/a><\/p>","protected":false},"author":7,"featured_media":0,"parent":0,"menu_order":0,"comment_status":"closed","ping_status":"closed","template":"","meta":{"om_disable_all_campaigns":false,"_monsterinsights_skip_tracking":false,"_monsterinsights_sitenote_active":false,"_monsterinsights_sitenote_note":"","_monsterinsights_sitenote_category":0,"_uf_show_specific_survey":0,"_uf_disable_surveys":false,"footnotes":""},"class_list":["post-544","page","type-page","status-publish"],"aioseo_notices":[],"_links":{"self":[{"href":"https:\/\/animalservices.venturacounty.gov\/vi\/wp-json\/wp\/v2\/pages\/544","targetHints":{"allow":["GET"]}}],"collection":[{"href":"https:\/\/animalservices.venturacounty.gov\/vi\/wp-json\/wp\/v2\/pages"}],"about":[{"href":"https:\/\/animalservices.venturacounty.gov\/vi\/wp-json\/wp\/v2\/types\/page"}],"author":[{"embeddable":true,"href":"https:\/\/animalservices.venturacounty.gov\/vi\/wp-json\/wp\/v2\/users\/7"}],"replies":[{"embeddable":true,"href":"https:\/\/animalservices.venturacounty.gov\/vi\/wp-json\/wp\/v2\/comments?post=544"}],"version-history":[{"count":0,"href":"https:\/\/animalservices.venturacounty.gov\/vi\/wp-json\/wp\/v2\/pages\/544\/revisions"}],"wp:attachment":[{"href":"https:\/\/animalservices.venturacounty.gov\/vi\/wp-json\/wp\/v2\/media?parent=544"}],"curies":[{"name":"wp","href":"https:\/\/api.w.org\/{rel}","templated":true}]}}