{"id":315047,"date":"2025-08-27T12:48:48","date_gmt":"2025-08-27T19:48:48","guid":{"rendered":"https:\/\/animalservices.venturacounty.gov\/?page_id=315047"},"modified":"2025-08-27T12:52:47","modified_gmt":"2025-08-27T19:52:47","slug":"pittieparty","status":"publish","type":"page","link":"https:\/\/animalservices.venturacounty.gov\/vi\/pittieparty\/","title":{"rendered":"Pittie Party!"},"content":{"rendered":"<div data-elementor-type=\"wp-page\" data-elementor-id=\"315047\" class=\"elementor elementor-315047\" data-elementor-post-type=\"page\">\n\t\t\t\t\t\t<section class=\"elementor-section elementor-top-section elementor-element elementor-element-41e25c1 elementor-section-boxed elementor-section-height-default elementor-section-height-default\" data-id=\"41e25c1\" data-element_type=\"section\" data-e-type=\"section\">\n\t\t\t\t\t\t<div class=\"elementor-container elementor-column-gap-default\">\n\t\t\t\t\t<div class=\"elementor-column elementor-col-100 elementor-top-column elementor-element elementor-element-48376e6\" data-id=\"48376e6\" data-element_type=\"column\" data-e-type=\"column\">\n\t\t\t<div class=\"elementor-widget-wrap elementor-element-populated\">\n\t\t\t\t\t\t<div class=\"elementor-element elementor-element-cb2629f elementor-widget elementor-widget-text-editor\" data-id=\"cb2629f\" data-element_type=\"widget\" data-e-type=\"widget\" data-widget_type=\"text-editor.default\">\n\t\t\t\t<div class=\"elementor-widget-container\">\n\t\t\t\t\t\t\t\t\t<p>To view all dogs in our care, please visit <a href=\"http:\/\/animalservices.venturacounty.gov\/vi\/dogs\/\">animalservices.venturacounty.gov\/dogs<\/a>. \u00a0Thank you for supporting our life-saving efforts!<\/p>\t\t\t\t\t\t\t\t<\/div>\n\t\t\t\t<\/div>\n\t\t\t\t\t<\/div>\n\t\t<\/div>\n\t\t\t\t\t<\/div>\n\t\t<\/section>\n\t\t\t\t<section class=\"elementor-section elementor-top-section elementor-element elementor-element-fb6de6f elementor-section-stretched elementor-section-boxed elementor-section-height-default elementor-section-height-default\" data-id=\"fb6de6f\" data-element_type=\"section\" data-e-type=\"section\" data-settings=\"{&quot;stretch_section&quot;:&quot;section-stretched&quot;}\">\n\t\t\t\t\t\t<div class=\"elementor-container elementor-column-gap-default\">\n\t\t\t\t\t<div class=\"elementor-column elementor-col-100 elementor-top-column elementor-element elementor-element-032764d\" data-id=\"032764d\" data-element_type=\"column\" data-e-type=\"column\">\n\t\t\t<div class=\"elementor-widget-wrap elementor-element-populated\">\n\t\t\t\t\t\t<div class=\"elementor-element elementor-element-beb6bfb grid-width elementor-widget elementor-widget-shortcode\" data-id=\"beb6bfb\" data-element_type=\"widget\" data-e-type=\"widget\" data-widget_type=\"shortcode.default\">\n\t\t\t\t<div class=\"elementor-widget-container\">\n\t\t\t\t\t\t\t<div class=\"elementor-shortcode\"><\/div>\n\t\t\t\t\t\t<\/div>\n\t\t\t\t<\/div>\n\t\t\t\t\t<\/div>\n\t\t<\/div>\n\t\t\t\t\t<\/div>\n\t\t<\/section>\n\t\t\t\t<section class=\"elementor-section elementor-top-section elementor-element elementor-element-d7a8219 elementor-section-stretched elementor-section-boxed elementor-section-height-default elementor-section-height-default\" data-id=\"d7a8219\" data-element_type=\"section\" data-e-type=\"section\" data-settings=\"{&quot;stretch_section&quot;:&quot;section-stretched&quot;}\">\n\t\t\t\t\t\t<div class=\"elementor-container elementor-column-gap-no\">\n\t\t\t\t\t<div class=\"elementor-column elementor-col-100 elementor-top-column elementor-element elementor-element-2928181\" data-id=\"2928181\" data-element_type=\"column\" data-e-type=\"column\">\n\t\t\t<div class=\"elementor-widget-wrap elementor-element-populated\">\n\t\t\t\t\t\t<div class=\"elementor-element elementor-element-945cc6f elementor-widget elementor-widget-shortcode\" data-id=\"945cc6f\" data-element_type=\"widget\" data-e-type=\"widget\" data-widget_type=\"shortcode.default\">\n\t\t\t\t<div class=\"elementor-widget-container\">\n\t\t\t\t\t\t\t<div class=\"elementor-shortcode\">\t\t<div data-elementor-type=\"section\" data-elementor-id=\"7125\" class=\"elementor elementor-7125\" data-elementor-post-type=\"elementor_library\">\n\t\t\t\t\t<section class=\"elementor-section elementor-top-section elementor-element elementor-element-2d44559a elementor-section-boxed elementor-section-height-default elementor-section-height-default\" data-id=\"2d44559a\" data-element_type=\"section\" data-e-type=\"section\">\n\t\t\t\t\t\t<div class=\"elementor-container elementor-column-gap-default\">\n\t\t\t\t\t<div class=\"elementor-column elementor-col-100 elementor-top-column elementor-element elementor-element-413484b6\" data-id=\"413484b6\" data-element_type=\"column\" data-e-type=\"column\">\n\t\t\t<div class=\"elementor-widget-wrap elementor-element-populated\">\n\t\t\t\t\t\t<div class=\"elementor-element elementor-element-a69c2cc elementor-widget elementor-widget-spacer\" data-id=\"a69c2cc\" data-element_type=\"widget\" data-e-type=\"widget\" data-widget_type=\"spacer.default\">\n\t\t\t\t<div class=\"elementor-widget-container\">\n\t\t\t\t\t\t\t<div class=\"elementor-spacer\">\n\t\t\t<div class=\"elementor-spacer-inner\"><\/div>\n\t\t<\/div>\n\t\t\t\t\t\t<\/div>\n\t\t\t\t<\/div>\n\t\t\t\t<div class=\"elementor-element elementor-element-e42fd7c elementor-widget elementor-widget-heading\" data-id=\"e42fd7c\" data-element_type=\"widget\" data-e-type=\"widget\" data-widget_type=\"heading.default\">\n\t\t\t\t<div class=\"elementor-widget-container\">\n\t\t\t\t\t<h2 class=\"elementor-heading-title elementor-size-default\">Huy\u1ec1n tho\u1ea1i v\u1ec1 \u0111\u1ed9ng v\u1eadt<\/h2>\t\t\t\t<\/div>\n\t\t\t\t<\/div>\n\t\t\t\t<div class=\"elementor-element elementor-element-51875f28 elementor-widget elementor-widget-text-editor\" data-id=\"51875f28\" data-element_type=\"widget\" data-e-type=\"widget\" data-widget_type=\"text-editor.default\">\n\t\t\t\t<div class=\"elementor-widget-container\">\n\t\t\t\t\t\t\t\t\t<p><strong>M\u00d4 T\u1ea2 \u0110\u1ed8NG V\u1eacT<\/strong>D\u1eef li\u1ec7u \u0111\u01b0\u1ee3c thu th\u1eadp \u0111\u1ed1i v\u1edbi m\u1ed7i con v\u1eadt \u0111\u01b0\u1ee3c \u0111\u01b0a v\u00e0o ch\u0103m s\u00f3c c\u1ee7a ch\u00fang t\u00f4i. D\u1eef li\u1ec7u n\u00e0y c\u00f3 th\u1ec3 thay \u0111\u1ed5i trong su\u1ed1t th\u1eddi gian con v\u1eadt \u1edf c\u00f9ng ch\u00fang t\u00f4i.<\/p>\t\t\t\t\t\t\t\t<\/div>\n\t\t\t\t<\/div>\n\t\t\t\t<div class=\"elementor-element elementor-element-79c8f85f elementor-widget elementor-widget-eael-advanced-data-table\" data-id=\"79c8f85f\" data-element_type=\"widget\" data-e-type=\"widget\" data-widget_type=\"eael-advanced-data-table.default\">\n\t\t\t\t<div class=\"elementor-widget-container\">\n\t\t\t\t\t<div class=\"ea-advanced-data-table-wrap\" data-id=\"79c8f85f\"><div class=\"ea-advanced-data-table-wrap-inner\">\n                <table class=\"ea-advanced-data-table ea-advanced-data-table-static ea-advanced-data-table-79c8f85f\" data-id=\"79c8f85f\"><thead><\/thead><tbody><tr><td><p><strong>M\u00e3 \u0111\u1ecbnh danh \u0111\u1ed9ng v\u1eadt<\/strong><\/p><\/td><td><p>Vui l\u00f2ng s\u1eed d\u1ee5ng s\u1ed1 duy nh\u1ea5t n\u00e0y khi \u0111\u1ec1 c\u1eadp \u0111\u1ebfn \u0111\u1ed9ng v\u1eadt.<\/p><\/td><\/tr><tr><td><p><strong>T\u00ean<\/strong><\/p><\/td><td><p>M\u1ed9t s\u1ed1 \u0111\u1ed9ng v\u1eadt \u0111\u01b0\u1ee3c \u0111\u01b0a v\u00e0o v\u1edbi t\u00ean g\u1ecdi s\u1eb5n c\u00f3. Khi \u0111\u1ed9ng v\u1eadt tr\u1edf n\u00ean s\u1eb5n s\u00e0ng \u0111\u1ec3 nh\u1eadn nu\u00f4i, nh\u00e2n vi\u00ean v\u00e0\/ho\u1eb7c t\u00ecnh nguy\u1ec7n vi\u00ean c\u1ee7a VCAS c\u00f3 th\u1ec3 t\u1ef1 do \u0111\u1eb7t t\u00ean cho ch\u00fang.<\/p><\/td><\/tr><tr><td><p><strong>Tu\u1ed5i<\/strong><\/p><\/td><td><p>\u0110\u00e2y l\u00e0 \u0111\u00e1nh gi\u00e1 t\u1ed1t nh\u1ea5t c\u1ee7a ch\u00fang t\u00f4i d\u1ef1a tr\u00ean t\u00ecnh tr\u1ea1ng c\u01a1 th\u1ec3, r\u0103ng, m\u1eaft, v.v., t\u1ea1i th\u1eddi \u0111i\u1ec3m ch\u00fang b\u1ecb thu gi\u1eef.<\/p><\/td><\/tr><tr><td><p><strong>C\u00e2n n\u1eb7ng<\/strong><\/p><\/td><td><p>\u0110\u1ed9ng v\u1eadt \u0111\u01b0\u1ee3c c\u00e2n khi nh\u1eadp vi\u1ec7n v\u00e0 t\u1ea1i c\u00e1c l\u1ea7n kh\u00e1m s\u1ee9c kh\u1ecfe ti\u1ebfp theo.<\/p><\/td><\/tr><tr><td><p><strong>Gi\u1edbi t\u00ednh<\/strong><\/p><\/td><td><p>N\u1ebfu m\u1ed9t con v\u1eadt kh\u00f4ng c\u00f3 t\u1eeb \u201c\u0111\u00e3 tri\u1ec7t s\u1ea3n\u201d ho\u1eb7c \u201c\u0111\u00e3 thi\u1ebfn\u201d \u0111i k\u00e8m v\u1edbi gi\u1edbi t\u00ednh c\u1ee7a n\u00f3, \u0111i\u1ec1u n\u00e0y cho th\u1ea5y con v\u1eadt \u0111\u00f3 v\u1eabn c\u00f2n nguy\u00ean v\u1eb9n ho\u1eb7c ch\u01b0a \u0111\u01b0\u1ee3c x\u00e1c nh\u1eadn l\u00e0 \u0111\u00e3 \u0111\u01b0\u1ee3c tri\u1ec7t s\u1ea3n.<\/p><\/td><\/tr><tr><td><p><strong>Gi\u1ed1ng<\/strong><\/p><\/td><td><p>\u0110\u00e2y l\u00e0 d\u1ef1 \u0111o\u00e1n t\u1ed1t nh\u1ea5t c\u1ee7a ch\u00fang t\u00f4i d\u1ef1a tr\u00ean kinh nghi\u1ec7m c\u1ee7a \u0111\u1ed9i ng\u0169, kh\u00f4ng ph\u1ea3i l\u00e0 h\u1ed3 s\u01a1 ADN.<\/p><\/td><\/tr><tr><td><p><strong>Ng\u00e0y ti\u1ebfp nh\u1eadn<\/strong><\/p><\/td><td><p>Ng\u00e0y con v\u1eadt \u0111\u01b0\u1ee3c \u0111\u01b0a v\u00e0o h\u1ec7 th\u1ed1ng c\u1ee7a ch\u00fang t\u00f4i.<\/p><\/td><\/tr><tr><td><p><strong>Ng\u00e0y c\u00f3 th\u1ec3 nh\u1eadn nu\u00f4i<\/strong><\/p><\/td><td><p>Ng\u00e0y m\u00e0 \u0111\u1ed9ng v\u1eadt c\u00f3 th\u1ec3 \u0111\u01b0\u1ee3c nh\u1eadn nu\u00f4i. \u0110\u1ed9ng v\u1eadt th\u01b0\u1eddng \u0111\u01b0\u1ee3c gi\u1eef l\u1ea1i trong v\u00f2ng 5 ng\u00e0y ho\u1eb7c 10 ng\u00e0y \u0111\u1ec3 ch\u1ee7 nh\u00e2n c\u1ee7a ch\u00fang c\u00f3 th\u1eddi gian t\u00ecm ki\u1ebfm. L\u1ecbch h\u1eb9n <strong><u>kh\u00f4ng th\u1ec3<\/u><\/strong> \u0110\u01b0\u1ee3c d\u00e0nh cho c\u00e1c con v\u1eadt c\u00f3 \u201cNg\u00e0y c\u00f3 th\u1ec3 nh\u1eadn nu\u00f4i\u201d trong t\u01b0\u01a1ng lai.<\/p><\/td><\/tr><tr><td><p><strong>Tr\u1ea1i ch\u00f3<\/strong><\/p><\/td><td><p><strong>Chu\u1ed3ng ch\u00f3 001-899<\/strong> \u0111ang \u1edf Tr\u1ea1i t\u1ea1m tr\u00fa Camarillo.<\/p><p><strong>Chu\u1ed3ng ch\u00f3 900 - 998<\/strong> \u0111ang \u1edf Tr\u1ea1i t\u1ea1m tr\u00fa Simi Valley.&nbsp;<\/p><p>\u0110\u1ed9ng v\u1eadt trong chu\u1ed3ng \u201c<strong>Nu\u00f4i d\u01b0\u1ee1ng<\/strong>\u201d\u0111ang \u0111\u01b0\u1ee3c nu\u00f4i d\u01b0\u1ee1ng trong gia \u0111\u00ecnh nu\u00f4i d\u01b0\u1ee1ng v\u00e0 c\u00f3 th\u1ec3 \u0111\u01b0\u1ee3c nh\u1eadn nu\u00f4i.\u201d.<\/p><p>\u0110\u1ed9ng v\u1eadt trong chu\u1ed3ng \u201c<strong>Ngo\u00e0i tr\u1ee5 s\u1edf<\/strong>\u201d\u0110ang \u0111\u01b0\u1ee3c t\u1ea1m th\u1eddi nu\u00f4i d\u01b0\u1ee1ng t\u1ea1i m\u1ed9t \u0111\u1ecba \u0111i\u1ec3m \u0111\u1ed1i t\u00e1c (Petco, PetSmart, v.v.) v\u00e0 c\u00f3 th\u1ec3 \u0111\u01b0\u1ee3c nh\u1eadn nu\u00f4i t\u1ea1i \u0111\u1ecba \u0111i\u1ec3m \u0111\u00f3.\".<\/p><\/td><\/tr><tr><td><p><strong>Th\u00e0nh ph\u1ed1 \u0111\u01b0\u1ee3c th\u00e0nh l\u1eadp<\/strong><\/p><\/td><td><p>Th\u00e0nh ph\u1ed1 n\u01a1i con v\u1eadt \u0111\u01b0\u1ee3c ph\u00e1t hi\u1ec7n ho\u1eb7c \u0111\u01b0\u1ee3c b\u00e1o c\u00e1o l\u00e0 \u0111\u00e3 \u0111\u01b0\u1ee3c ph\u00e1t hi\u1ec7n.<\/p><\/td><\/tr><tr><td><p><strong>N\u01a1i tr\u00fa \u1ea9n<\/strong><\/p><\/td><td><p>N\u01a1i m\u00e0 con v\u1eadt hi\u1ec7n \u0111ang sinh s\u1ed1ng.<\/p><\/td><\/tr><\/tbody><\/table>\n            <\/div><\/div>\t\t\t\t<\/div>\n\t\t\t\t<\/div>\n\t\t\t\t<div class=\"elementor-element elementor-element-6ebf8e77 elementor-widget elementor-widget-text-editor\" data-id=\"6ebf8e77\" data-element_type=\"widget\" data-e-type=\"widget\" data-widget_type=\"text-editor.default\">\n\t\t\t\t<div class=\"elementor-widget-container\">\n\t\t\t\t\t\t\t\t\t<p><strong>TH\u1ee8C T\u1eea:<\/strong>\u00a0 H\u1ec7 th\u1ed1ng m\u00e3 m\u00e0u n\u00e0y cung c\u1ea5p th\u00f4ng tin b\u1ed5 sung v\u1ec1 c\u00e1c lo\u00e0i \u0111\u1ed9ng v\u1eadt \u0111ang \u0111\u01b0\u1ee3c ch\u00fang t\u00f4i ch\u0103m s\u00f3c. C\u00e1c nh\u00e3n n\u00e0y c\u00f3 th\u1ec3 thay \u0111\u1ed5i trong th\u1eddi gian \u0111\u1ed9ng v\u1eadt \u1edf v\u1edbi ch\u00fang t\u00f4i.<\/p>\t\t\t\t\t\t\t\t<\/div>\n\t\t\t\t<\/div>\n\t\t\t\t<div class=\"elementor-element elementor-element-66e00a24 elementor-widget elementor-widget-eael-advanced-data-table\" data-id=\"66e00a24\" data-element_type=\"widget\" data-e-type=\"widget\" data-widget_type=\"eael-advanced-data-table.default\">\n\t\t\t\t<div class=\"elementor-widget-container\">\n\t\t\t\t\t<div class=\"ea-advanced-data-table-wrap\" data-id=\"66e00a24\"><div class=\"ea-advanced-data-table-wrap-inner\">\n                <table class=\"ea-advanced-data-table ea-advanced-data-table-static ea-advanced-data-table-66e00a24\" data-id=\"66e00a24\"><thead><tr><th><p>TH\u1ee8C<\/p><\/th><th><p>M\u00d4 T\u1ea2<\/p><\/th><\/tr><\/thead><tbody><tr><td><p><strong>\u0110ang ch\u1edd ph\u00ea duy\u1ec7t<\/strong><\/p><\/td><td><p><span>Con v\u1eadt n\u00e0y \u0111ang trong qu\u00e1 tr\u00ecnh ch\u1edd nh\u1eadn nu\u00f4i. <\/span><\/p><\/td><\/tr><tr><td><p><strong>Chuy\u1ec3n giao c\u1ee9u h\u1ed9 \u0111ang ch\u1edd x\u1eed l\u00fd<\/strong><\/p><\/td><td><p><span>Con v\u1eadt n\u00e0y \u0111ang ch\u1edd chuy\u1ec3n giao cho \u0111\u1ed1i t\u00e1c c\u1ee9u h\u1ed9.<\/span><\/p><\/td><\/tr><tr><td><p><strong>\u0110ang \u0111\u01b0\u1ee3c \u0111\u00e1nh gi\u00e1<\/strong><\/p><\/td><td><p><span>Con v\u1eadt n\u00e0y \u0111ang \u0111\u01b0\u1ee3c \u0111\u00e1nh gi\u00e1 v\u1ec1 m\u1eb7t y t\u1ebf v\u00e0\/ho\u1eb7c h\u00e0nh vi.<\/span><\/p><\/td><\/tr><tr><td><p><strong>Chuy\u1ec3n giao \u01b0u ti\u00ean trong tr\u01b0\u1eddng h\u1ee3p c\u1ee9u h\u1ed9<\/strong><\/p><\/td><td><p><span>Con v\u1eadt n\u00e0y s\u1ebd ph\u00f9 h\u1ee3p nh\u1ea5t v\u1edbi m\u1ed9t \u0110\u1ed1i t\u00e1c Chuy\u1ec3n giao C\u1ee9u h\u1ed9.<\/span><\/p><\/td><\/tr><tr><td><p><strong>Gi\u1eef l\u1ea1i y t\u1ebf<\/strong><strong>&nbsp;<\/strong><\/p><\/td><td><p><span>Con v\u1eadt n\u00e0y \u0111ang trong t\u00ecnh tr\u1ea1ng c\u00e1ch ly y t\u1ebf.<\/span><\/p><\/td><\/tr><tr><td><p><strong>C\u00e1ch ly<\/strong><\/p><\/td><td><p><span>Con v\u1eadt n\u00e0y \u0111ang b\u1ecb c\u00e1ch ly v\u00ec l\u00fd do s\u1ee9c kh\u1ecfe v\u00e0\/ho\u1eb7c an to\u00e0n.<\/span><\/p><\/td><\/tr><\/tbody><\/table>\n            <\/div><\/div>\t\t\t\t<\/div>\n\t\t\t\t<\/div>\n\t\t\t\t<div class=\"elementor-element elementor-element-3200b039 elementor-widget elementor-widget-text-editor\" data-id=\"3200b039\" data-element_type=\"widget\" data-e-type=\"widget\" data-widget_type=\"text-editor.default\">\n\t\t\t\t<div class=\"elementor-widget-container\">\n\t\t\t\t\t\t\t\t\t<p><strong><span style=\"color: #f27900;\">\u2588\u00a0<\/span><\/strong>\u00a0\u2013 Con v\u1eadt \u0111\u00e3 c\u00f3 ch\u1ee7 v\u00e0 l\u00e0 <strong><span style=\"text-decoration: underline;\">kh\u00f4ng<\/span><\/strong> C\u00f3 th\u1ec3 nh\u1eadn nu\u00f4i.<br \/><br \/><span style=\"color: #7f00ff;\"><strong>\u2588<\/strong><\/span>\u00a0\u2013 \u0110\u1ed9ng v\u1eadt hi\u1ec7n t\u1ea1i\u00a0<span style=\"text-decoration: underline;\"><strong>kh\u00f4ng<\/strong><\/span>\u00a0C\u00f3 th\u1ec3 nh\u1eadn nu\u00f4i.<\/p>\t\t\t\t\t\t\t\t<\/div>\n\t\t\t\t<\/div>\n\t\t\t\t<div class=\"elementor-element elementor-element-edb5cd6 elementor-widget elementor-widget-spacer\" data-id=\"edb5cd6\" data-element_type=\"widget\" data-e-type=\"widget\" data-widget_type=\"spacer.default\">\n\t\t\t\t<div class=\"elementor-widget-container\">\n\t\t\t\t\t\t\t<div class=\"elementor-spacer\">\n\t\t\t<div class=\"elementor-spacer-inner\"><\/div>\n\t\t<\/div>\n\t\t\t\t\t\t<\/div>\n\t\t\t\t<\/div>\n\t\t\t\t\t<\/div>\n\t\t<\/div>\n\t\t\t\t\t<\/div>\n\t\t<\/section>\n\t\t\t\t<\/div>\n\t\t<\/div>\n\t\t\t\t\t\t<\/div>\n\t\t\t\t<\/div>\n\t\t\t\t\t<\/div>\n\t\t<\/div>\n\t\t\t\t\t<\/div>\n\t\t<\/section>\n\t\t\t\t<\/div>","protected":false},"excerpt":{"rendered":"<p>To view all dogs in our care, please visit animalservices.venturacounty.gov\/dogs. \u00a0Thank you for supporting our life-saving efforts!<\/p>","protected":false},"author":4,"featured_media":0,"parent":0,"menu_order":0,"comment_status":"closed","ping_status":"closed","template":"","meta":{"om_disable_all_campaigns":false,"_monsterinsights_skip_tracking":false,"_monsterinsights_sitenote_active":false,"_monsterinsights_sitenote_note":"","_monsterinsights_sitenote_category":0,"_uf_show_specific_survey":0,"_uf_disable_surveys":false,"footnotes":""},"class_list":["post-315047","page","type-page","status-publish"],"aioseo_notices":[],"_links":{"self":[{"href":"https:\/\/animalservices.venturacounty.gov\/vi\/wp-json\/wp\/v2\/pages\/315047","targetHints":{"allow":["GET"]}}],"collection":[{"href":"https:\/\/animalservices.venturacounty.gov\/vi\/wp-json\/wp\/v2\/pages"}],"about":[{"href":"https:\/\/animalservices.venturacounty.gov\/vi\/wp-json\/wp\/v2\/types\/page"}],"author":[{"embeddable":true,"href":"https:\/\/animalservices.venturacounty.gov\/vi\/wp-json\/wp\/v2\/users\/4"}],"replies":[{"embeddable":true,"href":"https:\/\/animalservices.venturacounty.gov\/vi\/wp-json\/wp\/v2\/comments?post=315047"}],"version-history":[{"count":0,"href":"https:\/\/animalservices.venturacounty.gov\/vi\/wp-json\/wp\/v2\/pages\/315047\/revisions"}],"wp:attachment":[{"href":"https:\/\/animalservices.venturacounty.gov\/vi\/wp-json\/wp\/v2\/media?parent=315047"}],"curies":[{"name":"wp","href":"https:\/\/api.w.org\/{rel}","templated":true}]}}