{"id":2163,"date":"2020-08-26T21:43:37","date_gmt":"2020-08-26T21:43:37","guid":{"rendered":"http:\/\/animalservices.venturacounty.gov\/?page_id=2163"},"modified":"2025-05-30T10:58:23","modified_gmt":"2025-05-30T17:58:23","slug":"wishlist","status":"publish","type":"page","link":"https:\/\/animalservices.venturacounty.gov\/vi\/wishlist\/","title":{"rendered":"Danh s\u00e1ch mong mu\u1ed1n"},"content":{"rendered":"<div data-elementor-type=\"wp-page\" data-elementor-id=\"2163\" class=\"elementor elementor-2163\" data-elementor-post-type=\"page\">\n\t\t\t\t\t\t<section class=\"elementor-section elementor-top-section elementor-element elementor-element-4ac2da3 elementor-section-boxed elementor-section-height-default elementor-section-height-default\" data-id=\"4ac2da3\" data-element_type=\"section\" data-e-type=\"section\">\n\t\t\t\t\t\t<div class=\"elementor-container elementor-column-gap-default\">\n\t\t\t\t\t<div class=\"elementor-column elementor-col-100 elementor-top-column elementor-element elementor-element-585d211\" data-id=\"585d211\" data-element_type=\"column\" data-e-type=\"column\">\n\t\t\t<div class=\"elementor-widget-wrap elementor-element-populated\">\n\t\t\t\t\t\t<div class=\"elementor-element elementor-element-cc3a9c7 elementor-widget elementor-widget-text-editor\" data-id=\"cc3a9c7\" data-element_type=\"widget\" data-e-type=\"widget\" data-widget_type=\"text-editor.default\">\n\t\t\t\t<div class=\"elementor-widget-container\">\n\t\t\t\t\t\t\t\t\t<p>VCAS ch\u00e2n th\u00e0nh c\u1ea3m \u01a1n s\u1ef1 h\u00e0o ph\u00f3ng c\u1ee7a qu\u00fd v\u1ecb! Ch\u00fang t\u00f4i l\u00e0 m\u1ed9t t\u1ed5 ch\u1ee9c c\u1ee9u h\u1ed9 th\u00e0nh c\u00f4ng nh\u1edd v\u00e0o l\u00f2ng t\u1ed1t c\u1ee7a qu\u00fd v\u1ecb. VCAS duy tr\u00ec hai (2) danh s\u00e1ch mong mu\u1ed1n. 1) M\u1ed9t&nbsp;<strong><a href=\"https:\/\/www.amazon.com\/hz\/wishlist\/ls\/V6KOK9PWRSF6\">Danh s\u00e1ch mong mu\u1ed1n c\u1ee7a Amazon<\/a><\/strong> (c\u1eadp nh\u1eadt h\u00e0ng ng\u00e0y) c\u00e1c m\u1eb7t h\u00e0ng \u0111\u01b0\u1ee3c ch\u1ecdn l\u1ecdc \u0111\u1eb7c bi\u1ec7t cho \u0111\u1ed9ng v\u1eadt v\u00e0 ch\u01b0\u01a1ng tr\u00ecnh c\u1ee7a ch\u00fang t\u00f4i, v\u00e0 2) Danh s\u00e1ch mong mu\u1ed1n chung v\u1ec1 c\u00e1c m\u1eb7t h\u00e0ng th\u01b0\u1eddng c\u00f3 th\u1ec3 t\u00ecm th\u1ea5y trong nh\u00e0. Ch\u00fang t\u00f4i c\u00f3 th\u1ec3 <u><b>CH\u1ec8<\/b><\/u> L\u1ea5y <span style=\"color: #00954a;\"><strong>C\u00e1c m\u1eb7t h\u00e0ng \u0111\u00e3 \u0111\u01b0\u1ee3c ch\u1ea5p nh\u1eadn<\/strong><\/span> Danh s\u00e1ch d\u01b0\u1edbi \u0111\u00e2y. Xin vui l\u00f2ng kh\u00f4ng mang theo b\u1ea5t k\u1ef3 v\u1eadt d\u1ee5ng n\u00e0o kh\u00e1c \u0111\u1ebfn n\u01a1i tr\u00fa \u1ea9n m\u00e0 kh\u00f4ng c\u00f3 trong danh s\u00e1ch d\u01b0\u1edbi \u0111\u00e2y.<\/p><p><b>\u0110I\u1ec2M NH\u1eacN QU\u00c0 T\u1eb6NG<\/b>: C\u00e1c th\u00f9ng thu gom qu\u00e0 t\u1eb7ng \u0111\u01b0\u1ee3c \u0111\u1eb7t b\u00ean ngo\u00e0i Trung t\u00e2m B\u1ea3o v\u1ec7 \u0110\u1ed9ng v\u1eadt Camarillo 24\/7. V\u00e0 c\u00e1c th\u00f9ng thu gom qu\u00e0 t\u1eb7ng \u0111\u01b0\u1ee3c \u0111\u1eb7t b\u00ean trong Trung t\u00e2m B\u1ea3o v\u1ec7 \u0110\u1ed9ng v\u1eadt Simi Valley trong gi\u1edd l\u00e0m vi\u1ec7c b\u00ecnh th\u01b0\u1eddng. C\u1ea3m \u01a1n s\u1ef1 \u1ee7ng h\u1ed9 c\u1ee7a qu\u00fd v\u1ecb!<\/p>\t\t\t\t\t\t\t\t<\/div>\n\t\t\t\t<\/div>\n\t\t\t\t\t<\/div>\n\t\t<\/div>\n\t\t\t\t\t<\/div>\n\t\t<\/section>\n\t\t\t\t<section class=\"elementor-section elementor-top-section elementor-element elementor-element-dc2ac93 elementor-section-boxed elementor-section-height-default elementor-section-height-default\" data-id=\"dc2ac93\" data-element_type=\"section\" data-e-type=\"section\">\n\t\t\t\t\t\t<div class=\"elementor-container elementor-column-gap-extended\">\n\t\t\t\t\t<div class=\"elementor-column elementor-col-50 elementor-top-column elementor-element elementor-element-2a67a7f\" data-id=\"2a67a7f\" data-element_type=\"column\" data-e-type=\"column\">\n\t\t\t<div class=\"elementor-widget-wrap elementor-element-populated\">\n\t\t\t\t\t\t<div class=\"elementor-element elementor-element-98b5852 elementor-widget elementor-widget-text-editor\" data-id=\"98b5852\" data-element_type=\"widget\" data-e-type=\"widget\" data-widget_type=\"text-editor.default\">\n\t\t\t\t<div class=\"elementor-widget-container\">\n\t\t\t\t\t\t\t\t\t<pre><span style=\"color: #00954a;\"><strong>\u2713 C\u00e1c m\u1eb7t h\u00e0ng ch\u00fang t\u00f4i <em><span style=\"text-decoration: underline;\">c\u00f3 th\u1ec3<\/span><\/em> Ch\u1ea5p nh\u1eadn.<\/strong><\/span><\/pre><ol><li>Ch\u0103n\/Kh\u0103n t\u1eafm (ch\u1ee7 y\u1ebfu l\u00e0 kh\u0103n t\u1eafm)<\/li><li>T\u1ea9y tr\u1eafng<\/li><li>N\u01b0\u1edbc r\u1eeda ch\u00e9n (d\u1ea1ng l\u1ecfng)<\/li><li>Th\u1ee9c \u0103n cho th\u00fa c\u01b0ng (ch\u01b0a m\u1edf, c\u00f3 nh\u00e3n m\u00e1c v\u00e0 ch\u01b0a h\u1ebft h\u1ea1n)<\/li><li>Th\u1ee9c \u0103n cho th\u00fa c\u01b0ng theo \u0111\u01a1n (ch\u01b0a m\u1edf v\u00e0 ch\u01b0a h\u1ebft h\u1ea1n)<\/li><li>L\u1ed3ng ch\u1ee9a th\u00fa c\u01b0ng (ch\u1ec9 k\u00edch th\u01b0\u1edbc nh\u1ecf)<\/li><li>B\u1ecdt bi\u1ec3n<\/li><\/ol>\t\t\t\t\t\t\t\t<\/div>\n\t\t\t\t<\/div>\n\t\t\t\t\t<\/div>\n\t\t<\/div>\n\t\t\t\t<div class=\"elementor-column elementor-col-50 elementor-top-column elementor-element elementor-element-b5542d9\" data-id=\"b5542d9\" data-element_type=\"column\" data-e-type=\"column\">\n\t\t\t<div class=\"elementor-widget-wrap elementor-element-populated\">\n\t\t\t\t\t\t<div class=\"elementor-element elementor-element-e87e018 elementor-widget elementor-widget-text-editor\" data-id=\"e87e018\" data-element_type=\"widget\" data-e-type=\"widget\" data-widget_type=\"text-editor.default\">\n\t\t\t\t<div class=\"elementor-widget-container\">\n\t\t\t\t\t\t\t\t\t<pre><strong><span style=\"color: #db0000;\">\u2718\u00a0<\/span> <span style=\"color: #ff0000;\">C\u00e1c m\u1eb7t h\u00e0ng ch\u00fang t\u00f4i\u00a0<i><u>c\u00f3 th\u1ec3<\/u><\/i><em><span style=\"text-decoration: underline;\">kh\u00f4ng<\/span><\/em> Ch\u1ea5p nh\u1eadn.<\/span><\/strong><\/pre><p>R\u1ea5t ti\u1ebfc, ch\u00fang t\u00f4i <strong>Kh\u00f4ng th\u1ec3 ch\u1ea5p nh\u1eadn<\/strong> B\u1ea5t k\u1ef3 kho\u1ea3n \u0111\u00f3ng g\u00f3p n\u00e0o kh\u00e1c t\u1eeb gia \u0111\u00ecnh, ngo\u1ea1i tr\u1eeb 7 kho\u1ea3n \u0111\u00e3 \u0111\u01b0\u1ee3c li\u1ec7t k\u00ea \u1edf \u0111\u00e2y.<\/p><p>Tuy nhi\u00ean, ch\u00fang t\u00f4i c\u00f3 m\u1ed9t danh s\u00e1ch mong mu\u1ed1n tr\u00ean Amazon (c\u1eadp nh\u1eadt h\u00e0ng ng\u00e0y) v\u1ec1 c\u00e1c m\u1eb7t h\u00e0ng m\u00e0 ch\u00fang t\u00f4i c\u1ea7n. \u00a0<a href=\"https:\/\/www.amazon.com\/gp\/registry\/wishlist\/V6KOK9PWRSF6\">Nh\u1ea5n\/ch\u1ea1m v\u00e0o \u0111\u00e2y<\/a> \u0110\u1ec3 xem danh s\u00e1ch mong mu\u1ed1n \u0111\u00f3. C\u1ea3m \u01a1n b\u1ea1n!<\/p>\t\t\t\t\t\t\t\t<\/div>\n\t\t\t\t<\/div>\n\t\t\t\t\t<\/div>\n\t\t<\/div>\n\t\t\t\t\t<\/div>\n\t\t<\/section>\n\t\t\t\t<section class=\"elementor-section elementor-top-section elementor-element elementor-element-58a7d94 elementor-section-boxed elementor-section-height-default elementor-section-height-default\" data-id=\"58a7d94\" data-element_type=\"section\" data-e-type=\"section\">\n\t\t\t\t\t\t<div class=\"elementor-container elementor-column-gap-default\">\n\t\t\t\t\t<div class=\"elementor-column elementor-col-100 elementor-top-column elementor-element elementor-element-bc216b2\" data-id=\"bc216b2\" data-element_type=\"column\" data-e-type=\"column\">\n\t\t\t<div class=\"elementor-widget-wrap\">\n\t\t\t\t\t\t\t<\/div>\n\t\t<\/div>\n\t\t\t\t\t<\/div>\n\t\t<\/section>\n\t\t\t\t<\/div>","protected":false},"excerpt":{"rendered":"<p>VCAS greatly appreciates your generosity! &nbsp;We are a successful lifesaving organization due to your kindheartedness. &nbsp;VCAS maintains two (2) wish lists. &nbsp;1) &nbsp;An&nbsp;Amazon Wish List (updated daily) of items specifically chosen for our animals and programs, and 2) &nbsp;A general wish list of items that can typically be found around the house. &nbsp;We can ONLY &#8230; <a title=\"Danh s\u00e1ch mong mu\u1ed1n\" class=\"read-more\" href=\"https:\/\/animalservices.venturacounty.gov\/vi\/wishlist\/\" aria-label=\"\u0110\u1ecdc th\u00eam v\u1ec1 Wish List\">\u0110\u1ecdc ti\u1ebfp<\/a><\/p>","protected":false},"author":7,"featured_media":0,"parent":0,"menu_order":0,"comment_status":"closed","ping_status":"closed","template":"","meta":{"om_disable_all_campaigns":false,"_monsterinsights_skip_tracking":false,"_monsterinsights_sitenote_active":false,"_monsterinsights_sitenote_note":"","_monsterinsights_sitenote_category":0,"_uf_show_specific_survey":0,"_uf_disable_surveys":false,"footnotes":""},"class_list":["post-2163","page","type-page","status-publish"],"aioseo_notices":[],"_links":{"self":[{"href":"https:\/\/animalservices.venturacounty.gov\/vi\/wp-json\/wp\/v2\/pages\/2163","targetHints":{"allow":["GET"]}}],"collection":[{"href":"https:\/\/animalservices.venturacounty.gov\/vi\/wp-json\/wp\/v2\/pages"}],"about":[{"href":"https:\/\/animalservices.venturacounty.gov\/vi\/wp-json\/wp\/v2\/types\/page"}],"author":[{"embeddable":true,"href":"https:\/\/animalservices.venturacounty.gov\/vi\/wp-json\/wp\/v2\/users\/7"}],"replies":[{"embeddable":true,"href":"https:\/\/animalservices.venturacounty.gov\/vi\/wp-json\/wp\/v2\/comments?post=2163"}],"version-history":[{"count":0,"href":"https:\/\/animalservices.venturacounty.gov\/vi\/wp-json\/wp\/v2\/pages\/2163\/revisions"}],"wp:attachment":[{"href":"https:\/\/animalservices.venturacounty.gov\/vi\/wp-json\/wp\/v2\/media?parent=2163"}],"curies":[{"name":"wp","href":"https:\/\/api.w.org\/{rel}","templated":true}]}}