{"id":549,"date":"2020-06-05T21:13:18","date_gmt":"2020-06-05T21:13:18","guid":{"rendered":"http:\/\/animalservices.venturacounty.gov\/?page_id=549"},"modified":"2026-04-23T11:08:19","modified_gmt":"2026-04-23T18:08:19","slug":"licensing","status":"publish","type":"page","link":"https:\/\/animalservices.venturacounty.gov\/fr\/licensing\/","title":{"rendered":"Licences"},"content":{"rendered":"<div data-elementor-type=\"wp-page\" data-elementor-id=\"549\" class=\"elementor elementor-549\" data-elementor-post-type=\"page\">\n\t\t\t\t\t\t<section class=\"elementor-section elementor-top-section elementor-element elementor-element-0f69953 elementor-section-boxed elementor-section-height-default elementor-section-height-default\" data-id=\"0f69953\" data-element_type=\"section\" data-e-type=\"section\">\n\t\t\t\t\t\t<div class=\"elementor-container elementor-column-gap-default\">\n\t\t\t\t\t<div class=\"elementor-column elementor-col-33 elementor-top-column elementor-element elementor-element-4b2e3c6 elementor-hidden-tablet elementor-hidden-mobile\" data-id=\"4b2e3c6\" data-element_type=\"column\" data-e-type=\"column\">\n\t\t\t<div class=\"elementor-widget-wrap elementor-element-populated\">\n\t\t\t\t\t\t<div class=\"elementor-element elementor-element-43913bc elementor-widget elementor-widget-image\" data-id=\"43913bc\" data-element_type=\"widget\" data-e-type=\"widget\" data-widget_type=\"image.default\">\n\t\t\t\t<div class=\"elementor-widget-container\">\n\t\t\t\t\t\t\t\t\t\t\t\t\t\t\t\t<a href=\"https:\/\/vcas.docupet.com\/\">\n\t\t\t\t\t\t\t<img fetchpriority=\"high\" decoding=\"async\" width=\"1024\" height=\"853\" src=\"https:\/\/animalservices.venturacounty.gov\/wp-content\/uploads\/2023\/10\/DocuPet-Tag-1024x853.png\" class=\"attachment-large size-large wp-image-314557\" alt=\"\" srcset=\"https:\/\/animalservices.venturacounty.gov\/wp-content\/uploads\/2023\/10\/DocuPet-Tag-1024x853.png 1024w, https:\/\/animalservices.venturacounty.gov\/wp-content\/uploads\/2023\/10\/DocuPet-Tag-300x250.png 300w, https:\/\/animalservices.venturacounty.gov\/wp-content\/uploads\/2023\/10\/DocuPet-Tag-768x640.png 768w, https:\/\/animalservices.venturacounty.gov\/wp-content\/uploads\/2023\/10\/DocuPet-Tag.png 1200w\" sizes=\"(max-width: 1024px) 100vw, 1024px\" \/>\t\t\t\t\t\t\t\t<\/a>\n\t\t\t\t\t\t\t\t\t\t\t\t\t\t\t<\/div>\n\t\t\t\t<\/div>\n\t\t\t\t<div class=\"elementor-element elementor-element-4f883f4 elementor-widget elementor-widget-image\" data-id=\"4f883f4\" data-element_type=\"widget\" data-e-type=\"widget\" data-widget_type=\"image.default\">\n\t\t\t\t<div class=\"elementor-widget-container\">\n\t\t\t\t\t\t\t\t\t\t\t\t\t\t\t\t<a href=\"https:\/\/vcas.docupet.com\/\">\n\t\t\t\t\t\t\t<img decoding=\"async\" width=\"893\" height=\"1024\" src=\"https:\/\/animalservices.venturacounty.gov\/wp-content\/uploads\/2024\/03\/a8ed77d17377c4353f00010dc27016cd5836e956c9c495aebb821ee61e78118f-893x1024.png\" class=\"attachment-large size-large wp-image-314668\" alt=\"\" srcset=\"https:\/\/animalservices.venturacounty.gov\/wp-content\/uploads\/2024\/03\/a8ed77d17377c4353f00010dc27016cd5836e956c9c495aebb821ee61e78118f-893x1024.png 893w, https:\/\/animalservices.venturacounty.gov\/wp-content\/uploads\/2024\/03\/a8ed77d17377c4353f00010dc27016cd5836e956c9c495aebb821ee61e78118f-262x300.png 262w, https:\/\/animalservices.venturacounty.gov\/wp-content\/uploads\/2024\/03\/a8ed77d17377c4353f00010dc27016cd5836e956c9c495aebb821ee61e78118f-768x880.png 768w, https:\/\/animalservices.venturacounty.gov\/wp-content\/uploads\/2024\/03\/a8ed77d17377c4353f00010dc27016cd5836e956c9c495aebb821ee61e78118f.png 910w\" sizes=\"(max-width: 893px) 100vw, 893px\" \/>\t\t\t\t\t\t\t\t<\/a>\n\t\t\t\t\t\t\t\t\t\t\t\t\t\t\t<\/div>\n\t\t\t\t<\/div>\n\t\t\t\t<div class=\"elementor-element elementor-element-e0b480b elementor-widget elementor-widget-text-editor\" data-id=\"e0b480b\" data-element_type=\"widget\" data-e-type=\"widget\" data-widget_type=\"text-editor.default\">\n\t\t\t\t<div class=\"elementor-widget-container\">\n\t\t\t\t\t\t\t\t\t<p>Exemple d'\u00e9tiquette<\/p>\t\t\t\t\t\t\t\t<\/div>\n\t\t\t\t<\/div>\n\t\t\t\t\t<\/div>\n\t\t<\/div>\n\t\t\t\t<div class=\"elementor-column elementor-col-66 elementor-top-column elementor-element elementor-element-99ec80c\" data-id=\"99ec80c\" data-element_type=\"column\" data-e-type=\"column\">\n\t\t\t<div class=\"elementor-widget-wrap elementor-element-populated\">\n\t\t\t\t\t\t<div class=\"elementor-element elementor-element-d9c6aab elementor-widget elementor-widget-text-editor\" data-id=\"d9c6aab\" data-element_type=\"widget\" data-e-type=\"widget\" data-widget_type=\"text-editor.default\">\n\t\t\t\t<div class=\"elementor-widget-container\">\n\t\t\t\t\t\t\t\t\t<p>Les services v\u00e9t\u00e9rinaires du comt\u00e9 de Ventura ont \u00e9tabli un partenariat avec <span style=\"font-weight: bold;\">DocuPet<\/span>\u00a0afin d'offrir aux r\u00e9sidents une exp\u00e9rience am\u00e9lior\u00e9e en mati\u00e8re de d\u00e9livrance de permis pour animaux de compagnie !  Le permis de conduire de votre animal de compagnie comprend d\u00e9sormais le service gratuit DocuPet <i>HomeSafe<span style=\"font-size: 11.25px; height: 0px; line-height: 0; position: relative; vertical-align: baseline; bottom: 1ex;\">TM<\/span><\/i>\u00a0Service d'aide aux animaux perdus 24 heures sur 24, 7 jours sur 7, et plaques d'immatriculation personnalis\u00e9es.<\/p><p>Lorsque vous immatriculez votre animal de compagnie aupr\u00e8s de VCAS, vous recevez une plaque d'immatriculation unique \u00e0 attacher \u00e0 son collier.  Notre nouvelle proc\u00e9dure d'immatriculation avec DocuPet permet aux r\u00e9sidents de choisir une plaque d'immatriculation standard sans frais suppl\u00e9mentaires ou d'opter pour l'un des mod\u00e8les de plaques d'immatriculation color\u00e9es de DocuPet moyennant des frais suppl\u00e9mentaires.  (DocuPet fait don de 20% de chaque \u00e9tiquette design achet\u00e9e \u00e0 VCAS par l'interm\u00e9diaire du Fonds Safe&amp;Happy de DocuPet).<\/p><p>Chaque m\u00e9daille DocuPet, standard ou design, fait office de licence officielle pour l'animal et est \u00e9quip\u00e9e de l'\u00e9tiquette DocuPet. <i>HomeSafe<span style=\"font-size: 11.25px; height: 0px; line-height: 0; position: relative; vertical-align: baseline; bottom: 1ex;\">TM<\/span><\/i>\u00a0Un service d'aide aux animaux perdus, disponible 24 heures sur 24 et 7 jours sur 7, qui s'appuie sur une \u00e9quipe de r\u00e9partiteurs \u00e0 temps plein et sur des profils d'animaux li\u00e9s pour aider les animaux perdus \u00e0 rentrer chez eux rapidement.<\/p><p>Visiter\u00a0<a href=\"https:\/\/vcas.docupet.com\/\">vcas.docupet.com<\/a>\u00a0pour immatriculer votre animal d\u00e8s maintenant et consulter des centaines de mod\u00e8les de plaques d'immatriculation.<\/p>\t\t\t\t\t\t\t\t<\/div>\n\t\t\t\t<\/div>\n\t\t\t\t\t<\/div>\n\t\t<\/div>\n\t\t\t\t\t<\/div>\n\t\t<\/section>\n\t\t\t\t<section class=\"elementor-section elementor-top-section elementor-element elementor-element-75df07a elementor-section-stretched elementor-section-boxed elementor-section-height-default elementor-section-height-default\" data-id=\"75df07a\" data-element_type=\"section\" data-e-type=\"section\" data-settings=\"{&quot;stretch_section&quot;:&quot;section-stretched&quot;}\">\n\t\t\t\t\t\t\t<div class=\"elementor-background-overlay\"><\/div>\n\t\t\t\t\t\t\t<div class=\"elementor-container elementor-column-gap-default\">\n\t\t\t\t\t<div class=\"elementor-column elementor-col-100 elementor-top-column elementor-element elementor-element-0dd8173\" data-id=\"0dd8173\" data-element_type=\"column\" data-e-type=\"column\">\n\t\t\t<div class=\"elementor-widget-wrap elementor-element-populated\">\n\t\t\t\t\t\t<div class=\"elementor-element elementor-element-b78dcc0 elementor-widget elementor-widget-text-editor\" data-id=\"b78dcc0\" data-element_type=\"widget\" data-e-type=\"widget\" data-widget_type=\"text-editor.default\">\n\t\t\t\t<div class=\"elementor-widget-container\">\n\t\t\t\t\t\t\t\t\t<h2 style=\"font-style: normal;\"><span style=\"font-weight: bold;\">Comment obtenir une licence<\/span><\/h2><div title=\"Page 3\"><p><span style=\"font-weight: bold;\">Licence en ligne :\u00a0\u00a0<\/span>Achetez ou renouvelez votre licence pour animaux de compagnie en visitant le site suivant\u00a0<a href=\"https:\/\/vcas.docupet.com\/\" data-uw-rm-brl=\"PR\" data-uw-original-href=\"http:\/\/vcas.docupet.com\/\"><span style=\"font-weight: bold;\">vcas.docupet.com<\/span><\/a>.  Ce service de d\u00e9livrance de permis en ligne, facile \u00e0 utiliser, offre un moyen rapide et transparent de d\u00e9livrer un permis \u00e0 votre animal de compagnie depuis le confort de votre domicile.<\/p><div class=\"page\" title=\"Page 3\"><div class=\"section\"><div class=\"layoutArea\"><div class=\"column\"><div class=\"page\" title=\"Page 3\"><div class=\"section\"><div class=\"layoutArea\"><div class=\"column\"><p><span style=\"font-weight: bold;\">Licence par t\u00e9l\u00e9phone :\u00a0\u00a0<\/span>Pour obtenir une licence par t\u00e9l\u00e9phone, veuillez appeler le\u00a0<span style=\"font-weight: bold;\">1-877-239-6072<\/span>.<\/p><\/div><\/div><\/div><\/div><\/div><\/div><\/div><\/div><p><span style=\"font-weight: bold;\">Licence Courrier U.S :\u00a0 <\/span>Pour obtenir une licence par courrier, il suffit d'envoyer par la poste une copie du certificat de vaccination antirabique en cours de validit\u00e9 de votre animal et tout autre document pertinent, accompagn\u00e9s d'un ch\u00e8que \u00e0 l'ordre de<\/p><\/div><p style=\"padding-left: 40px;\">DocuPet<br \/>15 Technology Place, Suite 1<br \/>East Syracuse, NY 13057<\/p><p><strong>Instructions : \u00a0<\/strong><a href=\"https:\/\/animalservices.venturacounty.gov\/wp-content\/uploads\/2025\/06\/DocuPet-Instructions-English-and-Spanish.pdf\">Tapez\/cliquez ici<\/a> pour consulter les instructions bilingues d'aide concernant les licences pour animaux de compagnie.<\/p>\t\t\t\t\t\t\t\t<\/div>\n\t\t\t\t<\/div>\n\t\t\t\t<div class=\"elementor-element elementor-element-e7a7ee2 elementor-align-center elementor-widget elementor-widget-button\" data-id=\"e7a7ee2\" data-element_type=\"widget\" data-e-type=\"widget\" data-widget_type=\"button.default\">\n\t\t\t\t<div class=\"elementor-widget-container\">\n\t\t\t\t\t\t\t\t\t<div class=\"elementor-button-wrapper\">\n\t\t\t\t\t<a class=\"elementor-button elementor-button-link elementor-size-xl elementor-animation-grow\" href=\"https:\/\/vcas.docupet.com\/\">\n\t\t\t\t\t\t<span class=\"elementor-button-content-wrapper\">\n\t\t\t\t\t\t\t\t\t<span class=\"elementor-button-text\"><b>Licence payante<\/b><\/span>\n\t\t\t\t\t<\/span>\n\t\t\t\t\t<\/a>\n\t\t\t\t<\/div>\n\t\t\t\t\t\t\t\t<\/div>\n\t\t\t\t<\/div>\n\t\t\t\t\t<\/div>\n\t\t<\/div>\n\t\t\t\t\t<\/div>\n\t\t<\/section>\n\t\t\t\t<section class=\"elementor-section elementor-top-section elementor-element elementor-element-8199c53 elementor-section-boxed elementor-section-height-default elementor-section-height-default\" data-id=\"8199c53\" data-element_type=\"section\" data-e-type=\"section\">\n\t\t\t\t\t\t<div class=\"elementor-container elementor-column-gap-default\">\n\t\t\t\t\t<div class=\"elementor-column elementor-col-100 elementor-top-column elementor-element elementor-element-c080ab8\" data-id=\"c080ab8\" data-element_type=\"column\" data-e-type=\"column\">\n\t\t\t<div class=\"elementor-widget-wrap elementor-element-populated\">\n\t\t\t\t\t\t<div class=\"elementor-element elementor-element-4f4aa29 elementor-widget elementor-widget-text-editor\" data-id=\"4f4aa29\" data-element_type=\"widget\" data-e-type=\"widget\" data-widget_type=\"text-editor.default\">\n\t\t\t\t<div class=\"elementor-widget-container\">\n\t\t\t\t\t\t\t\t\t<h2 style=\"font-style: normal; text-align: justify;\">Passer \u00e0 DocuPet<\/h2><div class=\"page\" title=\"Page 6\"><div class=\"section\"><div class=\"layoutArea\"><div class=\"column\"><p>Si votre animal est actuellement titulaire d'un permis, mais que vous avez une ancienne m\u00e9daille en aluminium ou une m\u00e9daille PetHub,\u00a0<a href=\"https:\/\/vcas.docupet.com\">cliquez ici pour mettre \u00e0 jour<\/a> \u00e0 l'un des mod\u00e8les de m\u00e9dailles de DocuPet ! Il n'est pas obligatoire de passer \u00e0 ce nouveau mod\u00e8le si votre animal porte actuellement un autre mod\u00e8le.<\/p><\/div><\/div><\/div><\/div>\t\t\t\t\t\t\t\t<\/div>\n\t\t\t\t<\/div>\n\t\t\t\t\t<\/div>\n\t\t<\/div>\n\t\t\t\t\t<\/div>\n\t\t<\/section>\n\t\t\t\t<section class=\"elementor-section elementor-top-section elementor-element elementor-element-a6c5c55 elementor-section-boxed elementor-section-height-default elementor-section-height-default\" data-id=\"a6c5c55\" data-element_type=\"section\" data-e-type=\"section\">\n\t\t\t\t\t\t<div class=\"elementor-container elementor-column-gap-default\">\n\t\t\t\t\t<div class=\"elementor-column elementor-col-100 elementor-top-column elementor-element elementor-element-0aa10aa\" data-id=\"0aa10aa\" data-element_type=\"column\" data-e-type=\"column\">\n\t\t\t<div class=\"elementor-widget-wrap elementor-element-populated\">\n\t\t\t\t\t\t<div class=\"elementor-element elementor-element-7900f7a elementor-widget elementor-widget-text-editor\" data-id=\"7900f7a\" data-element_type=\"widget\" data-e-type=\"widget\" data-widget_type=\"text-editor.default\">\n\t\t\t\t<div class=\"elementor-widget-container\">\n\t\t\t\t\t\t\t\t\t<h2 style=\"font-style: normal; text-align: justify;\">Pourquoi une licence ?<\/h2><p style=\"text-align: justify;\">La licence d'un animal de compagnie n'est pas seulement une forme d'identification, c'est aussi une preuve d'identit\u00e9.\u00a0<a href=\"https:\/\/www.cdph.ca.gov\/Programs\/CID\/DCDC\/CDPH%20Document%20Library\/RabiesSurveillanceinCAAnnualReport2020.pdf\">la rage<\/a>\u00a0la vaccination.  La rage est un virus mortel qui peut se transmettre d'un animal \u00e0 l'autre et d'un animal \u00e0 l'homme.\u00a0<a href=\"https:\/\/www.cdc.gov\/mmwr\/volumes\/68\/wr\/mm6823e1.htm#:~:text=Rabies%20virus%20infection%2C%20regardless%20of,2%20weeks%20of%20symptom%20onset.\">Centre de contr\u00f4le des maladies<\/a> (CDC), la rage \u201cest mortelle dans plus de 99% des cas\u201d.   L'immatriculation de votre animal de compagnie est \u00e9galement pr\u00e9vue par la loi (Ordonnance\u00a0<a href=\"https:\/\/library.municode.com\/ca\/ventura_county\/codes\/code_of_ordinances?nodeId=DIV4PUHE_CH4AN_ART4RACO_4451RAVARE\">4451<\/a>\u00a0et\u00a0<a href=\"https:\/\/library.municode.com\/ca\/ventura_county\/codes\/code_of_ordinances?nodeId=DIV4PUHE_CH4AN_ART1LITA_4411LITARE\">4411<\/a>).  L'immatriculation des animaux de compagnie est obligatoire pour tous les chiens du comt\u00e9 de Ventura (\u00e2g\u00e9s de plus de 4 mois) et pour les chats (\u00e2g\u00e9s de plus de 4 mois) qui vivent dans les villes de <strong>Moorpark<\/strong> et <strong>Oxnard<\/strong>.<\/p>\t\t\t\t\t\t\t\t<\/div>\n\t\t\t\t<\/div>\n\t\t\t\t\t<\/div>\n\t\t<\/div>\n\t\t\t\t\t<\/div>\n\t\t<\/section>\n\t\t\t\t<section class=\"elementor-section elementor-top-section elementor-element elementor-element-4bb8617 elementor-section-boxed elementor-section-height-default elementor-section-height-default\" data-id=\"4bb8617\" data-element_type=\"section\" data-e-type=\"section\">\n\t\t\t\t\t\t<div class=\"elementor-container elementor-column-gap-default\">\n\t\t\t\t\t<div class=\"elementor-column elementor-col-100 elementor-top-column elementor-element elementor-element-a28e8bb\" data-id=\"a28e8bb\" data-element_type=\"column\" data-e-type=\"column\">\n\t\t\t<div class=\"elementor-widget-wrap elementor-element-populated\">\n\t\t\t\t\t\t<div class=\"elementor-element elementor-element-3d6be2c elementor-widget elementor-widget-text-editor\" data-id=\"3d6be2c\" data-element_type=\"widget\" data-e-type=\"widget\" data-widget_type=\"text-editor.default\">\n\t\t\t\t<div class=\"elementor-widget-container\">\n\t\t\t\t\t\t\t\t\t<div class=\"page\" title=\"Page 4\"><div class=\"section\"><div class=\"layoutArea\"><div class=\"column\"><h2><strong>Avantages de la d\u00e9livrance de licences pour les animaux de compagnie<\/strong><\/h2><p>La d\u00e9livrance d'une licence \u00e0 votre animal de compagnie n'est pas seulement une preuve que vous \u00eates un propri\u00e9taire responsable, mais elle contribue \u00e9galement \u00e0 financer des initiatives locales de protection des animaux au sein de notre communaut\u00e9. En plus de la licence de votre animal, voici quelques avantages de votre profil en ligne DocuPet :<\/p><\/div><\/div><div class=\"layoutArea\"><div class=\"column\"><ul><li>Vous pouvez choisir parmi des centaines de mod\u00e8les d'\u00e9tiquettes uniques et color\u00e9es ou cr\u00e9er votre propre mod\u00e8le d'\u00e9tiquette en ligne.<\/li><li>Avec un acc\u00e8s complet au service HomeSafeTM 24\/7 pour les animaux perdus, t\u00e9l\u00e9chargez des photos r\u00e9centes de votre animal et incluez des informations importantes qui aideront \u00e0 l'identifier et \u00e0 le retrouver s'il se perd.<\/li><li>Acc\u00e9dez \u00e0 des promotions et des r\u00e9ductions exclusives.<\/li><li>Ajoutez des gardiens suppl\u00e9mentaires au profil de votre animal.<\/li><li>Ne vous d\u00e9placez pas et achetez ou renouvelez facilement la licence de votre animal de compagnie depuis votre domicile.<\/li><li>T\u00e9l\u00e9chargez de nouveaux documents importants pour votre animal en prenant une photo.<\/li><li>Faites un don facultatif aux services animaliers du comt\u00e9 de Ventura via le fonds Safe&amp;Happy de DocuPet et aidez \u00e0 soutenir les animaux locaux dans le besoin.<\/li><li>Visualisez et t\u00e9l\u00e9chargez facilement les documents relatifs \u00e0 la licence de votre animal.<\/li><li>D\u00e9couvrez des contenus exclusifs consacr\u00e9s aux animaux de compagnie.<\/li><li>G\u00e9rer ou apporter des modifications \u00e0 votre compte \u00e0 tout moment, y compris la mise \u00e0 jour de vos coordonn\u00e9es et la modification des d\u00e9tails et du statut de votre animal de compagnie.<\/li><li>Consultez l'\u00e9tat et l'historique de vos commandes.<\/li><\/ul><\/div><\/div><\/div><\/div>\t\t\t\t\t\t\t\t<\/div>\n\t\t\t\t<\/div>\n\t\t\t\t\t<\/div>\n\t\t<\/div>\n\t\t\t\t\t<\/div>\n\t\t<\/section>\n\t\t\t\t<section class=\"elementor-section elementor-top-section elementor-element elementor-element-1ea10fb elementor-section-boxed elementor-section-height-default elementor-section-height-default\" data-id=\"1ea10fb\" data-element_type=\"section\" data-e-type=\"section\">\n\t\t\t\t\t\t<div class=\"elementor-container elementor-column-gap-default\">\n\t\t\t\t\t<div class=\"elementor-column elementor-col-100 elementor-top-column elementor-element elementor-element-2221984\" data-id=\"2221984\" data-element_type=\"column\" data-e-type=\"column\">\n\t\t\t<div class=\"elementor-widget-wrap elementor-element-populated\">\n\t\t\t\t\t\t<div class=\"elementor-element elementor-element-c433782 elementor-widget elementor-widget-text-editor\" data-id=\"c433782\" data-element_type=\"widget\" data-e-type=\"widget\" data-widget_type=\"text-editor.default\">\n\t\t\t\t<div class=\"elementor-widget-container\">\n\t\t\t\t\t\t\t\t\t<h2>R\u00e9ductions<\/h2>\n<p><strong>Animaux st\u00e9rilis\u00e9s<\/strong><\/p>\n<p>Pour aider \u00e0 contr\u00f4ler la surpopulation des animaux de compagnie dans le comt\u00e9 de Ventura, le VCAS offre des frais de licence moins \u00e9lev\u00e9s pour les animaux st\u00e9rilis\u00e9s.  Si votre animal est st\u00e9rilis\u00e9, veuillez fournir une preuve de st\u00e9rilisation pour b\u00e9n\u00e9ficier de cette r\u00e9duction.  Ouvrez votre&nbsp;<a style=\"background-color: #ffffff;\" href=\"https:\/\/vcas.docupet.com\/\">Portail DocuPet<\/a>&nbsp;et t\u00e9l\u00e9chargez la preuve de st\u00e9rilisation.  Oui, les photos prises \u00e0 partir d'un smartphone sont accept\u00e9es !  Les documents peuvent \u00e9galement \u00eatre envoy\u00e9s par la poste \u00e0 l'adresse suivante<\/p>\n<p style=\"padding-left: 40px;\">DocuPet<br>15 Technology Place, Suite 1<br>East Syracuse, NY 13057<\/p>\n<div>\n<p><span style=\"font-weight: bold;\">R\u00e9duction pour les personnes \u00e2g\u00e9es<\/span><\/p>\n<p>Exigences :  Le propri\u00e9taire principal de l'animal doit \u00eatre \u00e2g\u00e9 de 55 ans ou plus et l'animal doit \u00eatre st\u00e9rilis\u00e9.<\/p>\n<div><b>Animaux de service<\/b><\/div>\n<div><b>&nbsp;<\/b><\/div>\n<div>Ordonnance&nbsp;<a style=\"background-color: #ffffff;\" href=\"https:\/\/library.municode.com\/ca\/ventura_county\/codes\/code_of_ordinances?nodeId=DIV4PUHE_CH4AN_ART1LITA_4414-1EXLIFE\">4414-1<\/a>&nbsp;pr\u00e9voit qu'un permis de d\u00e9tention est d\u00e9livr\u00e9 gratuitement pour tout chien d'assistance, c'est-\u00e0-dire un chien dress\u00e9 individuellement pour effectuer un travail ou des t\u00e2ches au profit d'une personne handicap\u00e9e, y compris un handicap physique, sensoriel, psychiatrique, intellectuel ou tout autre handicap mental.<\/div>\n<\/div>\t\t\t\t\t\t\t\t<\/div>\n\t\t\t\t<\/div>\n\t\t\t\t\t<\/div>\n\t\t<\/div>\n\t\t\t\t\t<\/div>\n\t\t<\/section>\n\t\t\t\t<section class=\"elementor-section elementor-top-section elementor-element elementor-element-56cbe3f elementor-section-boxed elementor-section-height-default elementor-section-height-default\" data-id=\"56cbe3f\" data-element_type=\"section\" data-e-type=\"section\">\n\t\t\t\t\t\t<div class=\"elementor-container elementor-column-gap-default\">\n\t\t\t\t\t<div class=\"elementor-column elementor-col-100 elementor-top-column elementor-element elementor-element-66aab1d\" data-id=\"66aab1d\" data-element_type=\"column\" data-e-type=\"column\">\n\t\t\t<div class=\"elementor-widget-wrap elementor-element-populated\">\n\t\t\t\t\t\t<div class=\"elementor-element elementor-element-2b8754f elementor-widget elementor-widget-text-editor\" data-id=\"2b8754f\" data-element_type=\"widget\" data-e-type=\"widget\" data-widget_type=\"text-editor.default\">\n\t\t\t\t<div class=\"elementor-widget-container\">\n\t\t\t\t\t\t\t\t\t<h2 style=\"font-style: normal;\">R\u00e9sidents de Santa Paula et Thousand Oaks<\/h2><p style=\"color: #262626; font-family: Poppins, sans-serif; font-size: 15px;\">Les services animaliers du comt\u00e9 de Ventura ne d\u00e9livrent pas de permis pour les animaux de compagnie aux habitants des villes de Santa Paula et de Thousand Oaks.  Les habitants de Santa Paula qui ont des questions concernant les licences sont pri\u00e9s d'appeler le (805) 525-8609.  Pour les habitants de Thousand Oaks, veuillez\u00a0<a href=\"https:\/\/licensepet.com\/wl3\/reg\/lacowl?clientid=lacowl\">cliquez ici<\/a>\u00a0de faire immatriculer votre animal par le comt\u00e9 de Los Angeles.<\/p>\t\t\t\t\t\t\t\t<\/div>\n\t\t\t\t<\/div>\n\t\t\t\t\t<\/div>\n\t\t<\/div>\n\t\t\t\t\t<\/div>\n\t\t<\/section>\n\t\t\t\t<\/div>","protected":false},"excerpt":{"rendered":"<p>Sample tag Ventura County Animal Services has partnered with DocuPet\u00a0to provide an enhanced pet licensing experience for residents!\u00a0 Your pet\u2019s license now includes DocuPet\u2019s free HomeSafeTM\u00a024\/7 lost pet service and designer license tags with personalization options. When you license your pet with VCAS, you will receive a unique license tag to attach to their collar.\u00a0 &#8230; <a title=\"Licences\" class=\"read-more\" href=\"https:\/\/animalservices.venturacounty.gov\/fr\/licensing\/\" aria-label=\"En savoir plus sur Licensing\">Lire plus<\/a><\/p>","protected":false},"author":7,"featured_media":0,"parent":0,"menu_order":0,"comment_status":"closed","ping_status":"closed","template":"","meta":{"om_disable_all_campaigns":false,"_monsterinsights_skip_tracking":false,"_monsterinsights_sitenote_active":false,"_monsterinsights_sitenote_note":"","_monsterinsights_sitenote_category":0,"_uf_show_specific_survey":0,"_uf_disable_surveys":false,"footnotes":""},"class_list":["post-549","page","type-page","status-publish"],"aioseo_notices":[],"_links":{"self":[{"href":"https:\/\/animalservices.venturacounty.gov\/fr\/wp-json\/wp\/v2\/pages\/549","targetHints":{"allow":["GET"]}}],"collection":[{"href":"https:\/\/animalservices.venturacounty.gov\/fr\/wp-json\/wp\/v2\/pages"}],"about":[{"href":"https:\/\/animalservices.venturacounty.gov\/fr\/wp-json\/wp\/v2\/types\/page"}],"author":[{"embeddable":true,"href":"https:\/\/animalservices.venturacounty.gov\/fr\/wp-json\/wp\/v2\/users\/7"}],"replies":[{"embeddable":true,"href":"https:\/\/animalservices.venturacounty.gov\/fr\/wp-json\/wp\/v2\/comments?post=549"}],"version-history":[{"count":0,"href":"https:\/\/animalservices.venturacounty.gov\/fr\/wp-json\/wp\/v2\/pages\/549\/revisions"}],"wp:attachment":[{"href":"https:\/\/animalservices.venturacounty.gov\/fr\/wp-json\/wp\/v2\/media?parent=549"}],"curies":[{"name":"wp","href":"https:\/\/api.w.org\/{rel}","templated":true}]}}