{"id":310628,"date":"2022-02-24T00:41:23","date_gmt":"2022-02-24T00:41:23","guid":{"rendered":"http:\/\/animalservices.venturacounty.gov\/?page_id=310628"},"modified":"2022-04-22T00:45:34","modified_gmt":"2022-04-22T00:45:34","slug":"simi-pets","status":"publish","type":"page","link":"https:\/\/animalservices.venturacounty.gov\/fr\/simi-pets\/","title":{"rendered":"Refuge pour animaux de Simi Valley"},"content":{"rendered":"<div data-elementor-type=\"wp-page\" data-elementor-id=\"310628\" class=\"elementor elementor-310628\" data-elementor-post-type=\"page\">\n\t\t\t\t\t\t<section class=\"elementor-section elementor-top-section elementor-element elementor-element-822b6e0 elementor-section-boxed elementor-section-height-default elementor-section-height-default\" data-id=\"822b6e0\" data-element_type=\"section\" data-e-type=\"section\">\n\t\t\t\t\t\t<div class=\"elementor-container elementor-column-gap-default\">\n\t\t\t\t\t<div class=\"elementor-column elementor-col-100 elementor-top-column elementor-element elementor-element-50b0433\" data-id=\"50b0433\" data-element_type=\"column\" data-e-type=\"column\">\n\t\t\t<div class=\"elementor-widget-wrap elementor-element-populated\">\n\t\t\t\t\t\t<div class=\"elementor-element elementor-element-68e41bc elementor-widget elementor-widget-shortcode\" data-id=\"68e41bc\" data-element_type=\"widget\" data-e-type=\"widget\" data-widget_type=\"shortcode.default\">\n\t\t\t\t<div class=\"elementor-widget-container\">\n\t\t\t\t\t\t\t<div class=\"elementor-shortcode\">\t\t<div data-elementor-type=\"section\" data-elementor-id=\"7127\" class=\"elementor elementor-7127\" data-elementor-post-type=\"elementor_library\">\n\t\t\t\t\t<section class=\"elementor-section elementor-top-section elementor-element elementor-element-6256a5ed elementor-section-boxed elementor-section-height-default elementor-section-height-default\" data-id=\"6256a5ed\" data-element_type=\"section\" data-e-type=\"section\">\n\t\t\t\t\t\t<div class=\"elementor-container elementor-column-gap-default\">\n\t\t\t\t\t<div class=\"elementor-column elementor-col-100 elementor-top-column elementor-element elementor-element-4f336d80\" data-id=\"4f336d80\" data-element_type=\"column\" data-e-type=\"column\">\n\t\t\t<div class=\"elementor-widget-wrap elementor-element-populated\">\n\t\t\t\t\t\t<div class=\"elementor-element elementor-element-222d43b9 elementor-widget elementor-widget-text-editor\" data-id=\"222d43b9\" data-element_type=\"widget\" data-e-type=\"widget\" data-widget_type=\"text-editor.default\">\n\t\t\t\t<div class=\"elementor-widget-container\">\n\t\t\t\t\t\t\t\t\t<p>Les services animaliers du comt\u00e9 de Ventura se soucient beaucoup des animaux qui entrent dans notre refuge.  Si certains animaux arrivent heureux et en bonne sant\u00e9, d'autres peuvent \u00eatre effray\u00e9s, bless\u00e9s, malades ou avoir des probl\u00e8mes de comportement n\u00e9cessitant l'attention de nos \u00e9quipes d\u00e9vou\u00e9es pour r\u00e9parer les os bris\u00e9s et gu\u00e9rir les c\u0153urs bris\u00e9s.  Nos services <strong>priorit\u00e9 absolue<\/strong> is to reunite lost pets with their owners. &nbsp;Lost\/stray animals are placed on a&nbsp;<strong>Suspension de 5 jours<\/strong> to give their owners time to find them. &nbsp;Animals who arrive wearing ID that leads to a known owner, are placed on a&nbsp;<strong>Suspension de 7 jours<\/strong>. &nbsp;Please check each animals adoption date regularly as that date may change during their stay.<\/p>\n<p>If you recognize your lost pet, please reclaim them during&nbsp;<a href=\"#shelters\" data-uw-rm-brl=\"PR\" data-uw-original-href=\"#shelters\">heures normales d'ouverture<\/a>.  Visitez notre&nbsp;<a href=\"\/fr\/lostandfound\/\" target=\"_blank\" rel=\"noopener noreferrer\" data-uw-rm-brl=\"PR\" data-uw-original-href=\"\/lostandfound\" aria-label=\"Objets trouv\u00e9s - ouvrir dans un nouvel onglet\" data-uw-rm-ext-link=\"\">Objets trouv\u00e9s<\/a>&nbsp;page&nbsp;to view animals found by good Samaritans. &nbsp;Animals who have not been reclaimed by their owner are made available to adopt after their stray hold has passed. &nbsp;If you are tracking an animal on our website and they suddenly disappear, it is likely because their owner came to pick them up.<\/p>\t\t\t\t\t\t\t\t<\/div>\n\t\t\t\t<\/div>\n\t\t\t\t\t<\/div>\n\t\t<\/div>\n\t\t\t\t\t<\/div>\n\t\t<\/section>\n\t\t\t\t<\/div>\n\t\t<\/div>\n\t\t\t\t\t\t<\/div>\n\t\t\t\t<\/div>\n\t\t\t\t\t<\/div>\n\t\t<\/div>\n\t\t\t\t\t<\/div>\n\t\t<\/section>\n\t\t\t\t<section class=\"elementor-section elementor-top-section elementor-element elementor-element-fb6de6f elementor-section-stretched elementor-section-boxed elementor-section-height-default elementor-section-height-default\" data-id=\"fb6de6f\" data-element_type=\"section\" data-e-type=\"section\" data-settings=\"{&quot;stretch_section&quot;:&quot;section-stretched&quot;}\">\n\t\t\t\t\t\t<div class=\"elementor-container elementor-column-gap-no\">\n\t\t\t\t\t<div class=\"elementor-column elementor-col-100 elementor-top-column elementor-element elementor-element-032764d\" data-id=\"032764d\" data-element_type=\"column\" data-e-type=\"column\">\n\t\t\t<div class=\"elementor-widget-wrap elementor-element-populated\">\n\t\t\t\t\t\t<div class=\"elementor-element elementor-element-beb6bfb grid-width elementor-widget elementor-widget-shortcode\" data-id=\"beb6bfb\" data-element_type=\"widget\" data-e-type=\"widget\" data-widget_type=\"shortcode.default\">\n\t\t\t\t<div class=\"elementor-widget-container\">\n\t\t\t\t\t\t\t<div class=\"elementor-shortcode\"><\/div>\n\t\t\t\t\t\t<\/div>\n\t\t\t\t<\/div>\n\t\t\t\t\t<\/div>\n\t\t<\/div>\n\t\t\t\t\t<\/div>\n\t\t<\/section>\n\t\t\t\t<section class=\"elementor-section elementor-top-section elementor-element elementor-element-f92bf09 elementor-section-boxed elementor-section-height-default elementor-section-height-default\" data-id=\"f92bf09\" data-element_type=\"section\" data-e-type=\"section\">\n\t\t\t\t\t\t<div class=\"elementor-container elementor-column-gap-default\">\n\t\t\t\t\t<div class=\"elementor-column elementor-col-100 elementor-top-column elementor-element elementor-element-7086e03\" data-id=\"7086e03\" data-element_type=\"column\" data-e-type=\"column\">\n\t\t\t<div class=\"elementor-widget-wrap elementor-element-populated\">\n\t\t\t\t\t\t<div class=\"elementor-element elementor-element-ed01af1 elementor-widget elementor-widget-shortcode\" data-id=\"ed01af1\" data-element_type=\"widget\" data-e-type=\"widget\" data-widget_type=\"shortcode.default\">\n\t\t\t\t<div class=\"elementor-widget-container\">\n\t\t\t\t\t\t\t<div class=\"elementor-shortcode\">\t\t<div data-elementor-type=\"section\" data-elementor-id=\"7125\" class=\"elementor elementor-7125\" data-elementor-post-type=\"elementor_library\">\n\t\t\t\t\t<section class=\"elementor-section elementor-top-section elementor-element elementor-element-2d44559a elementor-section-boxed elementor-section-height-default elementor-section-height-default\" data-id=\"2d44559a\" data-element_type=\"section\" data-e-type=\"section\">\n\t\t\t\t\t\t<div class=\"elementor-container elementor-column-gap-default\">\n\t\t\t\t\t<div class=\"elementor-column elementor-col-100 elementor-top-column elementor-element elementor-element-413484b6\" data-id=\"413484b6\" data-element_type=\"column\" data-e-type=\"column\">\n\t\t\t<div class=\"elementor-widget-wrap elementor-element-populated\">\n\t\t\t\t\t\t<div class=\"elementor-element elementor-element-a69c2cc elementor-widget elementor-widget-spacer\" data-id=\"a69c2cc\" data-element_type=\"widget\" data-e-type=\"widget\" data-widget_type=\"spacer.default\">\n\t\t\t\t<div class=\"elementor-widget-container\">\n\t\t\t\t\t\t\t<div class=\"elementor-spacer\">\n\t\t\t<div class=\"elementor-spacer-inner\"><\/div>\n\t\t<\/div>\n\t\t\t\t\t\t<\/div>\n\t\t\t\t<\/div>\n\t\t\t\t<div class=\"elementor-element elementor-element-e42fd7c elementor-widget elementor-widget-heading\" data-id=\"e42fd7c\" data-element_type=\"widget\" data-e-type=\"widget\" data-widget_type=\"heading.default\">\n\t\t\t\t<div class=\"elementor-widget-container\">\n\t\t\t\t\t<h2 class=\"elementor-heading-title elementor-size-default\">L\u00e9gende animale<\/h2>\t\t\t\t<\/div>\n\t\t\t\t<\/div>\n\t\t\t\t<div class=\"elementor-element elementor-element-51875f28 elementor-widget elementor-widget-text-editor\" data-id=\"51875f28\" data-element_type=\"widget\" data-e-type=\"widget\" data-widget_type=\"text-editor.default\">\n\t\t\t\t<div class=\"elementor-widget-container\">\n\t\t\t\t\t\t\t\t\t<p><strong>DESCRIPTION DE L'ANIMAL<\/strong>:  Des donn\u00e9es sont collect\u00e9es sur chaque animal qui nous est confi\u00e9.  Ces donn\u00e9es peuvent changer tout au long du s\u00e9jour de l'animal chez nous.<\/p>\t\t\t\t\t\t\t\t<\/div>\n\t\t\t\t<\/div>\n\t\t\t\t<div class=\"elementor-element elementor-element-79c8f85f elementor-widget elementor-widget-eael-advanced-data-table\" data-id=\"79c8f85f\" data-element_type=\"widget\" data-e-type=\"widget\" data-widget_type=\"eael-advanced-data-table.default\">\n\t\t\t\t<div class=\"elementor-widget-container\">\n\t\t\t\t\t<div class=\"ea-advanced-data-table-wrap\" data-id=\"79c8f85f\"><div class=\"ea-advanced-data-table-wrap-inner\">\n                <table class=\"ea-advanced-data-table ea-advanced-data-table-static ea-advanced-data-table-79c8f85f\" data-id=\"79c8f85f\"><thead><\/thead><tbody><tr><td><p><strong>Identification de l'animal<\/strong><\/p><\/td><td><p>Veuillez utiliser ce num\u00e9ro unique lorsque vous faites r\u00e9f\u00e9rence \u00e0 des animaux.<\/p><\/td><\/tr><tr><td><p><strong>Nom<\/strong><\/p><\/td><td><p>Certains animaux arrivent avec un nom. Une fois que les animaux sont disponibles pour l'adoption, le personnel et\/ou les b\u00e9n\u00e9voles de VCAS sont libres de leur donner un nom.<\/p><\/td><\/tr><tr><td><p><strong>L'\u00e2ge<\/strong><\/p><\/td><td><p>Il s'agit de notre meilleure estimation sur la base de l'\u00e9tat corporel, des dents, des yeux, etc. au moment de la mise en fourri\u00e8re.<\/p><\/td><\/tr><tr><td><p><strong>Poids<\/strong><\/p><\/td><td><p>Les animaux sont pes\u00e9s \u00e0 l'arriv\u00e9e et lors des contr\u00f4les m\u00e9dicaux ult\u00e9rieurs.<\/p><\/td><\/tr><tr><td><p><strong>Genre<\/strong><\/p><\/td><td><p>Si le sexe d'un animal n'est pas pr\u00e9c\u00e9d\u00e9 de la mention \u201cst\u00e9rilis\u00e9\u201d ou \u201ccastr\u00e9\u201d, cela signifie que l'animal est encore intact ou qu'il n'a pas \u00e9t\u00e9 v\u00e9rifi\u00e9 qu'il a \u00e9t\u00e9 st\u00e9rilis\u00e9.<\/p><\/td><\/tr><tr><td><p><strong>Race<\/strong><\/p><\/td><td><p>Il s'agit de notre meilleure estimation, bas\u00e9e sur l'exp\u00e9rience de notre \u00e9quipe, et non d'un profil ADN.<\/p><\/td><\/tr><tr><td><p><strong>Date d'admission<\/strong><\/p><\/td><td><p>La date \u00e0 laquelle l'animal a \u00e9t\u00e9 mis en fourri\u00e8re dans notre syst\u00e8me.<\/p><\/td><\/tr><tr><td><p><strong>Date d'adoption<\/strong><\/p><\/td><td><p>La date \u00e0 laquelle l'animal peut \u00eatre adopt\u00e9. Les animaux sont g\u00e9n\u00e9ralement mis en attente pendant 5 ou 10 jours afin de laisser \u00e0 leurs propri\u00e9taires le temps de les retrouver. Les rendez-vous <strong><u>ne peut pas<\/u><\/strong> pour les animaux qui auront une \u201cdate d'adoption\u201d \u00e0 l'avenir.<\/p><\/td><\/tr><tr><td><p><strong>Chenil<\/strong><\/p><\/td><td><p><strong>Chenils 001-899<\/strong> sont au refuge de Camarillo.<\/p><p><strong>Chenils 900 - 998<\/strong> sont au refuge de Simi Valley.&nbsp;<\/p><p>Animaux en chenil \u201c<strong>Foster<\/strong>\u201dIls sont plac\u00e9s dans des familles d'accueil et peuvent \u00eatre adopt\u00e9s.<\/p><p>Animaux en chenil \u201c<strong>Hors site<\/strong>\u201dLes chiens de la cat\u00e9gorie \"animaux de compagnie\" sont h\u00e9berg\u00e9s temporairement dans un \u00e9tablissement partenaire (Petco, PetSmart, etc.) et peuvent \u00eatre adopt\u00e9s \u00e0 partir de cet \u00e9tablissement.<\/p><\/td><\/tr><tr><td><p><strong>Ville trouv\u00e9e<\/strong><\/p><\/td><td><p>La ville dans laquelle l'animal a \u00e9t\u00e9 trouv\u00e9 ou d\u00e9clar\u00e9 trouv\u00e9.<\/p><\/td><\/tr><tr><td><p><strong>Abri<\/strong><\/p><\/td><td><p>Lieu o\u00f9 l'animal vit actuellement.<\/p><\/td><\/tr><\/tbody><\/table>\n            <\/div><\/div>\t\t\t\t<\/div>\n\t\t\t\t<\/div>\n\t\t\t\t<div class=\"elementor-element elementor-element-6ebf8e77 elementor-widget elementor-widget-text-editor\" data-id=\"6ebf8e77\" data-element_type=\"widget\" data-e-type=\"widget\" data-widget_type=\"text-editor.default\">\n\t\t\t\t<div class=\"elementor-widget-container\">\n\t\t\t\t\t\t\t\t\t<p><strong>TAGS :<\/strong>\u00a0 Ce syst\u00e8me de code couleur fournit des informations suppl\u00e9mentaires sur les animaux dont nous avons la charge.  Ces \u00e9tiquettes peuvent changer au cours du s\u00e9jour de l'animal chez nous.<\/p>\t\t\t\t\t\t\t\t<\/div>\n\t\t\t\t<\/div>\n\t\t\t\t<div class=\"elementor-element elementor-element-66e00a24 elementor-widget elementor-widget-eael-advanced-data-table\" data-id=\"66e00a24\" data-element_type=\"widget\" data-e-type=\"widget\" data-widget_type=\"eael-advanced-data-table.default\">\n\t\t\t\t<div class=\"elementor-widget-container\">\n\t\t\t\t\t<div class=\"ea-advanced-data-table-wrap\" data-id=\"66e00a24\"><div class=\"ea-advanced-data-table-wrap-inner\">\n                <table class=\"ea-advanced-data-table ea-advanced-data-table-static ea-advanced-data-table-66e00a24\" data-id=\"66e00a24\"><thead><tr><th><p>TAGS<\/p><\/th><th><p>DESCRIPTION<\/p><\/th><\/tr><\/thead><tbody><tr><td><p><strong>En attente d'adoption<\/strong><\/p><\/td><td><p><span>Cet animal est en attente d'adoption. <\/span><\/p><\/td><\/tr><tr><td><p><strong>Transfert de sauvetage en cours<\/strong><\/p><\/td><td><p><span>Cet animal est en attente de transfert vers un partenaire de sauvetage.<\/span><\/p><\/td><\/tr><tr><td><p><strong>En cours d'\u00e9valuation<\/strong><\/p><\/td><td><p><span>Cet animal fait l'objet d'une \u00e9valuation m\u00e9dicale et\/ou comportementale.<\/span><\/p><\/td><\/tr><tr><td><p><strong>Transfert de sauvetage pr\u00e9f\u00e9r\u00e9<\/strong><\/p><\/td><td><p><span>Cet animal conviendrait mieux \u00e0 un partenaire de transfert de sauvetage.<\/span><\/p><\/td><\/tr><tr><td><p><strong>Maintien de l'\u00e9tat de sant\u00e9<\/strong><strong>&nbsp;<\/strong><\/p><\/td><td><p><span>Cet animal est plac\u00e9 sous surveillance m\u00e9dicale.<\/span><\/p><\/td><\/tr><tr><td><p><strong>Quarantaine<\/strong><\/p><\/td><td><p><span>Cet animal est en quarantaine pour des raisons de sant\u00e9 et\/ou de s\u00e9curit\u00e9.<\/span><\/p><\/td><\/tr><\/tbody><\/table>\n            <\/div><\/div>\t\t\t\t<\/div>\n\t\t\t\t<\/div>\n\t\t\t\t<div class=\"elementor-element elementor-element-3200b039 elementor-widget elementor-widget-text-editor\" data-id=\"3200b039\" data-element_type=\"widget\" data-e-type=\"widget\" data-widget_type=\"text-editor.default\">\n\t\t\t\t<div class=\"elementor-widget-container\">\n\t\t\t\t\t\t\t\t\t<p><strong><span style=\"color: #f27900;\">\u2588\u00a0<\/span><\/strong>\u00a0- L'animal est parl\u00e9 et est <strong><span style=\"text-decoration: underline;\">pas<\/span><\/strong> disponibles pour l'adoption.<br \/><br \/><span style=\"color: #7f00ff;\"><strong>\u2588<\/strong><\/span>\u00a0- L'animal est actuellement\u00a0<span style=\"text-decoration: underline;\"><strong>pas<\/strong><\/span>\u00a0disponibles pour l'adoption.<\/p>\t\t\t\t\t\t\t\t<\/div>\n\t\t\t\t<\/div>\n\t\t\t\t<div class=\"elementor-element elementor-element-edb5cd6 elementor-widget elementor-widget-spacer\" data-id=\"edb5cd6\" data-element_type=\"widget\" data-e-type=\"widget\" data-widget_type=\"spacer.default\">\n\t\t\t\t<div class=\"elementor-widget-container\">\n\t\t\t\t\t\t\t<div class=\"elementor-spacer\">\n\t\t\t<div class=\"elementor-spacer-inner\"><\/div>\n\t\t<\/div>\n\t\t\t\t\t\t<\/div>\n\t\t\t\t<\/div>\n\t\t\t\t\t<\/div>\n\t\t<\/div>\n\t\t\t\t\t<\/div>\n\t\t<\/section>\n\t\t\t\t<\/div>\n\t\t<\/div>\n\t\t\t\t\t\t<\/div>\n\t\t\t\t<\/div>\n\t\t\t\t\t<\/div>\n\t\t<\/div>\n\t\t\t\t\t<\/div>\n\t\t<\/section>\n\t\t\t\t<\/div>","protected":false},"excerpt":{"rendered":"","protected":false},"author":1,"featured_media":0,"parent":0,"menu_order":0,"comment_status":"closed","ping_status":"closed","template":"","meta":{"om_disable_all_campaigns":false,"_monsterinsights_skip_tracking":false,"_monsterinsights_sitenote_active":false,"_monsterinsights_sitenote_note":"","_monsterinsights_sitenote_category":0,"_uf_show_specific_survey":0,"_uf_disable_surveys":false,"footnotes":""},"class_list":["post-310628","page","type-page","status-publish"],"aioseo_notices":[],"_links":{"self":[{"href":"https:\/\/animalservices.venturacounty.gov\/fr\/wp-json\/wp\/v2\/pages\/310628","targetHints":{"allow":["GET"]}}],"collection":[{"href":"https:\/\/animalservices.venturacounty.gov\/fr\/wp-json\/wp\/v2\/pages"}],"about":[{"href":"https:\/\/animalservices.venturacounty.gov\/fr\/wp-json\/wp\/v2\/types\/page"}],"author":[{"embeddable":true,"href":"https:\/\/animalservices.venturacounty.gov\/fr\/wp-json\/wp\/v2\/users\/1"}],"replies":[{"embeddable":true,"href":"https:\/\/animalservices.venturacounty.gov\/fr\/wp-json\/wp\/v2\/comments?post=310628"}],"version-history":[{"count":0,"href":"https:\/\/animalservices.venturacounty.gov\/fr\/wp-json\/wp\/v2\/pages\/310628\/revisions"}],"wp:attachment":[{"href":"https:\/\/animalservices.venturacounty.gov\/fr\/wp-json\/wp\/v2\/media?parent=310628"}],"curies":[{"name":"wp","href":"https:\/\/api.w.org\/{rel}","templated":true}]}}