{"id":7118,"date":"2021-01-28T01:14:31","date_gmt":"2021-01-28T01:14:31","guid":{"rendered":"http:\/\/animalservices.venturacounty.gov\/?page_id=7118"},"modified":"2021-01-28T02:50:19","modified_gmt":"2021-01-28T02:50:19","slug":"dogs-test","status":"publish","type":"page","link":"https:\/\/animalservices.venturacounty.gov\/es\/dogs-test\/","title":{"rendered":"Dogs Test"},"content":{"rendered":"<div data-elementor-type=\"page\" data-elementor-id=\"7119\" class=\"elementor elementor-7119\" data-elementor-post-type=\"elementor_library\">\n\t\t\t\t\t\t<section class=\"elementor-section elementor-top-section elementor-element elementor-element-21920119 elementor-section-boxed elementor-section-height-default elementor-section-height-default\" data-id=\"21920119\" data-element_type=\"section\" data-e-type=\"section\">\n\t\t\t\t\t\t<div class=\"elementor-container elementor-column-gap-default\">\n\t\t\t\t\t<div class=\"elementor-column elementor-col-100 elementor-top-column elementor-element elementor-element-2d0fce06\" data-id=\"2d0fce06\" data-element_type=\"column\" data-e-type=\"column\">\n\t\t\t<div class=\"elementor-widget-wrap elementor-element-populated\">\n\t\t\t\t\t\t<div class=\"elementor-element elementor-element-31692712 elementor-widget elementor-widget-text-editor\" data-id=\"31692712\" data-element_type=\"widget\" data-e-type=\"widget\" data-widget_type=\"text-editor.default\">\n\t\t\t\t<div class=\"elementor-widget-container\">\n\t\t\t\t\t\t\t\t\t<pre>Please review our\u00a0<a href=\"\/es\/AdoptionProcess\/\" target=\"_blank\" rel=\"noopener noreferrer\">adoption process<\/a>. before scheduling an appointment.  Thank you.<\/pre>\t\t\t\t\t\t\t\t<\/div>\n\t\t\t\t<\/div>\n\t\t\t\t\t<\/div>\n\t\t<\/div>\n\t\t\t\t\t<\/div>\n\t\t<\/section>\n\t\t\t\t<section class=\"elementor-section elementor-top-section elementor-element elementor-element-2acbb67c elementor-section-boxed elementor-section-height-default elementor-section-height-default\" data-id=\"2acbb67c\" data-element_type=\"section\" data-e-type=\"section\">\n\t\t\t\t\t\t<div class=\"elementor-container elementor-column-gap-default\">\n\t\t\t\t\t<div class=\"elementor-column elementor-col-100 elementor-top-column elementor-element elementor-element-3d72f5e4\" data-id=\"3d72f5e4\" data-element_type=\"column\" data-e-type=\"column\">\n\t\t\t<div class=\"elementor-widget-wrap elementor-element-populated\">\n\t\t\t\t\t\t<div class=\"elementor-element elementor-element-1ed323d5 elementor-widget elementor-widget-text-editor\" data-id=\"1ed323d5\" data-element_type=\"widget\" data-e-type=\"widget\" data-widget_type=\"text-editor.default\">\n\t\t\t\t<div class=\"elementor-widget-container\">\n\t\t\t\t\t\t\t\t\t<p>If you recognize your lost animal, please reclaim them during <a href=\"#shelters\">horario comercial habitual<\/a>. \u00a0Visit our <a href=\"\/es\/lostandfound\/\" target=\"_blank\" rel=\"noopener noreferrer\">Objetos perdidos<\/a>\u00a0to view animals found by good samaritans.<\/p>\t\t\t\t\t\t\t\t<\/div>\n\t\t\t\t<\/div>\n\t\t\t\t\t<\/div>\n\t\t<\/div>\n\t\t\t\t\t<\/div>\n\t\t<\/section>\n\t\t\t\t<section class=\"elementor-section elementor-top-section elementor-element elementor-element-75d6225a elementor-section-boxed elementor-section-height-default elementor-section-height-default\" data-id=\"75d6225a\" data-element_type=\"section\" data-e-type=\"section\">\n\t\t\t\t\t\t<div class=\"elementor-container elementor-column-gap-default\">\n\t\t\t\t\t<div class=\"elementor-column elementor-col-100 elementor-top-column elementor-element elementor-element-2303c68a\" data-id=\"2303c68a\" data-element_type=\"column\" data-e-type=\"column\">\n\t\t\t<div class=\"elementor-widget-wrap elementor-element-populated\">\n\t\t\t\t\t\t<section class=\"elementor-section elementor-inner-section elementor-element elementor-element-5ecc39a5 elementor-section-boxed elementor-section-height-default elementor-section-height-default\" data-id=\"5ecc39a5\" data-element_type=\"section\" data-e-type=\"section\">\n\t\t\t\t\t\t<div class=\"elementor-container elementor-column-gap-default\">\n\t\t\t\t\t<div class=\"elementor-column elementor-col-50 elementor-inner-column elementor-element elementor-element-24822150\" data-id=\"24822150\" data-element_type=\"column\" data-e-type=\"column\">\n\t\t\t<div class=\"elementor-widget-wrap elementor-element-populated\">\n\t\t\t\t\t\t<div class=\"elementor-element elementor-element-40f0615b elementor-widget elementor-widget-text-editor\" data-id=\"40f0615b\" data-element_type=\"widget\" data-e-type=\"widget\" data-widget_type=\"text-editor.default\">\n\t\t\t\t<div class=\"elementor-widget-container\">\n\t\t\t\t\t\t\t\t\t<p><strong>DESCRIPCI\u00d3N DEL ANIMAL<\/strong>Se recopilan datos sobre cada animal que llega a nuestro centro. Estos datos pueden cambiar a lo largo del tiempo que el animal permanece con nosotros.<\/p>\t\t\t\t\t\t\t\t<\/div>\n\t\t\t\t<\/div>\n\t\t\t\t<div class=\"elementor-element elementor-element-8ca4e9b elementor-widget elementor-widget-eael-advanced-data-table\" data-id=\"8ca4e9b\" data-element_type=\"widget\" data-e-type=\"widget\" data-widget_type=\"eael-advanced-data-table.default\">\n\t\t\t\t<div class=\"elementor-widget-container\">\n\t\t\t\t\t<div class=\"ea-advanced-data-table-wrap\" data-id=\"8ca4e9b\"><div class=\"ea-advanced-data-table-wrap-inner\">\n                <table class=\"ea-advanced-data-table ea-advanced-data-table-static ea-advanced-data-table-8ca4e9b\" data-id=\"8ca4e9b\"><thead><\/thead><tbody><tr><td><p><strong>Identificaci\u00f3n animal<\/strong><\/p><\/td><td><p><span>Utilice este n\u00famero \u00fanico cuando haga referencia a los animales.<\/span><\/p><\/td><\/tr><tr><td><p><strong>Nombre<\/strong><\/p><\/td><td><p><span>Some animals come in with names.&nbsp;Once animals become available for adoption, VCAS staff\/volunteers are free to name animals.<\/span><\/p><\/td><\/tr><tr><td><p><strong>Edad<\/strong><\/p><\/td><td><p><span>This is our best guess based on body condition, teeth, eyes...etc.<\/span><\/p><\/td><\/tr><tr><td><p><strong>Peso<\/strong><\/p><\/td><td><p><span>Animals are weighed upon intake and at medical check ups.<\/span><\/p><\/td><\/tr><tr><td><p><strong>G\u00e9nero<\/strong><\/p><\/td><td><p><span>If an animal does not have \u201cneutered\u201d or \u201cspayed\u201d preceding their gender, this indicates they are either still intact or have not been verified to be altered.<\/span><\/p><\/td><\/tr><tr><td><p><strong>Raza<\/strong><\/p><\/td><td><p><span>Esta es nuestra mejor suposici\u00f3n basada en la experiencia de nuestro equipo, no en un perfil de ADN.<\/span><\/p><\/td><\/tr><tr><td><p><strong>Fecha de ingreso<\/strong><\/p><\/td><td><p><span>La fecha en que el animal ha sido incautado en nuestro sistema.<\/span><\/p><\/td><\/tr><tr><td><p><strong>Fecha de adopci\u00f3n<\/strong><\/p><\/td><td><p><span>The date the animal can be adopted out.&nbsp;Animals are usually on a 5 or 10-day hold to give their owners time to find them.&nbsp;Appointments can be made for dogs who have an \u201cAdoptable Date\u201d in the future, however you will not be allowed to meet or take home that dog until that date has been reached.<\/span><\/p><\/td><\/tr><tr><td><p><strong>Perrera<\/strong><\/p><\/td><td><p><span>Kennels 001-899 are at the Camarillo Shelter.<\/span><\/p><p><span>Kennels 900 - 998 are at the Simi Valley Shelter.&nbsp;<\/span><\/p><p><span>Animals in Kennel \u201cFoster\u201d are in foster care and are available for adoption.<\/span><\/p><p><span>Animals in Kennel \u201cOffsite\u201d are being temporarily housed in a partner location (Petco, PetSmart, etc.) and can be adopted from that location.<\/span><\/p><\/td><\/tr><tr><td><p><strong>Ciudad encontrada<\/strong><\/p><\/td><td><p><span>La ciudad en la que se encontr\u00f3 o se inform\u00f3 del hallazgo del animal.<\/span><\/p><\/td><\/tr><tr><td><p><strong>Refugio<\/strong><\/p><\/td><td><p><span>Lugar donde vive actualmente el animal.<\/span><\/p><\/td><\/tr><\/tbody><\/table>\n            <\/div><\/div>\t\t\t\t<\/div>\n\t\t\t\t<\/div>\n\t\t\t\t\t<\/div>\n\t\t<\/div>\n\t\t\t\t<div class=\"elementor-column elementor-col-50 elementor-inner-column elementor-element elementor-element-1c7bca24\" data-id=\"1c7bca24\" data-element_type=\"column\" data-e-type=\"column\">\n\t\t\t<div class=\"elementor-widget-wrap elementor-element-populated\">\n\t\t\t\t\t\t<div class=\"elementor-element elementor-element-2d7ad185 elementor-widget elementor-widget-text-editor\" data-id=\"2d7ad185\" data-element_type=\"widget\" data-e-type=\"widget\" data-widget_type=\"text-editor.default\">\n\t\t\t\t<div class=\"elementor-widget-container\">\n\t\t\t\t\t\t\t\t\t<p><strong>TEXT OVERLAY:<\/strong>&nbsp; This color-coded system provides additional information about animals in our care.<\/p>\t\t\t\t\t\t\t\t<\/div>\n\t\t\t\t<\/div>\n\t\t\t\t<div class=\"elementor-element elementor-element-29828234 elementor-widget elementor-widget-eael-advanced-data-table\" data-id=\"29828234\" data-element_type=\"widget\" data-e-type=\"widget\" data-widget_type=\"eael-advanced-data-table.default\">\n\t\t\t\t<div class=\"elementor-widget-container\">\n\t\t\t\t\t<div class=\"ea-advanced-data-table-wrap\" data-id=\"29828234\"><div class=\"ea-advanced-data-table-wrap-inner\">\n                <table class=\"ea-advanced-data-table ea-advanced-data-table-static ea-advanced-data-table-29828234\" data-id=\"29828234\"><thead><tr><th><p>TEXT OVERLAY<\/p><\/th><th><p>DESCRIPCI\u00d3N<\/p><\/th><\/tr><\/thead><tbody><tr><td><p><strong>En espera de adopci\u00f3n<\/strong><\/p><\/td><td><p><span>Este animal tiene una adopci\u00f3n pendiente. <\/span><\/p><\/td><\/tr><tr><td><p><strong>Transferencia de rescate pendiente<\/strong><\/p><\/td><td><p><span>Este animal est\u00e1 pendiente de ser trasladado a un socio de rescate.<\/span><\/p><\/td><\/tr><tr><td><p><strong>En evaluaci\u00f3n<\/strong><\/p><\/td><td><p><span>Este animal est\u00e1 siendo sometido a una evaluaci\u00f3n m\u00e9dica y\/o conductual.<\/span><\/p><\/td><\/tr><tr><td><p><strong>Transferencia de rescate preferida<\/strong><\/p><\/td><td><p><span>Este animal ser\u00eda m\u00e1s adecuado para un socio de traslado de rescate.<\/span><\/p><\/td><\/tr><tr><td><p><strong>Retenciones m\u00e9dicas<\/strong><strong>&nbsp;<\/strong><\/p><\/td><td><p><span>Este animal se encuentra bajo observaci\u00f3n m\u00e9dica.<\/span><\/p><\/td><\/tr><tr><td><p><strong>Cuarentena<\/strong><\/p><\/td><td><p><span>Este animal se encuentra en cuarentena por motivos de salud y\/o seguridad.<\/span><\/p><\/td><\/tr><\/tbody><\/table>\n            <\/div><\/div>\t\t\t\t<\/div>\n\t\t\t\t<\/div>\n\t\t\t\t<div class=\"elementor-element elementor-element-5faeb1e elementor-widget elementor-widget-text-editor\" data-id=\"5faeb1e\" data-element_type=\"widget\" data-e-type=\"widget\" data-widget_type=\"text-editor.default\">\n\t\t\t\t<div class=\"elementor-widget-container\">\n\t\t\t\t\t\t\t\t\t<p><strong><span style=\"color: #f27900;\">ORANGE<\/span><\/strong> \u2013 El animal est\u00e1 comprometido y es <strong><span style=\"text-decoration: underline;\">no<\/span><\/strong> disponible para adopci\u00f3n.<\/p>\n<p><span style=\"color: #7f00ff;\"><b>PURPLE<\/b><\/span> \u2013 Animal is <span style=\"text-decoration: underline;\"><strong>no<\/strong><\/span> available for adoption, but we will write down your name as an interested party if\/when they become available for adoption.&nbsp; To be listed as an interested party, please <a href=\"http:\/\/animalservices.venturacounty.gov\/es\/scheduling\/\">programar una cita<\/a> with an Adoption Counselor.<\/p>\t\t\t\t\t\t\t\t<\/div>\n\t\t\t\t<\/div>\n\t\t\t\t<div class=\"elementor-element elementor-element-7687cfc3 elementor-widget-divider--view-line_icon elementor-view-default elementor-widget-divider--element-align-center elementor-widget elementor-widget-divider\" data-id=\"7687cfc3\" data-element_type=\"widget\" data-e-type=\"widget\" data-widget_type=\"divider.default\">\n\t\t\t\t<div class=\"elementor-widget-container\">\n\t\t\t\t\t\t\t<div class=\"elementor-divider\">\n\t\t\t<span class=\"elementor-divider-separator\">\n\t\t\t\t\t\t\t<div class=\"elementor-icon elementor-divider__element\">\n\t\t\t\t\t<i aria-hidden=\"true\" class=\"far fa-calendar-alt\"><\/i><\/div>\n\t\t\t\t\t\t<\/span>\n\t\t<\/div>\n\t\t\t\t\t\t<\/div>\n\t\t\t\t<\/div>\n\t\t\t\t<div class=\"elementor-element elementor-element-208c6a02 elementor-widget elementor-widget-text-editor\" data-id=\"208c6a02\" data-element_type=\"widget\" data-e-type=\"widget\" data-widget_type=\"text-editor.default\">\n\t\t\t\t<div class=\"elementor-widget-container\">\n\t\t\t\t\t\t\t\t\t<h2>SCHEDULING AN APPOINTMENT:<\/h2><p><strong><a href=\"https:\/\/app.acuityscheduling.com\/schedule.php?owner=13142745&amp;calendarID=3751088\" target=\"_blank\" rel=\"noopener\">HAGA CLIC AQU\u00cd<\/a><\/strong> to schedule a Virtual Adoption Counseling Session. \u00a0<strong>PLEASE\u00a0NOTE<\/strong>: \u00a0Appointments are scheduled only\u00a0<strong>four (4) days<\/strong> in advance, thus when scheduling an appointment, all dates past 4 days will <span style=\"text-decoration: underline;\">appear<\/span>\u00a0taken.<\/p>\t\t\t\t\t\t\t\t<\/div>\n\t\t\t\t<\/div>\n\t\t\t\t\t<\/div>\n\t\t<\/div>\n\t\t\t\t\t<\/div>\n\t\t<\/section>\n\t\t\t\t\t<\/div>\n\t\t<\/div>\n\t\t\t\t\t<\/div>\n\t\t<\/section>\n\t\t\t\t<section class=\"elementor-section elementor-top-section elementor-element elementor-element-1cde28f1 elementor-section-full_width elementor-section-height-default elementor-section-height-default\" data-id=\"1cde28f1\" data-element_type=\"section\" data-e-type=\"section\">\n\t\t\t\t\t\t<div class=\"elementor-container elementor-column-gap-no\">\n\t\t\t\t\t<div class=\"elementor-column elementor-col-100 elementor-top-column elementor-element elementor-element-3631ce7d\" data-id=\"3631ce7d\" data-element_type=\"column\" data-e-type=\"column\">\n\t\t\t<div class=\"elementor-widget-wrap\">\n\t\t\t\t\t\t\t<\/div>\n\t\t<\/div>\n\t\t\t\t\t<\/div>\n\t\t<\/section>\n\t\t\t\t<\/div>\n\t\t\n<center><\/center><\/p>\n<p>&nbsp;<\/p>\n<p>&nbsp;<\/p>\n<p>&nbsp;<\/p>","protected":false},"excerpt":{"rendered":"<p>&nbsp; &nbsp; &nbsp;<\/p>","protected":false},"author":1,"featured_media":0,"parent":0,"menu_order":0,"comment_status":"closed","ping_status":"closed","template":"","meta":{"om_disable_all_campaigns":false,"_monsterinsights_skip_tracking":false,"_monsterinsights_sitenote_active":false,"_monsterinsights_sitenote_note":"","_monsterinsights_sitenote_category":0,"_uf_show_specific_survey":0,"_uf_disable_surveys":false,"footnotes":""},"class_list":["post-7118","page","type-page","status-publish"],"aioseo_notices":[],"_links":{"self":[{"href":"https:\/\/animalservices.venturacounty.gov\/es\/wp-json\/wp\/v2\/pages\/7118","targetHints":{"allow":["GET"]}}],"collection":[{"href":"https:\/\/animalservices.venturacounty.gov\/es\/wp-json\/wp\/v2\/pages"}],"about":[{"href":"https:\/\/animalservices.venturacounty.gov\/es\/wp-json\/wp\/v2\/types\/page"}],"author":[{"embeddable":true,"href":"https:\/\/animalservices.venturacounty.gov\/es\/wp-json\/wp\/v2\/users\/1"}],"replies":[{"embeddable":true,"href":"https:\/\/animalservices.venturacounty.gov\/es\/wp-json\/wp\/v2\/comments?post=7118"}],"version-history":[{"count":0,"href":"https:\/\/animalservices.venturacounty.gov\/es\/wp-json\/wp\/v2\/pages\/7118\/revisions"}],"wp:attachment":[{"href":"https:\/\/animalservices.venturacounty.gov\/es\/wp-json\/wp\/v2\/media?parent=7118"}],"curies":[{"name":"wp","href":"https:\/\/api.w.org\/{rel}","templated":true}]}}