{"id":549,"date":"2020-06-05T21:13:18","date_gmt":"2020-06-05T21:13:18","guid":{"rendered":"http:\/\/animalservices.venturacounty.gov\/?page_id=549"},"modified":"2026-04-23T11:08:19","modified_gmt":"2026-04-23T18:08:19","slug":"licensing","status":"publish","type":"page","link":"https:\/\/animalservices.venturacounty.gov\/es\/licensing\/","title":{"rendered":"Licencias"},"content":{"rendered":"<div data-elementor-type=\"wp-page\" data-elementor-id=\"549\" class=\"elementor elementor-549\" data-elementor-post-type=\"page\">\n\t\t\t\t\t\t<section class=\"elementor-section elementor-top-section elementor-element elementor-element-0f69953 elementor-section-boxed elementor-section-height-default elementor-section-height-default\" data-id=\"0f69953\" data-element_type=\"section\" data-e-type=\"section\">\n\t\t\t\t\t\t<div class=\"elementor-container elementor-column-gap-default\">\n\t\t\t\t\t<div class=\"elementor-column elementor-col-33 elementor-top-column elementor-element elementor-element-4b2e3c6 elementor-hidden-tablet elementor-hidden-mobile\" data-id=\"4b2e3c6\" data-element_type=\"column\" data-e-type=\"column\">\n\t\t\t<div class=\"elementor-widget-wrap elementor-element-populated\">\n\t\t\t\t\t\t<div class=\"elementor-element elementor-element-43913bc elementor-widget elementor-widget-image\" data-id=\"43913bc\" data-element_type=\"widget\" data-e-type=\"widget\" data-widget_type=\"image.default\">\n\t\t\t\t<div class=\"elementor-widget-container\">\n\t\t\t\t\t\t\t\t\t\t\t\t\t\t\t\t<a href=\"https:\/\/vcas.docupet.com\/\">\n\t\t\t\t\t\t\t<img fetchpriority=\"high\" decoding=\"async\" width=\"1024\" height=\"853\" src=\"https:\/\/animalservices.venturacounty.gov\/wp-content\/uploads\/2023\/10\/DocuPet-Tag-1024x853.png\" class=\"attachment-large size-large wp-image-314557\" alt=\"\" srcset=\"https:\/\/animalservices.venturacounty.gov\/wp-content\/uploads\/2023\/10\/DocuPet-Tag-1024x853.png 1024w, https:\/\/animalservices.venturacounty.gov\/wp-content\/uploads\/2023\/10\/DocuPet-Tag-300x250.png 300w, https:\/\/animalservices.venturacounty.gov\/wp-content\/uploads\/2023\/10\/DocuPet-Tag-768x640.png 768w, https:\/\/animalservices.venturacounty.gov\/wp-content\/uploads\/2023\/10\/DocuPet-Tag.png 1200w\" sizes=\"(max-width: 1024px) 100vw, 1024px\" \/>\t\t\t\t\t\t\t\t<\/a>\n\t\t\t\t\t\t\t\t\t\t\t\t\t\t\t<\/div>\n\t\t\t\t<\/div>\n\t\t\t\t<div class=\"elementor-element elementor-element-4f883f4 elementor-widget elementor-widget-image\" data-id=\"4f883f4\" data-element_type=\"widget\" data-e-type=\"widget\" data-widget_type=\"image.default\">\n\t\t\t\t<div class=\"elementor-widget-container\">\n\t\t\t\t\t\t\t\t\t\t\t\t\t\t\t\t<a href=\"https:\/\/vcas.docupet.com\/\">\n\t\t\t\t\t\t\t<img decoding=\"async\" width=\"893\" height=\"1024\" src=\"https:\/\/animalservices.venturacounty.gov\/wp-content\/uploads\/2024\/03\/a8ed77d17377c4353f00010dc27016cd5836e956c9c495aebb821ee61e78118f-893x1024.png\" class=\"attachment-large size-large wp-image-314668\" alt=\"\" srcset=\"https:\/\/animalservices.venturacounty.gov\/wp-content\/uploads\/2024\/03\/a8ed77d17377c4353f00010dc27016cd5836e956c9c495aebb821ee61e78118f-893x1024.png 893w, https:\/\/animalservices.venturacounty.gov\/wp-content\/uploads\/2024\/03\/a8ed77d17377c4353f00010dc27016cd5836e956c9c495aebb821ee61e78118f-262x300.png 262w, https:\/\/animalservices.venturacounty.gov\/wp-content\/uploads\/2024\/03\/a8ed77d17377c4353f00010dc27016cd5836e956c9c495aebb821ee61e78118f-768x880.png 768w, https:\/\/animalservices.venturacounty.gov\/wp-content\/uploads\/2024\/03\/a8ed77d17377c4353f00010dc27016cd5836e956c9c495aebb821ee61e78118f.png 910w\" sizes=\"(max-width: 893px) 100vw, 893px\" \/>\t\t\t\t\t\t\t\t<\/a>\n\t\t\t\t\t\t\t\t\t\t\t\t\t\t\t<\/div>\n\t\t\t\t<\/div>\n\t\t\t\t<div class=\"elementor-element elementor-element-e0b480b elementor-widget elementor-widget-text-editor\" data-id=\"e0b480b\" data-element_type=\"widget\" data-e-type=\"widget\" data-widget_type=\"text-editor.default\">\n\t\t\t\t<div class=\"elementor-widget-container\">\n\t\t\t\t\t\t\t\t\t<p>Etiqueta de muestra<\/p>\t\t\t\t\t\t\t\t<\/div>\n\t\t\t\t<\/div>\n\t\t\t\t\t<\/div>\n\t\t<\/div>\n\t\t\t\t<div class=\"elementor-column elementor-col-66 elementor-top-column elementor-element elementor-element-99ec80c\" data-id=\"99ec80c\" data-element_type=\"column\" data-e-type=\"column\">\n\t\t\t<div class=\"elementor-widget-wrap elementor-element-populated\">\n\t\t\t\t\t\t<div class=\"elementor-element elementor-element-d9c6aab elementor-widget elementor-widget-text-editor\" data-id=\"d9c6aab\" data-element_type=\"widget\" data-e-type=\"widget\" data-widget_type=\"text-editor.default\">\n\t\t\t\t<div class=\"elementor-widget-container\">\n\t\t\t\t\t\t\t\t\t<p>El Servicio de Protecci\u00f3n Animal del Condado de Ventura se ha asociado con <span style=\"font-weight: bold;\">DocuPet<\/span>\u00a0\u00a1Para ofrecer a los residentes una mejor experiencia en la tramitaci\u00f3n de licencias para mascotas! La licencia de su mascota ahora incluye DocuPet gratis. <i>InicioSeguro<span style=\"font-size: 11.25px; height: 0px; line-height: 0; position: relative; vertical-align: baseline; bottom: 1ex;\">TM<\/span><\/i>\u00a0Servicio de mascotas perdidas las 24 horas del d\u00eda, los 7 d\u00edas de la semana, y placas de identificaci\u00f3n de dise\u00f1o con opciones de personalizaci\u00f3n.<\/p><p>Cuando registre a su mascota en VCAS, recibir\u00e1 una placa de identificaci\u00f3n \u00fanica para colocar en su collar. Nuestro nuevo proceso de registro con DocuPet permite a los residentes seleccionar una placa de identificaci\u00f3n est\u00e1ndar sin costo adicional o cambiarla por una de las coloridas placas de dise\u00f1o de DocuPet por un costo adicional. (\u00a1DocuPet dona 20% de cada compra de placas de dise\u00f1o a VCAS a trav\u00e9s del Fondo Safe&amp;Happy de DocuPet!)<\/p><p>Cada etiqueta DocuPet, ya sea est\u00e1ndar o de dise\u00f1o, funciona tambi\u00e9n como licencia oficial de la mascota y viene equipada con el <i>InicioSeguro<span style=\"font-size: 11.25px; height: 0px; line-height: 0; position: relative; vertical-align: baseline; bottom: 1ex;\">TM<\/span><\/i>\u00a0Servicio de mascotas perdidas las 24 horas del d\u00eda, los 7 d\u00edas de la semana, que cuenta con personal de despacho dedicado a tiempo completo y perfiles de mascotas vinculados para ayudar a que las mascotas perdidas regresen r\u00e1pidamente a casa.<\/p><p>Visita\u00a0<a href=\"https:\/\/vcas.docupet.com\/\">vcas.docupet.com<\/a>\u00a0para obtener la licencia de tu mascota ahora y explorar cientos de estilos de placas de identificaci\u00f3n.<\/p>\t\t\t\t\t\t\t\t<\/div>\n\t\t\t\t<\/div>\n\t\t\t\t\t<\/div>\n\t\t<\/div>\n\t\t\t\t\t<\/div>\n\t\t<\/section>\n\t\t\t\t<section class=\"elementor-section elementor-top-section elementor-element elementor-element-75df07a elementor-section-stretched elementor-section-boxed elementor-section-height-default elementor-section-height-default\" data-id=\"75df07a\" data-element_type=\"section\" data-e-type=\"section\" data-settings=\"{&quot;stretch_section&quot;:&quot;section-stretched&quot;}\">\n\t\t\t\t\t\t\t<div class=\"elementor-background-overlay\"><\/div>\n\t\t\t\t\t\t\t<div class=\"elementor-container elementor-column-gap-default\">\n\t\t\t\t\t<div class=\"elementor-column elementor-col-100 elementor-top-column elementor-element elementor-element-0dd8173\" data-id=\"0dd8173\" data-element_type=\"column\" data-e-type=\"column\">\n\t\t\t<div class=\"elementor-widget-wrap elementor-element-populated\">\n\t\t\t\t\t\t<div class=\"elementor-element elementor-element-b78dcc0 elementor-widget elementor-widget-text-editor\" data-id=\"b78dcc0\" data-element_type=\"widget\" data-e-type=\"widget\" data-widget_type=\"text-editor.default\">\n\t\t\t\t<div class=\"elementor-widget-container\">\n\t\t\t\t\t\t\t\t\t<h2 style=\"font-style: normal;\"><span style=\"font-weight: bold;\">C\u00f3mo obtener una licencia<\/span><\/h2><div title=\"P\u00e1gina 3\"><p><span style=\"font-weight: bold;\">Licencia en l\u00ednea:\u00a0\u00a0<\/span>Adquiera o renueve la licencia de sus mascotas visitando\u00a0<a href=\"https:\/\/vcas.docupet.com\/\" data-uw-rm-brl=\"PR\" data-uw-original-href=\"http:\/\/vcas.docupet.com\/\"><span style=\"font-weight: bold;\">vcas.docupet.com<\/span><\/a>.Este servicio de licencias en l\u00ednea, f\u00e1cil de usar, ofrece una forma r\u00e1pida y sencilla de obtener la licencia para tu mascota desde la comodidad de tu hogar.<\/p><div class=\"page\" title=\"P\u00e1gina 3\"><div class=\"section\"><div class=\"layoutArea\"><div class=\"column\"><div class=\"page\" title=\"P\u00e1gina 3\"><div class=\"section\"><div class=\"layoutArea\"><div class=\"column\"><p><span style=\"font-weight: bold;\">Licencia por tel\u00e9fono:\u00a0\u00a0<\/span>Para obtener la licencia por tel\u00e9fono, llame al\u00a0<span style=\"font-weight: bold;\">1-877-239-6072<\/span>.<\/p><\/div><\/div><\/div><\/div><\/div><\/div><\/div><\/div><p><span style=\"font-weight: bold;\">Licencia Correo de EE. UU.:\u00a0 <\/span>Para obtener la licencia por correo, simplemente env\u00ede por correo una copia del certificado actual de vacunaci\u00f3n contra la rabia de su mascota y cualquier otra documentaci\u00f3n pertinente, junto con su cheque pagadero a:<\/p><\/div><p style=\"padding-left: 40px;\">DocuPet<br \/>15 Technology Place, Suite 1<br \/>East Syracuse, NY 13057<\/p><p><strong>Instrucciones: \u00a0<\/strong><a href=\"https:\/\/animalservices.venturacounty.gov\/wp-content\/uploads\/2025\/06\/DocuPet-Instructions-English-and-Spanish.pdf\">Toca\/haz clic aqu\u00ed<\/a> para ver las instrucciones biling\u00fces sobre la licencia para mascotas.<\/p>\t\t\t\t\t\t\t\t<\/div>\n\t\t\t\t<\/div>\n\t\t\t\t<div class=\"elementor-element elementor-element-e7a7ee2 elementor-align-center elementor-widget elementor-widget-button\" data-id=\"e7a7ee2\" data-element_type=\"widget\" data-e-type=\"widget\" data-widget_type=\"button.default\">\n\t\t\t\t<div class=\"elementor-widget-container\">\n\t\t\t\t\t\t\t\t\t<div class=\"elementor-button-wrapper\">\n\t\t\t\t\t<a class=\"elementor-button elementor-button-link elementor-size-xl elementor-animation-grow\" href=\"https:\/\/vcas.docupet.com\/\">\n\t\t\t\t\t\t<span class=\"elementor-button-content-wrapper\">\n\t\t\t\t\t\t\t\t\t<span class=\"elementor-button-text\"><b>Pagar licencia<\/b><\/span>\n\t\t\t\t\t<\/span>\n\t\t\t\t\t<\/a>\n\t\t\t\t<\/div>\n\t\t\t\t\t\t\t\t<\/div>\n\t\t\t\t<\/div>\n\t\t\t\t\t<\/div>\n\t\t<\/div>\n\t\t\t\t\t<\/div>\n\t\t<\/section>\n\t\t\t\t<section class=\"elementor-section elementor-top-section elementor-element elementor-element-8199c53 elementor-section-boxed elementor-section-height-default elementor-section-height-default\" data-id=\"8199c53\" data-element_type=\"section\" data-e-type=\"section\">\n\t\t\t\t\t\t<div class=\"elementor-container elementor-column-gap-default\">\n\t\t\t\t\t<div class=\"elementor-column elementor-col-100 elementor-top-column elementor-element elementor-element-c080ab8\" data-id=\"c080ab8\" data-element_type=\"column\" data-e-type=\"column\">\n\t\t\t<div class=\"elementor-widget-wrap elementor-element-populated\">\n\t\t\t\t\t\t<div class=\"elementor-element elementor-element-4f4aa29 elementor-widget elementor-widget-text-editor\" data-id=\"4f4aa29\" data-element_type=\"widget\" data-e-type=\"widget\" data-widget_type=\"text-editor.default\">\n\t\t\t\t<div class=\"elementor-widget-container\">\n\t\t\t\t\t\t\t\t\t<h2 style=\"font-style: normal; text-align: justify;\">Actualizar a DocuPet<\/h2><div class=\"page\" title=\"P\u00e1gina 6\"><div class=\"section\"><div class=\"layoutArea\"><div class=\"column\"><p>Si tu mascota tiene licencia actualmente, pero tienes una placa antigua de aluminio o PetHub,\u00a0<a href=\"https:\/\/vcas.docupet.com\">Haga clic aqu\u00ed para actualizar<\/a> \u00a1a uno de los estilos de etiquetas de dise\u00f1o de DocuPet! No es obligatorio cambiar a esta nueva etiqueta si su mascota tiene actualmente una licencia con una etiqueta diferente.<\/p><\/div><\/div><\/div><\/div>\t\t\t\t\t\t\t\t<\/div>\n\t\t\t\t<\/div>\n\t\t\t\t\t<\/div>\n\t\t<\/div>\n\t\t\t\t\t<\/div>\n\t\t<\/section>\n\t\t\t\t<section class=\"elementor-section elementor-top-section elementor-element elementor-element-a6c5c55 elementor-section-boxed elementor-section-height-default elementor-section-height-default\" data-id=\"a6c5c55\" data-element_type=\"section\" data-e-type=\"section\">\n\t\t\t\t\t\t<div class=\"elementor-container elementor-column-gap-default\">\n\t\t\t\t\t<div class=\"elementor-column elementor-col-100 elementor-top-column elementor-element elementor-element-0aa10aa\" data-id=\"0aa10aa\" data-element_type=\"column\" data-e-type=\"column\">\n\t\t\t<div class=\"elementor-widget-wrap elementor-element-populated\">\n\t\t\t\t\t\t<div class=\"elementor-element elementor-element-7900f7a elementor-widget elementor-widget-text-editor\" data-id=\"7900f7a\" data-element_type=\"widget\" data-e-type=\"widget\" data-widget_type=\"text-editor.default\">\n\t\t\t\t<div class=\"elementor-widget-container\">\n\t\t\t\t\t\t\t\t\t<h2 style=\"font-style: normal; text-align: justify;\">\u00bfPor qu\u00e9 obtener una licencia?<\/h2><p style=\"text-align: justify;\">Una licencia para mascotas no es solo una forma de identificaci\u00f3n, es una prueba de\u00a0<a href=\"https:\/\/www.cdph.ca.gov\/Programs\/CID\/DCDC\/CDPH%20Document%20Library\/RabiesSurveillanceinCAAnnualReport2020.pdf\">rabia<\/a>\u00a0vacunaci\u00f3n. La rabia es un virus mortal que puede transmitirse de animal a animal y de animal a humano y, seg\u00fan la\u00a0<a href=\"https:\/\/www.cdc.gov\/mmwr\/volumes\/68\/wr\/mm6823e1.htm#:~:text=Rabies%20virus%20infection%2C%20regardless%20of,2%20weeks%20of%20symptom%20onset.\">Centro para el Control de Enfermedades<\/a> (CDC), la rabia \u201ces mortal en m\u00e1s del 99% de los casos\u201d. Tambi\u00e9n es obligatorio por ley obtener una licencia para su mascota (Ordenanza\u00a0<a href=\"https:\/\/library.municode.com\/ca\/ventura_county\/codes\/code_of_ordinances?nodeId=DIV4PUHE_CH4AN_ART4RACO_4451RAVARE\">4451<\/a>\u00a0y\u00a0<a href=\"https:\/\/library.municode.com\/ca\/ventura_county\/codes\/code_of_ordinances?nodeId=DIV4PUHE_CH4AN_ART1LITA_4411LITARE\">4411<\/a>). La licencia para mascotas es obligatoria para todos los perros (mayores de 4 meses) y gatos (mayores de 4 meses) que vivan en las ciudades de <strong>Moorpark<\/strong> y <strong>Oxnard<\/strong>.<\/p>\t\t\t\t\t\t\t\t<\/div>\n\t\t\t\t<\/div>\n\t\t\t\t\t<\/div>\n\t\t<\/div>\n\t\t\t\t\t<\/div>\n\t\t<\/section>\n\t\t\t\t<section class=\"elementor-section elementor-top-section elementor-element elementor-element-4bb8617 elementor-section-boxed elementor-section-height-default elementor-section-height-default\" data-id=\"4bb8617\" data-element_type=\"section\" data-e-type=\"section\">\n\t\t\t\t\t\t<div class=\"elementor-container elementor-column-gap-default\">\n\t\t\t\t\t<div class=\"elementor-column elementor-col-100 elementor-top-column elementor-element elementor-element-a28e8bb\" data-id=\"a28e8bb\" data-element_type=\"column\" data-e-type=\"column\">\n\t\t\t<div class=\"elementor-widget-wrap elementor-element-populated\">\n\t\t\t\t\t\t<div class=\"elementor-element elementor-element-3d6be2c elementor-widget elementor-widget-text-editor\" data-id=\"3d6be2c\" data-element_type=\"widget\" data-e-type=\"widget\" data-widget_type=\"text-editor.default\">\n\t\t\t\t<div class=\"elementor-widget-container\">\n\t\t\t\t\t\t\t\t\t<div class=\"page\" title=\"P\u00e1gina 4\"><div class=\"section\"><div class=\"layoutArea\"><div class=\"column\"><h2><strong>Beneficios de la licencia para mascotas<\/strong><\/h2><p>Obtener la licencia para tu mascota no solo demuestra que eres un due\u00f1o responsable, sino que tambi\u00e9n ayuda a financiar iniciativas locales de bienestar animal en nuestra comunidad. Adem\u00e1s de la licencia de tu mascota, aqu\u00ed tienes algunas ventajas de tu perfil en l\u00ednea de DocuPet:<\/p><\/div><\/div><div class=\"layoutArea\"><div class=\"column\"><ul><li>Cientos de estilos de etiquetas de dise\u00f1o \u00fanicos y coloridos entre los que elegir, o dise\u00f1a tu propio estilo de etiqueta en l\u00ednea.<\/li><li>Con acceso completo al servicio HomeSafeTM 24\/7 para mascotas perdidas, sube fotos recientes de tu mascota e incluye informaci\u00f3n importante que ayude a identificarla y recuperarla si se pierde.<\/li><li>Obt\u00e9n acceso a promociones y descuentos exclusivos.<\/li><li>Agrega m\u00e1s cuidadores a la cuenta de tu mascota.<\/li><li>Olv\u00eddate de desplazamientos y compra o renueva f\u00e1cilmente la licencia de tu mascota desde la comodidad de tu hogar.<\/li><li>Sube documentos nuevos importantes sobre tu mascota tomando una foto.<\/li><li>Realice una donaci\u00f3n opcional a los Servicios para Animales del Condado de Ventura a trav\u00e9s del Fondo Safe&amp;Happy de DocuPet y ayude a apoyar a los animales locales que lo necesitan.<\/li><li>Consulte y descargue f\u00e1cilmente la documentaci\u00f3n de la licencia de su mascota.<\/li><li>Lee contenido exclusivo centrado en las mascotas.<\/li><li>Administra o realiza cambios en tu cuenta en cualquier momento, incluyendo la actualizaci\u00f3n de tu informaci\u00f3n de contacto y la modificaci\u00f3n de los datos y el estado de tu mascota.<\/li><li>Consulte el estado y el historial de sus pedidos.<\/li><\/ul><\/div><\/div><\/div><\/div>\t\t\t\t\t\t\t\t<\/div>\n\t\t\t\t<\/div>\n\t\t\t\t\t<\/div>\n\t\t<\/div>\n\t\t\t\t\t<\/div>\n\t\t<\/section>\n\t\t\t\t<section class=\"elementor-section elementor-top-section elementor-element elementor-element-1ea10fb elementor-section-boxed elementor-section-height-default elementor-section-height-default\" data-id=\"1ea10fb\" data-element_type=\"section\" data-e-type=\"section\">\n\t\t\t\t\t\t<div class=\"elementor-container elementor-column-gap-default\">\n\t\t\t\t\t<div class=\"elementor-column elementor-col-100 elementor-top-column elementor-element elementor-element-2221984\" data-id=\"2221984\" data-element_type=\"column\" data-e-type=\"column\">\n\t\t\t<div class=\"elementor-widget-wrap elementor-element-populated\">\n\t\t\t\t\t\t<div class=\"elementor-element elementor-element-c433782 elementor-widget elementor-widget-text-editor\" data-id=\"c433782\" data-element_type=\"widget\" data-e-type=\"widget\" data-widget_type=\"text-editor.default\">\n\t\t\t\t<div class=\"elementor-widget-container\">\n\t\t\t\t\t\t\t\t\t<h2>Descuentos<\/h2>\n<p><strong>Animales esterilizados o castrados<\/strong><\/p>\n<p>Para ayudar a controlar la superpoblaci\u00f3n de mascotas en el condado de Ventura, VCAS ofrece tarifas m\u00e1s bajas para las licencias de mascotas que hayan sido esterilizadas o castradas. Si su mascota ha sido esterilizada o castrada, env\u00ede una prueba de esterilizaci\u00f3n para recibir este descuento. Abra su&nbsp;<a style=\"background-color: #ffffff;\" href=\"https:\/\/vcas.docupet.com\/\">Portal DocuPet<\/a>&nbsp;y suba el documento de prueba de esterilizaci\u00f3n. S\u00ed, \u00a1se aceptan fotograf\u00edas tomadas con tel\u00e9fonos inteligentes! Los documentos tambi\u00e9n pueden enviarse por correo postal a:<\/p>\n<p style=\"padding-left: 40px;\">DocuPet<br>15 Technology Place, Suite 1<br>East Syracuse, NY 13057<\/p>\n<div>\n<p><span style=\"font-weight: bold;\">Descuento para personas mayores<\/span><\/p>\n<p>Requisitos: El due\u00f1o principal del animal debe tener 55 a\u00f1os o m\u00e1s, y el animal debe estar esterilizado o castrado.<\/p>\n<div><b>Animales de servicio<\/b><\/div>\n<div><b>&nbsp;<\/b><\/div>\n<div>Ordenanza&nbsp;<a style=\"background-color: #ffffff;\" href=\"https:\/\/library.municode.com\/ca\/ventura_county\/codes\/code_of_ordinances?nodeId=DIV4PUHE_CH4AN_ART1LITA_4414-1EXLIFE\">4414-1<\/a>&nbsp;establece que se expedir\u00e1 gratuitamente una licencia para cualquier perro de servicio, es decir, un perro que haya sido adiestrado individualmente para realizar trabajos o tareas en beneficio de una persona con discapacidad, ya sea f\u00edsica, sensorial, psiqui\u00e1trica, intelectual o de otro tipo.<\/div>\n<\/div>\t\t\t\t\t\t\t\t<\/div>\n\t\t\t\t<\/div>\n\t\t\t\t\t<\/div>\n\t\t<\/div>\n\t\t\t\t\t<\/div>\n\t\t<\/section>\n\t\t\t\t<section class=\"elementor-section elementor-top-section elementor-element elementor-element-56cbe3f elementor-section-boxed elementor-section-height-default elementor-section-height-default\" data-id=\"56cbe3f\" data-element_type=\"section\" data-e-type=\"section\">\n\t\t\t\t\t\t<div class=\"elementor-container elementor-column-gap-default\">\n\t\t\t\t\t<div class=\"elementor-column elementor-col-100 elementor-top-column elementor-element elementor-element-66aab1d\" data-id=\"66aab1d\" data-element_type=\"column\" data-e-type=\"column\">\n\t\t\t<div class=\"elementor-widget-wrap elementor-element-populated\">\n\t\t\t\t\t\t<div class=\"elementor-element elementor-element-2b8754f elementor-widget elementor-widget-text-editor\" data-id=\"2b8754f\" data-element_type=\"widget\" data-e-type=\"widget\" data-widget_type=\"text-editor.default\">\n\t\t\t\t<div class=\"elementor-widget-container\">\n\t\t\t\t\t\t\t\t\t<h2 style=\"font-style: normal;\">Residentes de Santa Paula y Thousand Oaks<\/h2><p style=\"color: #262626; font-family: Poppins, sans-serif; font-size: 15px;\">El Servicio de Animales del Condado de Ventura no expide licencias para mascotas a los residentes de las ciudades de Santa Paula o Thousand Oaks. Los residentes de Santa Paula que tengan preguntas sobre las licencias deben llamar al (805) 525-8609. Los residentes de Thousand Oaks deben llamar al\u00a0<a href=\"https:\/\/licensepet.com\/wl3\/reg\/lacowl?clientid=lacowl\">Haga clic aqu\u00ed<\/a>\u00a0para obtener la licencia de su mascota a trav\u00e9s del condado de Los \u00c1ngeles.<\/p>\t\t\t\t\t\t\t\t<\/div>\n\t\t\t\t<\/div>\n\t\t\t\t\t<\/div>\n\t\t<\/div>\n\t\t\t\t\t<\/div>\n\t\t<\/section>\n\t\t\t\t<\/div>","protected":false},"excerpt":{"rendered":"<p>Sample tag Ventura County Animal Services has partnered with DocuPet\u00a0to provide an enhanced pet licensing experience for residents!\u00a0 Your pet\u2019s license now includes DocuPet\u2019s free HomeSafeTM\u00a024\/7 lost pet service and designer license tags with personalization options. When you license your pet with VCAS, you will receive a unique license tag to attach to their collar.\u00a0 &#8230; <a title=\"Licencias\" class=\"read-more\" href=\"https:\/\/animalservices.venturacounty.gov\/es\/licensing\/\" aria-label=\"Leer m\u00e1s sobre Licensing\">Read more<\/a><\/p>","protected":false},"author":7,"featured_media":0,"parent":0,"menu_order":0,"comment_status":"closed","ping_status":"closed","template":"","meta":{"om_disable_all_campaigns":false,"_monsterinsights_skip_tracking":false,"_monsterinsights_sitenote_active":false,"_monsterinsights_sitenote_note":"","_monsterinsights_sitenote_category":0,"_uf_show_specific_survey":0,"_uf_disable_surveys":false,"footnotes":""},"class_list":["post-549","page","type-page","status-publish"],"aioseo_notices":[],"_links":{"self":[{"href":"https:\/\/animalservices.venturacounty.gov\/es\/wp-json\/wp\/v2\/pages\/549","targetHints":{"allow":["GET"]}}],"collection":[{"href":"https:\/\/animalservices.venturacounty.gov\/es\/wp-json\/wp\/v2\/pages"}],"about":[{"href":"https:\/\/animalservices.venturacounty.gov\/es\/wp-json\/wp\/v2\/types\/page"}],"author":[{"embeddable":true,"href":"https:\/\/animalservices.venturacounty.gov\/es\/wp-json\/wp\/v2\/users\/7"}],"replies":[{"embeddable":true,"href":"https:\/\/animalservices.venturacounty.gov\/es\/wp-json\/wp\/v2\/comments?post=549"}],"version-history":[{"count":0,"href":"https:\/\/animalservices.venturacounty.gov\/es\/wp-json\/wp\/v2\/pages\/549\/revisions"}],"wp:attachment":[{"href":"https:\/\/animalservices.venturacounty.gov\/es\/wp-json\/wp\/v2\/media?parent=549"}],"curies":[{"name":"wp","href":"https:\/\/api.w.org\/{rel}","templated":true}]}}