{"id":315047,"date":"2025-08-27T12:48:48","date_gmt":"2025-08-27T19:48:48","guid":{"rendered":"https:\/\/animalservices.venturacounty.gov\/?page_id=315047"},"modified":"2025-08-27T12:52:47","modified_gmt":"2025-08-27T19:52:47","slug":"pittieparty","status":"publish","type":"page","link":"https:\/\/animalservices.venturacounty.gov\/es\/pittieparty\/","title":{"rendered":"Pittie Party!"},"content":{"rendered":"<div data-elementor-type=\"wp-page\" data-elementor-id=\"315047\" class=\"elementor elementor-315047\" data-elementor-post-type=\"page\">\n\t\t\t\t\t\t<section class=\"elementor-section elementor-top-section elementor-element elementor-element-41e25c1 elementor-section-boxed elementor-section-height-default elementor-section-height-default\" data-id=\"41e25c1\" data-element_type=\"section\" data-e-type=\"section\">\n\t\t\t\t\t\t<div class=\"elementor-container elementor-column-gap-default\">\n\t\t\t\t\t<div class=\"elementor-column elementor-col-100 elementor-top-column elementor-element elementor-element-48376e6\" data-id=\"48376e6\" data-element_type=\"column\" data-e-type=\"column\">\n\t\t\t<div class=\"elementor-widget-wrap elementor-element-populated\">\n\t\t\t\t\t\t<div class=\"elementor-element elementor-element-cb2629f elementor-widget elementor-widget-text-editor\" data-id=\"cb2629f\" data-element_type=\"widget\" data-e-type=\"widget\" data-widget_type=\"text-editor.default\">\n\t\t\t\t<div class=\"elementor-widget-container\">\n\t\t\t\t\t\t\t\t\t<p>To view all dogs in our care, please visit <a href=\"http:\/\/animalservices.venturacounty.gov\/es\/dogs\/\">animalservices.venturacounty.gov\/dogs<\/a>. \u00a0Thank you for supporting our life-saving efforts!<\/p>\t\t\t\t\t\t\t\t<\/div>\n\t\t\t\t<\/div>\n\t\t\t\t\t<\/div>\n\t\t<\/div>\n\t\t\t\t\t<\/div>\n\t\t<\/section>\n\t\t\t\t<section class=\"elementor-section elementor-top-section elementor-element elementor-element-fb6de6f elementor-section-stretched elementor-section-boxed elementor-section-height-default elementor-section-height-default\" data-id=\"fb6de6f\" data-element_type=\"section\" data-e-type=\"section\" data-settings=\"{&quot;stretch_section&quot;:&quot;section-stretched&quot;}\">\n\t\t\t\t\t\t<div class=\"elementor-container elementor-column-gap-default\">\n\t\t\t\t\t<div class=\"elementor-column elementor-col-100 elementor-top-column elementor-element elementor-element-032764d\" data-id=\"032764d\" data-element_type=\"column\" data-e-type=\"column\">\n\t\t\t<div class=\"elementor-widget-wrap elementor-element-populated\">\n\t\t\t\t\t\t<div class=\"elementor-element elementor-element-beb6bfb grid-width elementor-widget elementor-widget-shortcode\" data-id=\"beb6bfb\" data-element_type=\"widget\" data-e-type=\"widget\" data-widget_type=\"shortcode.default\">\n\t\t\t\t<div class=\"elementor-widget-container\">\n\t\t\t\t\t\t\t<div class=\"elementor-shortcode\"><\/div>\n\t\t\t\t\t\t<\/div>\n\t\t\t\t<\/div>\n\t\t\t\t\t<\/div>\n\t\t<\/div>\n\t\t\t\t\t<\/div>\n\t\t<\/section>\n\t\t\t\t<section class=\"elementor-section elementor-top-section elementor-element elementor-element-d7a8219 elementor-section-stretched elementor-section-boxed elementor-section-height-default elementor-section-height-default\" data-id=\"d7a8219\" data-element_type=\"section\" data-e-type=\"section\" data-settings=\"{&quot;stretch_section&quot;:&quot;section-stretched&quot;}\">\n\t\t\t\t\t\t<div class=\"elementor-container elementor-column-gap-no\">\n\t\t\t\t\t<div class=\"elementor-column elementor-col-100 elementor-top-column elementor-element elementor-element-2928181\" data-id=\"2928181\" data-element_type=\"column\" data-e-type=\"column\">\n\t\t\t<div class=\"elementor-widget-wrap elementor-element-populated\">\n\t\t\t\t\t\t<div class=\"elementor-element elementor-element-945cc6f elementor-widget elementor-widget-shortcode\" data-id=\"945cc6f\" data-element_type=\"widget\" data-e-type=\"widget\" data-widget_type=\"shortcode.default\">\n\t\t\t\t<div class=\"elementor-widget-container\">\n\t\t\t\t\t\t\t<div class=\"elementor-shortcode\">\t\t<div data-elementor-type=\"section\" data-elementor-id=\"7125\" class=\"elementor elementor-7125\" data-elementor-post-type=\"elementor_library\">\n\t\t\t\t\t<section class=\"elementor-section elementor-top-section elementor-element elementor-element-2d44559a elementor-section-boxed elementor-section-height-default elementor-section-height-default\" data-id=\"2d44559a\" data-element_type=\"section\" data-e-type=\"section\">\n\t\t\t\t\t\t<div class=\"elementor-container elementor-column-gap-default\">\n\t\t\t\t\t<div class=\"elementor-column elementor-col-100 elementor-top-column elementor-element elementor-element-413484b6\" data-id=\"413484b6\" data-element_type=\"column\" data-e-type=\"column\">\n\t\t\t<div class=\"elementor-widget-wrap elementor-element-populated\">\n\t\t\t\t\t\t<div class=\"elementor-element elementor-element-a69c2cc elementor-widget elementor-widget-spacer\" data-id=\"a69c2cc\" data-element_type=\"widget\" data-e-type=\"widget\" data-widget_type=\"spacer.default\">\n\t\t\t\t<div class=\"elementor-widget-container\">\n\t\t\t\t\t\t\t<div class=\"elementor-spacer\">\n\t\t\t<div class=\"elementor-spacer-inner\"><\/div>\n\t\t<\/div>\n\t\t\t\t\t\t<\/div>\n\t\t\t\t<\/div>\n\t\t\t\t<div class=\"elementor-element elementor-element-e42fd7c elementor-widget elementor-widget-heading\" data-id=\"e42fd7c\" data-element_type=\"widget\" data-e-type=\"widget\" data-widget_type=\"heading.default\">\n\t\t\t\t<div class=\"elementor-widget-container\">\n\t\t\t\t\t<h2 class=\"elementor-heading-title elementor-size-default\">Leyenda animal<\/h2>\t\t\t\t<\/div>\n\t\t\t\t<\/div>\n\t\t\t\t<div class=\"elementor-element elementor-element-51875f28 elementor-widget elementor-widget-text-editor\" data-id=\"51875f28\" data-element_type=\"widget\" data-e-type=\"widget\" data-widget_type=\"text-editor.default\">\n\t\t\t\t<div class=\"elementor-widget-container\">\n\t\t\t\t\t\t\t\t\t<p><strong>DESCRIPCI\u00d3N DEL ANIMAL<\/strong>Se recopilan datos sobre cada animal que llega a nuestro centro. Estos datos pueden cambiar a lo largo del tiempo que el animal permanece con nosotros.<\/p>\t\t\t\t\t\t\t\t<\/div>\n\t\t\t\t<\/div>\n\t\t\t\t<div class=\"elementor-element elementor-element-79c8f85f elementor-widget elementor-widget-eael-advanced-data-table\" data-id=\"79c8f85f\" data-element_type=\"widget\" data-e-type=\"widget\" data-widget_type=\"eael-advanced-data-table.default\">\n\t\t\t\t<div class=\"elementor-widget-container\">\n\t\t\t\t\t<div class=\"ea-advanced-data-table-wrap\" data-id=\"79c8f85f\"><div class=\"ea-advanced-data-table-wrap-inner\">\n                <table class=\"ea-advanced-data-table ea-advanced-data-table-static ea-advanced-data-table-79c8f85f\" data-id=\"79c8f85f\"><thead><\/thead><tbody><tr><td><p><strong>Identificaci\u00f3n animal<\/strong><\/p><\/td><td><p>Utilice este n\u00famero \u00fanico cuando haga referencia a los animales.<\/p><\/td><\/tr><tr><td><p><strong>Nombre<\/strong><\/p><\/td><td><p>Algunos animales llegan con nombre. Una vez que los animales est\u00e1n disponibles para su adopci\u00f3n, el personal y\/o los voluntarios de VCAS pueden ponerles nombre.<\/p><\/td><\/tr><tr><td><p><strong>Edad<\/strong><\/p><\/td><td><p>Esta es nuestra mejor estimaci\u00f3n basada en el estado f\u00edsico, los dientes, los ojos, etc., en el momento de su incautaci\u00f3n.<\/p><\/td><\/tr><tr><td><p><strong>Peso<\/strong><\/p><\/td><td><p>Los animales se pesan al ingresar y en los chequeos m\u00e9dicos posteriores.<\/p><\/td><\/tr><tr><td><p><strong>G\u00e9nero<\/strong><\/p><\/td><td><p>Si un animal no tiene la palabra \u201cesterilizado\u201d o \u201ccastrado\u201d delante de su g\u00e9nero, esto indica que a\u00fan est\u00e1 intacto o que no se ha verificado que haya sido esterilizado.<\/p><\/td><\/tr><tr><td><p><strong>Raza<\/strong><\/p><\/td><td><p>Esta es nuestra mejor suposici\u00f3n basada en la experiencia de nuestro equipo, no en un perfil de ADN.<\/p><\/td><\/tr><tr><td><p><strong>Fecha de ingreso<\/strong><\/p><\/td><td><p>La fecha en que el animal ha sido incautado en nuestro sistema.<\/p><\/td><\/tr><tr><td><p><strong>Fecha de adopci\u00f3n<\/strong><\/p><\/td><td><p>La fecha en la que el animal puede ser adoptado. Los animales suelen permanecer en custodia durante 5 o 10 d\u00edas para dar tiempo a sus due\u00f1os a encontrarlos. Citas <strong><u>no se puede<\/u><\/strong> se realizar\u00e1n para animales que tengan una \u201cfecha de adopci\u00f3n\u201d en el futuro.<\/p><\/td><\/tr><tr><td><p><strong>Perrera<\/strong><\/p><\/td><td><p><strong>Perreras 001-899<\/strong> est\u00e1n en el refugio de Camarillo.<\/p><p><strong>Perreras 900 - 998<\/strong> est\u00e1n en el refugio de Simi Valley.&nbsp;<\/p><p>Animales en la perrera\u201c<strong>Foster<\/strong>\u201d est\u00e1n en acogida y disponibles para adopci\u00f3n.<\/p><p>Animales en la perrera\u201c<strong>Fuera del sitio<\/strong>\u201d se encuentran alojados temporalmente en una ubicaci\u00f3n asociada (Petco, PetSmart, etc.) y pueden ser adoptados en dicha ubicaci\u00f3n.<\/p><\/td><\/tr><tr><td><p><strong>Ciudad encontrada<\/strong><\/p><\/td><td><p>La ciudad en la que se encontr\u00f3 o se inform\u00f3 del hallazgo del animal.<\/p><\/td><\/tr><tr><td><p><strong>Refugio<\/strong><\/p><\/td><td><p>Lugar donde vive actualmente el animal.<\/p><\/td><\/tr><\/tbody><\/table>\n            <\/div><\/div>\t\t\t\t<\/div>\n\t\t\t\t<\/div>\n\t\t\t\t<div class=\"elementor-element elementor-element-6ebf8e77 elementor-widget elementor-widget-text-editor\" data-id=\"6ebf8e77\" data-element_type=\"widget\" data-e-type=\"widget\" data-widget_type=\"text-editor.default\">\n\t\t\t\t<div class=\"elementor-widget-container\">\n\t\t\t\t\t\t\t\t\t<p><strong>ETIQUETAS:<\/strong>\u00a0 Este sistema codificado por colores proporciona informaci\u00f3n adicional sobre los animales que cuidamos. Estas etiquetas pueden cambiar durante el tiempo que el animal permanece con nosotros.<\/p>\t\t\t\t\t\t\t\t<\/div>\n\t\t\t\t<\/div>\n\t\t\t\t<div class=\"elementor-element elementor-element-66e00a24 elementor-widget elementor-widget-eael-advanced-data-table\" data-id=\"66e00a24\" data-element_type=\"widget\" data-e-type=\"widget\" data-widget_type=\"eael-advanced-data-table.default\">\n\t\t\t\t<div class=\"elementor-widget-container\">\n\t\t\t\t\t<div class=\"ea-advanced-data-table-wrap\" data-id=\"66e00a24\"><div class=\"ea-advanced-data-table-wrap-inner\">\n                <table class=\"ea-advanced-data-table ea-advanced-data-table-static ea-advanced-data-table-66e00a24\" data-id=\"66e00a24\"><thead><tr><th><p>ETIQUETAS<\/p><\/th><th><p>DESCRIPCI\u00d3N<\/p><\/th><\/tr><\/thead><tbody><tr><td><p><strong>En espera de adopci\u00f3n<\/strong><\/p><\/td><td><p><span>Este animal tiene una adopci\u00f3n pendiente. <\/span><\/p><\/td><\/tr><tr><td><p><strong>Transferencia de rescate pendiente<\/strong><\/p><\/td><td><p><span>Este animal est\u00e1 pendiente de ser trasladado a un socio de rescate.<\/span><\/p><\/td><\/tr><tr><td><p><strong>En evaluaci\u00f3n<\/strong><\/p><\/td><td><p><span>Este animal est\u00e1 siendo sometido a una evaluaci\u00f3n m\u00e9dica y\/o conductual.<\/span><\/p><\/td><\/tr><tr><td><p><strong>Transferencia de rescate preferida<\/strong><\/p><\/td><td><p><span>Este animal ser\u00eda m\u00e1s adecuado para un socio de traslado de rescate.<\/span><\/p><\/td><\/tr><tr><td><p><strong>Retenciones m\u00e9dicas<\/strong><strong>&nbsp;<\/strong><\/p><\/td><td><p><span>Este animal se encuentra bajo observaci\u00f3n m\u00e9dica.<\/span><\/p><\/td><\/tr><tr><td><p><strong>Cuarentena<\/strong><\/p><\/td><td><p><span>Este animal se encuentra en cuarentena por motivos de salud y\/o seguridad.<\/span><\/p><\/td><\/tr><\/tbody><\/table>\n            <\/div><\/div>\t\t\t\t<\/div>\n\t\t\t\t<\/div>\n\t\t\t\t<div class=\"elementor-element elementor-element-3200b039 elementor-widget elementor-widget-text-editor\" data-id=\"3200b039\" data-element_type=\"widget\" data-e-type=\"widget\" data-widget_type=\"text-editor.default\">\n\t\t\t\t<div class=\"elementor-widget-container\">\n\t\t\t\t\t\t\t\t\t<p><strong><span style=\"color: #f27900;\">\u2588\u00a0<\/span><\/strong>\u00a0\u2013 El animal est\u00e1 comprometido y es <strong><span style=\"text-decoration: underline;\">no<\/span><\/strong> disponible para adopci\u00f3n.<br \/><br \/><span style=\"color: #7f00ff;\"><strong>\u2588<\/strong><\/span>\u00a0\u2013 El animal se encuentra actualmente\u00a0<span style=\"text-decoration: underline;\"><strong>no<\/strong><\/span>\u00a0disponible para adopci\u00f3n.<\/p>\t\t\t\t\t\t\t\t<\/div>\n\t\t\t\t<\/div>\n\t\t\t\t<div class=\"elementor-element elementor-element-edb5cd6 elementor-widget elementor-widget-spacer\" data-id=\"edb5cd6\" data-element_type=\"widget\" data-e-type=\"widget\" data-widget_type=\"spacer.default\">\n\t\t\t\t<div class=\"elementor-widget-container\">\n\t\t\t\t\t\t\t<div class=\"elementor-spacer\">\n\t\t\t<div class=\"elementor-spacer-inner\"><\/div>\n\t\t<\/div>\n\t\t\t\t\t\t<\/div>\n\t\t\t\t<\/div>\n\t\t\t\t\t<\/div>\n\t\t<\/div>\n\t\t\t\t\t<\/div>\n\t\t<\/section>\n\t\t\t\t<\/div>\n\t\t<\/div>\n\t\t\t\t\t\t<\/div>\n\t\t\t\t<\/div>\n\t\t\t\t\t<\/div>\n\t\t<\/div>\n\t\t\t\t\t<\/div>\n\t\t<\/section>\n\t\t\t\t<\/div>","protected":false},"excerpt":{"rendered":"<p>To view all dogs in our care, please visit animalservices.venturacounty.gov\/dogs. \u00a0Thank you for supporting our life-saving efforts!<\/p>","protected":false},"author":4,"featured_media":0,"parent":0,"menu_order":0,"comment_status":"closed","ping_status":"closed","template":"","meta":{"om_disable_all_campaigns":false,"_monsterinsights_skip_tracking":false,"_monsterinsights_sitenote_active":false,"_monsterinsights_sitenote_note":"","_monsterinsights_sitenote_category":0,"_uf_show_specific_survey":0,"_uf_disable_surveys":false,"footnotes":""},"class_list":["post-315047","page","type-page","status-publish"],"aioseo_notices":[],"_links":{"self":[{"href":"https:\/\/animalservices.venturacounty.gov\/es\/wp-json\/wp\/v2\/pages\/315047","targetHints":{"allow":["GET"]}}],"collection":[{"href":"https:\/\/animalservices.venturacounty.gov\/es\/wp-json\/wp\/v2\/pages"}],"about":[{"href":"https:\/\/animalservices.venturacounty.gov\/es\/wp-json\/wp\/v2\/types\/page"}],"author":[{"embeddable":true,"href":"https:\/\/animalservices.venturacounty.gov\/es\/wp-json\/wp\/v2\/users\/4"}],"replies":[{"embeddable":true,"href":"https:\/\/animalservices.venturacounty.gov\/es\/wp-json\/wp\/v2\/comments?post=315047"}],"version-history":[{"count":0,"href":"https:\/\/animalservices.venturacounty.gov\/es\/wp-json\/wp\/v2\/pages\/315047\/revisions"}],"wp:attachment":[{"href":"https:\/\/animalservices.venturacounty.gov\/es\/wp-json\/wp\/v2\/media?parent=315047"}],"curies":[{"name":"wp","href":"https:\/\/api.w.org\/{rel}","templated":true}]}}