{"id":314599,"date":"2023-11-20T14:54:29","date_gmt":"2023-11-20T21:54:29","guid":{"rendered":"http:\/\/animalservices.venturacounty.gov\/?page_id=314599"},"modified":"2026-01-23T11:24:49","modified_gmt":"2026-01-23T18:24:49","slug":"social-media","status":"publish","type":"page","link":"https:\/\/animalservices.venturacounty.gov\/es\/social-media\/","title":{"rendered":"Redes sociales"},"content":{"rendered":"<div data-elementor-type=\"wp-page\" data-elementor-id=\"314599\" class=\"elementor elementor-314599\" data-elementor-post-type=\"page\">\n\t\t\t\t\t\t<section class=\"elementor-section elementor-top-section elementor-element elementor-element-d16a0a9 elementor-section-boxed elementor-section-height-default elementor-section-height-default\" data-id=\"d16a0a9\" data-element_type=\"section\" data-e-type=\"section\">\n\t\t\t\t\t\t<div class=\"elementor-container elementor-column-gap-default\">\n\t\t\t\t\t<div class=\"elementor-column elementor-col-100 elementor-top-column elementor-element elementor-element-287fcc3\" data-id=\"287fcc3\" data-element_type=\"column\" data-e-type=\"column\">\n\t\t\t<div class=\"elementor-widget-wrap elementor-element-populated\">\n\t\t\t\t\t\t<div class=\"elementor-element elementor-element-9550fed elementor-widget elementor-widget-text-editor\" data-id=\"9550fed\" data-element_type=\"widget\" data-e-type=\"widget\" data-widget_type=\"text-editor.default\">\n\t\t\t\t<div class=\"elementor-widget-container\">\n\t\t\t\t\t\t\t\t\t<p>\u00a1Descubra los Servicios para Animales del Condado de Ventura (VCAS) en varias plataformas de redes sociales interesantes! Mant\u00e9ngase conectado con nosotros a trav\u00e9s de las cuentas oficiales de nuestra agencia que se enumeran a continuaci\u00f3n:<\/p><ul><li>Facebook: <a href=\"http:\/\/www.facebook.us\/VCAnimalServices\" target=\"_new\">www.facebook.us\/VCAnimalServices<\/a><\/li><li>Instagram: <a href=\"http:\/\/www.instagram.com\/VCAnimalServices\" target=\"_new\">www.instagram.com\/VCAnimalServices<\/a><\/li><li>Twitter (X): <a href=\"http:\/\/www.twitter.com\/VCAnimalService\" target=\"_new\">www.twitter.com\/VCAnimalService<\/a><\/li><li>YouTube: <a href=\"http:\/\/www.youtube.com\/VCAnimalServices\" target=\"_new\">www.youtube.com\/VCAnimalServices<\/a><\/li><li>TikTok: <a href=\"http:\/\/www.tiktok.com\/@vcanimalservices\" target=\"_new\">www.tiktok.com\/@vcanimalservices<\/a><\/li><li>Al lado: <a href=\"http:\/\/www.nextdoor.com\/pages\/ventura-county-animal-services\" target=\"_new\">www.nextdoor.com\/pages\/ventura-county-animal-services<\/a><\/li><\/ul><p>Tenga en cuenta que <span style=\"text-decoration: underline;\">solo<\/span> the accounts listed here are official Ventura County Animal Services social media accounts. We want to ensure your experience is authentic and trustworthy. \u00a0For accurate information and reliable updates, connect with us on our official channels.<\/p><p>Al participar e interactuar con nuestras p\u00e1ginas oficiales, usted acepta las <a href=\"https:\/\/hr.venturacounty.gov\/policies-memorandum\/social-media-terms-of-use\">T\u00e9rminos de redes sociales<\/a> esbozado por el condado de Ventura, y a nuestras creencias fundamentales:<\/p><ol><li>S\u00e9 amable y cort\u00e9s.<\/li><li>No al discurso de odio ni al acoso escolar<\/li><li>Sin promociones ni spam<\/li><li>Respetar la opini\u00f3n de todos<\/li><\/ol><p>\u00a1Gracias por formar parte de nuestra comunidad amante de los animales!<\/p>\t\t\t\t\t\t\t\t<\/div>\n\t\t\t\t<\/div>\n\t\t\t\t\t<\/div>\n\t\t<\/div>\n\t\t\t\t\t<\/div>\n\t\t<\/section>\n\t\t\t\t<section class=\"elementor-section elementor-top-section elementor-element elementor-element-9e7c28c elementor-section-boxed elementor-section-height-default elementor-section-height-default\" data-id=\"9e7c28c\" data-element_type=\"section\" data-e-type=\"section\">\n\t\t\t\t\t\t<div class=\"elementor-container elementor-column-gap-default\">\n\t\t\t\t\t<div class=\"elementor-column elementor-col-100 elementor-top-column elementor-element elementor-element-382329f\" data-id=\"382329f\" data-element_type=\"column\" data-e-type=\"column\">\n\t\t\t<div class=\"elementor-widget-wrap elementor-element-populated\">\n\t\t\t\t\t\t\t<\/div>\n\t\t<\/div>\n\t\t\t\t\t<\/div>\n\t\t<\/section>\n\t\t\t\t<\/div>","protected":false},"excerpt":{"rendered":"<p>Discover Ventura County Animal Services (VCAS) across various engaging social media platforms! Stay connected with us on our official agency accounts listed below: Facebook: www.facebook.us\/VCAnimalServices Instagram: www.instagram.com\/VCAnimalServices Twitter (X): www.twitter.com\/VCAnimalService YouTube: www.youtube.com\/VCAnimalServices TikTok: www.tiktok.com\/@vcanimalservices Nextdoor: www.nextdoor.com\/pages\/ventura-county-animal-services Please note that only the accounts listed here are official Ventura County Animal Services social media accounts. We want &#8230; <a title=\"Redes sociales\" class=\"read-more\" href=\"https:\/\/animalservices.venturacounty.gov\/es\/social-media\/\" aria-label=\"Leer m\u00e1s sobre Social Media\">Read more<\/a><\/p>","protected":false},"author":4,"featured_media":0,"parent":0,"menu_order":0,"comment_status":"closed","ping_status":"closed","template":"","meta":{"om_disable_all_campaigns":false,"_monsterinsights_skip_tracking":false,"_monsterinsights_sitenote_active":false,"_monsterinsights_sitenote_note":"","_monsterinsights_sitenote_category":0,"_uf_show_specific_survey":0,"_uf_disable_surveys":false,"footnotes":""},"class_list":["post-314599","page","type-page","status-publish"],"aioseo_notices":[],"_links":{"self":[{"href":"https:\/\/animalservices.venturacounty.gov\/es\/wp-json\/wp\/v2\/pages\/314599","targetHints":{"allow":["GET"]}}],"collection":[{"href":"https:\/\/animalservices.venturacounty.gov\/es\/wp-json\/wp\/v2\/pages"}],"about":[{"href":"https:\/\/animalservices.venturacounty.gov\/es\/wp-json\/wp\/v2\/types\/page"}],"author":[{"embeddable":true,"href":"https:\/\/animalservices.venturacounty.gov\/es\/wp-json\/wp\/v2\/users\/4"}],"replies":[{"embeddable":true,"href":"https:\/\/animalservices.venturacounty.gov\/es\/wp-json\/wp\/v2\/comments?post=314599"}],"version-history":[{"count":0,"href":"https:\/\/animalservices.venturacounty.gov\/es\/wp-json\/wp\/v2\/pages\/314599\/revisions"}],"wp:attachment":[{"href":"https:\/\/animalservices.venturacounty.gov\/es\/wp-json\/wp\/v2\/media?parent=314599"}],"curies":[{"name":"wp","href":"https:\/\/api.w.org\/{rel}","templated":true}]}}