{"id":310749,"date":"2022-05-20T19:25:18","date_gmt":"2022-05-20T19:25:18","guid":{"rendered":"http:\/\/animalservices.venturacounty.gov\/?page_id=310749"},"modified":"2026-01-23T11:27:23","modified_gmt":"2026-01-23T18:27:23","slug":"disaster","status":"publish","type":"page","link":"https:\/\/animalservices.venturacounty.gov\/es\/disaster\/","title":{"rendered":"Preparaci\u00f3n para desastres"},"content":{"rendered":"<div data-elementor-type=\"wp-page\" data-elementor-id=\"310749\" class=\"elementor elementor-310749\" data-elementor-post-type=\"page\">\n\t\t\t\t\t\t<section class=\"elementor-section elementor-top-section elementor-element elementor-element-d8c8c53 elementor-section-boxed elementor-section-height-default elementor-section-height-default\" data-id=\"d8c8c53\" data-element_type=\"section\" data-e-type=\"section\">\n\t\t\t\t\t\t<div class=\"elementor-container elementor-column-gap-default\">\n\t\t\t\t\t<div class=\"elementor-column elementor-col-33 elementor-top-column elementor-element elementor-element-71a1c68\" data-id=\"71a1c68\" data-element_type=\"column\" data-e-type=\"column\">\n\t\t\t<div class=\"elementor-widget-wrap elementor-element-populated\">\n\t\t\t\t\t\t<div class=\"elementor-element elementor-element-3c5b8df elementor-widget elementor-widget-text-editor\" data-id=\"3c5b8df\" data-element_type=\"widget\" data-e-type=\"widget\" data-widget_type=\"text-editor.default\">\n\t\t\t\t<div class=\"elementor-widget-container\">\n\t\t\t\t\t\t\t\t\t<h2>Temas en esta p\u00e1gina:<\/h2>\n<ul>\n<li>Fuego silvestre<\/li>\n<li>Inundaciones<\/li>\n<li>Evacuaci\u00f3n de emergencia<\/li>\n<li>Preparaci\u00f3n para la evacuaci\u00f3n de animales grandes<\/li><li>Materiales para emergencias con mascotas<\/li>\n<li>Equipo de Rescate Voluntario de Emergencia (EVRT)<\/li>\n<\/ul>\t\t\t\t\t\t\t\t<\/div>\n\t\t\t\t<\/div>\n\t\t\t\t\t<\/div>\n\t\t<\/div>\n\t\t\t\t<div class=\"elementor-column elementor-col-66 elementor-top-column elementor-element elementor-element-ed5178a\" data-id=\"ed5178a\" data-element_type=\"column\" data-e-type=\"column\">\n\t\t\t<div class=\"elementor-widget-wrap elementor-element-populated\">\n\t\t\t\t\t\t<div class=\"elementor-element elementor-element-8fe1f55 elementor-widget elementor-widget-text-editor\" data-id=\"8fe1f55\" data-element_type=\"widget\" data-e-type=\"widget\" data-widget_type=\"text-editor.default\">\n\t\t\t\t<div class=\"elementor-widget-container\">\n\t\t\t\t\t\t\t\t\t<p>En caso de que se emita una orden de evacuaci\u00f3n obligatoria, los Servicios para Animales del Condado de Ventura pueden abrir y dotar de personal a ubicaciones externas a las que se puedan llevar los animales dom\u00e9sticos para su custodia. Hist\u00f3ricamente, el <strong>Recinto ferial del condado de Ventura<\/strong> ha sido uno de esos lugares. Sin embargo, durante episodios de lluvia e inundaciones, el recinto ferial del condado de Ventura no se utilizar\u00e1 para albergar animales de gran tama\u00f1o (por ejemplo, caballos), ya que esa zona se encuentra en una llanura aluvial. Toda la informaci\u00f3n relativa a los lugares de evacuaci\u00f3n de animales se publicar\u00e1 en la parte superior de este sitio web.<\/p><p>Para obtener informaci\u00f3n actualizada sobre una emergencia, visite<span style=\"color: #ff0000;\">\u00a0<a style=\"color: #ff0000;\" href=\"https:\/\/emergency.venturacounty.gov\/\" data-uw-rm-brl=\"PR\" data-uw-original-href=\"https:\/\/emergency.venturacounty.gov\/\"><strong>emergency.venturacounty.gov<\/strong><\/a><\/span>.<\/p>\t\t\t\t\t\t\t\t<\/div>\n\t\t\t\t<\/div>\n\t\t\t\t\t<\/div>\n\t\t<\/div>\n\t\t\t\t\t<\/div>\n\t\t<\/section>\n\t\t\t\t<section class=\"elementor-section elementor-top-section elementor-element elementor-element-c7494d2 elementor-section-boxed elementor-section-height-default elementor-section-height-default\" data-id=\"c7494d2\" data-element_type=\"section\" data-e-type=\"section\">\n\t\t\t\t\t\t<div class=\"elementor-container elementor-column-gap-default\">\n\t\t\t\t\t<div class=\"elementor-column elementor-col-100 elementor-top-column elementor-element elementor-element-b6b3222\" data-id=\"b6b3222\" data-element_type=\"column\" data-e-type=\"column\">\n\t\t\t<div class=\"elementor-widget-wrap elementor-element-populated\">\n\t\t\t\t\t\t<div class=\"elementor-element elementor-element-396956f elementor-widget elementor-widget-text-editor\" data-id=\"396956f\" data-element_type=\"widget\" data-e-type=\"widget\" data-widget_type=\"text-editor.default\">\n\t\t\t\t<div class=\"elementor-widget-container\">\n\t\t\t\t\t\t\t\t\t<h2>INCENDIO FORESTAL<\/h2><p>Con el aumento del riesgo de incendios forestales en el sur de California, es imprescindible que los due\u00f1os de mascotas est\u00e9n preparados para evacuar en caso de que se d\u00e9 la orden. Para aquellos que tienen <b>peque\u00f1os animales dom\u00e9sticos<\/b>, aseg\u00farate de llevar los siguientes art\u00edculos en una bolsa para llevar:<\/p><ul><li>Medicamentos para mascotas<\/li><li>Registros de vacunaci\u00f3n<\/li><li>Informaci\u00f3n sobre microchips<\/li><li>Fotograf\u00eda de cada mascota<\/li><li>Licencia de mascota (copia)<\/li><li>Informaci\u00f3n de contacto del veterinario<\/li><li>Dos (2) tazones plegables<\/li><li>Correa y collar adicionales<\/li><li>Juguetes favoritos<\/li><li>Bandeja sanitaria y arena (para gatos)<\/li><li>Mantas<\/li><\/ul><div>Los que poseen<b> animales grandes<\/b>, por favor, vea este video informativo para asegurarse de que est\u00e1 completamente preparado para evacuar en caso de que se d\u00e9 la orden.<\/div>\t\t\t\t\t\t\t\t<\/div>\n\t\t\t\t<\/div>\n\t\t\t\t\t<\/div>\n\t\t<\/div>\n\t\t\t\t\t<\/div>\n\t\t<\/section>\n\t\t\t\t<section class=\"elementor-section elementor-top-section elementor-element elementor-element-2ab320b elementor-section-boxed elementor-section-height-default elementor-section-height-default\" data-id=\"2ab320b\" data-element_type=\"section\" data-e-type=\"section\">\n\t\t\t\t\t\t<div class=\"elementor-container elementor-column-gap-default\">\n\t\t\t\t\t<div class=\"elementor-column elementor-col-100 elementor-top-column elementor-element elementor-element-a46127b\" data-id=\"a46127b\" data-element_type=\"column\" data-e-type=\"column\">\n\t\t\t<div class=\"elementor-widget-wrap elementor-element-populated\">\n\t\t\t\t\t\t<div class=\"elementor-element elementor-element-307bd61 elementor-widget elementor-widget-text-editor\" data-id=\"307bd61\" data-element_type=\"widget\" data-e-type=\"widget\" data-widget_type=\"text-editor.default\">\n\t\t\t\t<div class=\"elementor-widget-container\">\n\t\t\t\t\t\t\t\t\t<h2>MATERIALES DE EMERGENCIA PARA MASCOTAS<\/h2>\t\t\t\t\t\t\t\t<\/div>\n\t\t\t\t<\/div>\n\t\t\t\t\t<\/div>\n\t\t<\/div>\n\t\t\t\t\t<\/div>\n\t\t<\/section>\n\t\t\t\t<section class=\"elementor-section elementor-top-section elementor-element elementor-element-427d595 elementor-section-boxed elementor-section-height-default elementor-section-height-default\" data-id=\"427d595\" data-element_type=\"section\" data-e-type=\"section\">\n\t\t\t\t\t\t<div class=\"elementor-container elementor-column-gap-default\">\n\t\t\t\t\t<div class=\"elementor-column elementor-col-33 elementor-top-column elementor-element elementor-element-0a3e993\" data-id=\"0a3e993\" data-element_type=\"column\" data-e-type=\"column\">\n\t\t\t<div class=\"elementor-widget-wrap elementor-element-populated\">\n\t\t\t\t\t\t<div class=\"elementor-element elementor-element-f9550e2 elementor-widget elementor-widget-text-editor\" data-id=\"f9550e2\" data-element_type=\"widget\" data-e-type=\"widget\" data-widget_type=\"text-editor.default\">\n\t\t\t\t<div class=\"elementor-widget-container\">\n\t\t\t\t\t\t\t\t\t<p>Tarjetas para la cartera. Imprima, doble, rellene y guarde en su cartera.<\/p>\t\t\t\t\t\t\t\t<\/div>\n\t\t\t\t<\/div>\n\t\t\t\t<div class=\"elementor-element elementor-element-607164a elementor-widget elementor-widget-image\" data-id=\"607164a\" data-element_type=\"widget\" data-e-type=\"widget\" data-widget_type=\"image.default\">\n\t\t\t\t<div class=\"elementor-widget-container\">\n\t\t\t\t\t\t\t\t\t\t\t\t\t\t\t<img fetchpriority=\"high\" decoding=\"async\" width=\"819\" height=\"1024\" src=\"https:\/\/animalservices.venturacounty.gov\/wp-content\/uploads\/2023\/05\/Pet-Emergency-Card-Print-and-Fold-819x1024.jpg\" class=\"attachment-large size-large wp-image-312501\" alt=\"\" srcset=\"https:\/\/animalservices.venturacounty.gov\/wp-content\/uploads\/2023\/05\/Pet-Emergency-Card-Print-and-Fold-819x1024.jpg 819w, https:\/\/animalservices.venturacounty.gov\/wp-content\/uploads\/2023\/05\/Pet-Emergency-Card-Print-and-Fold-240x300.jpg 240w, https:\/\/animalservices.venturacounty.gov\/wp-content\/uploads\/2023\/05\/Pet-Emergency-Card-Print-and-Fold-768x960.jpg 768w, https:\/\/animalservices.venturacounty.gov\/wp-content\/uploads\/2023\/05\/Pet-Emergency-Card-Print-and-Fold-1229x1536.jpg 1229w, https:\/\/animalservices.venturacounty.gov\/wp-content\/uploads\/2023\/05\/Pet-Emergency-Card-Print-and-Fold-1639x2048.jpg 1639w\" sizes=\"(max-width: 819px) 100vw, 819px\" \/>\t\t\t\t\t\t\t\t\t\t\t\t\t\t\t<\/div>\n\t\t\t\t<\/div>\n\t\t\t\t\t<\/div>\n\t\t<\/div>\n\t\t\t\t<div class=\"elementor-column elementor-col-33 elementor-top-column elementor-element elementor-element-5f33f59\" data-id=\"5f33f59\" data-element_type=\"column\" data-e-type=\"column\">\n\t\t\t<div class=\"elementor-widget-wrap elementor-element-populated\">\n\t\t\t\t\t\t<div class=\"elementor-element elementor-element-a2160fb elementor-widget elementor-widget-text-editor\" data-id=\"a2160fb\" data-element_type=\"widget\" data-e-type=\"widget\" data-widget_type=\"text-editor.default\">\n\t\t\t\t<div class=\"elementor-widget-container\">\n\t\t\t\t\t\t\t\t\t<p>Lista de verificaci\u00f3n para la mochila de emergencia. Imprima esta lista y p\u00e9guela con cinta adhesiva en una caja o mochila.<\/p>\t\t\t\t\t\t\t\t<\/div>\n\t\t\t\t<\/div>\n\t\t\t\t<div class=\"elementor-element elementor-element-08ea87b elementor-widget elementor-widget-image\" data-id=\"08ea87b\" data-element_type=\"widget\" data-e-type=\"widget\" data-widget_type=\"image.default\">\n\t\t\t\t<div class=\"elementor-widget-container\">\n\t\t\t\t\t\t\t\t\t\t\t\t\t\t\t<img decoding=\"async\" width=\"1024\" height=\"652\" src=\"https:\/\/animalservices.venturacounty.gov\/wp-content\/uploads\/2023\/05\/Pet-Emerency-Go-Bag-Sticker-1024x652.jpg\" class=\"attachment-large size-large wp-image-312497\" alt=\"\" srcset=\"https:\/\/animalservices.venturacounty.gov\/wp-content\/uploads\/2023\/05\/Pet-Emerency-Go-Bag-Sticker-1024x652.jpg 1024w, https:\/\/animalservices.venturacounty.gov\/wp-content\/uploads\/2023\/05\/Pet-Emerency-Go-Bag-Sticker-300x191.jpg 300w, https:\/\/animalservices.venturacounty.gov\/wp-content\/uploads\/2023\/05\/Pet-Emerency-Go-Bag-Sticker-768x489.jpg 768w, https:\/\/animalservices.venturacounty.gov\/wp-content\/uploads\/2023\/05\/Pet-Emerency-Go-Bag-Sticker-1536x978.jpg 1536w, https:\/\/animalservices.venturacounty.gov\/wp-content\/uploads\/2023\/05\/Pet-Emerency-Go-Bag-Sticker-2048x1304.jpg 2048w\" sizes=\"(max-width: 1024px) 100vw, 1024px\" \/>\t\t\t\t\t\t\t\t\t\t\t\t\t\t\t<\/div>\n\t\t\t\t<\/div>\n\t\t\t\t\t<\/div>\n\t\t<\/div>\n\t\t\t\t<div class=\"elementor-column elementor-col-33 elementor-top-column elementor-element elementor-element-6cbd5d5\" data-id=\"6cbd5d5\" data-element_type=\"column\" data-e-type=\"column\">\n\t\t\t<div class=\"elementor-widget-wrap elementor-element-populated\">\n\t\t\t\t\t\t<div class=\"elementor-element elementor-element-f8f812c elementor-widget elementor-widget-text-editor\" data-id=\"f8f812c\" data-element_type=\"widget\" data-e-type=\"widget\" data-widget_type=\"text-editor.default\">\n\t\t\t\t<div class=\"elementor-widget-container\">\n\t\t\t\t\t\t\t\t\t<p>Mensaje para la ventana. Imprima, rellene, plastifique y coloque en su ventana delantera.<\/p>\t\t\t\t\t\t\t\t<\/div>\n\t\t\t\t<\/div>\n\t\t\t\t<div class=\"elementor-element elementor-element-21a07ed elementor-widget elementor-widget-image\" data-id=\"21a07ed\" data-element_type=\"widget\" data-e-type=\"widget\" data-widget_type=\"image.default\">\n\t\t\t\t<div class=\"elementor-widget-container\">\n\t\t\t\t\t\t\t\t\t\t\t\t\t\t\t<img decoding=\"async\" width=\"640\" height=\"1024\" src=\"https:\/\/animalservices.venturacounty.gov\/wp-content\/uploads\/2023\/05\/IN-CASE-OF-EMERGENCY-8x5-Sticker-640x1024.jpg\" class=\"attachment-large size-large wp-image-312498\" alt=\"\" srcset=\"https:\/\/animalservices.venturacounty.gov\/wp-content\/uploads\/2023\/05\/IN-CASE-OF-EMERGENCY-8x5-Sticker-640x1024.jpg 640w, https:\/\/animalservices.venturacounty.gov\/wp-content\/uploads\/2023\/05\/IN-CASE-OF-EMERGENCY-8x5-Sticker-188x300.jpg 188w, https:\/\/animalservices.venturacounty.gov\/wp-content\/uploads\/2023\/05\/IN-CASE-OF-EMERGENCY-8x5-Sticker-768x1228.jpg 768w, https:\/\/animalservices.venturacounty.gov\/wp-content\/uploads\/2023\/05\/IN-CASE-OF-EMERGENCY-8x5-Sticker-960x1536.jpg 960w, https:\/\/animalservices.venturacounty.gov\/wp-content\/uploads\/2023\/05\/IN-CASE-OF-EMERGENCY-8x5-Sticker-1280x2048.jpg 1280w, https:\/\/animalservices.venturacounty.gov\/wp-content\/uploads\/2023\/05\/IN-CASE-OF-EMERGENCY-8x5-Sticker.jpg 1501w\" sizes=\"(max-width: 640px) 100vw, 640px\" \/>\t\t\t\t\t\t\t\t\t\t\t\t\t\t\t<\/div>\n\t\t\t\t<\/div>\n\t\t\t\t\t<\/div>\n\t\t<\/div>\n\t\t\t\t\t<\/div>\n\t\t<\/section>\n\t\t\t\t<section class=\"elementor-section elementor-top-section elementor-element elementor-element-f7a4c67 elementor-section-boxed elementor-section-height-default elementor-section-height-default\" data-id=\"f7a4c67\" data-element_type=\"section\" data-e-type=\"section\">\n\t\t\t\t\t\t<div class=\"elementor-container elementor-column-gap-default\">\n\t\t\t\t\t<div class=\"elementor-column elementor-col-100 elementor-top-column elementor-element elementor-element-a4a07ad\" data-id=\"a4a07ad\" data-element_type=\"column\" data-e-type=\"column\">\n\t\t\t<div class=\"elementor-widget-wrap elementor-element-populated\">\n\t\t\t\t\t\t<div class=\"elementor-element elementor-element-f427731 elementor-widget elementor-widget-video\" data-id=\"f427731\" data-element_type=\"widget\" data-e-type=\"widget\" data-settings=\"{&quot;youtube_url&quot;:&quot;https:\\\/\\\/www.youtube.com\\\/watch?v=gsU1TwgisHs&quot;,&quot;video_type&quot;:&quot;youtube&quot;,&quot;controls&quot;:&quot;yes&quot;}\" data-widget_type=\"video.default\">\n\t\t\t\t<div class=\"elementor-widget-container\">\n\t\t\t\t\t\t\t<div class=\"elementor-wrapper elementor-open-inline\">\n\t\t\t<div class=\"elementor-video\"><\/div>\t\t<\/div>\n\t\t\t\t\t\t<\/div>\n\t\t\t\t<\/div>\n\t\t\t\t\t<\/div>\n\t\t<\/div>\n\t\t\t\t\t<\/div>\n\t\t<\/section>\n\t\t\t\t<section class=\"elementor-section elementor-top-section elementor-element elementor-element-5a96380 elementor-section-boxed elementor-section-height-default elementor-section-height-default\" data-id=\"5a96380\" data-element_type=\"section\" data-e-type=\"section\">\n\t\t\t\t\t\t<div class=\"elementor-container elementor-column-gap-default\">\n\t\t\t\t\t<div class=\"elementor-column elementor-col-100 elementor-top-column elementor-element elementor-element-ad76ab6\" data-id=\"ad76ab6\" data-element_type=\"column\" data-e-type=\"column\">\n\t\t\t<div class=\"elementor-widget-wrap elementor-element-populated\">\n\t\t\t\t\t\t<div class=\"elementor-element elementor-element-38e9ba4 elementor-widget elementor-widget-text-editor\" data-id=\"38e9ba4\" data-element_type=\"widget\" data-e-type=\"widget\" data-widget_type=\"text-editor.default\">\n\t\t\t\t<div class=\"elementor-widget-container\">\n\t\t\t\t\t\t\t\t\t<p>\nLos Servicios para Animales del Condado de Ventura han respondido a numerosas llamadas de auxilio durante los incendios forestales a lo largo de los a\u00f1os. Lo m\u00e1s dif\u00edcil de las evacuaciones es trabajar con personas que no estaban preparadas y necesitaban nuestra ayuda para trasladar a sus animales a un lugar seguro. Aseg\u00farese de estar completamente preparado para evacuar en caso de que se d\u00e9 la orden. <\/p>\n<p>Incendios anteriores a los que ha respondido el Servicio de Protecci\u00f3n Animal del Condado de Ventura:<\/p>\n<div class=\"elementor-widget-container\">\n<ul>\n<li>Incendio Wheeler de 1985<\/li>\n<li>Incendio de Green Meadows de 1993<\/li>\n<li>Incendio de Hopper en 1997<\/li>\n<li>Incendio de Piru de 1998<\/li>\n<li>Incendio Ranch de 1999<\/li>\n<li>Incendio de Simi de 2003<\/li>\n<li>Incendio de Topanga de 2005<\/li>\n<li>Incendio Day de 2006<\/li>\n<li>Incendio de Esperanza de 2006<\/li>\n<li>Incendio de Zaca de 2007<\/li>\n<li>Incendio de Guiberson de 2009<\/li>\n<li>Incendio de primavera de 2013<\/li>\n<li>Incendio Thomas 2017\/18<\/li>\n<li>Incendio Hill 2018<\/li>\n<li>Incendio Woolsey de 2018<\/li>\n<li>Incendio Mar\u00eda de 2019<\/li>\n<li>2019 Easy Fire<\/li><li>Incendio forestal de 2024<\/li>\n<\/ul>\n<\/div>\t\t\t\t\t\t\t\t<\/div>\n\t\t\t\t<\/div>\n\t\t\t\t\t<\/div>\n\t\t<\/div>\n\t\t\t\t\t<\/div>\n\t\t<\/section>\n\t\t\t\t<section class=\"elementor-section elementor-top-section elementor-element elementor-element-2a59684 elementor-section-boxed elementor-section-height-default elementor-section-height-default\" data-id=\"2a59684\" data-element_type=\"section\" data-e-type=\"section\">\n\t\t\t\t\t\t<div class=\"elementor-container elementor-column-gap-default\">\n\t\t\t\t\t<div class=\"elementor-column elementor-col-100 elementor-top-column elementor-element elementor-element-06aa634\" data-id=\"06aa634\" data-element_type=\"column\" data-e-type=\"column\">\n\t\t\t<div class=\"elementor-widget-wrap elementor-element-populated\">\n\t\t\t\t\t\t<div class=\"elementor-element elementor-element-6948382 elementor-widget elementor-widget-text-editor\" data-id=\"6948382\" data-element_type=\"widget\" data-e-type=\"widget\" data-widget_type=\"text-editor.default\">\n\t\t\t\t<div class=\"elementor-widget-container\">\n\t\t\t\t\t\t\t\t\t<h2><b>INUNDACIONES<\/b><\/h2><p>Ante el aumento de las lluvias torrenciales y las inundaciones en California, la Facultad de Medicina Veterinaria de la Universidad de California-Davis (UCD-SVM) ha proporcionado cuatro (4) materiales de referencia. Cada documento ofrece informaci\u00f3n espec\u00edfica para los ganaderos que se est\u00e1n preparando para las inundaciones, respondiendo a ellas y recuper\u00e1ndose de ellas:<\/p><ul><li><a href=\"http:\/\/www.wifss.ucdavis.edu\/wp-content\/uploads\/documents\/delta_fair_equine_FINAL_web.pdf\">Inundaciones y propietarios de caballos<\/a><\/li><li><a href=\"http:\/\/www.wifss.ucdavis.edu\/wp-content\/uploads\/documents\/delta_fair_livestock_FINAL_web.pdf\" target=\"_blank\" rel=\"noopener\">Inundaciones y propietarios de ganado<\/a>,<\/li><li><a href=\"https:\/\/www.wifss.ucdavis.edu\/wp-content\/uploads\/2023\/01\/Web-Page-Flood-Updated-Jan-2-2023-PDF.pdf\">Lecher\u00edas de California: c\u00f3mo hacer frente a las inundaciones y las evacuaciones<\/a><\/li><li><a href=\"https:\/\/www.wifss.ucdavis.edu\/wp-content\/uploads\/2023\/01\/Flood-Evacuation-Checklist-Updated-1-1-2023-PDF.pdf\">Lista de verificaci\u00f3n para la evacuaci\u00f3n de emergencia de una lecher\u00eda en caso de inundaci\u00f3n<\/a><\/li><\/ul>\t\t\t\t\t\t\t\t<\/div>\n\t\t\t\t<\/div>\n\t\t\t\t\t<\/div>\n\t\t<\/div>\n\t\t\t\t\t<\/div>\n\t\t<\/section>\n\t\t\t\t<section class=\"elementor-section elementor-top-section elementor-element elementor-element-f60e5f6 elementor-section-boxed elementor-section-height-default elementor-section-height-default\" data-id=\"f60e5f6\" data-element_type=\"section\" data-e-type=\"section\">\n\t\t\t\t\t\t<div class=\"elementor-container elementor-column-gap-default\">\n\t\t\t\t\t<div class=\"elementor-column elementor-col-100 elementor-top-column elementor-element elementor-element-a69d79c\" data-id=\"a69d79c\" data-element_type=\"column\" data-e-type=\"column\">\n\t\t\t<div class=\"elementor-widget-wrap elementor-element-populated\">\n\t\t\t\t\t\t<div class=\"elementor-element elementor-element-48ae664 elementor-widget elementor-widget-heading\" data-id=\"48ae664\" data-element_type=\"widget\" data-e-type=\"widget\" data-widget_type=\"heading.default\">\n\t\t\t\t<div class=\"elementor-widget-container\">\n\t\t\t\t\t<h2 class=\"elementor-heading-title elementor-size-default\">Ayuda mutua<\/h2>\t\t\t\t<\/div>\n\t\t\t\t<\/div>\n\t\t\t\t\t<\/div>\n\t\t<\/div>\n\t\t\t\t\t<\/div>\n\t\t<\/section>\n\t\t\t\t<section class=\"elementor-section elementor-top-section elementor-element elementor-element-f0678e7 elementor-section-boxed elementor-section-height-default elementor-section-height-default\" data-id=\"f0678e7\" data-element_type=\"section\" data-e-type=\"section\">\n\t\t\t\t\t\t<div class=\"elementor-container elementor-column-gap-default\">\n\t\t\t\t\t<div class=\"elementor-column elementor-col-100 elementor-top-column elementor-element elementor-element-8491c36\" data-id=\"8491c36\" data-element_type=\"column\" data-e-type=\"column\">\n\t\t\t<div class=\"elementor-widget-wrap elementor-element-populated\">\n\t\t\t\t\t\t<div class=\"elementor-element elementor-element-b6a232f elementor-widget elementor-widget-text-editor\" data-id=\"b6a232f\" data-element_type=\"widget\" data-e-type=\"widget\" data-widget_type=\"text-editor.default\">\n\t\t\t\t<div class=\"elementor-widget-container\">\n\t\t\t\t\t\t\t\t\t<p>Adem\u00e1s de proporcionar rescate y respuesta de emergencia para animales dentro del condado de Ventura, VCAS ha prestado ayuda mutua a las comunidades vecinas durante las cat\u00e1strofes declaradas. Los veteranos oficiales de control animal, Fernando Serratos y Tony Ochoa, fueron desplegados 740 kil\u00f3metros al norte, en el condado de El Dorado, para prestar ayuda mutua en el rescate de animales durante el incendio de Caldor, que quem\u00f3 897,775 hect\u00e1reas entre el 14 de agosto y el 21 de octubre de 2021.<\/p>\n<p>Los oficiales Serratos y Ochoa pasaron diecis\u00e9is (16) d\u00edas recorriendo cientos de hect\u00e1reas en coche con el fin de cuidar y rescatar a los animales que lo necesitaban. Las condiciones dentro de la zona de evacuaci\u00f3n eran muy duras. Pero, a pesar de las dif\u00edciles condiciones, los oficiales Ochoa y Serratos siguieron adelante con su labor de rescate y cuidado de cientos de animales durante su operaci\u00f3n de socorro.<\/p>\t\t\t\t\t\t\t\t<\/div>\n\t\t\t\t<\/div>\n\t\t\t\t\t<\/div>\n\t\t<\/div>\n\t\t\t\t\t<\/div>\n\t\t<\/section>\n\t\t\t\t<section class=\"elementor-section elementor-top-section elementor-element elementor-element-e5aa6ad elementor-section-boxed elementor-section-height-default elementor-section-height-default\" data-id=\"e5aa6ad\" data-element_type=\"section\" data-e-type=\"section\">\n\t\t\t\t\t\t<div class=\"elementor-container elementor-column-gap-default\">\n\t\t\t\t\t<div class=\"elementor-column elementor-col-100 elementor-top-column elementor-element elementor-element-d1fc4ff\" data-id=\"d1fc4ff\" data-element_type=\"column\" data-e-type=\"column\">\n\t\t\t<div class=\"elementor-widget-wrap elementor-element-populated\">\n\t\t\t\t\t\t<div class=\"elementor-element elementor-element-5b0f4a2 elementor-widget elementor-widget-video\" data-id=\"5b0f4a2\" data-element_type=\"widget\" data-e-type=\"widget\" data-settings=\"{&quot;youtube_url&quot;:&quot;https:\\\/\\\/www.youtube.com\\\/watch?v=IRRtQS5VuEA&quot;,&quot;video_type&quot;:&quot;youtube&quot;,&quot;controls&quot;:&quot;yes&quot;}\" data-widget_type=\"video.default\">\n\t\t\t\t<div class=\"elementor-widget-container\">\n\t\t\t\t\t\t\t<div class=\"elementor-wrapper elementor-open-inline\">\n\t\t\t<div class=\"elementor-video\"><\/div>\t\t<\/div>\n\t\t\t\t\t\t<\/div>\n\t\t\t\t<\/div>\n\t\t\t\t\t<\/div>\n\t\t<\/div>\n\t\t\t\t\t<\/div>\n\t\t<\/section>\n\t\t\t\t<section class=\"elementor-section elementor-top-section elementor-element elementor-element-b3e6175 elementor-section-boxed elementor-section-height-default elementor-section-height-default\" data-id=\"b3e6175\" data-element_type=\"section\" data-e-type=\"section\">\n\t\t\t\t\t\t<div class=\"elementor-container elementor-column-gap-default\">\n\t\t\t\t\t<div class=\"elementor-column elementor-col-100 elementor-top-column elementor-element elementor-element-81a9899\" data-id=\"81a9899\" data-element_type=\"column\" data-e-type=\"column\">\n\t\t\t<div class=\"elementor-widget-wrap elementor-element-populated\">\n\t\t\t\t\t\t<div class=\"elementor-element elementor-element-175d7a4 elementor-widget elementor-widget-text-editor\" data-id=\"175d7a4\" data-element_type=\"widget\" data-e-type=\"widget\" data-widget_type=\"text-editor.default\">\n\t\t\t\t<div class=\"elementor-widget-container\">\n\t\t\t\t\t\t\t\t\t<h2>\u00a1Reg\u00edstrate para ayudar a rescatar animales!<\/h2><p>Visita <strong><a href=\"http:\/\/animalservices.venturacounty.gov\/es\/EVRT\/\" target=\"_blank\" rel=\"noopener\">serviciosanimales.condadodeventura.gov\/EVRT<\/a><\/strong> Si est\u00e1 interesado en unirse a nuestro Equipo de Rescate Voluntario de Emergencias, que es desplegado por VCAS durante desastres declarados para ayudar en la evacuaci\u00f3n y el cuidado de animales.<\/p>\t\t\t\t\t\t\t\t<\/div>\n\t\t\t\t<\/div>\n\t\t\t\t\t<\/div>\n\t\t<\/div>\n\t\t\t\t\t<\/div>\n\t\t<\/section>\n\t\t\t\t<\/div>","protected":false},"excerpt":{"rendered":"<p>Topics on this page: Wild Fire Flooding Emergency&nbsp;Evacuation Large&nbsp;Animal&nbsp;Evacuation&nbsp;Preparedness Pet Emergency Materials Emergency Volunteer Rescue Team (EVRT) In the event a mandatory evacuation order is issued, Ventura County Animal Services may open and staff offsite locations to which owned animals may be brought for safekeeping.\u00a0 Historically the Ventura County Fairgrounds has been such a location.\u00a0 &#8230; <a title=\"Preparaci\u00f3n para desastres\" class=\"read-more\" href=\"https:\/\/animalservices.venturacounty.gov\/es\/disaster\/\" aria-label=\"Leer m\u00e1s sobre Disaster Preparedness\">Read more<\/a><\/p>","protected":false},"author":4,"featured_media":0,"parent":0,"menu_order":0,"comment_status":"closed","ping_status":"closed","template":"","meta":{"om_disable_all_campaigns":false,"_monsterinsights_skip_tracking":false,"_monsterinsights_sitenote_active":false,"_monsterinsights_sitenote_note":"","_monsterinsights_sitenote_category":0,"_uf_show_specific_survey":0,"_uf_disable_surveys":false,"footnotes":""},"class_list":["post-310749","page","type-page","status-publish"],"aioseo_notices":[],"_links":{"self":[{"href":"https:\/\/animalservices.venturacounty.gov\/es\/wp-json\/wp\/v2\/pages\/310749","targetHints":{"allow":["GET"]}}],"collection":[{"href":"https:\/\/animalservices.venturacounty.gov\/es\/wp-json\/wp\/v2\/pages"}],"about":[{"href":"https:\/\/animalservices.venturacounty.gov\/es\/wp-json\/wp\/v2\/types\/page"}],"author":[{"embeddable":true,"href":"https:\/\/animalservices.venturacounty.gov\/es\/wp-json\/wp\/v2\/users\/4"}],"replies":[{"embeddable":true,"href":"https:\/\/animalservices.venturacounty.gov\/es\/wp-json\/wp\/v2\/comments?post=310749"}],"version-history":[{"count":0,"href":"https:\/\/animalservices.venturacounty.gov\/es\/wp-json\/wp\/v2\/pages\/310749\/revisions"}],"wp:attachment":[{"href":"https:\/\/animalservices.venturacounty.gov\/es\/wp-json\/wp\/v2\/media?parent=310749"}],"curies":[{"name":"wp","href":"https:\/\/api.w.org\/{rel}","templated":true}]}}