{"id":2163,"date":"2020-08-26T21:43:37","date_gmt":"2020-08-26T21:43:37","guid":{"rendered":"http:\/\/animalservices.venturacounty.gov\/?page_id=2163"},"modified":"2025-05-30T10:58:23","modified_gmt":"2025-05-30T17:58:23","slug":"wishlist","status":"publish","type":"page","link":"https:\/\/animalservices.venturacounty.gov\/es\/wishlist\/","title":{"rendered":"Lista de deseos"},"content":{"rendered":"<div data-elementor-type=\"wp-page\" data-elementor-id=\"2163\" class=\"elementor elementor-2163\" data-elementor-post-type=\"page\">\n\t\t\t\t\t\t<section class=\"elementor-section elementor-top-section elementor-element elementor-element-4ac2da3 elementor-section-boxed elementor-section-height-default elementor-section-height-default\" data-id=\"4ac2da3\" data-element_type=\"section\" data-e-type=\"section\">\n\t\t\t\t\t\t<div class=\"elementor-container elementor-column-gap-default\">\n\t\t\t\t\t<div class=\"elementor-column elementor-col-100 elementor-top-column elementor-element elementor-element-585d211\" data-id=\"585d211\" data-element_type=\"column\" data-e-type=\"column\">\n\t\t\t<div class=\"elementor-widget-wrap elementor-element-populated\">\n\t\t\t\t\t\t<div class=\"elementor-element elementor-element-cc3a9c7 elementor-widget elementor-widget-text-editor\" data-id=\"cc3a9c7\" data-element_type=\"widget\" data-e-type=\"widget\" data-widget_type=\"text-editor.default\">\n\t\t\t\t<div class=\"elementor-widget-container\">\n\t\t\t\t\t\t\t\t\t<p>\u00a1VCAS agradece enormemente su generosidad! Somos una organizaci\u00f3n que salva vidas gracias a su bondad. VCAS mantiene dos (2) listas de deseos. 1) Una&nbsp;<strong><a href=\"https:\/\/www.amazon.com\/hz\/wishlist\/ls\/V6KOK9PWRSF6\">Lista de deseos de Amazon<\/a><\/strong> (actualizada diariamente) de art\u00edculos seleccionados espec\u00edficamente para nuestros animales y programas, y 2) Una lista general de art\u00edculos que normalmente se pueden encontrar en casa. Podemos <u><b>SOLO<\/b><\/u> toma el <span style=\"color: #00954a;\"><strong>art\u00edculos aceptados<\/strong><\/span> que se enumeran a continuaci\u00f3n. Por favor, evite traer al refugio cualquier otro art\u00edculo que no figure en la lista.<\/p><p><b>ENTREGA DE DONACIONES<\/b>Los contenedores para donaciones se encuentran fuera del Refugio de Animales de Camarillo las 24 horas del d\u00eda, los 7 d\u00edas de la semana. Y los contenedores para donaciones se encuentran dentro del Refugio de Animales de Simi Valley durante el horario normal de atenci\u00f3n. \u00a1Gracias por su apoyo!<\/p>\t\t\t\t\t\t\t\t<\/div>\n\t\t\t\t<\/div>\n\t\t\t\t\t<\/div>\n\t\t<\/div>\n\t\t\t\t\t<\/div>\n\t\t<\/section>\n\t\t\t\t<section class=\"elementor-section elementor-top-section elementor-element elementor-element-dc2ac93 elementor-section-boxed elementor-section-height-default elementor-section-height-default\" data-id=\"dc2ac93\" data-element_type=\"section\" data-e-type=\"section\">\n\t\t\t\t\t\t<div class=\"elementor-container elementor-column-gap-extended\">\n\t\t\t\t\t<div class=\"elementor-column elementor-col-50 elementor-top-column elementor-element elementor-element-2a67a7f\" data-id=\"2a67a7f\" data-element_type=\"column\" data-e-type=\"column\">\n\t\t\t<div class=\"elementor-widget-wrap elementor-element-populated\">\n\t\t\t\t\t\t<div class=\"elementor-element elementor-element-98b5852 elementor-widget elementor-widget-text-editor\" data-id=\"98b5852\" data-element_type=\"widget\" data-e-type=\"widget\" data-widget_type=\"text-editor.default\">\n\t\t\t\t<div class=\"elementor-widget-container\">\n\t\t\t\t\t\t\t\t\t<pre><span style=\"color: #00954a;\"><strong>\u2713 Art\u00edculos que <em><span style=\"text-decoration: underline;\">puede<\/span><\/em> aceptar.<\/strong><\/span><\/pre><ol><li>Mantas\/toallas (principalmente toallas)<\/li><li>Lej\u00eda<\/li><li>Jab\u00f3n para lavar platos (l\u00edquido)<\/li><li>Alimentos para mascotas (sin abrir, con etiqueta y sin fecha de caducidad vencida).<\/li><li>Alimentos para mascotas recetados (sin abrir y sin fecha de caducidad vencida).<\/li><li>Jaulas para mascotas (solo tama\u00f1os peque\u00f1os)<\/li><li>Esponjas<\/li><\/ol>\t\t\t\t\t\t\t\t<\/div>\n\t\t\t\t<\/div>\n\t\t\t\t\t<\/div>\n\t\t<\/div>\n\t\t\t\t<div class=\"elementor-column elementor-col-50 elementor-top-column elementor-element elementor-element-b5542d9\" data-id=\"b5542d9\" data-element_type=\"column\" data-e-type=\"column\">\n\t\t\t<div class=\"elementor-widget-wrap elementor-element-populated\">\n\t\t\t\t\t\t<div class=\"elementor-element elementor-element-e87e018 elementor-widget elementor-widget-text-editor\" data-id=\"e87e018\" data-element_type=\"widget\" data-e-type=\"widget\" data-widget_type=\"text-editor.default\">\n\t\t\t\t<div class=\"elementor-widget-container\">\n\t\t\t\t\t\t\t\t\t<pre><strong><span style=\"color: #db0000;\">\u2718\u00a0<\/span> <span style=\"color: #ff0000;\">Art\u00edculos que\u00a0<i><u>puede<\/u><\/i><em><span style=\"text-decoration: underline;\">no<\/span><\/em> aceptar.<\/span><\/strong><\/pre><p>Desafortunadamente, nosotros <strong>no puedo aceptar<\/strong> Cualquier otra donaci\u00f3n desde casa, excepto las 7 que se enumeran aqu\u00ed.<\/p><p>Sin embargo, tenemos una lista de deseos de Amazon (actualizada diariamente) con los art\u00edculos que necesitamos. \u00a0<a href=\"https:\/\/www.amazon.com\/gp\/registry\/wishlist\/V6KOK9PWRSF6\">Toca\/haz clic aqu\u00ed<\/a> para ver esa lista de deseos. \u00a1Gracias!<\/p>\t\t\t\t\t\t\t\t<\/div>\n\t\t\t\t<\/div>\n\t\t\t\t\t<\/div>\n\t\t<\/div>\n\t\t\t\t\t<\/div>\n\t\t<\/section>\n\t\t\t\t<section class=\"elementor-section elementor-top-section elementor-element elementor-element-58a7d94 elementor-section-boxed elementor-section-height-default elementor-section-height-default\" data-id=\"58a7d94\" data-element_type=\"section\" data-e-type=\"section\">\n\t\t\t\t\t\t<div class=\"elementor-container elementor-column-gap-default\">\n\t\t\t\t\t<div class=\"elementor-column elementor-col-100 elementor-top-column elementor-element elementor-element-bc216b2\" data-id=\"bc216b2\" data-element_type=\"column\" data-e-type=\"column\">\n\t\t\t<div class=\"elementor-widget-wrap\">\n\t\t\t\t\t\t\t<\/div>\n\t\t<\/div>\n\t\t\t\t\t<\/div>\n\t\t<\/section>\n\t\t\t\t<\/div>","protected":false},"excerpt":{"rendered":"<p>VCAS greatly appreciates your generosity! &nbsp;We are a successful lifesaving organization due to your kindheartedness. &nbsp;VCAS maintains two (2) wish lists. &nbsp;1) &nbsp;An&nbsp;Amazon Wish List (updated daily) of items specifically chosen for our animals and programs, and 2) &nbsp;A general wish list of items that can typically be found around the house. &nbsp;We can ONLY &#8230; <a title=\"Lista de deseos\" class=\"read-more\" href=\"https:\/\/animalservices.venturacounty.gov\/es\/wishlist\/\" aria-label=\"Leer m\u00e1s sobre Wish List\">Read more<\/a><\/p>","protected":false},"author":7,"featured_media":0,"parent":0,"menu_order":0,"comment_status":"closed","ping_status":"closed","template":"","meta":{"om_disable_all_campaigns":false,"_monsterinsights_skip_tracking":false,"_monsterinsights_sitenote_active":false,"_monsterinsights_sitenote_note":"","_monsterinsights_sitenote_category":0,"_uf_show_specific_survey":0,"_uf_disable_surveys":false,"footnotes":""},"class_list":["post-2163","page","type-page","status-publish"],"aioseo_notices":[],"_links":{"self":[{"href":"https:\/\/animalservices.venturacounty.gov\/es\/wp-json\/wp\/v2\/pages\/2163","targetHints":{"allow":["GET"]}}],"collection":[{"href":"https:\/\/animalservices.venturacounty.gov\/es\/wp-json\/wp\/v2\/pages"}],"about":[{"href":"https:\/\/animalservices.venturacounty.gov\/es\/wp-json\/wp\/v2\/types\/page"}],"author":[{"embeddable":true,"href":"https:\/\/animalservices.venturacounty.gov\/es\/wp-json\/wp\/v2\/users\/7"}],"replies":[{"embeddable":true,"href":"https:\/\/animalservices.venturacounty.gov\/es\/wp-json\/wp\/v2\/comments?post=2163"}],"version-history":[{"count":0,"href":"https:\/\/animalservices.venturacounty.gov\/es\/wp-json\/wp\/v2\/pages\/2163\/revisions"}],"wp:attachment":[{"href":"https:\/\/animalservices.venturacounty.gov\/es\/wp-json\/wp\/v2\/media?parent=2163"}],"curies":[{"name":"wp","href":"https:\/\/api.w.org\/{rel}","templated":true}]}}