{"id":7126,"date":"2021-01-29T22:25:22","date_gmt":"2021-01-29T22:25:22","guid":{"rendered":"http:\/\/animalservices.venturacounty.gov\/?page_id=7126"},"modified":"2021-01-29T22:38:49","modified_gmt":"2021-01-29T22:38:49","slug":"dogs-text-test","status":"publish","type":"page","link":"https:\/\/animalservices.venturacounty.gov\/de\/dogs-text-test\/","title":{"rendered":"Dogs Text Test"},"content":{"rendered":"<div data-elementor-type=\"section\" data-elementor-id=\"7127\" class=\"elementor elementor-7127\" data-elementor-post-type=\"elementor_library\">\n\t\t\t\t\t<section class=\"elementor-section elementor-top-section elementor-element elementor-element-6256a5ed elementor-section-boxed elementor-section-height-default elementor-section-height-default\" data-id=\"6256a5ed\" data-element_type=\"section\" data-e-type=\"section\">\n\t\t\t\t\t\t<div class=\"elementor-container elementor-column-gap-default\">\n\t\t\t\t\t<div class=\"elementor-column elementor-col-100 elementor-top-column elementor-element elementor-element-4f336d80\" data-id=\"4f336d80\" data-element_type=\"column\" data-e-type=\"column\">\n\t\t\t<div class=\"elementor-widget-wrap elementor-element-populated\">\n\t\t\t\t\t\t<div class=\"elementor-element elementor-element-222d43b9 elementor-widget elementor-widget-text-editor\" data-id=\"222d43b9\" data-element_type=\"widget\" data-e-type=\"widget\" data-widget_type=\"text-editor.default\">\n\t\t\t\t<div class=\"elementor-widget-container\">\n\t\t\t\t\t\t\t\t\t<p>Ventura County Animal Services k\u00fcmmert sich sehr um die Tiere, die in unser Tierheim kommen.  Manche Tiere kommen gl\u00fccklich und gesund an, andere wiederum sind ver\u00e4ngstigt, verletzt, krank oder haben Verhaltensprobleme, die von unseren engagierten Teams behandelt werden m\u00fcssen, um gebrochene Knochen zu flicken und gebrochene Herzen zu heilen.  Unser <strong>h\u00f6chste Priorit\u00e4t<\/strong> is to reunite lost pets with their owners. &nbsp;Lost\/stray animals are placed on a&nbsp;<strong>5-Tage-Frist<\/strong> to give their owners time to find them. &nbsp;Animals who arrive wearing ID that leads to a known owner, are placed on a&nbsp;<strong>7-Tage-Frist<\/strong>. &nbsp;Please check each animals adoption date regularly as that date may change during their stay.<\/p>\n<p>If you recognize your lost pet, please reclaim them during&nbsp;<a href=\"#shelters\" data-uw-rm-brl=\"PR\" data-uw-original-href=\"#shelters\">normale Gesch\u00e4ftszeiten<\/a>.  Besuchen Sie unser&nbsp;<a href=\"\/de\/lostandfound\/\" target=\"_blank\" rel=\"noopener noreferrer\" data-uw-rm-brl=\"PR\" data-uw-original-href=\"\/lostandfound\" aria-label=\"Lost and Found - in einem neuen Tab \u00f6ffnen\" data-uw-rm-ext-link=\"\">Verloren und gefunden<\/a>&nbsp;page&nbsp;to view animals found by good Samaritans. &nbsp;Animals who have not been reclaimed by their owner are made available to adopt after their stray hold has passed. &nbsp;If you are tracking an animal on our website and they suddenly disappear, it is likely because their owner came to pick them up.<\/p>\t\t\t\t\t\t\t\t<\/div>\n\t\t\t\t<\/div>\n\t\t\t\t\t<\/div>\n\t\t<\/div>\n\t\t\t\t\t<\/div>\n\t\t<\/section>\n\t\t\t\t<\/div>\n\t\t\n<center><\/center><br \/>\n\t\t<div data-elementor-type=\"section\" data-elementor-id=\"7125\" class=\"elementor elementor-7125\" data-elementor-post-type=\"elementor_library\">\n\t\t\t\t\t<section class=\"elementor-section elementor-top-section elementor-element elementor-element-2d44559a elementor-section-boxed elementor-section-height-default elementor-section-height-default\" data-id=\"2d44559a\" data-element_type=\"section\" data-e-type=\"section\">\n\t\t\t\t\t\t<div class=\"elementor-container elementor-column-gap-default\">\n\t\t\t\t\t<div class=\"elementor-column elementor-col-100 elementor-top-column elementor-element elementor-element-413484b6\" data-id=\"413484b6\" data-element_type=\"column\" data-e-type=\"column\">\n\t\t\t<div class=\"elementor-widget-wrap elementor-element-populated\">\n\t\t\t\t\t\t<div class=\"elementor-element elementor-element-a69c2cc elementor-widget elementor-widget-spacer\" data-id=\"a69c2cc\" data-element_type=\"widget\" data-e-type=\"widget\" data-widget_type=\"spacer.default\">\n\t\t\t\t<div class=\"elementor-widget-container\">\n\t\t\t\t\t\t\t<div class=\"elementor-spacer\">\n\t\t\t<div class=\"elementor-spacer-inner\"><\/div>\n\t\t<\/div>\n\t\t\t\t\t\t<\/div>\n\t\t\t\t<\/div>\n\t\t\t\t<div class=\"elementor-element elementor-element-e42fd7c elementor-widget elementor-widget-heading\" data-id=\"e42fd7c\" data-element_type=\"widget\" data-e-type=\"widget\" data-widget_type=\"heading.default\">\n\t\t\t\t<div class=\"elementor-widget-container\">\n\t\t\t\t\t<h2 class=\"elementor-heading-title elementor-size-default\">Tierische Legende<\/h2>\t\t\t\t<\/div>\n\t\t\t\t<\/div>\n\t\t\t\t<div class=\"elementor-element elementor-element-51875f28 elementor-widget elementor-widget-text-editor\" data-id=\"51875f28\" data-element_type=\"widget\" data-e-type=\"widget\" data-widget_type=\"text-editor.default\">\n\t\t\t\t<div class=\"elementor-widget-container\">\n\t\t\t\t\t\t\t\t\t<p><strong>TIERBESCHREIBUNG<\/strong>:  \u00dcber jedes Tier, das in unsere Obhut genommen wird, werden Daten gesammelt.  Diese Daten k\u00f6nnen sich im Laufe der Zeit, die ein Tier bei uns verbringt, \u00e4ndern.<\/p>\t\t\t\t\t\t\t\t<\/div>\n\t\t\t\t<\/div>\n\t\t\t\t<div class=\"elementor-element elementor-element-79c8f85f elementor-widget elementor-widget-eael-advanced-data-table\" data-id=\"79c8f85f\" data-element_type=\"widget\" data-e-type=\"widget\" data-widget_type=\"eael-advanced-data-table.default\">\n\t\t\t\t<div class=\"elementor-widget-container\">\n\t\t\t\t\t<div class=\"ea-advanced-data-table-wrap\" data-id=\"79c8f85f\"><div class=\"ea-advanced-data-table-wrap-inner\">\n                <table class=\"ea-advanced-data-table ea-advanced-data-table-static ea-advanced-data-table-79c8f85f\" data-id=\"79c8f85f\"><thead><\/thead><tbody><tr><td><p><strong>Tier-ID<\/strong><\/p><\/td><td><p>Bitte verwenden Sie diese eindeutige Nummer, wenn Sie sich auf Tiere beziehen.<\/p><\/td><\/tr><tr><td><p><strong>Name<\/strong><\/p><\/td><td><p>Einige Tiere werden mit Namen abgegeben. Sobald Tiere zur Adoption freigegeben werden, k\u00f6nnen die Mitarbeiter des VCAS und\/oder Freiwillige die Tiere benennen.<\/p><\/td><\/tr><tr><td><p><strong>Alter<\/strong><\/p><\/td><td><p>Dies ist unsere beste Sch\u00e4tzung auf der Grundlage des K\u00f6rperzustands, der Z\u00e4hne, Augen usw. zum Zeitpunkt der Beschlagnahme.<\/p><\/td><\/tr><tr><td><p><strong>Gewicht<\/strong><\/p><\/td><td><p>Die Tiere werden bei der Aufnahme und bei sp\u00e4teren medizinischen Untersuchungen gewogen.<\/p><\/td><\/tr><tr><td><p><strong>Geschlecht<\/strong><\/p><\/td><td><p>Steht vor dem Geschlecht eines Tieres nicht \u201ckastriert\u201d oder \u201ckastriert\u201d, so bedeutet dies, dass das Tier entweder noch intakt ist oder nicht nachweislich kastriert wurde.<\/p><\/td><\/tr><tr><td><p><strong>Rasse<\/strong><\/p><\/td><td><p>Dies ist unsere beste Vermutung, die auf der Erfahrung unseres Teams beruht, nicht auf einem DNA-Profil.<\/p><\/td><\/tr><tr><td><p><strong>Datum der Aufnahme<\/strong><\/p><\/td><td><p>Das Datum, an dem das Tier in unserem System beschlagnahmt wurde.<\/p><\/td><\/tr><tr><td><p><strong>Anzunehmender Termin<\/strong><\/p><\/td><td><p>Das Datum, an dem das Tier adoptiert werden kann. Die Tiere werden in der Regel 5 oder 10 Tage zur\u00fcckgehalten, um ihren Besitzern Zeit zu geben, sie zu finden. Verabredungen <strong><u>kann nicht<\/u><\/strong> f\u00fcr Tiere, die in der Zukunft einen \u201cAdoptions-Termin\u201d haben, gemacht werden.<\/p><\/td><\/tr><tr><td><p><strong>Zwinger<\/strong><\/p><\/td><td><p><strong>Zwinger 001-899<\/strong> sind im Tierheim Camarillo.<\/p><p><strong>Zwinger 900 - 998<\/strong> sind im Tierheim von Simi Valley zu finden.&nbsp;<\/p><p>Tiere im Zwinger \u201c<strong>Foster<\/strong>\u201d sind in Pflegefamilien untergebracht und stehen zur Adoption bereit.<\/p><p>Tiere im Zwinger \u201c<strong>Offsite<\/strong>\u201d sind vor\u00fcbergehend in einer Partnereinrichtung (Petco, PetSmart usw.) untergebracht und k\u00f6nnen von dort aus adoptiert werden.<\/p><\/td><\/tr><tr><td><p><strong>Stadt gefunden<\/strong><\/p><\/td><td><p>Die Stadt, in der das Tier gefunden oder als gefunden gemeldet wurde.<\/p><\/td><\/tr><tr><td><p><strong>Unterbringung<\/strong><\/p><\/td><td><p>Ort, an dem das Tier derzeit lebt.<\/p><\/td><\/tr><\/tbody><\/table>\n            <\/div><\/div>\t\t\t\t<\/div>\n\t\t\t\t<\/div>\n\t\t\t\t<div class=\"elementor-element elementor-element-6ebf8e77 elementor-widget elementor-widget-text-editor\" data-id=\"6ebf8e77\" data-element_type=\"widget\" data-e-type=\"widget\" data-widget_type=\"text-editor.default\">\n\t\t\t\t<div class=\"elementor-widget-container\">\n\t\t\t\t\t\t\t\t\t<p><strong>TAGS:<\/strong>\u00a0 Dieses farbcodierte System liefert zus\u00e4tzliche Informationen \u00fcber die Tiere in unserer Obhut.  Diese Markierungen k\u00f6nnen sich w\u00e4hrend der Zeit, die das Tier bei uns verbringt, \u00e4ndern.<\/p>\t\t\t\t\t\t\t\t<\/div>\n\t\t\t\t<\/div>\n\t\t\t\t<div class=\"elementor-element elementor-element-66e00a24 elementor-widget elementor-widget-eael-advanced-data-table\" data-id=\"66e00a24\" data-element_type=\"widget\" data-e-type=\"widget\" data-widget_type=\"eael-advanced-data-table.default\">\n\t\t\t\t<div class=\"elementor-widget-container\">\n\t\t\t\t\t<div class=\"ea-advanced-data-table-wrap\" data-id=\"66e00a24\"><div class=\"ea-advanced-data-table-wrap-inner\">\n                <table class=\"ea-advanced-data-table ea-advanced-data-table-static ea-advanced-data-table-66e00a24\" data-id=\"66e00a24\"><thead><tr><th><p>TAGS<\/p><\/th><th><p>BESCHREIBUNG<\/p><\/th><\/tr><\/thead><tbody><tr><td><p><strong>Anh\u00e4ngige Adoption<\/strong><\/p><\/td><td><p><span>F\u00fcr dieses Tier ist eine Adoption geplant. <\/span><\/p><\/td><\/tr><tr><td><p><strong>Rettungstransfer ausstehend<\/strong><\/p><\/td><td><p><span>Dieses Tier ist in Vorbereitung auf die \u00dcbergabe an einen Transfer-Rettungspartner.<\/span><\/p><\/td><\/tr><tr><td><p><strong>Unter Bewertung<\/strong><\/p><\/td><td><p><span>Dieses Tier befindet sich in einer medizinischen und\/oder verhaltensmedizinischen Untersuchung.<\/span><\/p><\/td><\/tr><tr><td><p><strong>Rettungstransfer bevorzugt<\/strong><\/p><\/td><td><p><span>Dieses Tier w\u00e4re am besten f\u00fcr einen Rescue Transfer Partner geeignet.<\/span><\/p><\/td><\/tr><tr><td><p><strong>Medizinischer Halt<\/strong><strong>&nbsp;<\/strong><\/p><\/td><td><p><span>Dieses Tier ist in medizinischer Obhut.<\/span><\/p><\/td><\/tr><tr><td><p><strong>Quarant\u00e4ne<\/strong><\/p><\/td><td><p><span>Dieses Tier befindet sich aus Gesundheits- und\/oder Sicherheitsgr\u00fcnden unter Quarant\u00e4ne.<\/span><\/p><\/td><\/tr><\/tbody><\/table>\n            <\/div><\/div>\t\t\t\t<\/div>\n\t\t\t\t<\/div>\n\t\t\t\t<div class=\"elementor-element elementor-element-3200b039 elementor-widget elementor-widget-text-editor\" data-id=\"3200b039\" data-element_type=\"widget\" data-e-type=\"widget\" data-widget_type=\"text-editor.default\">\n\t\t\t\t<div class=\"elementor-widget-container\">\n\t\t\t\t\t\t\t\t\t<p><strong><span style=\"color: #f27900;\">\u2588\u00a0<\/span><\/strong>\u00a0- Tier ist vergeben und wird <strong><span style=\"text-decoration: underline;\">nicht<\/span><\/strong> zur Adoption freigegeben.<br \/><br \/><span style=\"color: #7f00ff;\"><strong>\u2588<\/strong><\/span>\u00a0- Tier ist derzeit\u00a0<span style=\"text-decoration: underline;\"><strong>nicht<\/strong><\/span>\u00a0zur Adoption freigegeben.<\/p>\t\t\t\t\t\t\t\t<\/div>\n\t\t\t\t<\/div>\n\t\t\t\t<div class=\"elementor-element elementor-element-edb5cd6 elementor-widget elementor-widget-spacer\" data-id=\"edb5cd6\" data-element_type=\"widget\" data-e-type=\"widget\" data-widget_type=\"spacer.default\">\n\t\t\t\t<div class=\"elementor-widget-container\">\n\t\t\t\t\t\t\t<div class=\"elementor-spacer\">\n\t\t\t<div class=\"elementor-spacer-inner\"><\/div>\n\t\t<\/div>\n\t\t\t\t\t\t<\/div>\n\t\t\t\t<\/div>\n\t\t\t\t\t<\/div>\n\t\t<\/div>\n\t\t\t\t\t<\/div>\n\t\t<\/section>\n\t\t\t\t<\/div>","protected":false},"excerpt":{"rendered":"","protected":false},"author":1,"featured_media":0,"parent":0,"menu_order":0,"comment_status":"closed","ping_status":"closed","template":"","meta":{"om_disable_all_campaigns":false,"_monsterinsights_skip_tracking":false,"_monsterinsights_sitenote_active":false,"_monsterinsights_sitenote_note":"","_monsterinsights_sitenote_category":0,"_uf_show_specific_survey":0,"_uf_disable_surveys":false,"footnotes":""},"class_list":["post-7126","page","type-page","status-publish"],"aioseo_notices":[],"_links":{"self":[{"href":"https:\/\/animalservices.venturacounty.gov\/de\/wp-json\/wp\/v2\/pages\/7126","targetHints":{"allow":["GET"]}}],"collection":[{"href":"https:\/\/animalservices.venturacounty.gov\/de\/wp-json\/wp\/v2\/pages"}],"about":[{"href":"https:\/\/animalservices.venturacounty.gov\/de\/wp-json\/wp\/v2\/types\/page"}],"author":[{"embeddable":true,"href":"https:\/\/animalservices.venturacounty.gov\/de\/wp-json\/wp\/v2\/users\/1"}],"replies":[{"embeddable":true,"href":"https:\/\/animalservices.venturacounty.gov\/de\/wp-json\/wp\/v2\/comments?post=7126"}],"version-history":[{"count":0,"href":"https:\/\/animalservices.venturacounty.gov\/de\/wp-json\/wp\/v2\/pages\/7126\/revisions"}],"wp:attachment":[{"href":"https:\/\/animalservices.venturacounty.gov\/de\/wp-json\/wp\/v2\/media?parent=7126"}],"curies":[{"name":"wp","href":"https:\/\/api.w.org\/{rel}","templated":true}]}}