{"id":549,"date":"2020-06-05T21:13:18","date_gmt":"2020-06-05T21:13:18","guid":{"rendered":"http:\/\/animalservices.venturacounty.gov\/?page_id=549"},"modified":"2026-04-23T11:08:19","modified_gmt":"2026-04-23T18:08:19","slug":"licensing","status":"publish","type":"page","link":"https:\/\/animalservices.venturacounty.gov\/de\/licensing\/","title":{"rendered":"Lizenzvergabe"},"content":{"rendered":"<div data-elementor-type=\"wp-page\" data-elementor-id=\"549\" class=\"elementor elementor-549\" data-elementor-post-type=\"page\">\n\t\t\t\t\t\t<section class=\"elementor-section elementor-top-section elementor-element elementor-element-0f69953 elementor-section-boxed elementor-section-height-default elementor-section-height-default\" data-id=\"0f69953\" data-element_type=\"section\" data-e-type=\"section\">\n\t\t\t\t\t\t<div class=\"elementor-container elementor-column-gap-default\">\n\t\t\t\t\t<div class=\"elementor-column elementor-col-33 elementor-top-column elementor-element elementor-element-4b2e3c6 elementor-hidden-tablet elementor-hidden-mobile\" data-id=\"4b2e3c6\" data-element_type=\"column\" data-e-type=\"column\">\n\t\t\t<div class=\"elementor-widget-wrap elementor-element-populated\">\n\t\t\t\t\t\t<div class=\"elementor-element elementor-element-43913bc elementor-widget elementor-widget-image\" data-id=\"43913bc\" data-element_type=\"widget\" data-e-type=\"widget\" data-widget_type=\"image.default\">\n\t\t\t\t<div class=\"elementor-widget-container\">\n\t\t\t\t\t\t\t\t\t\t\t\t\t\t\t\t<a href=\"https:\/\/vcas.docupet.com\/\">\n\t\t\t\t\t\t\t<img fetchpriority=\"high\" decoding=\"async\" width=\"1024\" height=\"853\" src=\"https:\/\/animalservices.venturacounty.gov\/wp-content\/uploads\/2023\/10\/DocuPet-Tag-1024x853.png\" class=\"attachment-large size-large wp-image-314557\" alt=\"\" srcset=\"https:\/\/animalservices.venturacounty.gov\/wp-content\/uploads\/2023\/10\/DocuPet-Tag-1024x853.png 1024w, https:\/\/animalservices.venturacounty.gov\/wp-content\/uploads\/2023\/10\/DocuPet-Tag-300x250.png 300w, https:\/\/animalservices.venturacounty.gov\/wp-content\/uploads\/2023\/10\/DocuPet-Tag-768x640.png 768w, https:\/\/animalservices.venturacounty.gov\/wp-content\/uploads\/2023\/10\/DocuPet-Tag.png 1200w\" sizes=\"(max-width: 1024px) 100vw, 1024px\" \/>\t\t\t\t\t\t\t\t<\/a>\n\t\t\t\t\t\t\t\t\t\t\t\t\t\t\t<\/div>\n\t\t\t\t<\/div>\n\t\t\t\t<div class=\"elementor-element elementor-element-4f883f4 elementor-widget elementor-widget-image\" data-id=\"4f883f4\" data-element_type=\"widget\" data-e-type=\"widget\" data-widget_type=\"image.default\">\n\t\t\t\t<div class=\"elementor-widget-container\">\n\t\t\t\t\t\t\t\t\t\t\t\t\t\t\t\t<a href=\"https:\/\/vcas.docupet.com\/\">\n\t\t\t\t\t\t\t<img decoding=\"async\" width=\"893\" height=\"1024\" src=\"https:\/\/animalservices.venturacounty.gov\/wp-content\/uploads\/2024\/03\/a8ed77d17377c4353f00010dc27016cd5836e956c9c495aebb821ee61e78118f-893x1024.png\" class=\"attachment-large size-large wp-image-314668\" alt=\"\" srcset=\"https:\/\/animalservices.venturacounty.gov\/wp-content\/uploads\/2024\/03\/a8ed77d17377c4353f00010dc27016cd5836e956c9c495aebb821ee61e78118f-893x1024.png 893w, https:\/\/animalservices.venturacounty.gov\/wp-content\/uploads\/2024\/03\/a8ed77d17377c4353f00010dc27016cd5836e956c9c495aebb821ee61e78118f-262x300.png 262w, https:\/\/animalservices.venturacounty.gov\/wp-content\/uploads\/2024\/03\/a8ed77d17377c4353f00010dc27016cd5836e956c9c495aebb821ee61e78118f-768x880.png 768w, https:\/\/animalservices.venturacounty.gov\/wp-content\/uploads\/2024\/03\/a8ed77d17377c4353f00010dc27016cd5836e956c9c495aebb821ee61e78118f.png 910w\" sizes=\"(max-width: 893px) 100vw, 893px\" \/>\t\t\t\t\t\t\t\t<\/a>\n\t\t\t\t\t\t\t\t\t\t\t\t\t\t\t<\/div>\n\t\t\t\t<\/div>\n\t\t\t\t<div class=\"elementor-element elementor-element-e0b480b elementor-widget elementor-widget-text-editor\" data-id=\"e0b480b\" data-element_type=\"widget\" data-e-type=\"widget\" data-widget_type=\"text-editor.default\">\n\t\t\t\t<div class=\"elementor-widget-container\">\n\t\t\t\t\t\t\t\t\t<p>Beispiel-Tag<\/p>\t\t\t\t\t\t\t\t<\/div>\n\t\t\t\t<\/div>\n\t\t\t\t\t<\/div>\n\t\t<\/div>\n\t\t\t\t<div class=\"elementor-column elementor-col-66 elementor-top-column elementor-element elementor-element-99ec80c\" data-id=\"99ec80c\" data-element_type=\"column\" data-e-type=\"column\">\n\t\t\t<div class=\"elementor-widget-wrap elementor-element-populated\">\n\t\t\t\t\t\t<div class=\"elementor-element elementor-element-d9c6aab elementor-widget elementor-widget-text-editor\" data-id=\"d9c6aab\" data-element_type=\"widget\" data-e-type=\"widget\" data-widget_type=\"text-editor.default\">\n\t\t\t\t<div class=\"elementor-widget-container\">\n\t\t\t\t\t\t\t\t\t<p>Ventura County Animal Services hat eine Partnerschaft mit <span style=\"font-weight: bold;\">DocuPet<\/span>\u00a0um den Einwohnern ein besseres Erlebnis bei der Ausstellung von Heimtierscheinen zu bieten!  Die Lizenz f\u00fcr Ihr Haustier enth\u00e4lt jetzt die kostenlose DocuPet <i>HomeSafe<span style=\"font-size: 11.25px; height: 0px; line-height: 0; position: relative; vertical-align: baseline; bottom: 1ex;\">TM<\/span><\/i>\u00a024\/7-Service f\u00fcr entlaufene Haustiere und Designer-Lizenzschilder mit Personalisierungsoptionen.<\/p><p>Wenn Sie Ihr Haustier bei VCAS lizenzieren, erhalten Sie eine individuelle Lizenzmarke, die Sie am Halsband des Tieres befestigen k\u00f6nnen.  Unser neues Lizenzierungsverfahren mit DocuPet erm\u00f6glicht es den Bewohnern, eine Standard-Lizenzmarke ohne zus\u00e4tzliche Kosten zu w\u00e4hlen oder gegen eine zus\u00e4tzliche Geb\u00fchr eine der farbenfrohen Designer-Marken von DocuPet zu erwerben.  (DocuPet spendet 20% jedes gekauften Designer-Schildes an den VCAS \u00fcber den DocuPet Safe&amp;Happy Fund!)<\/p><p>Jeder DocuPet-Tag, ob Standard oder Designer, dient als offizieller F\u00fchrerschein f\u00fcr das Haustier und ist mit dem <i>HomeSafe<span style=\"font-size: 11.25px; height: 0px; line-height: 0; position: relative; vertical-align: baseline; bottom: 1ex;\">TM<\/span><\/i>\u00a024\/7-Service f\u00fcr entlaufene Haustiere, der sich auf einen engagierten Vollzeit-Disponenten und verkn\u00fcpfte Haustierprofile st\u00fctzt, um entlaufene Haustiere schnell nach Hause zu bringen.<\/p><p>Besuchen Sie\u00a0<a href=\"https:\/\/vcas.docupet.com\/\">vcas.docupet.com<\/a>\u00a0um Ihr Haustier zu kennzeichnen und Hunderte von Kennzeichnungsmodellen zu durchsuchen.<\/p>\t\t\t\t\t\t\t\t<\/div>\n\t\t\t\t<\/div>\n\t\t\t\t\t<\/div>\n\t\t<\/div>\n\t\t\t\t\t<\/div>\n\t\t<\/section>\n\t\t\t\t<section class=\"elementor-section elementor-top-section elementor-element elementor-element-75df07a elementor-section-stretched elementor-section-boxed elementor-section-height-default elementor-section-height-default\" data-id=\"75df07a\" data-element_type=\"section\" data-e-type=\"section\" data-settings=\"{&quot;stretch_section&quot;:&quot;section-stretched&quot;}\">\n\t\t\t\t\t\t\t<div class=\"elementor-background-overlay\"><\/div>\n\t\t\t\t\t\t\t<div class=\"elementor-container elementor-column-gap-default\">\n\t\t\t\t\t<div class=\"elementor-column elementor-col-100 elementor-top-column elementor-element elementor-element-0dd8173\" data-id=\"0dd8173\" data-element_type=\"column\" data-e-type=\"column\">\n\t\t\t<div class=\"elementor-widget-wrap elementor-element-populated\">\n\t\t\t\t\t\t<div class=\"elementor-element elementor-element-b78dcc0 elementor-widget elementor-widget-text-editor\" data-id=\"b78dcc0\" data-element_type=\"widget\" data-e-type=\"widget\" data-widget_type=\"text-editor.default\">\n\t\t\t\t<div class=\"elementor-widget-container\">\n\t\t\t\t\t\t\t\t\t<h2 style=\"font-style: normal;\"><span style=\"font-weight: bold;\">Wie man lizenziert<\/span><\/h2><div title=\"Seite 3\"><p><span style=\"font-weight: bold;\">Online-Lizenz:\u00a0\u00a0<\/span>Kaufen oder erneuern Sie den F\u00fchrerschein f\u00fcr Ihr Haustier unter\u00a0<a href=\"https:\/\/vcas.docupet.com\/\" data-uw-rm-brl=\"PR\" data-uw-original-href=\"http:\/\/vcas.docupet.com\/\"><span style=\"font-weight: bold;\">vcas.docupet.com<\/span><\/a>.  Mit diesem benutzerfreundlichen Online-Lizenzierungsdienst k\u00f6nnen Sie Ihr Haustier schnell und problemlos von zu Hause aus registrieren.<\/p><div class=\"page\" title=\"Seite 3\"><div class=\"section\"><div class=\"layoutArea\"><div class=\"column\"><div class=\"page\" title=\"Seite 3\"><div class=\"section\"><div class=\"layoutArea\"><div class=\"column\"><p><span style=\"font-weight: bold;\">Lizenz \u00fcber das Telefon:\u00a0\u00a0<\/span>F\u00fcr eine telefonische Lizenzierung rufen Sie bitte an\u00a0<span style=\"font-weight: bold;\">1-877-239-6072<\/span>.<\/p><\/div><\/div><\/div><\/div><\/div><\/div><\/div><\/div><p><span style=\"font-weight: bold;\">Lizenz U.S. Mail:\u00a0 <\/span>Um eine Lizenz per Post zu beantragen, schicken Sie einfach eine Kopie des aktuellen Tollwutzeugnisses Ihres Haustieres und alle anderen erforderlichen Dokumente zusammen mit einem Scheck an folgende Adresse:<\/p><\/div><p style=\"padding-left: 40px;\">DocuPet<br \/>15 Technology Place, Suite 1<br \/>East Syracuse, NY 13057<\/p><p><strong>Anweisungen: \u00a0<\/strong><a href=\"https:\/\/animalservices.venturacounty.gov\/wp-content\/uploads\/2025\/06\/DocuPet-Instructions-English-and-Spanish.pdf\">Tippen\/Klicken Sie hier<\/a> um die zweisprachigen Anweisungen f\u00fcr die Zulassung von Haustieren einzusehen.<\/p>\t\t\t\t\t\t\t\t<\/div>\n\t\t\t\t<\/div>\n\t\t\t\t<div class=\"elementor-element elementor-element-e7a7ee2 elementor-align-center elementor-widget elementor-widget-button\" data-id=\"e7a7ee2\" data-element_type=\"widget\" data-e-type=\"widget\" data-widget_type=\"button.default\">\n\t\t\t\t<div class=\"elementor-widget-container\">\n\t\t\t\t\t\t\t\t\t<div class=\"elementor-button-wrapper\">\n\t\t\t\t\t<a class=\"elementor-button elementor-button-link elementor-size-xl elementor-animation-grow\" href=\"https:\/\/vcas.docupet.com\/\">\n\t\t\t\t\t\t<span class=\"elementor-button-content-wrapper\">\n\t\t\t\t\t\t\t\t\t<span class=\"elementor-button-text\"><b>Lizenz bezahlen<\/b><\/span>\n\t\t\t\t\t<\/span>\n\t\t\t\t\t<\/a>\n\t\t\t\t<\/div>\n\t\t\t\t\t\t\t\t<\/div>\n\t\t\t\t<\/div>\n\t\t\t\t\t<\/div>\n\t\t<\/div>\n\t\t\t\t\t<\/div>\n\t\t<\/section>\n\t\t\t\t<section class=\"elementor-section elementor-top-section elementor-element elementor-element-8199c53 elementor-section-boxed elementor-section-height-default elementor-section-height-default\" data-id=\"8199c53\" data-element_type=\"section\" data-e-type=\"section\">\n\t\t\t\t\t\t<div class=\"elementor-container elementor-column-gap-default\">\n\t\t\t\t\t<div class=\"elementor-column elementor-col-100 elementor-top-column elementor-element elementor-element-c080ab8\" data-id=\"c080ab8\" data-element_type=\"column\" data-e-type=\"column\">\n\t\t\t<div class=\"elementor-widget-wrap elementor-element-populated\">\n\t\t\t\t\t\t<div class=\"elementor-element elementor-element-4f4aa29 elementor-widget elementor-widget-text-editor\" data-id=\"4f4aa29\" data-element_type=\"widget\" data-e-type=\"widget\" data-widget_type=\"text-editor.default\">\n\t\t\t\t<div class=\"elementor-widget-container\">\n\t\t\t\t\t\t\t\t\t<h2 style=\"font-style: normal; text-align: justify;\">Upgrade auf DocuPet<\/h2><div class=\"page\" title=\"Seite 6\"><div class=\"section\"><div class=\"layoutArea\"><div class=\"column\"><p>Wenn Ihr Haustier derzeit lizenziert ist, Sie aber eine alte Aluminium- oder PetHub-Marke haben,\u00a0<a href=\"https:\/\/vcas.docupet.com\">Klicken Sie hier f\u00fcr ein Upgrade<\/a> auf eines der DocuPet-Designermarkenmodelle! Es ist nicht zwingend erforderlich, auf diese neue Marke umzusteigen, wenn Ihr Haustier bereits mit einer anderen Marke registriert ist.<\/p><\/div><\/div><\/div><\/div>\t\t\t\t\t\t\t\t<\/div>\n\t\t\t\t<\/div>\n\t\t\t\t\t<\/div>\n\t\t<\/div>\n\t\t\t\t\t<\/div>\n\t\t<\/section>\n\t\t\t\t<section class=\"elementor-section elementor-top-section elementor-element elementor-element-a6c5c55 elementor-section-boxed elementor-section-height-default elementor-section-height-default\" data-id=\"a6c5c55\" data-element_type=\"section\" data-e-type=\"section\">\n\t\t\t\t\t\t<div class=\"elementor-container elementor-column-gap-default\">\n\t\t\t\t\t<div class=\"elementor-column elementor-col-100 elementor-top-column elementor-element elementor-element-0aa10aa\" data-id=\"0aa10aa\" data-element_type=\"column\" data-e-type=\"column\">\n\t\t\t<div class=\"elementor-widget-wrap elementor-element-populated\">\n\t\t\t\t\t\t<div class=\"elementor-element elementor-element-7900f7a elementor-widget elementor-widget-text-editor\" data-id=\"7900f7a\" data-element_type=\"widget\" data-e-type=\"widget\" data-widget_type=\"text-editor.default\">\n\t\t\t\t<div class=\"elementor-widget-container\">\n\t\t\t\t\t\t\t\t\t<h2 style=\"font-style: normal; text-align: justify;\">Warum Lizenz?<\/h2><p style=\"text-align: justify;\">Ein Heimtierausweis ist nicht nur eine Form der Identifizierung, sondern auch ein Beweis f\u00fcr\u00a0<a href=\"https:\/\/www.cdph.ca.gov\/Programs\/CID\/DCDC\/CDPH%20Document%20Library\/RabiesSurveillanceinCAAnnualReport2020.pdf\">Tollwut<\/a>\u00a0Impfung.  Die Tollwut ist ein t\u00f6dliches Virus, das von Tier zu Tier und von Tier zu Mensch \u00fcbertragen werden kann, und nach Angaben des\u00a0<a href=\"https:\/\/www.cdc.gov\/mmwr\/volumes\/68\/wr\/mm6823e1.htm#:~:text=Rabies%20virus%20infection%2C%20regardless%20of,2%20weeks%20of%20symptom%20onset.\">Zentrum f\u00fcr Seuchenkontrolle<\/a> (CDC) ist die Tollwut \u201cin \u00fcber 99% der F\u00e4lle t\u00f6dlich\u201d.   Auch die Zulassung Ihres Haustiers ist gesetzlich vorgeschrieben (Verordnung\u00a0<a href=\"https:\/\/library.municode.com\/ca\/ventura_county\/codes\/code_of_ordinances?nodeId=DIV4PUHE_CH4AN_ART4RACO_4451RAVARE\">4451<\/a>\u00a0und\u00a0<a href=\"https:\/\/library.municode.com\/ca\/ventura_county\/codes\/code_of_ordinances?nodeId=DIV4PUHE_CH4AN_ART1LITA_4411LITARE\">4411<\/a>).  F\u00fcr alle Hunde (\u00fcber 4 Monate) und Katzen (\u00fcber 4 Monate) in Ventura County, die in den folgenden St\u00e4dten leben, ist die Erteilung einer Genehmigung f\u00fcr Haustiere obligatorisch <strong>Moorpark<\/strong> und <strong>Oxnard<\/strong>.<\/p>\t\t\t\t\t\t\t\t<\/div>\n\t\t\t\t<\/div>\n\t\t\t\t\t<\/div>\n\t\t<\/div>\n\t\t\t\t\t<\/div>\n\t\t<\/section>\n\t\t\t\t<section class=\"elementor-section elementor-top-section elementor-element elementor-element-4bb8617 elementor-section-boxed elementor-section-height-default elementor-section-height-default\" data-id=\"4bb8617\" data-element_type=\"section\" data-e-type=\"section\">\n\t\t\t\t\t\t<div class=\"elementor-container elementor-column-gap-default\">\n\t\t\t\t\t<div class=\"elementor-column elementor-col-100 elementor-top-column elementor-element elementor-element-a28e8bb\" data-id=\"a28e8bb\" data-element_type=\"column\" data-e-type=\"column\">\n\t\t\t<div class=\"elementor-widget-wrap elementor-element-populated\">\n\t\t\t\t\t\t<div class=\"elementor-element elementor-element-3d6be2c elementor-widget elementor-widget-text-editor\" data-id=\"3d6be2c\" data-element_type=\"widget\" data-e-type=\"widget\" data-widget_type=\"text-editor.default\">\n\t\t\t\t<div class=\"elementor-widget-container\">\n\t\t\t\t\t\t\t\t\t<div class=\"page\" title=\"Seite 4\"><div class=\"section\"><div class=\"layoutArea\"><div class=\"column\"><h2><strong>Vorteile der Zulassung von Haustieren<\/strong><\/h2><p>Die Lizenzierung Ihres Haustiers zeigt nicht nur, dass Sie ein verantwortungsbewusstes Haustier besitzen, sondern tr\u00e4gt auch zur Finanzierung lokaler Tierschutzinitiativen in unserer Gemeinde bei. Neben der Lizenz f\u00fcr Ihr Haustier bietet Ihr DocuPet-Online-Profil noch weitere Vorteile:<\/p><\/div><\/div><div class=\"layoutArea\"><div class=\"column\"><ul><li>Hunderte von einzigartigen und farbenfrohen Designer-Anh\u00e4ngern stehen zur Auswahl oder Sie k\u00f6nnen Ihren eigenen Anh\u00e4nger online entwerfen.<\/li><li>Mit vollem Zugang zum HomeSafeTM 24\/7 Service f\u00fcr entlaufene Haustiere, laden Sie aktuelle Fotos Ihres Haustieres hoch und f\u00fcgen Sie wichtige Informationen hinzu, die Ihnen helfen, Ihr Haustier zu identifizieren und wiederzufinden, falls es verloren geht.<\/li><li>Erhalten Sie Zugang zu exklusiven Werbeaktionen und Rabatten.<\/li><li>F\u00fcgen Sie dem Profil Ihres Haustieres weitere Betreuer hinzu.<\/li><li>Sparen Sie sich den Weg und kaufen oder erneuern Sie den F\u00fchrerschein f\u00fcr Ihr Haustier bequem von zu Hause aus.<\/li><li>Laden Sie wichtige neue Dokumente f\u00fcr Ihr Haustier hoch, indem Sie ein Foto machen.<\/li><li>Spenden Sie optional \u00fcber den Safe&amp;Happy Fund von DocuPet an den Ventura County Animal Services und helfen Sie, bed\u00fcrftige Tiere vor Ort zu unterst\u00fctzen.<\/li><li>Einfaches Anzeigen und Herunterladen der Lizenzunterlagen f\u00fcr Ihr Haustier.<\/li><li>Informieren Sie sich \u00fcber exklusive Inhalte rund um das Thema Haustiere.<\/li><li>Verwalten Sie Ihr Konto und nehmen Sie jederzeit \u00c4nderungen daran vor, einschlie\u00dflich der Aktualisierung Ihrer Kontaktinformationen und der \u00c4nderung von Details und Status Ihres Haustiers.<\/li><li>Zeigen Sie den Status und die Historie Ihrer Bestellung an.<\/li><\/ul><\/div><\/div><\/div><\/div>\t\t\t\t\t\t\t\t<\/div>\n\t\t\t\t<\/div>\n\t\t\t\t\t<\/div>\n\t\t<\/div>\n\t\t\t\t\t<\/div>\n\t\t<\/section>\n\t\t\t\t<section class=\"elementor-section elementor-top-section elementor-element elementor-element-1ea10fb elementor-section-boxed elementor-section-height-default elementor-section-height-default\" data-id=\"1ea10fb\" data-element_type=\"section\" data-e-type=\"section\">\n\t\t\t\t\t\t<div class=\"elementor-container elementor-column-gap-default\">\n\t\t\t\t\t<div class=\"elementor-column elementor-col-100 elementor-top-column elementor-element elementor-element-2221984\" data-id=\"2221984\" data-element_type=\"column\" data-e-type=\"column\">\n\t\t\t<div class=\"elementor-widget-wrap elementor-element-populated\">\n\t\t\t\t\t\t<div class=\"elementor-element elementor-element-c433782 elementor-widget elementor-widget-text-editor\" data-id=\"c433782\" data-element_type=\"widget\" data-e-type=\"widget\" data-widget_type=\"text-editor.default\">\n\t\t\t\t<div class=\"elementor-widget-container\">\n\t\t\t\t\t\t\t\t\t<h2>Erm\u00e4\u00dfigungen<\/h2>\n<p><strong>Kastrierte oder kastrierte Tiere<\/strong><\/p>\n<p>Um die \u00dcberpopulation von Haustieren in Ventura County einzud\u00e4mmen, bietet VCAS niedrigere Lizenzgeb\u00fchren f\u00fcr kastrierte oder kastrierte Haustiere an.  Wenn Ihr Haustier kastriert ist, legen Sie bitte einen Sterilisationsnachweis vor, um diesen Rabatt zu erhalten.  \u00d6ffnen Sie Ihr&nbsp;<a style=\"background-color: #ffffff;\" href=\"https:\/\/vcas.docupet.com\/\">DocuPet-Portal<\/a>&nbsp;und laden Sie das Dokument zum Nachweis der Sterilisation hoch.  Ja, Fotos vom Smartphone werden akzeptiert!  Die Dokumente k\u00f6nnen auch per Post geschickt werden an:<\/p>\n<p style=\"padding-left: 40px;\">DocuPet<br>15 Technology Place, Suite 1<br>East Syracuse, NY 13057<\/p>\n<div>\n<p><span style=\"font-weight: bold;\">Senioren-Rabatt<\/span><\/p>\n<p>Voraussetzungen:  Der Haupteigent\u00fcmer des Tieres muss mindestens 55 Jahre alt sein, und das Tier muss kastriert oder kastriert sein.<\/p>\n<div><b>Diensttiere<\/b><\/div>\n<div><b>&nbsp;<\/b><\/div>\n<div>Verordnung&nbsp;<a style=\"background-color: #ffffff;\" href=\"https:\/\/library.municode.com\/ca\/ventura_county\/codes\/code_of_ordinances?nodeId=DIV4PUHE_CH4AN_ART1LITA_4414-1EXLIFE\">4414-1<\/a>&nbsp;sieht vor, dass f\u00fcr einen Diensthund, d. h. einen Hund, der individuell ausgebildet ist, um Arbeiten oder Aufgaben zugunsten einer Person mit einer Behinderung, einschlie\u00dflich einer k\u00f6rperlichen, sensorischen, psychiatrischen, geistigen oder sonstigen geistigen Behinderung, auszuf\u00fchren, kostenlos eine Hundemarke erteilt wird.<\/div>\n<\/div>\t\t\t\t\t\t\t\t<\/div>\n\t\t\t\t<\/div>\n\t\t\t\t\t<\/div>\n\t\t<\/div>\n\t\t\t\t\t<\/div>\n\t\t<\/section>\n\t\t\t\t<section class=\"elementor-section elementor-top-section elementor-element elementor-element-56cbe3f elementor-section-boxed elementor-section-height-default elementor-section-height-default\" data-id=\"56cbe3f\" data-element_type=\"section\" data-e-type=\"section\">\n\t\t\t\t\t\t<div class=\"elementor-container elementor-column-gap-default\">\n\t\t\t\t\t<div class=\"elementor-column elementor-col-100 elementor-top-column elementor-element elementor-element-66aab1d\" data-id=\"66aab1d\" data-element_type=\"column\" data-e-type=\"column\">\n\t\t\t<div class=\"elementor-widget-wrap elementor-element-populated\">\n\t\t\t\t\t\t<div class=\"elementor-element elementor-element-2b8754f elementor-widget elementor-widget-text-editor\" data-id=\"2b8754f\" data-element_type=\"widget\" data-e-type=\"widget\" data-widget_type=\"text-editor.default\">\n\t\t\t\t<div class=\"elementor-widget-container\">\n\t\t\t\t\t\t\t\t\t<h2 style=\"font-style: normal;\">Einwohner von Santa Paula und Thousand Oaks<\/h2><p style=\"color: #262626; font-family: Poppins, sans-serif; font-size: 15px;\">Die Tierschutzbeh\u00f6rde von Ventura County erteilt den Bewohnern der St\u00e4dte Santa Paula und Thousand Oaks keine Lizenzen f\u00fcr Haustiere.  Einwohner von Santa Paula, die Fragen zur Lizenzierung haben, rufen bitte unter (805) 525-8609 an.  Einwohner von Thousand Oaks, bitte\u00a0<a href=\"https:\/\/licensepet.com\/wl3\/reg\/lacowl?clientid=lacowl\">hier klicken<\/a>\u00a0um Ihr Haustier \u00fcber den Bezirk Los Angeles zu lizenzieren.<\/p>\t\t\t\t\t\t\t\t<\/div>\n\t\t\t\t<\/div>\n\t\t\t\t\t<\/div>\n\t\t<\/div>\n\t\t\t\t\t<\/div>\n\t\t<\/section>\n\t\t\t\t<\/div>","protected":false},"excerpt":{"rendered":"<p>Sample tag Ventura County Animal Services has partnered with DocuPet\u00a0to provide an enhanced pet licensing experience for residents!\u00a0 Your pet\u2019s license now includes DocuPet\u2019s free HomeSafeTM\u00a024\/7 lost pet service and designer license tags with personalization options. When you license your pet with VCAS, you will receive a unique license tag to attach to their collar.\u00a0 &#8230; <a title=\"Lizenzvergabe\" class=\"read-more\" href=\"https:\/\/animalservices.venturacounty.gov\/de\/licensing\/\" aria-label=\"Mehr Informationen \u00fcber Licensing\">Weiterlesen &#8230;<\/a><\/p>","protected":false},"author":7,"featured_media":0,"parent":0,"menu_order":0,"comment_status":"closed","ping_status":"closed","template":"","meta":{"om_disable_all_campaigns":false,"_monsterinsights_skip_tracking":false,"_monsterinsights_sitenote_active":false,"_monsterinsights_sitenote_note":"","_monsterinsights_sitenote_category":0,"_uf_show_specific_survey":0,"_uf_disable_surveys":false,"footnotes":""},"class_list":["post-549","page","type-page","status-publish"],"aioseo_notices":[],"_links":{"self":[{"href":"https:\/\/animalservices.venturacounty.gov\/de\/wp-json\/wp\/v2\/pages\/549","targetHints":{"allow":["GET"]}}],"collection":[{"href":"https:\/\/animalservices.venturacounty.gov\/de\/wp-json\/wp\/v2\/pages"}],"about":[{"href":"https:\/\/animalservices.venturacounty.gov\/de\/wp-json\/wp\/v2\/types\/page"}],"author":[{"embeddable":true,"href":"https:\/\/animalservices.venturacounty.gov\/de\/wp-json\/wp\/v2\/users\/7"}],"replies":[{"embeddable":true,"href":"https:\/\/animalservices.venturacounty.gov\/de\/wp-json\/wp\/v2\/comments?post=549"}],"version-history":[{"count":0,"href":"https:\/\/animalservices.venturacounty.gov\/de\/wp-json\/wp\/v2\/pages\/549\/revisions"}],"wp:attachment":[{"href":"https:\/\/animalservices.venturacounty.gov\/de\/wp-json\/wp\/v2\/media?parent=549"}],"curies":[{"name":"wp","href":"https:\/\/api.w.org\/{rel}","templated":true}]}}