{"id":473,"date":"2020-05-12T21:49:10","date_gmt":"2020-05-12T21:49:10","guid":{"rendered":"http:\/\/animalservices.venturacounty.gov\/?page_id=473"},"modified":"2026-02-17T11:16:03","modified_gmt":"2026-02-17T18:16:03","slug":"rescuereaders","status":"publish","type":"page","link":"https:\/\/animalservices.venturacounty.gov\/de\/rescuereaders\/","title":{"rendered":"RESCUE READERS"},"content":{"rendered":"<div data-elementor-type=\"wp-page\" data-elementor-id=\"473\" class=\"elementor elementor-473\" data-elementor-post-type=\"page\">\n\t\t\t\t\t\t<section class=\"elementor-section elementor-top-section elementor-element elementor-element-50d4297 elementor-section-boxed elementor-section-height-default elementor-section-height-default\" data-id=\"50d4297\" data-element_type=\"section\" data-e-type=\"section\">\n\t\t\t\t\t\t<div class=\"elementor-container elementor-column-gap-default\">\n\t\t\t\t\t<div class=\"elementor-column elementor-col-50 elementor-top-column elementor-element elementor-element-846f9b3\" data-id=\"846f9b3\" data-element_type=\"column\" data-e-type=\"column\">\n\t\t\t<div class=\"elementor-widget-wrap elementor-element-populated\">\n\t\t\t\t\t\t<div class=\"elementor-element elementor-element-3faf800 elementor-widget elementor-widget-image\" data-id=\"3faf800\" data-element_type=\"widget\" data-e-type=\"widget\" data-widget_type=\"image.default\">\n\t\t\t\t<div class=\"elementor-widget-container\">\n\t\t\t\t\t\t\t\t\t\t\t\t\t\t\t<img fetchpriority=\"high\" decoding=\"async\" width=\"1024\" height=\"525\" src=\"https:\/\/animalservices.venturacounty.gov\/wp-content\/uploads\/2023\/05\/Rescue-Readers-Logo-V2.0-1024x525.png\" class=\"attachment-large size-large wp-image-312488\" alt=\"\" srcset=\"https:\/\/animalservices.venturacounty.gov\/wp-content\/uploads\/2023\/05\/Rescue-Readers-Logo-V2.0-1024x525.png 1024w, https:\/\/animalservices.venturacounty.gov\/wp-content\/uploads\/2023\/05\/Rescue-Readers-Logo-V2.0-300x154.png 300w, https:\/\/animalservices.venturacounty.gov\/wp-content\/uploads\/2023\/05\/Rescue-Readers-Logo-V2.0-768x394.png 768w, https:\/\/animalservices.venturacounty.gov\/wp-content\/uploads\/2023\/05\/Rescue-Readers-Logo-V2.0-1536x788.png 1536w, https:\/\/animalservices.venturacounty.gov\/wp-content\/uploads\/2023\/05\/Rescue-Readers-Logo-V2.0-2048x1050.png 2048w\" sizes=\"(max-width: 1024px) 100vw, 1024px\" \/>\t\t\t\t\t\t\t\t\t\t\t\t\t\t\t<\/div>\n\t\t\t\t<\/div>\n\t\t\t\t\t<\/div>\n\t\t<\/div>\n\t\t\t\t<div class=\"elementor-column elementor-col-50 elementor-top-column elementor-element elementor-element-8191f4a\" data-id=\"8191f4a\" data-element_type=\"column\" data-e-type=\"column\">\n\t\t\t<div class=\"elementor-widget-wrap elementor-element-populated\">\n\t\t\t\t\t\t<div class=\"elementor-element elementor-element-575ac1c elementor-widget elementor-widget-video\" data-id=\"575ac1c\" data-element_type=\"widget\" data-e-type=\"widget\" data-settings=\"{&quot;youtube_url&quot;:&quot;https:\\\/\\\/www.youtube.com\\\/watch?v=qZQRhS9f-9o&amp;feature=youtu.be&quot;,&quot;show_image_overlay&quot;:&quot;yes&quot;,&quot;image_overlay&quot;:{&quot;url&quot;:&quot;https:\\\/\\\/animalservices.venturacounty.gov\\\/wp-content\\\/uploads\\\/2020\\\/09\\\/Screen-Shot-2020-09-02-at-1.39.04-PM.png&quot;,&quot;id&quot;:2687,&quot;size&quot;:&quot;&quot;},&quot;lightbox&quot;:&quot;yes&quot;,&quot;video_type&quot;:&quot;youtube&quot;,&quot;controls&quot;:&quot;yes&quot;}\" data-widget_type=\"video.default\">\n\t\t\t\t<div class=\"elementor-widget-container\">\n\t\t\t\t\t\t\t<div class=\"elementor-wrapper elementor-open-lightbox\">\n\t\t\t\t\t\t\t<div class=\"elementor-custom-embed-image-overlay\" data-elementor-open-lightbox=\"yes\" data-elementor-lightbox=\"{&quot;type&quot;:&quot;video&quot;,&quot;videoType&quot;:&quot;youtube&quot;,&quot;url&quot;:&quot;https:\\\/\\\/www.youtube.com\\\/embed\\\/qZQRhS9f-9o?feature=oembed&amp;start&amp;end&amp;wmode=opaque&amp;loop=0&amp;controls=1&amp;mute=0&amp;rel=0&amp;cc_load_policy=0&quot;,&quot;autoplay&quot;:&quot;&quot;,&quot;modalOptions&quot;:{&quot;id&quot;:&quot;elementor-lightbox-575ac1c&quot;,&quot;entranceAnimation&quot;:&quot;&quot;,&quot;entranceAnimation_tablet&quot;:&quot;&quot;,&quot;entranceAnimation_mobile&quot;:&quot;&quot;,&quot;videoAspectRatio&quot;:&quot;169&quot;}}\" data-e-action-hash=\"#elementor-action%3Aaction%3Dlightbox%26settings%3DeyJ0eXBlIjoidmlkZW8iLCJ2aWRlb1R5cGUiOiJ5b3V0dWJlIiwidXJsIjoiaHR0cHM6XC9cL3d3dy55b3V0dWJlLmNvbVwvZW1iZWRcL3FaUVJoUzlmLTlvP2ZlYXR1cmU9b2VtYmVkJnN0YXJ0JmVuZCZ3bW9kZT1vcGFxdWUmbG9vcD0wJmNvbnRyb2xzPTEmbXV0ZT0wJnJlbD0wJmNjX2xvYWRfcG9saWN5PTAiLCJhdXRvcGxheSI6IiIsIm1vZGFsT3B0aW9ucyI6eyJpZCI6ImVsZW1lbnRvci1saWdodGJveC01NzVhYzFjIiwiZW50cmFuY2VBbmltYXRpb24iOiIiLCJlbnRyYW5jZUFuaW1hdGlvbl90YWJsZXQiOiIiLCJlbnRyYW5jZUFuaW1hdGlvbl9tb2JpbGUiOiIiLCJ2aWRlb0FzcGVjdFJhdGlvIjoiMTY5In19\">\n\t\t\t\t\t\t\t\t\t\t\t<img decoding=\"async\" width=\"3360\" height=\"1868\" src=\"https:\/\/animalservices.venturacounty.gov\/wp-content\/uploads\/2020\/09\/Screen-Shot-2020-09-02-at-1.39.04-PM.png\" class=\"attachment-full size-full wp-image-2687\" alt=\"\" srcset=\"https:\/\/animalservices.venturacounty.gov\/wp-content\/uploads\/2020\/09\/Screen-Shot-2020-09-02-at-1.39.04-PM.png 3360w, https:\/\/animalservices.venturacounty.gov\/wp-content\/uploads\/2020\/09\/Screen-Shot-2020-09-02-at-1.39.04-PM-300x167.png 300w, https:\/\/animalservices.venturacounty.gov\/wp-content\/uploads\/2020\/09\/Screen-Shot-2020-09-02-at-1.39.04-PM-1024x569.png 1024w, https:\/\/animalservices.venturacounty.gov\/wp-content\/uploads\/2020\/09\/Screen-Shot-2020-09-02-at-1.39.04-PM-768x427.png 768w, https:\/\/animalservices.venturacounty.gov\/wp-content\/uploads\/2020\/09\/Screen-Shot-2020-09-02-at-1.39.04-PM-1536x854.png 1536w, https:\/\/animalservices.venturacounty.gov\/wp-content\/uploads\/2020\/09\/Screen-Shot-2020-09-02-at-1.39.04-PM-2048x1139.png 2048w\" sizes=\"(max-width: 3360px) 100vw, 3360px\" \/>\t\t\t\t\t\t\t\t\t\t\t\t\t\t\t\t<div class=\"elementor-custom-embed-play\" role=\"button\" aria-label=\"Play Video\" tabindex=\"0\">\n\t\t\t\t\t\t\t<i aria-hidden=\"true\" class=\"eicon-play\"><\/i>\t\t\t\t\t\t<\/div>\n\t\t\t\t\t\t\t\t\t<\/div>\n\t\t\t\t\t<\/div>\n\t\t\t\t\t\t<\/div>\n\t\t\t\t<\/div>\n\t\t\t\t\t<\/div>\n\t\t<\/div>\n\t\t\t\t\t<\/div>\n\t\t<\/section>\n\t\t\t\t<section class=\"elementor-section elementor-top-section elementor-element elementor-element-0e32701 elementor-section-stretched elementor-section-boxed elementor-section-height-default elementor-section-height-default\" data-id=\"0e32701\" data-element_type=\"section\" data-e-type=\"section\" data-settings=\"{&quot;stretch_section&quot;:&quot;section-stretched&quot;}\">\n\t\t\t\t\t\t<div class=\"elementor-container elementor-column-gap-default\">\n\t\t\t\t\t<div class=\"elementor-column elementor-col-100 elementor-top-column elementor-element elementor-element-c1c6311\" data-id=\"c1c6311\" data-element_type=\"column\" data-e-type=\"column\">\n\t\t\t<div class=\"elementor-widget-wrap elementor-element-populated\">\n\t\t\t\t\t\t<div class=\"elementor-element elementor-element-8b94346 elementor-widget elementor-widget-text-editor\" data-id=\"8b94346\" data-element_type=\"widget\" data-e-type=\"widget\" data-widget_type=\"text-editor.default\">\n\t\t\t\t<div class=\"elementor-widget-container\">\n\t\t\t\t\t\t\t\t\t<p>Das Rescue Readers Program des Ventura County Animal Services ist ein wunderbares Programm, bei dem Kinder im Alter von 4 bis 14 Jahren kommen, um den Tieren im Tierheim vorzulesen.  W\u00e4hrend die Kinder haupts\u00e4chlich Hunden und manchmal auch Katzen vorlesen, gibt es auch Zeiten, in denen sie Kaninchen vorlesen, wobei die Kinder in kleinen Gehegen sitzen <em>mit<\/em> die Kaninchen selbst.  Es ist eine hoppelnde gute Zeit!<\/p>\t\t\t\t\t\t\t\t<\/div>\n\t\t\t\t<\/div>\n\t\t\t\t<div class=\"elementor-element elementor-element-cd462dd elementor-widget elementor-widget-text-editor\" data-id=\"cd462dd\" data-element_type=\"widget\" data-e-type=\"widget\" data-widget_type=\"text-editor.default\">\n\t\t\t\t<div class=\"elementor-widget-container\">\n\t\t\t\t\t\t\t\t\t<p><strong>Wann und wo:<\/strong><\/p>\t\t\t\t\t\t\t\t<\/div>\n\t\t\t\t<\/div>\n\t\t\t\t<div class=\"elementor-element elementor-element-db85170 elementor-icon-list--layout-traditional elementor-list-item-link-full_width elementor-widget elementor-widget-icon-list\" data-id=\"db85170\" data-element_type=\"widget\" data-e-type=\"widget\" data-widget_type=\"icon-list.default\">\n\t\t\t\t<div class=\"elementor-widget-container\">\n\t\t\t\t\t\t\t<ul class=\"elementor-icon-list-items\">\n\t\t\t\t\t\t\t<li class=\"elementor-icon-list-item\">\n\t\t\t\t\t\t\t\t\t\t<span class=\"elementor-icon-list-text\"><b>Tierheim Camarillo<\/b><\/span>\n\t\t\t\t\t\t\t\t\t<\/li>\n\t\t\t\t\t\t\t\t<li class=\"elementor-icon-list-item\">\n\t\t\t\t\t\t\t\t\t\t<span class=\"elementor-icon-list-text\">600 Aviation Drive<\/span>\n\t\t\t\t\t\t\t\t\t<\/li>\n\t\t\t\t\t\t\t\t<li class=\"elementor-icon-list-item\">\n\t\t\t\t\t\t\t\t\t\t<span class=\"elementor-icon-list-text\">Camarillo, CA 93010<\/span>\n\t\t\t\t\t\t\t\t\t<\/li>\n\t\t\t\t\t\t\t\t<li class=\"elementor-icon-list-item\">\n\t\t\t\t\t\t\t\t\t\t<span class=\"elementor-icon-list-text\">1st, 2nd, and 3rd Sundays of the month from <b>10:45-12:00 Uhr<\/b>.<\/span>\n\t\t\t\t\t\t\t\t\t<\/li>\n\t\t\t\t\t\t<\/ul>\n\t\t\t\t\t\t<\/div>\n\t\t\t\t<\/div>\n\t\t\t\t<div class=\"elementor-element elementor-element-969e9bf elementor-icon-list--layout-traditional elementor-list-item-link-full_width elementor-widget elementor-widget-icon-list\" data-id=\"969e9bf\" data-element_type=\"widget\" data-e-type=\"widget\" data-widget_type=\"icon-list.default\">\n\t\t\t\t<div class=\"elementor-widget-container\">\n\t\t\t\t\t\t\t<ul class=\"elementor-icon-list-items\">\n\t\t\t\t\t\t\t<li class=\"elementor-icon-list-item\">\n\t\t\t\t\t\t\t\t\t\t<span class=\"elementor-icon-list-text\"><b>Tierheim Simi Valley<\/b><\/span>\n\t\t\t\t\t\t\t\t\t<\/li>\n\t\t\t\t\t\t\t\t<li class=\"elementor-icon-list-item\">\n\t\t\t\t\t\t\t\t\t\t<span class=\"elementor-icon-list-text\">670 W. Los Angeles Ave.<\/span>\n\t\t\t\t\t\t\t\t\t<\/li>\n\t\t\t\t\t\t\t\t<li class=\"elementor-icon-list-item\">\n\t\t\t\t\t\t\t\t\t\t<span class=\"elementor-icon-list-text\">Simi Valley, CA 93065<\/span>\n\t\t\t\t\t\t\t\t\t<\/li>\n\t\t\t\t\t\t\t\t<li class=\"elementor-icon-list-item\">\n\t\t\t\t\t\t\t\t\t\t<span class=\"elementor-icon-list-text\">2nd and 4th Sundays of the month from <b>12:00-12:50 Uhr<\/b>.<\/span>\n\t\t\t\t\t\t\t\t\t<\/li>\n\t\t\t\t\t\t<\/ul>\n\t\t\t\t\t\t<\/div>\n\t\t\t\t<\/div>\n\t\t\t\t<div class=\"elementor-element elementor-element-46e83d1 elementor-widget elementor-widget-text-editor\" data-id=\"46e83d1\" data-element_type=\"widget\" data-e-type=\"widget\" data-widget_type=\"text-editor.default\">\n\t\t\t\t<div class=\"elementor-widget-container\">\n\t\t\t\t\t\t\t\t\t<p><strong>Was Sie mitbringen sollten:<\/strong><\/p><ol><li>Ein Buch von zu Hause, oder Sie k\u00f6nnen eines aus unserem Warenkorb ausw\u00e4hlen<\/li><li>Eine Decke oder ein Stuhl<\/li><\/ol><p><strong>What to wear:<\/strong><\/p><ol><li>Close-toed shoes<\/li><li>Sunscreen and water bottle for warm weather<\/li><li>Jacket for cool days.<\/li><\/ol><p><strong>Was Sie erwarten k\u00f6nnen:<\/strong><\/p><ol><li>Laute Ger\u00e4usche:  Hunde k\u00f6nnen laut und manchmal abrupt bellen.  Aber oft ist das Bellen eine Begr\u00fc\u00dfung und sollte sich legen, sobald die Lesung beginnt.<\/li><li>Stinkende Ger\u00fcche:  Es ist eine Tatsache, dass Tiere wie Menschen auf die Toilette gehen.  Kinder k\u00f6nnen Hundekot sehen und riechen, bis das Tierheimpersonal vorbeikommt und sich darum k\u00fcmmern kann.<\/li><\/ol><p><strong>Vorteile des Programms:<\/strong><\/p><ol><li>Keine Wertung.  Die Kinder k\u00f6nnen so schnell lesen, wie sie wollen, und sie werden nicht f\u00fcr ihre Fehler verurteilt.  Das kann das Selbstvertrauen st\u00e4rken.<\/li><li>\u00dcben Sie das laute Lesen.  In vielen Schulen geh\u00f6rt das laute Lesen zum Lehrplan.  Diese Aktivit\u00e4t kann ihnen bei der Vorbereitung helfen.<\/li><li>Hervorragende Gelegenheit f\u00fcr Kinder, positive und lohnende Erfahrungen mit Tieren verschiedener Gr\u00f6\u00dfen und Rassen zu machen.<\/li><li>Sie genie\u00dfen die ungeteilte Aufmerksamkeit ihrer vierbeinigen Freunde.<\/li><li>Die Eltern k\u00f6nnen Fotos machen und diese in den sozialen Medien ver\u00f6ffentlichen.  Sie k\u00f6nnen taggen\u00a0<a href=\"http:\/\/www.Facebook.com\/VCAnimalServices\" target=\"_blank\" rel=\"noopener\" data-uw-rm-brl=\"PR\" data-uw-original-href=\"http:\/\/www.facebook.com\/VCAnimalServices\" aria-label=\"@VCAnimalServices - in einem neuen Tab \u00f6ffnen\" data-uw-rm-ext-link=\"\">@VCTierServices<\/a>\u00a0oder\u00a0<a href=\"http:\/\/www.facebook.com\/VCASrescuereaders\" target=\"_blank\" rel=\"noopener\" data-uw-rm-brl=\"PR\" data-uw-original-href=\"http:\/\/www.facebook.com\/VCASrescuereaders\" aria-label=\"@VCASrescuereaders - in einem neuen Tab \u00f6ffnen\" data-uw-rm-ext-link=\"\">@VCASrescuereaders<\/a>.  Das k\u00f6nnte sogar dazu beitragen, dass Tiere adoptiert werden, wenn deine Freunde ein Tier sehen, das ihnen gef\u00e4llt!<\/li><li>Es ist eine gro\u00dfartige Aktivit\u00e4t im Freien... weit weg von Bildschirmen.<\/li><\/ol><p><strong>Regeln und Erwartungen:<\/strong><\/p><ol><li>Ein Elternteil\/Erziehungsberechtigter muss bei seinem Kind sein und ihm jederzeit seine ungeteilte Aufmerksamkeit schenken.<\/li><li>Readers must sit at a predetermined distance from the kennels.<\/li><li>Die Leser d\u00fcrfen ihre Finger nicht in die N\u00e4he der Gitterst\u00e4be des Zwingers oder durch diese hindurch stecken.<\/li><li>No feeding of the animals unless you have approved VCAS treats to give to animals for good behavior.<\/li><\/ol><p><strong>Nachricht an Eltern und Erziehungsberechtigte:<\/strong><\/p><p style=\"padding-left: 40px;\">When you arrive for Rescue Readers at the <b>Camarillo Shelter<\/b>, please park along Aviation Drive to allow priority parking in our parking lot for those with critical\/urgent needs. \u00a0When you arrive for Rescue Readers at the <b>Simi Valley Shelter<\/b>, please park in the designated area. \u00a0If other children are accompanying you, ensure you have the ability to render attention to each child without the assistance of VCAS personnel. \u00a0Parents are encouraged to take pictures and you are welcome to post them on social media!<\/p><p><strong>Registrieren Sie sich:<\/strong><\/p><p style=\"padding-left: 40px;\">Please use the links below to sign up. \u00a0If you signed up for a session but cannot make it, please use the confirmation link emailed to you to cancel. \u00a0This way others can take the space for that day. \u00a0Thank you!<strong><br \/><\/strong><\/p><ul><li><a href=\"https:\/\/www.signupgenius.com\/go\/10c0949aeaf22a1fac34-60994845-rescue#\/\" data-uw-rm-brl=\"PR\" data-uw-original-href=\"https:\/\/www.signupgenius.com\/go\/10c0949aeaf22a1fac34-60994845-rescue#\/\">Sign-up for Rescue Readers at the <strong>CAMARILLO ANIMAL SHELTER.<\/strong><\/a><\/li><li><a href=\"https:\/\/www.signupgenius.com\/go\/10C0949AEAF22A1FAC34-60995362-rescue\" data-uw-rm-brl=\"PR\" data-uw-original-href=\"https:\/\/www.signupgenius.com\/go\/10C0949AEAF22A1FAC34-60995362-rescue\">Sign-up for Rescue Readers at the <strong>SIMI VALLEY ANIMAL SHELTER.<\/strong><\/a><\/li><\/ul><p><strong>Anmeldungen f\u00fcr Gruppen:<\/strong><\/p><p style=\"padding-left: 40px;\">Wenn Sie eine Gruppe aus der Gemeinde sind, z. B. Pfadfindergruppen und Sommerlager, und ein Gruppenerlebnis reservieren m\u00f6chten, senden Sie bitte eine E-Mail an <a href=\"mailto:VCAR.Volunteer@venturacounty.gov\">VCAR.Volunteer@venturacounty.gov<\/a> and let us what group you are with and how many kids and adults will be attending. \u00a0Please know that we can only accommodates special groups at the Camarillo Shelter due to space limitation.\u00a0<strong><br \/><\/strong><\/p><p><strong>Stornierungen:<\/strong><\/p><p style=\"padding-left: 40px;\">Rescue Readers will be cancelled during all federal holidays as well as during inclement weather events (primarily heat waves and rain).<\/p><p><strong>Questions:<\/strong><\/p><p style=\"padding-left: 40px;\">If you have questions or need more information, please contact our VCAS Volunteer Program leads at\u00a0<a href=\"mailto:VCAR.Volunteer@venturacounty.gov\">VCAR.Volunteer@venturacounty.gov<\/a>.<\/p>\t\t\t\t\t\t\t\t<\/div>\n\t\t\t\t<\/div>\n\t\t\t\t\t<\/div>\n\t\t<\/div>\n\t\t\t\t\t<\/div>\n\t\t<\/section>\n\t\t\t\t<section class=\"elementor-section elementor-top-section elementor-element elementor-element-53ffcf3 elementor-hidden-desktop elementor-hidden-tablet elementor-hidden-mobile elementor-section-boxed elementor-section-height-default elementor-section-height-default\" data-id=\"53ffcf3\" data-element_type=\"section\" data-e-type=\"section\">\n\t\t\t\t\t\t<div class=\"elementor-container elementor-column-gap-default\">\n\t\t\t\t\t<div class=\"elementor-column elementor-col-33 elementor-top-column elementor-element elementor-element-fd625a1\" data-id=\"fd625a1\" data-element_type=\"column\" data-e-type=\"column\">\n\t\t\t<div class=\"elementor-widget-wrap elementor-element-populated\">\n\t\t\t\t\t\t<div class=\"elementor-element elementor-element-064fa55 elementor-widget elementor-widget-image\" data-id=\"064fa55\" data-element_type=\"widget\" data-e-type=\"widget\" data-widget_type=\"image.default\">\n\t\t\t\t<div class=\"elementor-widget-container\">\n\t\t\t\t\t\t\t\t\t\t\t\t\t\t\t<img decoding=\"async\" width=\"1024\" height=\"1024\" src=\"https:\/\/animalservices.venturacounty.gov\/wp-content\/uploads\/2024\/03\/Rescue-Readers-T-Shirts-1024x1024.png\" class=\"attachment-large size-large wp-image-314667\" alt=\"\" srcset=\"https:\/\/animalservices.venturacounty.gov\/wp-content\/uploads\/2024\/03\/Rescue-Readers-T-Shirts-1024x1024.png 1024w, https:\/\/animalservices.venturacounty.gov\/wp-content\/uploads\/2024\/03\/Rescue-Readers-T-Shirts-300x300.png 300w, https:\/\/animalservices.venturacounty.gov\/wp-content\/uploads\/2024\/03\/Rescue-Readers-T-Shirts-150x150.png 150w, https:\/\/animalservices.venturacounty.gov\/wp-content\/uploads\/2024\/03\/Rescue-Readers-T-Shirts-768x768.png 768w, https:\/\/animalservices.venturacounty.gov\/wp-content\/uploads\/2024\/03\/Rescue-Readers-T-Shirts-1536x1536.png 1536w, https:\/\/animalservices.venturacounty.gov\/wp-content\/uploads\/2024\/03\/Rescue-Readers-T-Shirts-2048x2048.png 2048w\" sizes=\"(max-width: 1024px) 100vw, 1024px\" \/>\t\t\t\t\t\t\t\t\t\t\t\t\t\t\t<\/div>\n\t\t\t\t<\/div>\n\t\t\t\t\t<\/div>\n\t\t<\/div>\n\t\t\t\t<div class=\"elementor-column elementor-col-66 elementor-top-column elementor-element elementor-element-d1cdc3e\" data-id=\"d1cdc3e\" data-element_type=\"column\" data-e-type=\"column\">\n\t\t\t<div class=\"elementor-widget-wrap elementor-element-populated\">\n\t\t\t\t\t\t<div class=\"elementor-element elementor-element-0e8a3a7 elementor-widget elementor-widget-text-editor\" data-id=\"0e8a3a7\" data-element_type=\"widget\" data-e-type=\"widget\" data-widget_type=\"text-editor.default\">\n\t\t\t\t<div class=\"elementor-widget-container\">\n\t\t\t\t\t\t\t\t\t<p><b>Programm Kleidung:<\/b><\/p>\n<p>Die Teilnehmer erhalten au\u00dferdem ein offizielles T-Shirt von Rescue Readers, das f\u00fcr die Familie kostenlos ist.  Wir ermutigen die Kinder, diese T-Shirts zu tragen, wenn sie im Tierheim sind, und sie k\u00f6nnen sie auch drau\u00dfen tragen, um das Programm zu bewerben! &nbsp;<\/p>\n<p>Vielen Dank, und wir freuen uns, Sie bald wiederzusehen!<\/p>\t\t\t\t\t\t\t\t<\/div>\n\t\t\t\t<\/div>\n\t\t\t\t\t<\/div>\n\t\t<\/div>\n\t\t\t\t\t<\/div>\n\t\t<\/section>\n\t\t\t\t<section class=\"elementor-section elementor-top-section elementor-element elementor-element-9b870da elementor-section-boxed elementor-section-height-default elementor-section-height-default\" data-id=\"9b870da\" data-element_type=\"section\" data-e-type=\"section\">\n\t\t\t\t\t\t<div class=\"elementor-container elementor-column-gap-default\">\n\t\t\t\t\t<div class=\"elementor-column elementor-col-100 elementor-top-column elementor-element elementor-element-98b7d47\" data-id=\"98b7d47\" data-element_type=\"column\" data-e-type=\"column\">\n\t\t\t<div class=\"elementor-widget-wrap elementor-element-populated\">\n\t\t\t\t\t\t<div class=\"elementor-element elementor-element-52b2f1b elementor-widget elementor-widget-video\" data-id=\"52b2f1b\" data-element_type=\"widget\" data-e-type=\"widget\" data-settings=\"{&quot;youtube_url&quot;:&quot;https:\\\/\\\/www.youtube.com\\\/watch?v=IRw8h-aXhuY&quot;,&quot;video_type&quot;:&quot;youtube&quot;,&quot;controls&quot;:&quot;yes&quot;}\" data-widget_type=\"video.default\">\n\t\t\t\t<div class=\"elementor-widget-container\">\n\t\t\t\t\t\t\t<div class=\"elementor-wrapper elementor-open-inline\">\n\t\t\t<div class=\"elementor-video\"><\/div>\t\t<\/div>\n\t\t\t\t\t\t<\/div>\n\t\t\t\t<\/div>\n\t\t\t\t<div class=\"elementor-element elementor-element-add2e9b elementor-widget elementor-widget-text-editor\" data-id=\"add2e9b\" data-element_type=\"widget\" data-e-type=\"widget\" data-widget_type=\"text-editor.default\">\n\t\t\t\t<div class=\"elementor-widget-container\">\n\t\t\t\t\t\t\t\t\t<p>County of Ventura wirft ein Schlaglicht auf unser VCAS Rescue Readers Programm.<\/p>\t\t\t\t\t\t\t\t<\/div>\n\t\t\t\t<\/div>\n\t\t\t\t\t<\/div>\n\t\t<\/div>\n\t\t\t\t\t<\/div>\n\t\t<\/section>\n\t\t\t\t<\/div>","protected":false},"excerpt":{"rendered":"<p>https:\/\/www.youtube.com\/watch?v=qZQRhS9f-9o&#038;feature=youtu.be Ventura County Animal Services&#8217; Rescue Readers Program is a wonderful program where children ages 4-14 come to read to shelter animals. \u00a0While kids mainly read to dogs and sometimes cats, there are times they will read to rabbits where kids sit in small enclosures with the rabbits themselves. \u00a0It\u2019s a hopping good time! When &#8230; <a title=\"RESCUE READERS\" class=\"read-more\" href=\"https:\/\/animalservices.venturacounty.gov\/de\/rescuereaders\/\" aria-label=\"Mehr Informationen \u00fcber RESCUE READERS\">Weiterlesen &#8230;<\/a><\/p>","protected":false},"author":7,"featured_media":0,"parent":0,"menu_order":0,"comment_status":"closed","ping_status":"closed","template":"","meta":{"om_disable_all_campaigns":false,"_monsterinsights_skip_tracking":false,"_monsterinsights_sitenote_active":false,"_monsterinsights_sitenote_note":"","_monsterinsights_sitenote_category":0,"_uf_show_specific_survey":0,"_uf_disable_surveys":false,"footnotes":""},"class_list":["post-473","page","type-page","status-publish"],"aioseo_notices":[],"_links":{"self":[{"href":"https:\/\/animalservices.venturacounty.gov\/de\/wp-json\/wp\/v2\/pages\/473","targetHints":{"allow":["GET"]}}],"collection":[{"href":"https:\/\/animalservices.venturacounty.gov\/de\/wp-json\/wp\/v2\/pages"}],"about":[{"href":"https:\/\/animalservices.venturacounty.gov\/de\/wp-json\/wp\/v2\/types\/page"}],"author":[{"embeddable":true,"href":"https:\/\/animalservices.venturacounty.gov\/de\/wp-json\/wp\/v2\/users\/7"}],"replies":[{"embeddable":true,"href":"https:\/\/animalservices.venturacounty.gov\/de\/wp-json\/wp\/v2\/comments?post=473"}],"version-history":[{"count":0,"href":"https:\/\/animalservices.venturacounty.gov\/de\/wp-json\/wp\/v2\/pages\/473\/revisions"}],"wp:attachment":[{"href":"https:\/\/animalservices.venturacounty.gov\/de\/wp-json\/wp\/v2\/media?parent=473"}],"curies":[{"name":"wp","href":"https:\/\/api.w.org\/{rel}","templated":true}]}}