{"id":315047,"date":"2025-08-27T12:48:48","date_gmt":"2025-08-27T19:48:48","guid":{"rendered":"https:\/\/animalservices.venturacounty.gov\/?page_id=315047"},"modified":"2025-08-27T12:52:47","modified_gmt":"2025-08-27T19:52:47","slug":"pittieparty","status":"publish","type":"page","link":"https:\/\/animalservices.venturacounty.gov\/de\/pittieparty\/","title":{"rendered":"Pittie Party!"},"content":{"rendered":"<div data-elementor-type=\"wp-page\" data-elementor-id=\"315047\" class=\"elementor elementor-315047\" data-elementor-post-type=\"page\">\n\t\t\t\t\t\t<section class=\"elementor-section elementor-top-section elementor-element elementor-element-41e25c1 elementor-section-boxed elementor-section-height-default elementor-section-height-default\" data-id=\"41e25c1\" data-element_type=\"section\" data-e-type=\"section\">\n\t\t\t\t\t\t<div class=\"elementor-container elementor-column-gap-default\">\n\t\t\t\t\t<div class=\"elementor-column elementor-col-100 elementor-top-column elementor-element elementor-element-48376e6\" data-id=\"48376e6\" data-element_type=\"column\" data-e-type=\"column\">\n\t\t\t<div class=\"elementor-widget-wrap elementor-element-populated\">\n\t\t\t\t\t\t<div class=\"elementor-element elementor-element-cb2629f elementor-widget elementor-widget-text-editor\" data-id=\"cb2629f\" data-element_type=\"widget\" data-e-type=\"widget\" data-widget_type=\"text-editor.default\">\n\t\t\t\t<div class=\"elementor-widget-container\">\n\t\t\t\t\t\t\t\t\t<p>To view all dogs in our care, please visit <a href=\"http:\/\/animalservices.venturacounty.gov\/de\/dogs\/\">animalservices.venturacounty.gov\/dogs<\/a>. \u00a0Thank you for supporting our life-saving efforts!<\/p>\t\t\t\t\t\t\t\t<\/div>\n\t\t\t\t<\/div>\n\t\t\t\t\t<\/div>\n\t\t<\/div>\n\t\t\t\t\t<\/div>\n\t\t<\/section>\n\t\t\t\t<section class=\"elementor-section elementor-top-section elementor-element elementor-element-fb6de6f elementor-section-stretched elementor-section-boxed elementor-section-height-default elementor-section-height-default\" data-id=\"fb6de6f\" data-element_type=\"section\" data-e-type=\"section\" data-settings=\"{&quot;stretch_section&quot;:&quot;section-stretched&quot;}\">\n\t\t\t\t\t\t<div class=\"elementor-container elementor-column-gap-default\">\n\t\t\t\t\t<div class=\"elementor-column elementor-col-100 elementor-top-column elementor-element elementor-element-032764d\" data-id=\"032764d\" data-element_type=\"column\" data-e-type=\"column\">\n\t\t\t<div class=\"elementor-widget-wrap elementor-element-populated\">\n\t\t\t\t\t\t<div class=\"elementor-element elementor-element-beb6bfb grid-width elementor-widget elementor-widget-shortcode\" data-id=\"beb6bfb\" data-element_type=\"widget\" data-e-type=\"widget\" data-widget_type=\"shortcode.default\">\n\t\t\t\t<div class=\"elementor-widget-container\">\n\t\t\t\t\t\t\t<div class=\"elementor-shortcode\"><\/div>\n\t\t\t\t\t\t<\/div>\n\t\t\t\t<\/div>\n\t\t\t\t\t<\/div>\n\t\t<\/div>\n\t\t\t\t\t<\/div>\n\t\t<\/section>\n\t\t\t\t<section class=\"elementor-section elementor-top-section elementor-element elementor-element-d7a8219 elementor-section-stretched elementor-section-boxed elementor-section-height-default elementor-section-height-default\" data-id=\"d7a8219\" data-element_type=\"section\" data-e-type=\"section\" data-settings=\"{&quot;stretch_section&quot;:&quot;section-stretched&quot;}\">\n\t\t\t\t\t\t<div class=\"elementor-container elementor-column-gap-no\">\n\t\t\t\t\t<div class=\"elementor-column elementor-col-100 elementor-top-column elementor-element elementor-element-2928181\" data-id=\"2928181\" data-element_type=\"column\" data-e-type=\"column\">\n\t\t\t<div class=\"elementor-widget-wrap elementor-element-populated\">\n\t\t\t\t\t\t<div class=\"elementor-element elementor-element-945cc6f elementor-widget elementor-widget-shortcode\" data-id=\"945cc6f\" data-element_type=\"widget\" data-e-type=\"widget\" data-widget_type=\"shortcode.default\">\n\t\t\t\t<div class=\"elementor-widget-container\">\n\t\t\t\t\t\t\t<div class=\"elementor-shortcode\">\t\t<div data-elementor-type=\"section\" data-elementor-id=\"7125\" class=\"elementor elementor-7125\" data-elementor-post-type=\"elementor_library\">\n\t\t\t\t\t<section class=\"elementor-section elementor-top-section elementor-element elementor-element-2d44559a elementor-section-boxed elementor-section-height-default elementor-section-height-default\" data-id=\"2d44559a\" data-element_type=\"section\" data-e-type=\"section\">\n\t\t\t\t\t\t<div class=\"elementor-container elementor-column-gap-default\">\n\t\t\t\t\t<div class=\"elementor-column elementor-col-100 elementor-top-column elementor-element elementor-element-413484b6\" data-id=\"413484b6\" data-element_type=\"column\" data-e-type=\"column\">\n\t\t\t<div class=\"elementor-widget-wrap elementor-element-populated\">\n\t\t\t\t\t\t<div class=\"elementor-element elementor-element-a69c2cc elementor-widget elementor-widget-spacer\" data-id=\"a69c2cc\" data-element_type=\"widget\" data-e-type=\"widget\" data-widget_type=\"spacer.default\">\n\t\t\t\t<div class=\"elementor-widget-container\">\n\t\t\t\t\t\t\t<div class=\"elementor-spacer\">\n\t\t\t<div class=\"elementor-spacer-inner\"><\/div>\n\t\t<\/div>\n\t\t\t\t\t\t<\/div>\n\t\t\t\t<\/div>\n\t\t\t\t<div class=\"elementor-element elementor-element-e42fd7c elementor-widget elementor-widget-heading\" data-id=\"e42fd7c\" data-element_type=\"widget\" data-e-type=\"widget\" data-widget_type=\"heading.default\">\n\t\t\t\t<div class=\"elementor-widget-container\">\n\t\t\t\t\t<h2 class=\"elementor-heading-title elementor-size-default\">Tierische Legende<\/h2>\t\t\t\t<\/div>\n\t\t\t\t<\/div>\n\t\t\t\t<div class=\"elementor-element elementor-element-51875f28 elementor-widget elementor-widget-text-editor\" data-id=\"51875f28\" data-element_type=\"widget\" data-e-type=\"widget\" data-widget_type=\"text-editor.default\">\n\t\t\t\t<div class=\"elementor-widget-container\">\n\t\t\t\t\t\t\t\t\t<p><strong>TIERBESCHREIBUNG<\/strong>:  \u00dcber jedes Tier, das in unsere Obhut genommen wird, werden Daten gesammelt.  Diese Daten k\u00f6nnen sich im Laufe der Zeit, die ein Tier bei uns verbringt, \u00e4ndern.<\/p>\t\t\t\t\t\t\t\t<\/div>\n\t\t\t\t<\/div>\n\t\t\t\t<div class=\"elementor-element elementor-element-79c8f85f elementor-widget elementor-widget-eael-advanced-data-table\" data-id=\"79c8f85f\" data-element_type=\"widget\" data-e-type=\"widget\" data-widget_type=\"eael-advanced-data-table.default\">\n\t\t\t\t<div class=\"elementor-widget-container\">\n\t\t\t\t\t<div class=\"ea-advanced-data-table-wrap\" data-id=\"79c8f85f\"><div class=\"ea-advanced-data-table-wrap-inner\">\n                <table class=\"ea-advanced-data-table ea-advanced-data-table-static ea-advanced-data-table-79c8f85f\" data-id=\"79c8f85f\"><thead><\/thead><tbody><tr><td><p><strong>Tier-ID<\/strong><\/p><\/td><td><p>Bitte verwenden Sie diese eindeutige Nummer, wenn Sie sich auf Tiere beziehen.<\/p><\/td><\/tr><tr><td><p><strong>Name<\/strong><\/p><\/td><td><p>Einige Tiere werden mit Namen abgegeben. Sobald Tiere zur Adoption freigegeben werden, k\u00f6nnen die Mitarbeiter des VCAS und\/oder Freiwillige die Tiere benennen.<\/p><\/td><\/tr><tr><td><p><strong>Alter<\/strong><\/p><\/td><td><p>Dies ist unsere beste Sch\u00e4tzung auf der Grundlage des K\u00f6rperzustands, der Z\u00e4hne, Augen usw. zum Zeitpunkt der Beschlagnahme.<\/p><\/td><\/tr><tr><td><p><strong>Gewicht<\/strong><\/p><\/td><td><p>Die Tiere werden bei der Aufnahme und bei sp\u00e4teren medizinischen Untersuchungen gewogen.<\/p><\/td><\/tr><tr><td><p><strong>Geschlecht<\/strong><\/p><\/td><td><p>Steht vor dem Geschlecht eines Tieres nicht \u201ckastriert\u201d oder \u201ckastriert\u201d, so bedeutet dies, dass das Tier entweder noch intakt ist oder nicht nachweislich kastriert wurde.<\/p><\/td><\/tr><tr><td><p><strong>Rasse<\/strong><\/p><\/td><td><p>Dies ist unsere beste Vermutung, die auf der Erfahrung unseres Teams beruht, nicht auf einem DNA-Profil.<\/p><\/td><\/tr><tr><td><p><strong>Datum der Aufnahme<\/strong><\/p><\/td><td><p>Das Datum, an dem das Tier in unserem System beschlagnahmt wurde.<\/p><\/td><\/tr><tr><td><p><strong>Anzunehmender Termin<\/strong><\/p><\/td><td><p>Das Datum, an dem das Tier adoptiert werden kann. Die Tiere werden in der Regel 5 oder 10 Tage zur\u00fcckgehalten, um ihren Besitzern Zeit zu geben, sie zu finden. Verabredungen <strong><u>kann nicht<\/u><\/strong> f\u00fcr Tiere, die in der Zukunft einen \u201cAdoptions-Termin\u201d haben, gemacht werden.<\/p><\/td><\/tr><tr><td><p><strong>Zwinger<\/strong><\/p><\/td><td><p><strong>Zwinger 001-899<\/strong> sind im Tierheim Camarillo.<\/p><p><strong>Zwinger 900 - 998<\/strong> sind im Tierheim von Simi Valley zu finden.&nbsp;<\/p><p>Tiere im Zwinger \u201c<strong>Foster<\/strong>\u201d sind in Pflegefamilien untergebracht und stehen zur Adoption bereit.<\/p><p>Tiere im Zwinger \u201c<strong>Offsite<\/strong>\u201d sind vor\u00fcbergehend in einer Partnereinrichtung (Petco, PetSmart usw.) untergebracht und k\u00f6nnen von dort aus adoptiert werden.<\/p><\/td><\/tr><tr><td><p><strong>Stadt gefunden<\/strong><\/p><\/td><td><p>Die Stadt, in der das Tier gefunden oder als gefunden gemeldet wurde.<\/p><\/td><\/tr><tr><td><p><strong>Unterbringung<\/strong><\/p><\/td><td><p>Ort, an dem das Tier derzeit lebt.<\/p><\/td><\/tr><\/tbody><\/table>\n            <\/div><\/div>\t\t\t\t<\/div>\n\t\t\t\t<\/div>\n\t\t\t\t<div class=\"elementor-element elementor-element-6ebf8e77 elementor-widget elementor-widget-text-editor\" data-id=\"6ebf8e77\" data-element_type=\"widget\" data-e-type=\"widget\" data-widget_type=\"text-editor.default\">\n\t\t\t\t<div class=\"elementor-widget-container\">\n\t\t\t\t\t\t\t\t\t<p><strong>TAGS:<\/strong>\u00a0 Dieses farbcodierte System liefert zus\u00e4tzliche Informationen \u00fcber die Tiere in unserer Obhut.  Diese Markierungen k\u00f6nnen sich w\u00e4hrend der Zeit, die das Tier bei uns verbringt, \u00e4ndern.<\/p>\t\t\t\t\t\t\t\t<\/div>\n\t\t\t\t<\/div>\n\t\t\t\t<div class=\"elementor-element elementor-element-66e00a24 elementor-widget elementor-widget-eael-advanced-data-table\" data-id=\"66e00a24\" data-element_type=\"widget\" data-e-type=\"widget\" data-widget_type=\"eael-advanced-data-table.default\">\n\t\t\t\t<div class=\"elementor-widget-container\">\n\t\t\t\t\t<div class=\"ea-advanced-data-table-wrap\" data-id=\"66e00a24\"><div class=\"ea-advanced-data-table-wrap-inner\">\n                <table class=\"ea-advanced-data-table ea-advanced-data-table-static ea-advanced-data-table-66e00a24\" data-id=\"66e00a24\"><thead><tr><th><p>TAGS<\/p><\/th><th><p>BESCHREIBUNG<\/p><\/th><\/tr><\/thead><tbody><tr><td><p><strong>Anh\u00e4ngige Adoption<\/strong><\/p><\/td><td><p><span>F\u00fcr dieses Tier ist eine Adoption geplant. <\/span><\/p><\/td><\/tr><tr><td><p><strong>Rettungstransfer ausstehend<\/strong><\/p><\/td><td><p><span>Dieses Tier ist in Vorbereitung auf die \u00dcbergabe an einen Transfer-Rettungspartner.<\/span><\/p><\/td><\/tr><tr><td><p><strong>Unter Bewertung<\/strong><\/p><\/td><td><p><span>Dieses Tier befindet sich in einer medizinischen und\/oder verhaltensmedizinischen Untersuchung.<\/span><\/p><\/td><\/tr><tr><td><p><strong>Rettungstransfer bevorzugt<\/strong><\/p><\/td><td><p><span>Dieses Tier w\u00e4re am besten f\u00fcr einen Rescue Transfer Partner geeignet.<\/span><\/p><\/td><\/tr><tr><td><p><strong>Medizinischer Halt<\/strong><strong>&nbsp;<\/strong><\/p><\/td><td><p><span>Dieses Tier ist in medizinischer Obhut.<\/span><\/p><\/td><\/tr><tr><td><p><strong>Quarant\u00e4ne<\/strong><\/p><\/td><td><p><span>Dieses Tier befindet sich aus Gesundheits- und\/oder Sicherheitsgr\u00fcnden unter Quarant\u00e4ne.<\/span><\/p><\/td><\/tr><\/tbody><\/table>\n            <\/div><\/div>\t\t\t\t<\/div>\n\t\t\t\t<\/div>\n\t\t\t\t<div class=\"elementor-element elementor-element-3200b039 elementor-widget elementor-widget-text-editor\" data-id=\"3200b039\" data-element_type=\"widget\" data-e-type=\"widget\" data-widget_type=\"text-editor.default\">\n\t\t\t\t<div class=\"elementor-widget-container\">\n\t\t\t\t\t\t\t\t\t<p><strong><span style=\"color: #f27900;\">\u2588\u00a0<\/span><\/strong>\u00a0- Tier ist vergeben und wird <strong><span style=\"text-decoration: underline;\">nicht<\/span><\/strong> zur Adoption freigegeben.<br \/><br \/><span style=\"color: #7f00ff;\"><strong>\u2588<\/strong><\/span>\u00a0- Tier ist derzeit\u00a0<span style=\"text-decoration: underline;\"><strong>nicht<\/strong><\/span>\u00a0zur Adoption freigegeben.<\/p>\t\t\t\t\t\t\t\t<\/div>\n\t\t\t\t<\/div>\n\t\t\t\t<div class=\"elementor-element elementor-element-edb5cd6 elementor-widget elementor-widget-spacer\" data-id=\"edb5cd6\" data-element_type=\"widget\" data-e-type=\"widget\" data-widget_type=\"spacer.default\">\n\t\t\t\t<div class=\"elementor-widget-container\">\n\t\t\t\t\t\t\t<div class=\"elementor-spacer\">\n\t\t\t<div class=\"elementor-spacer-inner\"><\/div>\n\t\t<\/div>\n\t\t\t\t\t\t<\/div>\n\t\t\t\t<\/div>\n\t\t\t\t\t<\/div>\n\t\t<\/div>\n\t\t\t\t\t<\/div>\n\t\t<\/section>\n\t\t\t\t<\/div>\n\t\t<\/div>\n\t\t\t\t\t\t<\/div>\n\t\t\t\t<\/div>\n\t\t\t\t\t<\/div>\n\t\t<\/div>\n\t\t\t\t\t<\/div>\n\t\t<\/section>\n\t\t\t\t<\/div>","protected":false},"excerpt":{"rendered":"<p>To view all dogs in our care, please visit animalservices.venturacounty.gov\/dogs. \u00a0Thank you for supporting our life-saving efforts!<\/p>","protected":false},"author":4,"featured_media":0,"parent":0,"menu_order":0,"comment_status":"closed","ping_status":"closed","template":"","meta":{"om_disable_all_campaigns":false,"_monsterinsights_skip_tracking":false,"_monsterinsights_sitenote_active":false,"_monsterinsights_sitenote_note":"","_monsterinsights_sitenote_category":0,"_uf_show_specific_survey":0,"_uf_disable_surveys":false,"footnotes":""},"class_list":["post-315047","page","type-page","status-publish"],"aioseo_notices":[],"_links":{"self":[{"href":"https:\/\/animalservices.venturacounty.gov\/de\/wp-json\/wp\/v2\/pages\/315047","targetHints":{"allow":["GET"]}}],"collection":[{"href":"https:\/\/animalservices.venturacounty.gov\/de\/wp-json\/wp\/v2\/pages"}],"about":[{"href":"https:\/\/animalservices.venturacounty.gov\/de\/wp-json\/wp\/v2\/types\/page"}],"author":[{"embeddable":true,"href":"https:\/\/animalservices.venturacounty.gov\/de\/wp-json\/wp\/v2\/users\/4"}],"replies":[{"embeddable":true,"href":"https:\/\/animalservices.venturacounty.gov\/de\/wp-json\/wp\/v2\/comments?post=315047"}],"version-history":[{"count":0,"href":"https:\/\/animalservices.venturacounty.gov\/de\/wp-json\/wp\/v2\/pages\/315047\/revisions"}],"wp:attachment":[{"href":"https:\/\/animalservices.venturacounty.gov\/de\/wp-json\/wp\/v2\/media?parent=315047"}],"curies":[{"name":"wp","href":"https:\/\/api.w.org\/{rel}","templated":true}]}}