{"id":310749,"date":"2022-05-20T19:25:18","date_gmt":"2022-05-20T19:25:18","guid":{"rendered":"http:\/\/animalservices.venturacounty.gov\/?page_id=310749"},"modified":"2026-01-23T11:27:23","modified_gmt":"2026-01-23T18:27:23","slug":"disaster","status":"publish","type":"page","link":"https:\/\/animalservices.venturacounty.gov\/de\/disaster\/","title":{"rendered":"Vorbereitung auf den Katastrophenfall"},"content":{"rendered":"<div data-elementor-type=\"wp-page\" data-elementor-id=\"310749\" class=\"elementor elementor-310749\" data-elementor-post-type=\"page\">\n\t\t\t\t\t\t<section class=\"elementor-section elementor-top-section elementor-element elementor-element-d8c8c53 elementor-section-boxed elementor-section-height-default elementor-section-height-default\" data-id=\"d8c8c53\" data-element_type=\"section\" data-e-type=\"section\">\n\t\t\t\t\t\t<div class=\"elementor-container elementor-column-gap-default\">\n\t\t\t\t\t<div class=\"elementor-column elementor-col-33 elementor-top-column elementor-element elementor-element-71a1c68\" data-id=\"71a1c68\" data-element_type=\"column\" data-e-type=\"column\">\n\t\t\t<div class=\"elementor-widget-wrap elementor-element-populated\">\n\t\t\t\t\t\t<div class=\"elementor-element elementor-element-3c5b8df elementor-widget elementor-widget-text-editor\" data-id=\"3c5b8df\" data-element_type=\"widget\" data-e-type=\"widget\" data-widget_type=\"text-editor.default\">\n\t\t\t\t<div class=\"elementor-widget-container\">\n\t\t\t\t\t\t\t\t\t<h2>Themen auf dieser Seite:<\/h2>\n<ul>\n<li>Wildes Feuer<\/li>\n<li>\u00dcberschwemmungen<\/li>\n<li>Notfall-Evakuierung<\/li>\n<li>Vorbereitung auf die Evakuierung von Gro\u00dftieren<\/li><li>Notfallmaterialien f\u00fcr Haustiere<\/li>\n<li>Freiwilliges Notfall-Rettungsteam (EVRT)<\/li>\n<\/ul>\t\t\t\t\t\t\t\t<\/div>\n\t\t\t\t<\/div>\n\t\t\t\t\t<\/div>\n\t\t<\/div>\n\t\t\t\t<div class=\"elementor-column elementor-col-66 elementor-top-column elementor-element elementor-element-ed5178a\" data-id=\"ed5178a\" data-element_type=\"column\" data-e-type=\"column\">\n\t\t\t<div class=\"elementor-widget-wrap elementor-element-populated\">\n\t\t\t\t\t\t<div class=\"elementor-element elementor-element-8fe1f55 elementor-widget elementor-widget-text-editor\" data-id=\"8fe1f55\" data-element_type=\"widget\" data-e-type=\"widget\" data-widget_type=\"text-editor.default\">\n\t\t\t\t<div class=\"elementor-widget-container\">\n\t\t\t\t\t\t\t\t\t<p>Im Falle einer obligatorischen Evakuierung kann der Tierschutzdienst von Ventura County Au\u00dfenstellen einrichten und besetzen, in die eigene Tiere zur sicheren Aufbewahrung gebracht werden k\u00f6nnen.  In der Vergangenheit hat die <strong>Ventura County Messegel\u00e4nde<\/strong> war ein solcher Ort.  Bei Regenereignissen und \u00dcberschwemmungen wird das Messegel\u00e4nde von Ventura County jedoch nicht f\u00fcr die Unterbringung von Gro\u00dftieren (z. B. Pferden) genutzt, da das Gel\u00e4nde in einem \u00dcberschwemmungsgebiet liegt.  Alle Informationen zu den Evakuierungsorten f\u00fcr Tiere werden oben auf dieser Website ver\u00f6ffentlicht.<\/p><p>Aktuelle Informationen \u00fcber Notf\u00e4lle finden Sie unter<span style=\"color: #ff0000;\">\u00a0<a style=\"color: #ff0000;\" href=\"https:\/\/emergency.venturacounty.gov\/\" data-uw-rm-brl=\"PR\" data-uw-original-href=\"https:\/\/emergency.venturacounty.gov\/\"><strong>emergency.venturacounty.gov<\/strong><\/a><\/span>.<\/p>\t\t\t\t\t\t\t\t<\/div>\n\t\t\t\t<\/div>\n\t\t\t\t\t<\/div>\n\t\t<\/div>\n\t\t\t\t\t<\/div>\n\t\t<\/section>\n\t\t\t\t<section class=\"elementor-section elementor-top-section elementor-element elementor-element-c7494d2 elementor-section-boxed elementor-section-height-default elementor-section-height-default\" data-id=\"c7494d2\" data-element_type=\"section\" data-e-type=\"section\">\n\t\t\t\t\t\t<div class=\"elementor-container elementor-column-gap-default\">\n\t\t\t\t\t<div class=\"elementor-column elementor-col-100 elementor-top-column elementor-element elementor-element-b6b3222\" data-id=\"b6b3222\" data-element_type=\"column\" data-e-type=\"column\">\n\t\t\t<div class=\"elementor-widget-wrap elementor-element-populated\">\n\t\t\t\t\t\t<div class=\"elementor-element elementor-element-396956f elementor-widget elementor-widget-text-editor\" data-id=\"396956f\" data-element_type=\"widget\" data-e-type=\"widget\" data-widget_type=\"text-editor.default\">\n\t\t\t\t<div class=\"elementor-widget-container\">\n\t\t\t\t\t\t\t\t\t<h2>WILDES FEUER<\/h2><p>Angesichts der zunehmenden Gefahr von Waldbr\u00e4nden in S\u00fcdkalifornien m\u00fcssen Haustierbesitzer unbedingt auf eine Evakuierung vorbereitet sein, falls der Befehl dazu gegeben wird.  F\u00fcr diejenigen mit <b>kleine Haustiere<\/b>, Vergewissern Sie sich, dass Sie die folgenden Dinge in einer Tasche zum Mitnehmen haben:<\/p><ul><li>Medikamente f\u00fcr Haustiere<\/li><li>Aufzeichnungen \u00fcber Impfungen<\/li><li>Microcip-Informationen<\/li><li>Foto von jedem Haustier<\/li><li>Heimtierausweis (Kopie)<\/li><li>Kontaktinformationen des Tierarztes<\/li><li>Zwei (2) zusammenklappbare Schalen<\/li><li>Zus\u00e4tzliche Leine und Halsband<\/li><li>Beliebtes Spielzeug<\/li><li>Katzentoilette und Streu (f\u00fcr Katzen)<\/li><li>Decken<\/li><\/ul><div>Diejenigen, die eine<b> gro\u00dfe Tiere<\/b>, Bitte sehen Sie sich dieses informative Video an, um sicherzustellen, dass Sie im Falle eines Evakuierungsbefehls vollst\u00e4ndig auf die Evakuierung vorbereitet sind.<\/div>\t\t\t\t\t\t\t\t<\/div>\n\t\t\t\t<\/div>\n\t\t\t\t\t<\/div>\n\t\t<\/div>\n\t\t\t\t\t<\/div>\n\t\t<\/section>\n\t\t\t\t<section class=\"elementor-section elementor-top-section elementor-element elementor-element-2ab320b elementor-section-boxed elementor-section-height-default elementor-section-height-default\" data-id=\"2ab320b\" data-element_type=\"section\" data-e-type=\"section\">\n\t\t\t\t\t\t<div class=\"elementor-container elementor-column-gap-default\">\n\t\t\t\t\t<div class=\"elementor-column elementor-col-100 elementor-top-column elementor-element elementor-element-a46127b\" data-id=\"a46127b\" data-element_type=\"column\" data-e-type=\"column\">\n\t\t\t<div class=\"elementor-widget-wrap elementor-element-populated\">\n\t\t\t\t\t\t<div class=\"elementor-element elementor-element-307bd61 elementor-widget elementor-widget-text-editor\" data-id=\"307bd61\" data-element_type=\"widget\" data-e-type=\"widget\" data-widget_type=\"text-editor.default\">\n\t\t\t\t<div class=\"elementor-widget-container\">\n\t\t\t\t\t\t\t\t\t<h2>NOTFALLMATERIAL F\u00dcR HAUSTIERE<\/h2>\t\t\t\t\t\t\t\t<\/div>\n\t\t\t\t<\/div>\n\t\t\t\t\t<\/div>\n\t\t<\/div>\n\t\t\t\t\t<\/div>\n\t\t<\/section>\n\t\t\t\t<section class=\"elementor-section elementor-top-section elementor-element elementor-element-427d595 elementor-section-boxed elementor-section-height-default elementor-section-height-default\" data-id=\"427d595\" data-element_type=\"section\" data-e-type=\"section\">\n\t\t\t\t\t\t<div class=\"elementor-container elementor-column-gap-default\">\n\t\t\t\t\t<div class=\"elementor-column elementor-col-33 elementor-top-column elementor-element elementor-element-0a3e993\" data-id=\"0a3e993\" data-element_type=\"column\" data-e-type=\"column\">\n\t\t\t<div class=\"elementor-widget-wrap elementor-element-populated\">\n\t\t\t\t\t\t<div class=\"elementor-element elementor-element-f9550e2 elementor-widget elementor-widget-text-editor\" data-id=\"f9550e2\" data-element_type=\"widget\" data-e-type=\"widget\" data-widget_type=\"text-editor.default\">\n\t\t\t\t<div class=\"elementor-widget-container\">\n\t\t\t\t\t\t\t\t\t<p>Karten f\u00fcr die Brieftasche.  Ausdrucken, falten, ausf\u00fcllen und in der Brieftasche aufbewahren.<\/p>\t\t\t\t\t\t\t\t<\/div>\n\t\t\t\t<\/div>\n\t\t\t\t<div class=\"elementor-element elementor-element-607164a elementor-widget elementor-widget-image\" data-id=\"607164a\" data-element_type=\"widget\" data-e-type=\"widget\" data-widget_type=\"image.default\">\n\t\t\t\t<div class=\"elementor-widget-container\">\n\t\t\t\t\t\t\t\t\t\t\t\t\t\t\t<img fetchpriority=\"high\" decoding=\"async\" width=\"819\" height=\"1024\" src=\"https:\/\/animalservices.venturacounty.gov\/wp-content\/uploads\/2023\/05\/Pet-Emergency-Card-Print-and-Fold-819x1024.jpg\" class=\"attachment-large size-large wp-image-312501\" alt=\"\" srcset=\"https:\/\/animalservices.venturacounty.gov\/wp-content\/uploads\/2023\/05\/Pet-Emergency-Card-Print-and-Fold-819x1024.jpg 819w, https:\/\/animalservices.venturacounty.gov\/wp-content\/uploads\/2023\/05\/Pet-Emergency-Card-Print-and-Fold-240x300.jpg 240w, https:\/\/animalservices.venturacounty.gov\/wp-content\/uploads\/2023\/05\/Pet-Emergency-Card-Print-and-Fold-768x960.jpg 768w, https:\/\/animalservices.venturacounty.gov\/wp-content\/uploads\/2023\/05\/Pet-Emergency-Card-Print-and-Fold-1229x1536.jpg 1229w, https:\/\/animalservices.venturacounty.gov\/wp-content\/uploads\/2023\/05\/Pet-Emergency-Card-Print-and-Fold-1639x2048.jpg 1639w\" sizes=\"(max-width: 819px) 100vw, 819px\" \/>\t\t\t\t\t\t\t\t\t\t\t\t\t\t\t<\/div>\n\t\t\t\t<\/div>\n\t\t\t\t\t<\/div>\n\t\t<\/div>\n\t\t\t\t<div class=\"elementor-column elementor-col-33 elementor-top-column elementor-element elementor-element-5f33f59\" data-id=\"5f33f59\" data-element_type=\"column\" data-e-type=\"column\">\n\t\t\t<div class=\"elementor-widget-wrap elementor-element-populated\">\n\t\t\t\t\t\t<div class=\"elementor-element elementor-element-a2160fb elementor-widget elementor-widget-text-editor\" data-id=\"a2160fb\" data-element_type=\"widget\" data-e-type=\"widget\" data-widget_type=\"text-editor.default\">\n\t\t\t\t<div class=\"elementor-widget-container\">\n\t\t\t\t\t\t\t\t\t<p>Go Bag Checkliste.  Drucken Sie diese Liste aus und kleben Sie sie auf einen Karton\/eine Tasche.<\/p>\t\t\t\t\t\t\t\t<\/div>\n\t\t\t\t<\/div>\n\t\t\t\t<div class=\"elementor-element elementor-element-08ea87b elementor-widget elementor-widget-image\" data-id=\"08ea87b\" data-element_type=\"widget\" data-e-type=\"widget\" data-widget_type=\"image.default\">\n\t\t\t\t<div class=\"elementor-widget-container\">\n\t\t\t\t\t\t\t\t\t\t\t\t\t\t\t<img decoding=\"async\" width=\"1024\" height=\"652\" src=\"https:\/\/animalservices.venturacounty.gov\/wp-content\/uploads\/2023\/05\/Pet-Emerency-Go-Bag-Sticker-1024x652.jpg\" class=\"attachment-large size-large wp-image-312497\" alt=\"\" srcset=\"https:\/\/animalservices.venturacounty.gov\/wp-content\/uploads\/2023\/05\/Pet-Emerency-Go-Bag-Sticker-1024x652.jpg 1024w, https:\/\/animalservices.venturacounty.gov\/wp-content\/uploads\/2023\/05\/Pet-Emerency-Go-Bag-Sticker-300x191.jpg 300w, https:\/\/animalservices.venturacounty.gov\/wp-content\/uploads\/2023\/05\/Pet-Emerency-Go-Bag-Sticker-768x489.jpg 768w, https:\/\/animalservices.venturacounty.gov\/wp-content\/uploads\/2023\/05\/Pet-Emerency-Go-Bag-Sticker-1536x978.jpg 1536w, https:\/\/animalservices.venturacounty.gov\/wp-content\/uploads\/2023\/05\/Pet-Emerency-Go-Bag-Sticker-2048x1304.jpg 2048w\" sizes=\"(max-width: 1024px) 100vw, 1024px\" \/>\t\t\t\t\t\t\t\t\t\t\t\t\t\t\t<\/div>\n\t\t\t\t<\/div>\n\t\t\t\t\t<\/div>\n\t\t<\/div>\n\t\t\t\t<div class=\"elementor-column elementor-col-33 elementor-top-column elementor-element elementor-element-6cbd5d5\" data-id=\"6cbd5d5\" data-element_type=\"column\" data-e-type=\"column\">\n\t\t\t<div class=\"elementor-widget-wrap elementor-element-populated\">\n\t\t\t\t\t\t<div class=\"elementor-element elementor-element-f8f812c elementor-widget elementor-widget-text-editor\" data-id=\"f8f812c\" data-element_type=\"widget\" data-e-type=\"widget\" data-widget_type=\"text-editor.default\">\n\t\t\t\t<div class=\"elementor-widget-container\">\n\t\t\t\t\t\t\t\t\t<p>Fenster-Nachricht.  Ausdrucken, ausf\u00fcllen, laminieren und in Ihrem Schaufenster aush\u00e4ngen.<\/p>\t\t\t\t\t\t\t\t<\/div>\n\t\t\t\t<\/div>\n\t\t\t\t<div class=\"elementor-element elementor-element-21a07ed elementor-widget elementor-widget-image\" data-id=\"21a07ed\" data-element_type=\"widget\" data-e-type=\"widget\" data-widget_type=\"image.default\">\n\t\t\t\t<div class=\"elementor-widget-container\">\n\t\t\t\t\t\t\t\t\t\t\t\t\t\t\t<img decoding=\"async\" width=\"640\" height=\"1024\" src=\"https:\/\/animalservices.venturacounty.gov\/wp-content\/uploads\/2023\/05\/IN-CASE-OF-EMERGENCY-8x5-Sticker-640x1024.jpg\" class=\"attachment-large size-large wp-image-312498\" alt=\"\" srcset=\"https:\/\/animalservices.venturacounty.gov\/wp-content\/uploads\/2023\/05\/IN-CASE-OF-EMERGENCY-8x5-Sticker-640x1024.jpg 640w, https:\/\/animalservices.venturacounty.gov\/wp-content\/uploads\/2023\/05\/IN-CASE-OF-EMERGENCY-8x5-Sticker-188x300.jpg 188w, https:\/\/animalservices.venturacounty.gov\/wp-content\/uploads\/2023\/05\/IN-CASE-OF-EMERGENCY-8x5-Sticker-768x1228.jpg 768w, https:\/\/animalservices.venturacounty.gov\/wp-content\/uploads\/2023\/05\/IN-CASE-OF-EMERGENCY-8x5-Sticker-960x1536.jpg 960w, https:\/\/animalservices.venturacounty.gov\/wp-content\/uploads\/2023\/05\/IN-CASE-OF-EMERGENCY-8x5-Sticker-1280x2048.jpg 1280w, https:\/\/animalservices.venturacounty.gov\/wp-content\/uploads\/2023\/05\/IN-CASE-OF-EMERGENCY-8x5-Sticker.jpg 1501w\" sizes=\"(max-width: 640px) 100vw, 640px\" \/>\t\t\t\t\t\t\t\t\t\t\t\t\t\t\t<\/div>\n\t\t\t\t<\/div>\n\t\t\t\t\t<\/div>\n\t\t<\/div>\n\t\t\t\t\t<\/div>\n\t\t<\/section>\n\t\t\t\t<section class=\"elementor-section elementor-top-section elementor-element elementor-element-f7a4c67 elementor-section-boxed elementor-section-height-default elementor-section-height-default\" data-id=\"f7a4c67\" data-element_type=\"section\" data-e-type=\"section\">\n\t\t\t\t\t\t<div class=\"elementor-container elementor-column-gap-default\">\n\t\t\t\t\t<div class=\"elementor-column elementor-col-100 elementor-top-column elementor-element elementor-element-a4a07ad\" data-id=\"a4a07ad\" data-element_type=\"column\" data-e-type=\"column\">\n\t\t\t<div class=\"elementor-widget-wrap elementor-element-populated\">\n\t\t\t\t\t\t<div class=\"elementor-element elementor-element-f427731 elementor-widget elementor-widget-video\" data-id=\"f427731\" data-element_type=\"widget\" data-e-type=\"widget\" data-settings=\"{&quot;youtube_url&quot;:&quot;https:\\\/\\\/www.youtube.com\\\/watch?v=gsU1TwgisHs&quot;,&quot;video_type&quot;:&quot;youtube&quot;,&quot;controls&quot;:&quot;yes&quot;}\" data-widget_type=\"video.default\">\n\t\t\t\t<div class=\"elementor-widget-container\">\n\t\t\t\t\t\t\t<div class=\"elementor-wrapper elementor-open-inline\">\n\t\t\t<div class=\"elementor-video\"><\/div>\t\t<\/div>\n\t\t\t\t\t\t<\/div>\n\t\t\t\t<\/div>\n\t\t\t\t\t<\/div>\n\t\t<\/div>\n\t\t\t\t\t<\/div>\n\t\t<\/section>\n\t\t\t\t<section class=\"elementor-section elementor-top-section elementor-element elementor-element-5a96380 elementor-section-boxed elementor-section-height-default elementor-section-height-default\" data-id=\"5a96380\" data-element_type=\"section\" data-e-type=\"section\">\n\t\t\t\t\t\t<div class=\"elementor-container elementor-column-gap-default\">\n\t\t\t\t\t<div class=\"elementor-column elementor-col-100 elementor-top-column elementor-element elementor-element-ad76ab6\" data-id=\"ad76ab6\" data-element_type=\"column\" data-e-type=\"column\">\n\t\t\t<div class=\"elementor-widget-wrap elementor-element-populated\">\n\t\t\t\t\t\t<div class=\"elementor-element elementor-element-38e9ba4 elementor-widget elementor-widget-text-editor\" data-id=\"38e9ba4\" data-element_type=\"widget\" data-e-type=\"widget\" data-widget_type=\"text-editor.default\">\n\t\t\t\t<div class=\"elementor-widget-container\">\n\t\t\t\t\t\t\t\t\t<p>\nDie Tierschutzbeh\u00f6rde von Ventura County hat im Laufe der Jahre auf zahlreiche Hilferufe bei Waldbr\u00e4nden reagiert.  Das Schwierigste bei Evakuierungen ist die Arbeit mit Menschen, die nicht vorbereitet waren und unsere Hilfe ben\u00f6tigten, um ihre Tiere in Sicherheit zu bringen.  Bitte stellen Sie sicher, dass Sie auf die Evakuierung vorbereitet sind, falls der Befehl zur Evakuierung gegeben wird. <\/p>\n<p>Fr\u00fchere Br\u00e4nde, auf die Ventura County Animal Services reagiert hat:<\/p>\n<div class=\"elementor-widget-container\">\n<ul>\n<li>1985 Feuer in Wheeler<\/li>\n<li>1993 Feuer in Green Meadows<\/li>\n<li>1997 Trichterbrand<\/li>\n<li>1998 Piru-Brand<\/li>\n<li>1999 Ranchbrand<\/li>\n<li>2003 Simi-Brand<\/li>\n<li>2005 Topanga-Brand<\/li>\n<li>2006 Tagesbrand<\/li>\n<li>2006 Esperanza-Feuer<\/li>\n<li>2007 Zaca-Feuer<\/li>\n<li>2009 Guiberson Feuer<\/li>\n<li>Fr\u00fchlingsfeuer 2013<\/li>\n<li>2017\/18 Thomas Brand<\/li>\n<li>2018 H\u00fcgelfeuer<\/li>\n<li>2018 Woolsey-Feuer<\/li>\n<li>2019 Maria Feuer<\/li>\n<li>2019 Leichtes Feuer<\/li><li>2024 Bergfeuer<\/li>\n<\/ul>\n<\/div>\t\t\t\t\t\t\t\t<\/div>\n\t\t\t\t<\/div>\n\t\t\t\t\t<\/div>\n\t\t<\/div>\n\t\t\t\t\t<\/div>\n\t\t<\/section>\n\t\t\t\t<section class=\"elementor-section elementor-top-section elementor-element elementor-element-2a59684 elementor-section-boxed elementor-section-height-default elementor-section-height-default\" data-id=\"2a59684\" data-element_type=\"section\" data-e-type=\"section\">\n\t\t\t\t\t\t<div class=\"elementor-container elementor-column-gap-default\">\n\t\t\t\t\t<div class=\"elementor-column elementor-col-100 elementor-top-column elementor-element elementor-element-06aa634\" data-id=\"06aa634\" data-element_type=\"column\" data-e-type=\"column\">\n\t\t\t<div class=\"elementor-widget-wrap elementor-element-populated\">\n\t\t\t\t\t\t<div class=\"elementor-element elementor-element-6948382 elementor-widget elementor-widget-text-editor\" data-id=\"6948382\" data-element_type=\"widget\" data-e-type=\"widget\" data-widget_type=\"text-editor.default\">\n\t\t\t\t<div class=\"elementor-widget-container\">\n\t\t\t\t\t\t\t\t\t<h2><b>\u00dcBERFLUTUNG<\/b><\/h2><p>Da Kalifornien immer wieder mit schweren Regenf\u00e4llen und \u00dcberschwemmungen konfrontiert wird, hat die University of California-Davis, School of Veterinary Medicine (UCD-SVM) vier (4) Referenzmaterialien zur Verf\u00fcgung gestellt.  Jedes Dokument enth\u00e4lt spezifische Informationen f\u00fcr Tierhalter, die sich auf \u00dcberschwemmungen vorbereiten, auf sie reagieren und sich von ihnen erholen m\u00fcssen:<\/p><ul><li><a href=\"http:\/\/www.wifss.ucdavis.edu\/wp-content\/uploads\/documents\/delta_fair_equine_FINAL_web.pdf\">Hochwasser und Pferdebesitzer<\/a><\/li><li><a href=\"http:\/\/www.wifss.ucdavis.edu\/wp-content\/uploads\/documents\/delta_fair_livestock_FINAL_web.pdf\" target=\"_blank\" rel=\"noopener\">\u00dcberschwemmungen und Viehhalter<\/a>,<\/li><li><a href=\"https:\/\/www.wifss.ucdavis.edu\/wp-content\/uploads\/2023\/01\/Web-Page-Flood-Updated-Jan-2-2023-PDF.pdf\">Kalifornische Molkereien: Bew\u00e4ltigung von \u00dcberschwemmungen und Evakuierungen<\/a><\/li><li><a href=\"https:\/\/www.wifss.ucdavis.edu\/wp-content\/uploads\/2023\/01\/Flood-Evacuation-Checklist-Updated-1-1-2023-PDF.pdf\">Checkliste f\u00fcr die Notfall-Evakuierung einer Molkerei bei Hochwasser<\/a><\/li><\/ul>\t\t\t\t\t\t\t\t<\/div>\n\t\t\t\t<\/div>\n\t\t\t\t\t<\/div>\n\t\t<\/div>\n\t\t\t\t\t<\/div>\n\t\t<\/section>\n\t\t\t\t<section class=\"elementor-section elementor-top-section elementor-element elementor-element-f60e5f6 elementor-section-boxed elementor-section-height-default elementor-section-height-default\" data-id=\"f60e5f6\" data-element_type=\"section\" data-e-type=\"section\">\n\t\t\t\t\t\t<div class=\"elementor-container elementor-column-gap-default\">\n\t\t\t\t\t<div class=\"elementor-column elementor-col-100 elementor-top-column elementor-element elementor-element-a69d79c\" data-id=\"a69d79c\" data-element_type=\"column\" data-e-type=\"column\">\n\t\t\t<div class=\"elementor-widget-wrap elementor-element-populated\">\n\t\t\t\t\t\t<div class=\"elementor-element elementor-element-48ae664 elementor-widget elementor-widget-heading\" data-id=\"48ae664\" data-element_type=\"widget\" data-e-type=\"widget\" data-widget_type=\"heading.default\">\n\t\t\t\t<div class=\"elementor-widget-container\">\n\t\t\t\t\t<h2 class=\"elementor-heading-title elementor-size-default\">Gegenseitige Hilfe<\/h2>\t\t\t\t<\/div>\n\t\t\t\t<\/div>\n\t\t\t\t\t<\/div>\n\t\t<\/div>\n\t\t\t\t\t<\/div>\n\t\t<\/section>\n\t\t\t\t<section class=\"elementor-section elementor-top-section elementor-element elementor-element-f0678e7 elementor-section-boxed elementor-section-height-default elementor-section-height-default\" data-id=\"f0678e7\" data-element_type=\"section\" data-e-type=\"section\">\n\t\t\t\t\t\t<div class=\"elementor-container elementor-column-gap-default\">\n\t\t\t\t\t<div class=\"elementor-column elementor-col-100 elementor-top-column elementor-element elementor-element-8491c36\" data-id=\"8491c36\" data-element_type=\"column\" data-e-type=\"column\">\n\t\t\t<div class=\"elementor-widget-wrap elementor-element-populated\">\n\t\t\t\t\t\t<div class=\"elementor-element elementor-element-b6a232f elementor-widget elementor-widget-text-editor\" data-id=\"b6a232f\" data-element_type=\"widget\" data-e-type=\"widget\" data-widget_type=\"text-editor.default\">\n\t\t\t\t<div class=\"elementor-widget-container\">\n\t\t\t\t\t\t\t\t\t<p>Neben der Tierrettung und -betreuung innerhalb des Bezirks Ventura hat der VCAS bei erkl\u00e4rten Katastrophen gegenseitige Hilfe f\u00fcr benachbarte Gemeinden geleistet.  Die Veteranen der Tierkontrolle, Fernando Serratos und Tony Ochoa, wurden 460 Meilen n\u00f6rdlich in El Dorado County eingesetzt, um gegenseitige Hilfe bei der Tierrettung w\u00e4hrend des Caldor-Feuers zu leisten, das vom 14. August bis zum 21. Oktober 2021 221.775 Acres verbrannte.<\/p>\n<p>Die Beamten Serratos und Ochoa waren sechzehn (16) Tage lang \u00fcber Hunderte von Hektar unterwegs, um Tiere in Not zu versorgen und zu retten.  Die Bedingungen innerhalb der Evakuierungszone waren hart.  Doch trotz der schwierigen Bedingungen hielten die Beamten Ochoa und Serratos durch und retteten und versorgten w\u00e4hrend ihrer Hilfsaktion Hunderte von Tieren.<\/p>\t\t\t\t\t\t\t\t<\/div>\n\t\t\t\t<\/div>\n\t\t\t\t\t<\/div>\n\t\t<\/div>\n\t\t\t\t\t<\/div>\n\t\t<\/section>\n\t\t\t\t<section class=\"elementor-section elementor-top-section elementor-element elementor-element-e5aa6ad elementor-section-boxed elementor-section-height-default elementor-section-height-default\" data-id=\"e5aa6ad\" data-element_type=\"section\" data-e-type=\"section\">\n\t\t\t\t\t\t<div class=\"elementor-container elementor-column-gap-default\">\n\t\t\t\t\t<div class=\"elementor-column elementor-col-100 elementor-top-column elementor-element elementor-element-d1fc4ff\" data-id=\"d1fc4ff\" data-element_type=\"column\" data-e-type=\"column\">\n\t\t\t<div class=\"elementor-widget-wrap elementor-element-populated\">\n\t\t\t\t\t\t<div class=\"elementor-element elementor-element-5b0f4a2 elementor-widget elementor-widget-video\" data-id=\"5b0f4a2\" data-element_type=\"widget\" data-e-type=\"widget\" data-settings=\"{&quot;youtube_url&quot;:&quot;https:\\\/\\\/www.youtube.com\\\/watch?v=IRRtQS5VuEA&quot;,&quot;video_type&quot;:&quot;youtube&quot;,&quot;controls&quot;:&quot;yes&quot;}\" data-widget_type=\"video.default\">\n\t\t\t\t<div class=\"elementor-widget-container\">\n\t\t\t\t\t\t\t<div class=\"elementor-wrapper elementor-open-inline\">\n\t\t\t<div class=\"elementor-video\"><\/div>\t\t<\/div>\n\t\t\t\t\t\t<\/div>\n\t\t\t\t<\/div>\n\t\t\t\t\t<\/div>\n\t\t<\/div>\n\t\t\t\t\t<\/div>\n\t\t<\/section>\n\t\t\t\t<section class=\"elementor-section elementor-top-section elementor-element elementor-element-b3e6175 elementor-section-boxed elementor-section-height-default elementor-section-height-default\" data-id=\"b3e6175\" data-element_type=\"section\" data-e-type=\"section\">\n\t\t\t\t\t\t<div class=\"elementor-container elementor-column-gap-default\">\n\t\t\t\t\t<div class=\"elementor-column elementor-col-100 elementor-top-column elementor-element elementor-element-81a9899\" data-id=\"81a9899\" data-element_type=\"column\" data-e-type=\"column\">\n\t\t\t<div class=\"elementor-widget-wrap elementor-element-populated\">\n\t\t\t\t\t\t<div class=\"elementor-element elementor-element-175d7a4 elementor-widget elementor-widget-text-editor\" data-id=\"175d7a4\" data-element_type=\"widget\" data-e-type=\"widget\" data-widget_type=\"text-editor.default\">\n\t\t\t\t<div class=\"elementor-widget-container\">\n\t\t\t\t\t\t\t\t\t<h2>Melden Sie sich an, um bei der Rettung von Tieren zu helfen!<\/h2><p>Besuchen Sie <strong><a href=\"http:\/\/animalservices.venturacounty.gov\/de\/EVRT\/\" target=\"_blank\" rel=\"noopener\">animalservices.venturacounty.gov\/EVRT<\/a><\/strong> wenn Sie daran interessiert sind, unserem freiwilligen Notfall-Rettungsteam beizutreten, das von VCAS bei erkl\u00e4rten Katastrophen eingesetzt wird, um bei der Evakuierung und Pflege von Tieren zu helfen.<\/p>\t\t\t\t\t\t\t\t<\/div>\n\t\t\t\t<\/div>\n\t\t\t\t\t<\/div>\n\t\t<\/div>\n\t\t\t\t\t<\/div>\n\t\t<\/section>\n\t\t\t\t<\/div>","protected":false},"excerpt":{"rendered":"<p>Topics on this page: Wild Fire Flooding Emergency&nbsp;Evacuation Large&nbsp;Animal&nbsp;Evacuation&nbsp;Preparedness Pet Emergency Materials Emergency Volunteer Rescue Team (EVRT) In the event a mandatory evacuation order is issued, Ventura County Animal Services may open and staff offsite locations to which owned animals may be brought for safekeeping.\u00a0 Historically the Ventura County Fairgrounds has been such a location.\u00a0 &#8230; <a title=\"Vorbereitung auf den Katastrophenfall\" class=\"read-more\" href=\"https:\/\/animalservices.venturacounty.gov\/de\/disaster\/\" aria-label=\"Mehr Informationen \u00fcber Disaster Preparedness\">Weiterlesen &#8230;<\/a><\/p>","protected":false},"author":4,"featured_media":0,"parent":0,"menu_order":0,"comment_status":"closed","ping_status":"closed","template":"","meta":{"om_disable_all_campaigns":false,"_monsterinsights_skip_tracking":false,"_monsterinsights_sitenote_active":false,"_monsterinsights_sitenote_note":"","_monsterinsights_sitenote_category":0,"_uf_show_specific_survey":0,"_uf_disable_surveys":false,"footnotes":""},"class_list":["post-310749","page","type-page","status-publish"],"aioseo_notices":[],"_links":{"self":[{"href":"https:\/\/animalservices.venturacounty.gov\/de\/wp-json\/wp\/v2\/pages\/310749","targetHints":{"allow":["GET"]}}],"collection":[{"href":"https:\/\/animalservices.venturacounty.gov\/de\/wp-json\/wp\/v2\/pages"}],"about":[{"href":"https:\/\/animalservices.venturacounty.gov\/de\/wp-json\/wp\/v2\/types\/page"}],"author":[{"embeddable":true,"href":"https:\/\/animalservices.venturacounty.gov\/de\/wp-json\/wp\/v2\/users\/4"}],"replies":[{"embeddable":true,"href":"https:\/\/animalservices.venturacounty.gov\/de\/wp-json\/wp\/v2\/comments?post=310749"}],"version-history":[{"count":0,"href":"https:\/\/animalservices.venturacounty.gov\/de\/wp-json\/wp\/v2\/pages\/310749\/revisions"}],"wp:attachment":[{"href":"https:\/\/animalservices.venturacounty.gov\/de\/wp-json\/wp\/v2\/media?parent=310749"}],"curies":[{"name":"wp","href":"https:\/\/api.w.org\/{rel}","templated":true}]}}