{"id":2163,"date":"2020-08-26T21:43:37","date_gmt":"2020-08-26T21:43:37","guid":{"rendered":"http:\/\/animalservices.venturacounty.gov\/?page_id=2163"},"modified":"2025-05-30T10:58:23","modified_gmt":"2025-05-30T17:58:23","slug":"wishlist","status":"publish","type":"page","link":"https:\/\/animalservices.venturacounty.gov\/de\/wishlist\/","title":{"rendered":"Wunschzettel"},"content":{"rendered":"<div data-elementor-type=\"wp-page\" data-elementor-id=\"2163\" class=\"elementor elementor-2163\" data-elementor-post-type=\"page\">\n\t\t\t\t\t\t<section class=\"elementor-section elementor-top-section elementor-element elementor-element-4ac2da3 elementor-section-boxed elementor-section-height-default elementor-section-height-default\" data-id=\"4ac2da3\" data-element_type=\"section\" data-e-type=\"section\">\n\t\t\t\t\t\t<div class=\"elementor-container elementor-column-gap-default\">\n\t\t\t\t\t<div class=\"elementor-column elementor-col-100 elementor-top-column elementor-element elementor-element-585d211\" data-id=\"585d211\" data-element_type=\"column\" data-e-type=\"column\">\n\t\t\t<div class=\"elementor-widget-wrap elementor-element-populated\">\n\t\t\t\t\t\t<div class=\"elementor-element elementor-element-cc3a9c7 elementor-widget elementor-widget-text-editor\" data-id=\"cc3a9c7\" data-element_type=\"widget\" data-e-type=\"widget\" data-widget_type=\"text-editor.default\">\n\t\t\t\t<div class=\"elementor-widget-container\">\n\t\t\t\t\t\t\t\t\t<p>VCAS wei\u00df Ihre Gro\u00dfz\u00fcgigkeit sehr zu sch\u00e4tzen!  Wir sind eine erfolgreiche lebensrettende Organisation dank Ihrer Gro\u00dfz\u00fcgigkeit.  VCAS unterh\u00e4lt zwei (2) Wunschlisten.  1) Eine&nbsp;<strong><a href=\"https:\/\/www.amazon.com\/hz\/wishlist\/ls\/V6KOK9PWRSF6\">Amazon Wunschzettel<\/a><\/strong> (t\u00e4glich aktualisiert) mit Artikeln, die speziell f\u00fcr unsere Tiere und Programme ausgew\u00e4hlt wurden, und 2) eine allgemeine Wunschliste mit Artikeln, die man normalerweise im Haushalt findet.  Wir k\u00f6nnen <u><b>NUR<\/b><\/u> nehmen die <span style=\"color: #00954a;\"><strong>akzeptierte Artikel<\/strong><\/span> unten aufgef\u00fchrt.  Bitte bringen Sie keine anderen Gegenst\u00e4nde mit ins Tierheim, die nicht unten aufgef\u00fchrt sind.<\/p><p><b>SPENDENABGABE<\/b>:  Vor dem Tierheim Camarillo stehen rund um die Uhr Spendentonnen bereit.  Und im Tierheim von Simi Valley stehen w\u00e4hrend der normalen Gesch\u00e4ftszeiten Spendenbeh\u00e4lter bereit.  Vielen Dank f\u00fcr Ihre Unterst\u00fctzung!<\/p>\t\t\t\t\t\t\t\t<\/div>\n\t\t\t\t<\/div>\n\t\t\t\t\t<\/div>\n\t\t<\/div>\n\t\t\t\t\t<\/div>\n\t\t<\/section>\n\t\t\t\t<section class=\"elementor-section elementor-top-section elementor-element elementor-element-dc2ac93 elementor-section-boxed elementor-section-height-default elementor-section-height-default\" data-id=\"dc2ac93\" data-element_type=\"section\" data-e-type=\"section\">\n\t\t\t\t\t\t<div class=\"elementor-container elementor-column-gap-extended\">\n\t\t\t\t\t<div class=\"elementor-column elementor-col-50 elementor-top-column elementor-element elementor-element-2a67a7f\" data-id=\"2a67a7f\" data-element_type=\"column\" data-e-type=\"column\">\n\t\t\t<div class=\"elementor-widget-wrap elementor-element-populated\">\n\t\t\t\t\t\t<div class=\"elementor-element elementor-element-98b5852 elementor-widget elementor-widget-text-editor\" data-id=\"98b5852\" data-element_type=\"widget\" data-e-type=\"widget\" data-widget_type=\"text-editor.default\">\n\t\t\t\t<div class=\"elementor-widget-container\">\n\t\t\t\t\t\t\t\t\t<pre><span style=\"color: #00954a;\"><strong>\u2713 Artikel wir <em><span style=\"text-decoration: underline;\">kann<\/span><\/em> akzeptieren.<\/strong><\/span><\/pre><ol><li>Decken\/Handt\u00fccher (meist Handt\u00fccher)<\/li><li>Bleichen<\/li><li>Geschirrsp\u00fclmittel (fl\u00fcssig)<\/li><li>Tierfutter (unge\u00f6ffnet, mit Etikett und nicht abgelaufen)<\/li><li>Verschreibungspflichtiges Tierfutter (unge\u00f6ffnet und noch nicht abgelaufen)<\/li><li>Tierkisten (nur kleine Gr\u00f6\u00dfen)<\/li><li>Schw\u00e4mme<\/li><\/ol>\t\t\t\t\t\t\t\t<\/div>\n\t\t\t\t<\/div>\n\t\t\t\t\t<\/div>\n\t\t<\/div>\n\t\t\t\t<div class=\"elementor-column elementor-col-50 elementor-top-column elementor-element elementor-element-b5542d9\" data-id=\"b5542d9\" data-element_type=\"column\" data-e-type=\"column\">\n\t\t\t<div class=\"elementor-widget-wrap elementor-element-populated\">\n\t\t\t\t\t\t<div class=\"elementor-element elementor-element-e87e018 elementor-widget elementor-widget-text-editor\" data-id=\"e87e018\" data-element_type=\"widget\" data-e-type=\"widget\" data-widget_type=\"text-editor.default\">\n\t\t\t\t<div class=\"elementor-widget-container\">\n\t\t\t\t\t\t\t\t\t<pre><strong><span style=\"color: #db0000;\">\u2718\u00a0<\/span> <span style=\"color: #ff0000;\">Artikel, die wir\u00a0<i><u>kann<\/u><\/i><em><span style=\"text-decoration: underline;\">nicht<\/span><\/em> akzeptieren.<\/span><\/strong><\/pre><p>Leider haben wir <strong>kann nicht akzeptieren<\/strong> alle anderen Spenden von zu Hause aus, au\u00dfer den 7 hier aufgef\u00fchrten.<\/p><p>Wir haben jedoch eine (t\u00e4glich aktualisierte) Amazon-Wunschliste mit Artikeln, die wir ben\u00f6tigen. \u00a0<a href=\"https:\/\/www.amazon.com\/gp\/registry\/wishlist\/V6KOK9PWRSF6\">Tippen\/Klicken Sie hier<\/a> um diese Wunschliste einzusehen.  Ich danke Ihnen!<\/p>\t\t\t\t\t\t\t\t<\/div>\n\t\t\t\t<\/div>\n\t\t\t\t\t<\/div>\n\t\t<\/div>\n\t\t\t\t\t<\/div>\n\t\t<\/section>\n\t\t\t\t<section class=\"elementor-section elementor-top-section elementor-element elementor-element-58a7d94 elementor-section-boxed elementor-section-height-default elementor-section-height-default\" data-id=\"58a7d94\" data-element_type=\"section\" data-e-type=\"section\">\n\t\t\t\t\t\t<div class=\"elementor-container elementor-column-gap-default\">\n\t\t\t\t\t<div class=\"elementor-column elementor-col-100 elementor-top-column elementor-element elementor-element-bc216b2\" data-id=\"bc216b2\" data-element_type=\"column\" data-e-type=\"column\">\n\t\t\t<div class=\"elementor-widget-wrap\">\n\t\t\t\t\t\t\t<\/div>\n\t\t<\/div>\n\t\t\t\t\t<\/div>\n\t\t<\/section>\n\t\t\t\t<\/div>","protected":false},"excerpt":{"rendered":"<p>VCAS greatly appreciates your generosity! &nbsp;We are a successful lifesaving organization due to your kindheartedness. &nbsp;VCAS maintains two (2) wish lists. &nbsp;1) &nbsp;An&nbsp;Amazon Wish List (updated daily) of items specifically chosen for our animals and programs, and 2) &nbsp;A general wish list of items that can typically be found around the house. &nbsp;We can ONLY &#8230; <a title=\"Wunschzettel\" class=\"read-more\" href=\"https:\/\/animalservices.venturacounty.gov\/de\/wishlist\/\" aria-label=\"Mehr Informationen \u00fcber Wish List\">Weiterlesen &#8230;<\/a><\/p>","protected":false},"author":7,"featured_media":0,"parent":0,"menu_order":0,"comment_status":"closed","ping_status":"closed","template":"","meta":{"om_disable_all_campaigns":false,"_monsterinsights_skip_tracking":false,"_monsterinsights_sitenote_active":false,"_monsterinsights_sitenote_note":"","_monsterinsights_sitenote_category":0,"_uf_show_specific_survey":0,"_uf_disable_surveys":false,"footnotes":""},"class_list":["post-2163","page","type-page","status-publish"],"aioseo_notices":[],"_links":{"self":[{"href":"https:\/\/animalservices.venturacounty.gov\/de\/wp-json\/wp\/v2\/pages\/2163","targetHints":{"allow":["GET"]}}],"collection":[{"href":"https:\/\/animalservices.venturacounty.gov\/de\/wp-json\/wp\/v2\/pages"}],"about":[{"href":"https:\/\/animalservices.venturacounty.gov\/de\/wp-json\/wp\/v2\/types\/page"}],"author":[{"embeddable":true,"href":"https:\/\/animalservices.venturacounty.gov\/de\/wp-json\/wp\/v2\/users\/7"}],"replies":[{"embeddable":true,"href":"https:\/\/animalservices.venturacounty.gov\/de\/wp-json\/wp\/v2\/comments?post=2163"}],"version-history":[{"count":0,"href":"https:\/\/animalservices.venturacounty.gov\/de\/wp-json\/wp\/v2\/pages\/2163\/revisions"}],"wp:attachment":[{"href":"https:\/\/animalservices.venturacounty.gov\/de\/wp-json\/wp\/v2\/media?parent=2163"}],"curies":[{"name":"wp","href":"https:\/\/api.w.org\/{rel}","templated":true}]}}