{"id":2157,"date":"2020-08-26T21:24:15","date_gmt":"2020-08-26T21:24:15","guid":{"rendered":"http:\/\/animalservices.venturacounty.gov\/?page_id=2157"},"modified":"2026-03-30T15:33:46","modified_gmt":"2026-03-30T22:33:46","slug":"wildlife","status":"publish","type":"page","link":"https:\/\/animalservices.venturacounty.gov\/de\/wildlife\/","title":{"rendered":"Wildtiere"},"content":{"rendered":"<div data-elementor-type=\"wp-page\" data-elementor-id=\"2157\" class=\"elementor elementor-2157\" data-elementor-post-type=\"page\">\n\t\t\t\t\t\t<section class=\"elementor-section elementor-top-section elementor-element elementor-element-aa2e6bb elementor-section-boxed elementor-section-height-default elementor-section-height-default\" data-id=\"aa2e6bb\" data-element_type=\"section\" data-e-type=\"section\">\n\t\t\t\t\t\t<div class=\"elementor-container elementor-column-gap-default\">\n\t\t\t\t\t<div class=\"elementor-column elementor-col-100 elementor-top-column elementor-element elementor-element-eb1a64b\" data-id=\"eb1a64b\" data-element_type=\"column\" data-e-type=\"column\">\n\t\t\t<div class=\"elementor-widget-wrap elementor-element-populated\">\n\t\t\t\t\t\t<div class=\"elementor-element elementor-element-6fd091c elementor-align-center elementor-widget elementor-widget-button\" data-id=\"6fd091c\" data-element_type=\"widget\" data-e-type=\"widget\" data-widget_type=\"button.default\">\n\t\t\t\t<div class=\"elementor-widget-container\">\n\t\t\t\t\t\t\t\t\t<div class=\"elementor-button-wrapper\">\n\t\t\t\t\t<a class=\"elementor-button elementor-button-link elementor-size-xl\" href=\"https:\/\/ahnow.org\/\" target=\"_blank\">\n\t\t\t\t\t\t<span class=\"elementor-button-content-wrapper\">\n\t\t\t\t\t\t\t\t\t<span class=\"elementor-button-text\"><b> ICH HABE VERLETZTE WILDTIERE GEFUNDEN <\/b><\/span>\n\t\t\t\t\t<\/span>\n\t\t\t\t\t<\/a>\n\t\t\t\t<\/div>\n\t\t\t\t\t\t\t\t<\/div>\n\t\t\t\t<\/div>\n\t\t\t\t\t<\/div>\n\t\t<\/div>\n\t\t\t\t\t<\/div>\n\t\t<\/section>\n\t\t\t\t<section class=\"elementor-section elementor-top-section elementor-element elementor-element-80e634d elementor-section-boxed elementor-section-height-default elementor-section-height-default\" data-id=\"80e634d\" data-element_type=\"section\" data-e-type=\"section\">\n\t\t\t\t\t\t<div class=\"elementor-container elementor-column-gap-default\">\n\t\t\t\t\t<div class=\"elementor-column elementor-col-100 elementor-top-column elementor-element elementor-element-46a73ce\" data-id=\"46a73ce\" data-element_type=\"column\" data-e-type=\"column\">\n\t\t\t<div class=\"elementor-widget-wrap elementor-element-populated\">\n\t\t\t\t\t\t<div class=\"elementor-element elementor-element-d3a2940 elementor-widget elementor-widget-text-editor\" data-id=\"d3a2940\" data-element_type=\"widget\" data-e-type=\"widget\" data-widget_type=\"text-editor.default\">\n\t\t\t\t<div class=\"elementor-widget-container\">\n\t\t\t\t\t\t\t\t\t<p style=\"text-align: left;\">In Ventura County gibt es eine F\u00fclle von Wildtieren, darunter Bergl\u00f6wen, Rotluchse, F\u00fcchse und Kojoten.  Diese Raubtiere durchstreifen unsere H\u00fcgel ebenso wie Stinktiere, Opossums und Waschb\u00e4ren.  Einige dieser Besucher sind h\u00e4ufige G\u00e4ste in unseren Stadtvierteln.  Wir m\u00fcssen mit diesen Kreaturen koexistieren als <i>wir<\/i>\u00a0sind die Eindringlinge in <i>ihre<\/i> Lebensraum.<\/p><p style=\"text-align: left;\">F\u00c4NGEN:  Das Fangen und Umsiedeln l\u00f6st nicht das Problem der Wildtiere, die in unser Eigentum eindringen.  Das Entfernen von Tieren schafft eine L\u00fccke, die andere einl\u00e4dt, sich anzusiedeln.  Wildtiere, die in einer Falle gefangen werden, m\u00fcssen an dem Ort oder in der N\u00e4he des Ortes freigelassen werden, von dem sie stammen.  Ventura County Animal Services reagiert nur auf Anrufe wegen verletzter oder gef\u00e4hrdeter Wildtiere.  Unserer Abteilung ist es vom California Department of Fish and Wildlife untersagt, gesunde Wildtiere aufzusammeln und\/oder umzusiedeln.<\/p>\t\t\t\t\t\t\t\t<\/div>\n\t\t\t\t<\/div>\n\t\t\t\t\t<\/div>\n\t\t<\/div>\n\t\t\t\t\t<\/div>\n\t\t<\/section>\n\t\t\t\t<section class=\"elementor-section elementor-top-section elementor-element elementor-element-5dfaf49 elementor-section-stretched elementor-section-boxed elementor-section-height-default elementor-section-height-default\" data-id=\"5dfaf49\" data-element_type=\"section\" data-e-type=\"section\" data-settings=\"{&quot;stretch_section&quot;:&quot;section-stretched&quot;}\">\n\t\t\t\t\t\t\t<div class=\"elementor-background-overlay\"><\/div>\n\t\t\t\t\t\t\t<div class=\"elementor-container elementor-column-gap-default\">\n\t\t\t\t\t<div class=\"elementor-column elementor-col-100 elementor-top-column elementor-element elementor-element-e12531c\" data-id=\"e12531c\" data-element_type=\"column\" data-e-type=\"column\">\n\t\t\t<div class=\"elementor-widget-wrap elementor-element-populated\">\n\t\t\t\t\t\t<div class=\"elementor-element elementor-element-9060209 elementor-widget elementor-widget-text-editor\" data-id=\"9060209\" data-element_type=\"widget\" data-e-type=\"widget\" data-widget_type=\"text-editor.default\">\n\t\t\t\t<div class=\"elementor-widget-container\">\n\t\t\t\t\t\t\t\t\t<p style=\"text-align: left;\"><strong style=\"font-size: 25px; font-style: inherit;\">Woran erkennt man, ob ein Wildtier Ihre Hilfe braucht?<\/strong><br><\/p>\n<ol style=\"text-align: left;\">\n<li style=\"list-style-type: none;\">\n<ol>\n<li>Das Tier wird von einem Hund oder einer Katze zu Ihnen gebracht.<\/li>\n<li>Es gibt Hinweise auf Blutungen.<\/li>\n<li>Das Tier hat eine scheinbar\/offensichtlich gebrochene Gliedma\u00dfe.<\/li>\n<li>Ein Vogel ist federlos oder fast federlos und liegt auf dem Boden.<\/li>\n<li>Das Tier zittert.<\/li>\n<li>In der N\u00e4he befindet sich ein totes Elterntier.<\/li>\n<li>Das Tier weint und l\u00e4uft den ganzen Tag herum.<\/li>\n<\/ol>\n<\/li>\n<\/ol>\n<div style=\"text-align: left;\"><a href=\"\/wp-content\/uploads\/2021\/05\/Wildlife-Care-Basics.pdf\" target=\"_blank\" rel=\"noopener\">Tippen\/klicken Sie hier, um mehr \u00fcber die Grundlagen der Wildtierpflege zu erfahren.<\/a> &nbsp;(PDF)<\/div>\t\t\t\t\t\t\t\t<\/div>\n\t\t\t\t<\/div>\n\t\t\t\t\t<\/div>\n\t\t<\/div>\n\t\t\t\t\t<\/div>\n\t\t<\/section>\n\t\t\t\t<section class=\"elementor-section elementor-top-section elementor-element elementor-element-3d9e9ff elementor-section-boxed elementor-section-height-default elementor-section-height-default\" data-id=\"3d9e9ff\" data-element_type=\"section\" data-e-type=\"section\">\n\t\t\t\t\t\t<div class=\"elementor-container elementor-column-gap-default\">\n\t\t\t\t\t<div class=\"elementor-column elementor-col-100 elementor-top-column elementor-element elementor-element-fc237bf\" data-id=\"fc237bf\" data-element_type=\"column\" data-e-type=\"column\">\n\t\t\t<div class=\"elementor-widget-wrap elementor-element-populated\">\n\t\t\t\t\t\t<div class=\"elementor-element elementor-element-a160708 elementor-widget elementor-widget-text-editor\" data-id=\"a160708\" data-element_type=\"widget\" data-e-type=\"widget\" data-widget_type=\"text-editor.default\">\n\t\t\t\t<div class=\"elementor-widget-container\">\n\t\t\t\t\t\t\t\t\t<h2>Ressourcen:<\/h2>\t\t\t\t\t\t\t\t<\/div>\n\t\t\t\t<\/div>\n\t\t\t\t<div class=\"elementor-element elementor-element-c7ed1ac elementor-icon-list--layout-traditional elementor-list-item-link-full_width elementor-widget elementor-widget-icon-list\" data-id=\"c7ed1ac\" data-element_type=\"widget\" data-e-type=\"widget\" data-widget_type=\"icon-list.default\">\n\t\t\t\t<div class=\"elementor-widget-container\">\n\t\t\t\t\t\t\t<ul class=\"elementor-icon-list-items\">\n\t\t\t\t\t\t\t<li class=\"elementor-icon-list-item\">\n\t\t\t\t\t\t\t\t\t\t\t<a href=\"http:\/\/www.ojairaptorcenter.org\/\" target=\"_blank\">\n\n\t\t\t\t\t\t\t\t\t\t\t\t<span class=\"elementor-icon-list-icon\">\n\t\t\t\t\t\t\t<i aria-hidden=\"true\" class=\"fas fa-paw\"><\/i>\t\t\t\t\t\t<\/span>\n\t\t\t\t\t\t\t\t\t\t<span class=\"elementor-icon-list-text\">V\u00f6gel - Ojai Raptor Center<\/span>\n\t\t\t\t\t\t\t\t\t\t\t<\/a>\n\t\t\t\t\t\t\t\t\t<\/li>\n\t\t\t\t\t\t\t\t<li class=\"elementor-icon-list-item\">\n\t\t\t\t\t\t\t\t\t\t\t<a href=\"https:\/\/www.cityofventura.ca.gov\/DocumentCenter\/View\/2141\/Mountain-Lion-and-Bobcat-Information-PDF\" target=\"_blank\">\n\n\t\t\t\t\t\t\t\t\t\t\t\t<span class=\"elementor-icon-list-icon\">\n\t\t\t\t\t\t\t<i aria-hidden=\"true\" class=\"fas fa-paw\"><\/i>\t\t\t\t\t\t<\/span>\n\t\t\t\t\t\t\t\t\t\t<span class=\"elementor-icon-list-text\">Bobcats<\/span>\n\t\t\t\t\t\t\t\t\t\t\t<\/a>\n\t\t\t\t\t\t\t\t\t<\/li>\n\t\t\t\t\t\t\t\t<li class=\"elementor-icon-list-item\">\n\t\t\t\t\t\t\t\t\t\t\t<a href=\"https:\/\/wildlife.ca.gov\" target=\"_blank\">\n\n\t\t\t\t\t\t\t\t\t\t\t\t<span class=\"elementor-icon-list-icon\">\n\t\t\t\t\t\t\t<i aria-hidden=\"true\" class=\"fas fa-paw\"><\/i>\t\t\t\t\t\t<\/span>\n\t\t\t\t\t\t\t\t\t\t<span class=\"elementor-icon-list-text\">California Fish and Wildlife<\/span>\n\t\t\t\t\t\t\t\t\t\t\t<\/a>\n\t\t\t\t\t\t\t\t\t<\/li>\n\t\t\t\t\t\t\t\t<li class=\"elementor-icon-list-item\">\n\t\t\t\t\t\t\t\t\t\t\t<a href=\"https:\/\/www.facebook.com\/CamarilloWildlifeRehab\" target=\"_blank\">\n\n\t\t\t\t\t\t\t\t\t\t\t\t<span class=\"elementor-icon-list-icon\">\n\t\t\t\t\t\t\t<i aria-hidden=\"true\" class=\"fas fa-paw\"><\/i>\t\t\t\t\t\t<\/span>\n\t\t\t\t\t\t\t\t\t\t<span class=\"elementor-icon-list-text\">Camarillo Wildtier-Rehabilitation<\/span>\n\t\t\t\t\t\t\t\t\t\t\t<\/a>\n\t\t\t\t\t\t\t\t\t<\/li>\n\t\t\t\t\t\t\t\t<li class=\"elementor-icon-list-item\">\n\t\t\t\t\t\t\t\t\t\t\t<a href=\"https:\/\/dfwwildlife.org\/birds\/\" target=\"_blank\">\n\n\t\t\t\t\t\t\t\t\t\t\t\t<span class=\"elementor-icon-list-icon\">\n\t\t\t\t\t\t\t<i aria-hidden=\"true\" class=\"fas fa-paw\"><\/i>\t\t\t\t\t\t<\/span>\n\t\t\t\t\t\t\t\t\t\t<span class=\"elementor-icon-list-text\">Enten<\/span>\n\t\t\t\t\t\t\t\t\t\t\t<\/a>\n\t\t\t\t\t\t\t\t\t<\/li>\n\t\t\t\t\t\t\t\t<li class=\"elementor-icon-list-item\">\n\t\t\t\t\t\t\t\t\t\t\t<a href=\"https:\/\/www.animalfactsencyclopedia.com\/Coyote-facts.html\" target=\"_blank\">\n\n\t\t\t\t\t\t\t\t\t\t\t\t<span class=\"elementor-icon-list-icon\">\n\t\t\t\t\t\t\t<i aria-hidden=\"true\" class=\"fas fa-paw\"><\/i>\t\t\t\t\t\t<\/span>\n\t\t\t\t\t\t\t\t\t\t<span class=\"elementor-icon-list-text\">Kojoten<\/span>\n\t\t\t\t\t\t\t\t\t\t\t<\/a>\n\t\t\t\t\t\t\t\t\t<\/li>\n\t\t\t\t\t\t\t\t<li class=\"elementor-icon-list-item\">\n\t\t\t\t\t\t\t\t\t\t\t<a href=\"\/wp-content\/uploads\/2020\/08\/Ventura_County_Coyote_Management_Plan_July2019.pdf\" target=\"_blank\">\n\n\t\t\t\t\t\t\t\t\t\t\t\t<span class=\"elementor-icon-list-icon\">\n\t\t\t\t\t\t\t<i aria-hidden=\"true\" class=\"fas fa-paw\"><\/i>\t\t\t\t\t\t<\/span>\n\t\t\t\t\t\t\t\t\t\t<span class=\"elementor-icon-list-text\"><strong>Kojoten-Managementplan (VCAS) <\/strong><\/span>\n\t\t\t\t\t\t\t\t\t\t\t<\/a>\n\t\t\t\t\t\t\t\t\t<\/li>\n\t\t\t\t\t\t\t\t<li class=\"elementor-icon-list-item\">\n\t\t\t\t\t\t\t\t\t\t\t<a href=\"https:\/\/www.cityofventura.ca.gov\/DocumentCenter\/View\/2141\/Mountain-Lion-and-Bobcat-Information-PDF\" target=\"_blank\">\n\n\t\t\t\t\t\t\t\t\t\t\t\t<span class=\"elementor-icon-list-icon\">\n\t\t\t\t\t\t\t<i aria-hidden=\"true\" class=\"fas fa-paw\"><\/i>\t\t\t\t\t\t<\/span>\n\t\t\t\t\t\t\t\t\t\t<span class=\"elementor-icon-list-text\">Bergl\u00f6wen<\/span>\n\t\t\t\t\t\t\t\t\t\t\t<\/a>\n\t\t\t\t\t\t\t\t\t<\/li>\n\t\t\t\t\t\t\t\t<li class=\"elementor-icon-list-item\">\n\t\t\t\t\t\t\t\t\t\t\t<a href=\"https:\/\/www.animalfactsencyclopedia.com\/Opossum-facts.html\" target=\"_blank\">\n\n\t\t\t\t\t\t\t\t\t\t\t\t<span class=\"elementor-icon-list-icon\">\n\t\t\t\t\t\t\t<i aria-hidden=\"true\" class=\"fas fa-paw\"><\/i>\t\t\t\t\t\t<\/span>\n\t\t\t\t\t\t\t\t\t\t<span class=\"elementor-icon-list-text\">Opossums<\/span>\n\t\t\t\t\t\t\t\t\t\t\t<\/a>\n\t\t\t\t\t\t\t\t\t<\/li>\n\t\t\t\t\t\t\t\t<li class=\"elementor-icon-list-item\">\n\t\t\t\t\t\t\t\t\t\t\t<a href=\"https:\/\/www.nationalgeographic.com\/animals\/birds\/facts\/peacocks\" target=\"_blank\">\n\n\t\t\t\t\t\t\t\t\t\t\t\t<span class=\"elementor-icon-list-icon\">\n\t\t\t\t\t\t\t<i aria-hidden=\"true\" class=\"fas fa-paw\"><\/i>\t\t\t\t\t\t<\/span>\n\t\t\t\t\t\t\t\t\t\t<span class=\"elementor-icon-list-text\">Perlhuhn<\/span>\n\t\t\t\t\t\t\t\t\t\t\t<\/a>\n\t\t\t\t\t\t\t\t\t<\/li>\n\t\t\t\t\t\t\t\t<li class=\"elementor-icon-list-item\">\n\t\t\t\t\t\t\t\t\t\t\t<a href=\"https:\/\/www.animalfactsencyclopedia.com\/Raccoon-facts.html\" target=\"_blank\">\n\n\t\t\t\t\t\t\t\t\t\t\t\t<span class=\"elementor-icon-list-icon\">\n\t\t\t\t\t\t\t<i aria-hidden=\"true\" class=\"fas fa-paw\"><\/i>\t\t\t\t\t\t<\/span>\n\t\t\t\t\t\t\t\t\t\t<span class=\"elementor-icon-list-text\">Waschb\u00e4ren<\/span>\n\t\t\t\t\t\t\t\t\t\t\t<\/a>\n\t\t\t\t\t\t\t\t\t<\/li>\n\t\t\t\t\t\t\t\t<li class=\"elementor-icon-list-item\">\n\t\t\t\t\t\t\t\t\t\t\t<a href=\"https:\/\/www.livescience.com\/43683-rattlesnake.html\" target=\"_blank\">\n\n\t\t\t\t\t\t\t\t\t\t\t\t<span class=\"elementor-icon-list-icon\">\n\t\t\t\t\t\t\t<i aria-hidden=\"true\" class=\"fas fa-paw\"><\/i>\t\t\t\t\t\t<\/span>\n\t\t\t\t\t\t\t\t\t\t<span class=\"elementor-icon-list-text\">Klapperschlangen<\/span>\n\t\t\t\t\t\t\t\t\t\t\t<\/a>\n\t\t\t\t\t\t\t\t\t<\/li>\n\t\t\t\t\t\t\t\t<li class=\"elementor-icon-list-item\">\n\t\t\t\t\t\t\t\t\t\t\t<a href=\"https:\/\/hca.venturacounty.gov\/public-health\/rattlesnake-safety\/\" target=\"_blank\">\n\n\t\t\t\t\t\t\t\t\t\t\t\t<span class=\"elementor-icon-list-icon\">\n\t\t\t\t\t\t\t<i aria-hidden=\"true\" class=\"fas fa-paw\"><\/i>\t\t\t\t\t\t<\/span>\n\t\t\t\t\t\t\t\t\t\t<span class=\"elementor-icon-list-text\">Rattlesnakes 2<\/span>\n\t\t\t\t\t\t\t\t\t\t\t<\/a>\n\t\t\t\t\t\t\t\t\t<\/li>\n\t\t\t\t\t\t\t\t<li class=\"elementor-icon-list-item\">\n\t\t\t\t\t\t\t\t\t\t\t<a href=\"https:\/\/www.animalfactsencyclopedia.com\/Skunk-facts.html\" target=\"_blank\">\n\n\t\t\t\t\t\t\t\t\t\t\t\t<span class=\"elementor-icon-list-icon\">\n\t\t\t\t\t\t\t<i aria-hidden=\"true\" class=\"fas fa-paw\"><\/i>\t\t\t\t\t\t<\/span>\n\t\t\t\t\t\t\t\t\t\t<span class=\"elementor-icon-list-text\">Stinktiere<\/span>\n\t\t\t\t\t\t\t\t\t\t\t<\/a>\n\t\t\t\t\t\t\t\t\t<\/li>\n\t\t\t\t\t\t<\/ul>\n\t\t\t\t\t\t<\/div>\n\t\t\t\t<\/div>\n\t\t\t\t\t<\/div>\n\t\t<\/div>\n\t\t\t\t\t<\/div>\n\t\t<\/section>\n\t\t\t\t<section class=\"elementor-section elementor-top-section elementor-element elementor-element-3dadaba elementor-section-stretched elementor-section-boxed elementor-section-height-default elementor-section-height-default\" data-id=\"3dadaba\" data-element_type=\"section\" data-e-type=\"section\" data-settings=\"{&quot;stretch_section&quot;:&quot;section-stretched&quot;}\">\n\t\t\t\t\t\t\t<div class=\"elementor-background-overlay\"><\/div>\n\t\t\t\t\t\t\t<div class=\"elementor-container elementor-column-gap-default\">\n\t\t\t\t\t<div class=\"elementor-column elementor-col-100 elementor-top-column elementor-element elementor-element-336400a\" data-id=\"336400a\" data-element_type=\"column\" data-e-type=\"column\">\n\t\t\t<div class=\"elementor-widget-wrap elementor-element-populated\">\n\t\t\t\t\t\t<div class=\"elementor-element elementor-element-5047559 elementor-widget elementor-widget-heading\" data-id=\"5047559\" data-element_type=\"widget\" data-e-type=\"widget\" data-widget_type=\"heading.default\">\n\t\t\t\t<div class=\"elementor-widget-container\">\n\t\t\t\t\t<h2 class=\"elementor-heading-title elementor-size-default\">Tollwutpr\u00e4vention<\/h2>\t\t\t\t<\/div>\n\t\t\t\t<\/div>\n\t\t\t\t<div class=\"elementor-element elementor-element-3e28967 elementor-widget elementor-widget-text-editor\" data-id=\"3e28967\" data-element_type=\"widget\" data-e-type=\"widget\" data-widget_type=\"text-editor.default\">\n\t\t\t\t<div class=\"elementor-widget-container\">\n\t\t\t\t\t\t\t\t\t<p>Wenn Ihr Hund, Ihre Katze oder Ihr Vieh mit wilden Tieren (insbesondere Flederm\u00e4usen, Stinktieren, Waschb\u00e4ren und Kojoten) in Ber\u00fchrung kommt, m\u00fcssen Sie dies sofort dem Ventura County Animal Services melden <strong>(805) 388-4341<\/strong>, und Ihren Tierarzt, da diese Tiere das t\u00f6dliche Tollwutvirus in sich tragen k\u00f6nnen.<\/p><p><span style=\"text-align: left;\">Wenn Sie Fragen haben oder weitere Informationen \u00fcber Wildtiere in Ihrer N\u00e4he ben\u00f6tigen, stehen Ihnen unsere sachkundigen Mitarbeiter gerne zur Verf\u00fcgung: (805) 388-4341 oder&nbsp;<\/span><a href=\"mailto:info@vcas.us\" target=\"_blank\" rel=\"noopener\" style=\"background-color: rgb(255, 255, 255); text-align: left;\">info@vcas.us<\/a><br><\/p>\t\t\t\t\t\t\t\t<\/div>\n\t\t\t\t<\/div>\n\t\t\t\t\t<\/div>\n\t\t<\/div>\n\t\t\t\t\t<\/div>\n\t\t<\/section>\n\t\t\t\t<section class=\"elementor-section elementor-top-section elementor-element elementor-element-25c76d2 elementor-section-boxed elementor-section-height-default elementor-section-height-default\" data-id=\"25c76d2\" data-element_type=\"section\" data-e-type=\"section\">\n\t\t\t\t\t\t<div class=\"elementor-container elementor-column-gap-default\">\n\t\t\t\t\t<div class=\"elementor-column elementor-col-100 elementor-top-column elementor-element elementor-element-9f55958\" data-id=\"9f55958\" data-element_type=\"column\" data-e-type=\"column\">\n\t\t\t<div class=\"elementor-widget-wrap elementor-element-populated\">\n\t\t\t\t\t\t<div class=\"elementor-element elementor-element-c4f4c89 elementor-widget elementor-widget-image-gallery\" data-id=\"c4f4c89\" data-element_type=\"widget\" data-e-type=\"widget\" data-widget_type=\"image-gallery.default\">\n\t\t\t\t<div class=\"elementor-widget-container\">\n\t\t\t\t\t\t\t<div class=\"elementor-image-gallery\">\n\t\t\t<div id='gallery-1' class='gallery galleryid-2157 gallery-columns-4 gallery-size-full'><figure class='gallery-item'>\n\t\t\t<div class='gallery-icon portrait'>\n\t\t\t\t<a data-elementor-open-lightbox=\"yes\" data-elementor-lightbox-slideshow=\"c4f4c89\" data-e-action-hash=\"#elementor-action%3Aaction%3Dlightbox%26settings%3DeyJpZCI6MjMzMDMsInVybCI6Imh0dHBzOlwvXC9hbmltYWxzZXJ2aWNlcy52ZW50dXJhY291bnR5Lmdvdlwvd3AtY29udGVudFwvdXBsb2Fkc1wvMjAyMVwvMDZcL0xpdmluZy1XaXRoLVdpbGRsaWZlLXNjYWxlZC5qcGciLCJzbGlkZXNob3ciOiJjNGY0Yzg5In0%3D\" href='https:\/\/animalservices.venturacounty.gov\/wp-content\/uploads\/2021\/06\/Living-With-Wildlife-scaled.jpg'><img fetchpriority=\"high\" decoding=\"async\" width=\"1978\" height=\"2560\" src=\"https:\/\/animalservices.venturacounty.gov\/wp-content\/uploads\/2021\/06\/Living-With-Wildlife-scaled.jpg\" class=\"attachment-full size-full\" alt=\"Living With Wildlife\" srcset=\"https:\/\/animalservices.venturacounty.gov\/wp-content\/uploads\/2021\/06\/Living-With-Wildlife-scaled.jpg 1978w, https:\/\/animalservices.venturacounty.gov\/wp-content\/uploads\/2021\/06\/Living-With-Wildlife-232x300.jpg 232w, https:\/\/animalservices.venturacounty.gov\/wp-content\/uploads\/2021\/06\/Living-With-Wildlife-791x1024.jpg 791w, https:\/\/animalservices.venturacounty.gov\/wp-content\/uploads\/2021\/06\/Living-With-Wildlife-768x994.jpg 768w, https:\/\/animalservices.venturacounty.gov\/wp-content\/uploads\/2021\/06\/Living-With-Wildlife-1187x1536.jpg 1187w, https:\/\/animalservices.venturacounty.gov\/wp-content\/uploads\/2021\/06\/Living-With-Wildlife-1583x2048.jpg 1583w\" sizes=\"(max-width: 1978px) 100vw, 1978px\" \/><\/a>\n\t\t\t<\/div><\/figure><figure class='gallery-item'>\n\t\t\t<div class='gallery-icon portrait'>\n\t\t\t\t<a data-elementor-open-lightbox=\"yes\" data-elementor-lightbox-slideshow=\"c4f4c89\" data-e-action-hash=\"#elementor-action%3Aaction%3Dlightbox%26settings%3DeyJpZCI6MzEwMjYyLCJ1cmwiOiJodHRwczpcL1wvYW5pbWFsc2VydmljZXMudmVudHVyYWNvdW50eS5nb3ZcL3dwLWNvbnRlbnRcL3VwbG9hZHNcLzIwMjFcLzA4XC9Db3lvdGUtTWFuYWdlbWVudC1UaXBzLUVuZ2xpc2gtc2NhbGVkLmpwZyIsInNsaWRlc2hvdyI6ImM0ZjRjODkifQ%3D%3D\" href='https:\/\/animalservices.venturacounty.gov\/wp-content\/uploads\/2021\/08\/Coyote-Management-Tips-English-scaled.jpg'><img decoding=\"async\" width=\"1978\" height=\"2560\" src=\"https:\/\/animalservices.venturacounty.gov\/wp-content\/uploads\/2021\/08\/Coyote-Management-Tips-English-scaled.jpg\" class=\"attachment-full size-full\" alt=\"Coyote Management\" srcset=\"https:\/\/animalservices.venturacounty.gov\/wp-content\/uploads\/2021\/08\/Coyote-Management-Tips-English-scaled.jpg 1978w, https:\/\/animalservices.venturacounty.gov\/wp-content\/uploads\/2021\/08\/Coyote-Management-Tips-English-232x300.jpg 232w, https:\/\/animalservices.venturacounty.gov\/wp-content\/uploads\/2021\/08\/Coyote-Management-Tips-English-791x1024.jpg 791w, https:\/\/animalservices.venturacounty.gov\/wp-content\/uploads\/2021\/08\/Coyote-Management-Tips-English-768x994.jpg 768w, https:\/\/animalservices.venturacounty.gov\/wp-content\/uploads\/2021\/08\/Coyote-Management-Tips-English-1187x1536.jpg 1187w, https:\/\/animalservices.venturacounty.gov\/wp-content\/uploads\/2021\/08\/Coyote-Management-Tips-English-1583x2048.jpg 1583w\" sizes=\"(max-width: 1978px) 100vw, 1978px\" \/><\/a>\n\t\t\t<\/div><\/figure><figure class='gallery-item'>\n\t\t\t<div class='gallery-icon portrait'>\n\t\t\t\t<a data-elementor-open-lightbox=\"yes\" data-elementor-lightbox-slideshow=\"c4f4c89\" data-e-action-hash=\"#elementor-action%3Aaction%3Dlightbox%26settings%3DeyJpZCI6MzEwMjY0LCJ1cmwiOiJodHRwczpcL1wvYW5pbWFsc2VydmljZXMudmVudHVyYWNvdW50eS5nb3ZcL3dwLWNvbnRlbnRcL3VwbG9hZHNcLzIwMjFcLzA4XC9XaWxkbGlmZS1TcGFuaXNoLVYyLXNjYWxlZC5qcGciLCJzbGlkZXNob3ciOiJjNGY0Yzg5In0%3D\" href='https:\/\/animalservices.venturacounty.gov\/wp-content\/uploads\/2021\/08\/Wildlife-Spanish-V2-scaled.jpg'><img decoding=\"async\" width=\"1978\" height=\"2560\" src=\"https:\/\/animalservices.venturacounty.gov\/wp-content\/uploads\/2021\/08\/Wildlife-Spanish-V2-scaled.jpg\" class=\"attachment-full size-full\" alt=\"Viviendo con Fauna Silvestre\" srcset=\"https:\/\/animalservices.venturacounty.gov\/wp-content\/uploads\/2021\/08\/Wildlife-Spanish-V2-scaled.jpg 1978w, https:\/\/animalservices.venturacounty.gov\/wp-content\/uploads\/2021\/08\/Wildlife-Spanish-V2-232x300.jpg 232w, https:\/\/animalservices.venturacounty.gov\/wp-content\/uploads\/2021\/08\/Wildlife-Spanish-V2-791x1024.jpg 791w, https:\/\/animalservices.venturacounty.gov\/wp-content\/uploads\/2021\/08\/Wildlife-Spanish-V2-768x994.jpg 768w, https:\/\/animalservices.venturacounty.gov\/wp-content\/uploads\/2021\/08\/Wildlife-Spanish-V2-1187x1536.jpg 1187w, https:\/\/animalservices.venturacounty.gov\/wp-content\/uploads\/2021\/08\/Wildlife-Spanish-V2-1583x2048.jpg 1583w\" sizes=\"(max-width: 1978px) 100vw, 1978px\" \/><\/a>\n\t\t\t<\/div><\/figure><figure class='gallery-item'>\n\t\t\t<div class='gallery-icon portrait'>\n\t\t\t\t<a data-elementor-open-lightbox=\"yes\" data-elementor-lightbox-slideshow=\"c4f4c89\" data-e-action-hash=\"#elementor-action%3Aaction%3Dlightbox%26settings%3DeyJpZCI6MzEwMjYxLCJ1cmwiOiJodHRwczpcL1wvYW5pbWFsc2VydmljZXMudmVudHVyYWNvdW50eS5nb3ZcL3dwLWNvbnRlbnRcL3VwbG9hZHNcLzIwMjFcLzA4XC9Db3lvdGUtTWFuYWdlbWVudC1UaXBzLVNwYW5pc2gtc2NhbGVkLmpwZyIsInNsaWRlc2hvdyI6ImM0ZjRjODkifQ%3D%3D\" href='https:\/\/animalservices.venturacounty.gov\/wp-content\/uploads\/2021\/08\/Coyote-Management-Tips-Spanish-scaled.jpg'><img loading=\"lazy\" decoding=\"async\" width=\"1978\" height=\"2560\" src=\"https:\/\/animalservices.venturacounty.gov\/wp-content\/uploads\/2021\/08\/Coyote-Management-Tips-Spanish-scaled.jpg\" class=\"attachment-full size-full\" alt=\"Manejo de Coyotes\" srcset=\"https:\/\/animalservices.venturacounty.gov\/wp-content\/uploads\/2021\/08\/Coyote-Management-Tips-Spanish-scaled.jpg 1978w, https:\/\/animalservices.venturacounty.gov\/wp-content\/uploads\/2021\/08\/Coyote-Management-Tips-Spanish-232x300.jpg 232w, https:\/\/animalservices.venturacounty.gov\/wp-content\/uploads\/2021\/08\/Coyote-Management-Tips-Spanish-791x1024.jpg 791w, https:\/\/animalservices.venturacounty.gov\/wp-content\/uploads\/2021\/08\/Coyote-Management-Tips-Spanish-768x994.jpg 768w, https:\/\/animalservices.venturacounty.gov\/wp-content\/uploads\/2021\/08\/Coyote-Management-Tips-Spanish-1187x1536.jpg 1187w, https:\/\/animalservices.venturacounty.gov\/wp-content\/uploads\/2021\/08\/Coyote-Management-Tips-Spanish-1583x2048.jpg 1583w\" sizes=\"(max-width: 1978px) 100vw, 1978px\" \/><\/a>\n\t\t\t<\/div><\/figure>\n\t\t<\/div>\n\t\t<\/div>\n\t\t\t\t\t\t<\/div>\n\t\t\t\t<\/div>\n\t\t\t\t\t<\/div>\n\t\t<\/div>\n\t\t\t\t\t<\/div>\n\t\t<\/section>\n\t\t\t\t<\/div>","protected":false},"excerpt":{"rendered":"<p>I FOUND INJURED WILDLIFE Ventura County has an abundance of wildlife, including mountain lions, bobcats, foxes and coyotes. \u00a0These predators roam our hills along with skunks, opossums, and raccoons.\u00a0 Some of these visitors are frequent guests in our neighborhoods. \u00a0We must\u00a0coexist\u00a0with these creatures as we\u00a0are the intruders into their habitat. TRAPPING: \u00a0Trapping and relocating does &#8230; <a title=\"Wildtiere\" class=\"read-more\" href=\"https:\/\/animalservices.venturacounty.gov\/de\/wildlife\/\" aria-label=\"Mehr Informationen \u00fcber Wildlife\">Weiterlesen &#8230;<\/a><\/p>","protected":false},"author":7,"featured_media":0,"parent":0,"menu_order":0,"comment_status":"closed","ping_status":"closed","template":"","meta":{"om_disable_all_campaigns":false,"_monsterinsights_skip_tracking":false,"_monsterinsights_sitenote_active":false,"_monsterinsights_sitenote_note":"","_monsterinsights_sitenote_category":0,"_uf_show_specific_survey":0,"_uf_disable_surveys":false,"footnotes":""},"class_list":["post-2157","page","type-page","status-publish"],"aioseo_notices":[],"_links":{"self":[{"href":"https:\/\/animalservices.venturacounty.gov\/de\/wp-json\/wp\/v2\/pages\/2157","targetHints":{"allow":["GET"]}}],"collection":[{"href":"https:\/\/animalservices.venturacounty.gov\/de\/wp-json\/wp\/v2\/pages"}],"about":[{"href":"https:\/\/animalservices.venturacounty.gov\/de\/wp-json\/wp\/v2\/types\/page"}],"author":[{"embeddable":true,"href":"https:\/\/animalservices.venturacounty.gov\/de\/wp-json\/wp\/v2\/users\/7"}],"replies":[{"embeddable":true,"href":"https:\/\/animalservices.venturacounty.gov\/de\/wp-json\/wp\/v2\/comments?post=2157"}],"version-history":[{"count":0,"href":"https:\/\/animalservices.venturacounty.gov\/de\/wp-json\/wp\/v2\/pages\/2157\/revisions"}],"wp:attachment":[{"href":"https:\/\/animalservices.venturacounty.gov\/de\/wp-json\/wp\/v2\/media?parent=2157"}],"curies":[{"name":"wp","href":"https:\/\/api.w.org\/{rel}","templated":true}]}}