{"id":1804,"date":"2020-08-20T04:48:37","date_gmt":"2020-08-20T04:48:37","guid":{"rendered":"http:\/\/animalservices.venturacounty.gov\/?page_id=1804"},"modified":"2026-03-16T14:48:52","modified_gmt":"2026-03-16T21:48:52","slug":"other","status":"publish","type":"page","link":"https:\/\/animalservices.venturacounty.gov\/de\/other\/","title":{"rendered":"andere"},"content":{"rendered":"<div data-elementor-type=\"wp-page\" data-elementor-id=\"1804\" class=\"elementor elementor-1804\" data-elementor-post-type=\"page\">\n\t\t\t\t\t\t<section class=\"elementor-section elementor-top-section elementor-element elementor-element-c4f4550 elementor-section-boxed elementor-section-height-default elementor-section-height-default\" data-id=\"c4f4550\" data-element_type=\"section\" data-e-type=\"section\">\n\t\t\t\t\t\t<div class=\"elementor-container elementor-column-gap-default\">\n\t\t\t\t\t<div class=\"elementor-column elementor-col-100 elementor-top-column elementor-element elementor-element-57118ed\" data-id=\"57118ed\" data-element_type=\"column\" data-e-type=\"column\">\n\t\t\t<div class=\"elementor-widget-wrap elementor-element-populated\">\n\t\t\t\t\t\t<div class=\"elementor-element elementor-element-ce62a84 elementor-widget elementor-widget-text-editor\" data-id=\"ce62a84\" data-element_type=\"widget\" data-e-type=\"widget\" data-widget_type=\"text-editor.default\">\n\t\t\t\t<div class=\"elementor-widget-container\">\n\t\t\t\t\t\t\t\t\t<p style=\"text-align: center; font-family: Arial, serif !important; transition: all;\" class=\"userway-s7-active\" data-userway-s7-styled=\"true\"><span style=\"text-align: justify;\">Ventura County Animal Services k\u00fcmmert sich sehr um die Tiere, die in unser Tierheim kommen.  Manche Tiere kommen gl\u00fccklich und gesund an, andere wiederum sind ver\u00e4ngstigt, verletzt, krank oder haben Verhaltensprobleme, die von unseren engagierten Teams behandelt werden m\u00fcssen, um gebrochene Knochen zu flicken und gebrochene Herzen zu heilen.  Unser&nbsp;<\/span><span class=\"userway-s7-active\" data-userway-s7-styled=\"true\" style=\"font-weight: 700; text-align: justify; transition: all;\">h\u00f6chste Priorit\u00e4t<\/span><span style=\"text-align: justify;\">&nbsp;ist es, entlaufene Haustiere wieder mit ihren Besitzern zusammenzubringen.  Streunende Tiere werden auf eine&nbsp;<\/span><span class=\"userway-s7-active\" data-userway-s7-styled=\"true\" style=\"font-weight: 700; text-align: justify; transition: all;\">5-Tage-Frist<\/span><span style=\"text-align: justify;\">&nbsp;um ihren Besitzern Zeit zu geben, sie zu finden.  Tiere, die mit einem Ausweis ankommen, der auf einen bekannten Besitzer hindeutet, werden auf eine l\u00e4ngere&nbsp;<\/span><span class=\"userway-s7-active\" data-userway-s7-styled=\"true\" style=\"font-weight: 700; text-align: justify; transition: all;\">7-Tage-Frist<\/span><span style=\"text-align: justify;\">.  Wenn Sie Ihr entlaufenes Haustier wiedererkennen, holen Sie es bitte w\u00e4hrend&nbsp;<\/span><a href=\"https:\/\/animalservices.venturacounty.gov\/de\/cats\/#shelters\" data-uw-rm-brl=\"PR\" data-uw-original-href=\"#shelters\" class=\"userway-s7-active\" data-userway-s7-styled=\"true\" style=\"background-color: rgb(255, 255, 255); text-align: justify;\">normale Gesch\u00e4ftszeiten<\/a><span style=\"text-align: justify;\">.  Besuchen Sie unser&nbsp;<\/span><a href=\"https:\/\/animalservices.venturacounty.gov\/de\/lostandfound\/\" target=\"_blank\" rel=\"noopener noreferrer\" data-uw-rm-brl=\"PR\" data-uw-original-href=\"\/lostandfound\" aria-label=\"Lost and Found - in einem neuen Tab \u00f6ffnen\" data-uw-rm-ext-link=\"\" class=\"userway-s7-active\" data-userway-s7-styled=\"true\" style=\"background-color: rgb(255, 255, 255); text-align: justify;\">Verloren und gefunden<\/a><span style=\"text-align: justify;\">&nbsp;um von barmherzigen Samaritern gefundene Tiere zu sehen.  Tiere, die nicht von ihrem Besitzer abgeholt wurden, werden zur Adoption freigegeben, nachdem ihre Streunerhaft abgelaufen ist.  Wenn Sie ein Tier auf unserer Website verfolgen und es pl\u00f6tzlich verschwindet, ist es wahrscheinlich, dass sein Besitzer es abholen wollte.<\/span><\/p><p style=\"text-align: center; font-family: Arial, serif !important; transition: all;\" class=\"userway-s7-active\" data-userway-s7-styled=\"true\"><br><\/p><p style=\"text-align: center; font-family: Arial, serif !important; transition: all;\" class=\"userway-s7-active\" data-userway-s7-styled=\"true\">Animals are listed in ORDER OF ARRIVAL&nbsp;with new arrivals at the top.&nbsp;&nbsp;<a href=\"http:\/\/animalservices.venturacounty.gov\/de\/simi-pets\/\" target=\"_blank\" rel=\"noopener\" data-uw-rm-brl=\"PR\" data-uw-original-href=\"http:\/\/animalservices.venturacounty.gov\/simi-pets\" aria-label=\"Click here to view animals only in our SIMI VALLEY ANIMAL SHELTER - open in a new tab\" data-uw-rm-ext-link=\"\" uw-rm-external-link-id=\"http:\/\/animalservices.venturacounty.gov\/simi-pets$clickheretoviewanimalsonlyinoursimivalleyanimalshelter\">Klicken Sie hier, um Tiere zu sehen&nbsp;<span style=\"text-decoration: underline;\">nur<\/span>&nbsp;in unserem&nbsp;<strong>TIERHEIM SIMI VALLEY<\/strong><\/a>.<\/p>\n<h3 style=\"font-style: normal; text-align: center; font-family: Arial, serif !important; transition: all;\" class=\"userway-s7-active\" data-userway-s7-styled=\"true\"><span style=\"color: #f20000;\"><a style=\"color: #f20000;\" href=\"http:\/\/animalservices.venturacounty.gov\/de\/adoptionprocess\/\" target=\"_blank\" rel=\"noopener\" data-uw-rm-brl=\"PR\" data-uw-original-href=\"http:\/\/animalservices.venturacounty.gov\/adoptionprocess\" aria-label=\"Adoption Process &amp; Online Sign-Ups! - open in a new tab\" data-uw-rm-ext-link=\"\" uw-rm-external-link-id=\"http:\/\/animalservices.venturacounty.gov\/adoptionprocess$adoptionprocess&amp;onlinesign-ups!\"><strong>Adoptionsprozess<\/strong>&nbsp;&amp;&nbsp;<strong>Online-Anmeldungen!<\/strong><\/a><\/span><\/h3>\t\t\t\t\t\t\t\t<\/div>\n\t\t\t\t<\/div>\n\t\t\t\t\t<\/div>\n\t\t<\/div>\n\t\t\t\t\t<\/div>\n\t\t<\/section>\n\t\t<div class=\"elementor-element elementor-element-4680c52 e-flex e-con-boxed e-con e-parent\" data-id=\"4680c52\" data-element_type=\"container\" data-e-type=\"container\">\n\t\t\t\t\t<div class=\"e-con-inner\">\n\t\t\t\t<div class=\"elementor-element elementor-element-7651e0d elementor-widget elementor-widget-html\" data-id=\"7651e0d\" data-element_type=\"widget\" data-e-type=\"widget\" data-widget_type=\"html.default\">\n\t\t\t\t<div class=\"elementor-widget-container\">\n\t\t\t\t\t\t\t\t\t<\/div>\n\t\t\t\t<\/div>\n\t\t\t\t\t<\/div>\n\t\t\t\t<\/div>\n\t\t\t\t<\/div>","protected":false},"excerpt":{"rendered":"<p>Ventura County Animal Services cares deeply for the animals who enter our shelter. &nbsp;While some animals arrive happy and healthy, others may arrive scared, injured, ill or have behavior issues requiring attention from our dedicated teams to mend broken bones and heal broken hearts.&nbsp; Our&nbsp;top priority&nbsp;is to reunite lost pets with their owners. &nbsp;Stray animals &#8230; <a title=\"andere\" class=\"read-more\" href=\"https:\/\/animalservices.venturacounty.gov\/de\/other\/\" aria-label=\"Mehr Informationen \u00fcber other\">Weiterlesen &#8230;<\/a><\/p>","protected":false},"author":1,"featured_media":0,"parent":0,"menu_order":0,"comment_status":"closed","ping_status":"closed","template":"","meta":{"om_disable_all_campaigns":false,"_monsterinsights_skip_tracking":false,"_monsterinsights_sitenote_active":false,"_monsterinsights_sitenote_note":"","_monsterinsights_sitenote_category":0,"_uf_show_specific_survey":0,"_uf_disable_surveys":false,"footnotes":""},"class_list":["post-1804","page","type-page","status-publish"],"aioseo_notices":[],"_links":{"self":[{"href":"https:\/\/animalservices.venturacounty.gov\/de\/wp-json\/wp\/v2\/pages\/1804","targetHints":{"allow":["GET"]}}],"collection":[{"href":"https:\/\/animalservices.venturacounty.gov\/de\/wp-json\/wp\/v2\/pages"}],"about":[{"href":"https:\/\/animalservices.venturacounty.gov\/de\/wp-json\/wp\/v2\/types\/page"}],"author":[{"embeddable":true,"href":"https:\/\/animalservices.venturacounty.gov\/de\/wp-json\/wp\/v2\/users\/1"}],"replies":[{"embeddable":true,"href":"https:\/\/animalservices.venturacounty.gov\/de\/wp-json\/wp\/v2\/comments?post=1804"}],"version-history":[{"count":0,"href":"https:\/\/animalservices.venturacounty.gov\/de\/wp-json\/wp\/v2\/pages\/1804\/revisions"}],"wp:attachment":[{"href":"https:\/\/animalservices.venturacounty.gov\/de\/wp-json\/wp\/v2\/media?parent=1804"}],"curies":[{"name":"wp","href":"https:\/\/api.w.org\/{rel}","templated":true}]}}